{"id":8253,"date":"2025-06-14T06:26:45","date_gmt":"2025-06-14T06:26:45","guid":{"rendered":"https:\/\/sinoextrud.com\/product\/industrial-large-aluminium-extrusions\/"},"modified":"2025-06-24T06:23:24","modified_gmt":"2025-06-24T06:23:24","slug":"grose-industrielle-aluminium-strangpressprofile","status":"publish","type":"product","link":"https:\/\/sinoextrud.com\/de\/product\/industrial-large-aluminium-extrusions\/","title":{"rendered":"Industrielle gro\u00dfe Aluminium-Strangpressprofile"},"content":{"rendered":"<h2>Produkte Details<\/h2>\n<table class=\"custom-table\">\n<tbody>\n<tr>\n<td> Name<\/td>\n<td> Industrielle gro\u00dfe Aluminium-Strangpressprofile, Gro\u00dfe Aluminium-Strangpressprofile<\/td>\n<\/tr>\n<tr>\n<td> Marke<\/td>\n<td> Sinoextrud\/Sinoextrud<\/td>\n<\/tr>\n<tr>\n<td> Kategorie<\/td>\n<td> Aluminium-Profile<\/td>\n<\/tr>\n<tr>\n<td> Typ<\/td>\n<td> Schwerer Typ<\/td>\n<\/tr>\n<tr>\n<td> Material<\/td>\n<td> 6061 ist weit verbreitet. 6063, 6463, 6005, 6082, ist auch verf\u00fcgbar.<\/td>\n<\/tr>\n<tr>\n<td> Temperament<\/td>\n<td> T5-T8<\/td>\n<\/tr>\n<tr>\n<td> L\u00e4nge<\/td>\n<td> 1-9m oder individuelle Anpassung<\/td>\n<\/tr>\n<tr>\n<td> Gr\u00f6\u00dfe (mm)<\/td>\n<td> Gem\u00e4\u00df Zeichnung<\/td>\n<\/tr>\n<tr>\n<td> Form<\/td>\n<td> Gro\u00dfer Ma\u00dfstab<\/td>\n<\/tr>\n<tr>\n<td> Oberfl\u00e4chenbehandlung<\/td>\n<td> Fr\u00e4sen, Eloxieren, Sandstrahlen, Elektrophorese, Pulverbeschichtung, usw.<\/td>\n<\/tr>\n<tr>\n<td> Farbe<\/td>\n<td> Silber, Schwarz, Wei\u00df, Rot, Gelb, Champagner oder kundenspezifische Farbe<\/td>\n<\/tr>\n<tr>\n<td> Standard<\/td>\n<td> ASTM, GB, DIN<\/td>\n<\/tr>\n<tr>\n<td> Von<\/td>\n<td> Guangdong, China<\/td>\n<\/tr>\n<tr>\n<td> Anmeldung<\/td>\n<td> Branchenprofil, Geb\u00e4ude<\/td>\n<\/tr>\n<\/tbody>\n<\/table>\n<h2>Unsere Produktionsbasis<\/h2>\n<h3>Fabrik-Panorama<\/h3>\n<p><img decoding=\"async\" src=\"\/wp-content\/uploads\/factory-01.webp\"\/><\/p>\n<h3>Werkstatt zur Herstellung von Aluminiumstangen<\/h3>\n<p><img decoding=\"async\" src=\"\/wp-content\/uploads\/factory-02.webp\"\/><\/p>\n<p><img decoding=\"async\" src=\"\/wp-content\/uploads\/factory-03.webp\"\/><\/p>\n<h3>Lagerhaus f\u00fcr Formen<\/h3>\n<p><img decoding=\"async\" src=\"\/wp-content\/uploads\/factory-04.webp\"\/><\/p>\n<h3>43 Aluminium-Strangpressanlagen (500\u00e2\u20ac\"5500 Tonnen)<\/h3>\n<p><img decoding=\"async\" src=\"\/wp-content\/uploads\/factory-05.webp\"\/><\/p>\n<p><img decoding=\"async\" src=\"\/wp-content\/uploads\/factory-06.webp\"\/><\/p>\n<p><img decoding=\"async\" src=\"\/wp-content\/uploads\/factory-07.webp\"\/><\/p>\n<h3>Werkstatt f\u00fcr Pulverbeschichtung<\/h3>\n<p><img decoding=\"async\" src=\"\/wp-content\/uploads\/factory-09.webp\"\/><\/p>\n<h3>Eloxal-Werkstatt<\/h3>\n<p><img decoding=\"async\" src=\"\/wp-content\/uploads\/factory-10.webp\"\/><\/p>\n<h3>Workshop zur Tiefenverarbeitung<\/h3>\n<p><img decoding=\"async\" src=\"\/wp-content\/uploads\/factory-11.webp\"\/><\/p>\n<h3>CNC-Pr\u00e4zisionsbearbeitungswerkstatt<\/h3>\n<p><img decoding=\"async\" src=\"\/wp-content\/uploads\/factory-11.5.webp\"\/><\/p>\n<h3>Lager f\u00fcr Fertigprodukte und Export<\/h3>\n<p><img decoding=\"async\" src=\"\/wp-content\/uploads\/factory-12.webp\"\/><\/p>\n<p><img decoding=\"async\" src=\"\/wp-content\/uploads\/factory-13.webp\"\/><\/p>\n<p><img decoding=\"async\" src=\"\/wp-content\/uploads\/factory-14.webp\"\/><\/p>\n<h2>FAQ<\/h2>\n<p><p><b>1. wof\u00fcr werden gro\u00dfe Aluminium-Strangpressprofile verwendet?<\/b><\/p>\n<p>Industrielle Aluminium-Gro\u00dfstrangpressprofile werden zur Herstellung von hochbelastbaren Strukturbauteilen in Branchen wie der Fertigungsindustrie, dem Bauwesen und der Luft- und Raumfahrt verwendet und bieten zuverl\u00e4ssige Unterst\u00fctzung f\u00fcr Gro\u00dfprojekte.<br \/>\n<\/p><br \/>\n<br \/>\n<p><b>2. warum ist Aluminium ideal f\u00fcr gro\u00dfe industrielle Strangpressprofile?<\/b><\/p>\n<p>Aluminium ist leicht, aber dennoch stabil, korrosionsbest\u00e4ndig und leicht zu verarbeiten, was es zum idealen Werkstoff f\u00fcr gro\u00dfe Strangpressprofile macht, die langlebig und einfach zu handhaben sein m\u00fcssen.<br \/>\n<\/p><br \/>\n<br \/>\n<p><b>3. k\u00f6nnen industrielle gro\u00dfe Aluminium-Strangpressprofile angepasst werden?<\/b><\/p>\n<p>Ja, industrielle Aluminium-Gro\u00dfprofile k\u00f6nnen auf bestimmte L\u00e4ngen, Formen und Gr\u00f6\u00dfen zugeschnitten werden und bieten so flexible L\u00f6sungen f\u00fcr eine Vielzahl von industriellen Anwendungen.<br \/>\n<\/p><br \/>\n<br \/>\n<p><b>4. wie vertragen industrielle Aluminium-Gro\u00dfprofile raue Umgebungen?<\/b><\/p>\n<p>Die Korrosionsbest\u00e4ndigkeit von Aluminium sorgt daf\u00fcr, dass industrielle Aluminium-Gro\u00dfprofile ihre Festigkeit und Integrit\u00e4t auch in rauen Umgebungen, wie z. B. bei hoher Luftfeuchtigkeit oder chemischer Belastung, beibehalten.<br \/>\n<\/p><br \/>\n<br \/>\n<p><b>5. sind diese Profile leicht zu montieren und zu installieren?<\/b><\/p>\n<p>Ja, industrielle Aluminium-Gro\u00dfprofile sind f\u00fcr eine einfache Herstellung und schnelle Montage ausgelegt, was die Installationszeit und die Arbeitskosten bei industriellen Projekten reduziert.<br \/>\n<\/p><br \/>\n<br \/>\n<p><b>6. wie lange halten industrielle Aluminium-Gro\u00dfextrusionen?<\/b><\/p>\n<p>Industrielle Aluminium-Gro\u00dfprofile sind \u00e4u\u00dferst langlebig und widerstandsf\u00e4hig gegen Verschlei\u00df, Korrosion und Besch\u00e4digung und gew\u00e4hrleisten eine langfristige Leistung in anspruchsvollen industriellen Anwendungen.<br \/>\n<\/p><br \/>\n<br \/>\n<p><b>7 Welche Branchen profitieren von der Verwendung von industriellen Aluminium-Gro\u00dfprofilen?<\/b><\/p>\n<p>Branchen wie das Baugewerbe, die Luft- und Raumfahrt, die Automobilindustrie und die Schwerindustrie profitieren von industriellen Aluminium-Gro\u00dfprofilen aufgrund ihrer St\u00e4rke, Flexibilit\u00e4t und Effizienz.<br \/>\n<\/p><br \/><\/p>","protected":false},"featured_media":8252,"template":"","categories":[54],"class_list":["post-8253","product","type-product","status-publish","has-post-thumbnail","hentry","category-industrial-aluminum-profiles"],"meta_box":{"hilight_text_group":{"product_hilight_text":"<li>Industrial Large Aluminium Extrusions offer robust structural support for heavy-duty industrial applications.<\/li>\r\r\n<li>Lightweight yet strong, these extrusions provide an optimal balance of durability and ease of handling.<\/li>\r\r\n<li>Corrosion-resistant properties ensure long-lasting performance in tough environmental conditions.<\/li>\r\r\n<li>Customizable shapes and sizes allow for tailored solutions to meet specific industrial design needs.<\/li>\r\r\n<li>Easy to fabricate and assemble, saving time and labor costs during installation and construction.<\/li>","product_chanpin_blog":"<ul>\r\r\n<li><a href=\"https:\/\/sinoextrud.com\/t-slot-v-slot-differences\/\" target=\"_blank\">t slot vs v slot<\/a><\/li>\r\r\n<li><a href=\"https:\/\/sinoextrud.com\/what-is-4040-aluminium-extrud\/\" target=\"_blank\">4040 aluminium extrusion<\/a><\/li>\r\r\n<li><a href=\"https:\/\/sinoextrud.com\/what-is-4040-aluminium-extrud\/\" target=\"_blank\">aluminum extrusions for industrial racks<\/a><\/li>\r\r\n<li><a href=\"https:\/\/sinoextrud.com\/powder-coating-aluminium-process\/\" target=\"_blank\">powder coating aluminium<\/a><\/li>\r\r\n<li><a href=\"https:\/\/sinoextrud.com\/what-is-an-aluminium-strip-ceiling\/\" target=\"_blank\">aluminium strip ceiling<\/a><\/li>\r\r\n<li><a href=\"https:\/\/sinoextrud.com\/what-is-a-heat-sink\/\" target=\"_blank\">what is a heat sink<\/a><\/li>\r\r\n<\/ul>","product_chanpin_chanpin":"<li><a href=\"https:\/\/sinoextrud.com\/product\/customized-led-aluminium-profile-led-aluminum-extrusion\/\" target=\"_blank\">Customized LED Aluminium Profile  LED Aluminum Extrusion<\/a><\/li>\r\n<li><a href=\"https:\/\/sinoextrud.com\/product\/manufacturer-price-of-customized-oem-matt-anodized-aluminium-profile-for-hospital-pharmaceutical-clean-room\/\" target=\"_blank\">Manufacturer Price Of Customized OEM Matt Anodized Aluminium Profile For Hospital Pharmaceutical Clean Room<\/a><\/li>\r\n<li><a href=\"https:\/\/sinoextrud.com\/product\/large-aluminium-pipe-aluminium-pole\/\" target=\"_blank\">Large Aluminium Pipe Aluminium Pole<\/a><\/li>\r\n<li><a href=\"https:\/\/sinoextrud.com\/product\/hospital-aluminum-profile\/\" target=\"_blank\">Hospital Aluminum Profile<\/a><\/li>\r\n<li><a href=\"https:\/\/sinoextrud.com\/product\/industrial-large-aluminium-extrusions\/\" target=\"_blank\">Industrial Large Aluminium Extrusions<\/a><\/li>\r\n<li><a href=\"https:\/\/sinoextrud.com\/product\/industrial-large-aluminum-heat-sink\/\" target=\"_blank\">Industrial Large Aluminum Heat Sink<\/a><\/li>\r\n<li><a href=\"https:\/\/sinoextrud.com\/product\/industrial-t-slot-aluminum-profile\/\" target=\"_blank\">Industrial T Slot Aluminum Profile<\/a><\/li>\r\n<li><a href=\"https:\/\/sinoextrud.com\/product\/large-scale-industrial-aluminum-profile\/\" target=\"_blank\">Large Scale Industrial Aluminum Profile<\/a><\/li>\r\n<li><a href=\"https:\/\/sinoextrud.com\/product\/solar-aluminium-profile-2\/\" target=\"_blank\">Solar Aluminium Profile<\/a><\/li>\r\n<li><a href=\"https:\/\/sinoextrud.com\/product\/2024-2014-alloy-aluminum-profiles\/\" target=\"_blank\">2024 2014 Alloy Aluminum Profiles<\/a><\/li>\r\n<li><a href=\"https:\/\/sinoextrud.com\/product\/aluminum-profile-t-slot-for-machine-frame\/\" target=\"_blank\">Aluminum Profile T-Slot For Machine Frame<\/a><\/li>"},"feature_list":[]},"_links":{"self":[{"href":"https:\/\/sinoextrud.com\/de\/wp-json\/wp\/v2\/product\/8253","targetHints":{"allow":["GET"]}}],"collection":[{"href":"https:\/\/sinoextrud.com\/de\/wp-json\/wp\/v2\/product"}],"about":[{"href":"https:\/\/sinoextrud.com\/de\/wp-json\/wp\/v2\/types\/product"}],"wp:featuredmedia":[{"embeddable":true,"href":"https:\/\/sinoextrud.com\/de\/wp-json\/wp\/v2\/media\/8252"}],"wp:attachment":[{"href":"https:\/\/sinoextrud.com\/de\/wp-json\/wp\/v2\/media?parent=8253"}],"wp:term":[{"taxonomy":"category","embeddable":true,"href":"https:\/\/sinoextrud.com\/de\/wp-json\/wp\/v2\/categories?post=8253"}],"curies":[{"name":"wp","href":"https:\/\/api.w.org\/{rel}","templated":true}]}}