{"id":8199,"date":"2025-06-13T07:37:35","date_gmt":"2025-06-13T07:37:35","guid":{"rendered":"https:\/\/sinoextrud.com\/product\/extruded-aluminium-profiles-heat-sink\/"},"modified":"2025-06-24T06:23:20","modified_gmt":"2025-06-24T06:23:20","slug":"aluminium-strangpressprofile-kuhlkorper-2","status":"publish","type":"product","link":"https:\/\/sinoextrud.com\/de\/product\/extruded-aluminium-profiles-heat-sink\/","title":{"rendered":"Stranggepresste Aluminiumprofile K\u00fchlk\u00f6rper"},"content":{"rendered":"<h2>Produkte Details<\/h2>\n<table class=\"custom-table\">\n<tbody>\n<tr>\n<td> Artikel<\/td>\n<td> K\u00fchlk\u00f6rper aus stranggepressten Aluminiumprofilen<\/td>\n<\/tr>\n<tr>\n<td> Form<\/td>\n<td> quadratisch, rund, rechteckig, individuell<\/td>\n<\/tr>\n<tr>\n<td> Anmeldung<\/td>\n<td> In M\u00f6beln, Fenstern und T\u00fcren, Dekorationen, Industrie, Bauwesen und so weiter<\/td>\n<\/tr>\n<tr>\n<td> Farben<\/td>\n<td> Ref Pulverbeschichtung Farbe Blatt und kundenspezifische Farbe verf\u00fcgbar<\/td>\n<\/tr>\n<tr>\n<td> Tiefgreifender Prozess<\/td>\n<td> CNC, Bohren, Fr\u00e4sen, Schneiden, Schwei\u00dfen, Biegen, Montieren<\/td>\n<\/tr>\n<tr>\n<td> MOQ<\/td>\n<td> 200KGs f\u00fcr jeden Artikel<\/td>\n<\/tr>\n<tr>\n<td> Details zur Verpackung<\/td>\n<td> (1) Innen: verpackt mit Kunststoff-Schutzfolie, um jedes St\u00fcck zu sch\u00fctzen<br \/> (2) Au\u00dferhalb: Wrap zu sein B\u00fcndel von wasserdichten Handwerk Papier<\/td>\n<\/tr>\n<tr>\n<td> Zahlungsbedingungen<\/td>\n<td> T\/T 30% f\u00fcr Ablagerung, Balance vor Versand.<\/td>\n<\/tr>\n<tr>\n<td> Abrechnungszeitraum<\/td>\n<td> Berechnen Sie nach dem tats\u00e4chlichen Endgewicht oder nach dem theoretischen Ziehgewicht.<\/td>\n<\/tr>\n<tr>\n<td> Produktionskapazit\u00e4t<\/td>\n<td> 15.000 Tonnen monatlich, 200.000 Tonnen j\u00e4hrlich.<\/td>\n<\/tr>\n<tr>\n<td> B\u00fcrgschaft<\/td>\n<td> Die Oberfl\u00e4chenfarbe kann im Innenbereich 10 bis 20 Jahre lang stabil bleiben.<\/td>\n<\/tr>\n<\/tbody>\n<\/table>\n<h2>Unsere Produktionsbasis<\/h2>\n<h3>Fabrik-Panorama<\/h3>\n<p><img decoding=\"async\" src=\"\/wp-content\/uploads\/factory-01.webp\"\/><\/p>\n<h3>Werkstatt zur Herstellung von Aluminiumstangen<\/h3>\n<p><img decoding=\"async\" src=\"\/wp-content\/uploads\/factory-02.webp\"\/><\/p>\n<\/p>\n<p><img decoding=\"async\" src=\"\/wp-content\/uploads\/factory-03.webp\"\/><\/p>\n<h3>Lagerhaus f\u00fcr Formen<\/h3>\n<p><img decoding=\"async\" src=\"\/wp-content\/uploads\/factory-04.webp\"\/><\/p>\n<h3>43 Aluminium-Strangpressanlagen (500\u00e2\u20ac\"5500 Tonnen)<\/h3>\n<p><img decoding=\"async\" src=\"\/wp-content\/uploads\/factory-05.webp\"\/><\/p>\n<p><img decoding=\"async\" src=\"\/wp-content\/uploads\/factory-06.webp\"\/><\/p>\n<p><img decoding=\"async\" src=\"\/wp-content\/uploads\/factory-07.webp\"\/><\/p>\n<h3>Werkstatt f\u00fcr Pulverbeschichtung<\/h3>\n<p><img decoding=\"async\" src=\"\/wp-content\/uploads\/factory-09.webp\"\/><\/p>\n<h3>Eloxal-Werkstatt<\/h3>\n<p><img decoding=\"async\" src=\"\/wp-content\/uploads\/factory-10.webp\"\/><\/p>\n<h3>Workshop zur Tiefenverarbeitung<\/h3>\n<p><img decoding=\"async\" src=\"\/wp-content\/uploads\/factory-11.webp\"\/><\/p>\n<h3>CNC-Pr\u00e4zisionsbearbeitungswerkstatt<\/h3>\n<p><img decoding=\"async\" src=\"\/wp-content\/uploads\/factory-11.5.webp\"\/><\/p>\n<h3>Lager f\u00fcr Fertigprodukte und Export<\/h3>\n<p><img decoding=\"async\" src=\"\/wp-content\/uploads\/factory-12.webp\"\/><\/p>\n<p><img decoding=\"async\" src=\"\/wp-content\/uploads\/factory-13.webp\"\/><\/p>\n<p><img decoding=\"async\" src=\"\/wp-content\/uploads\/factory-14.webp\"\/><\/p>\n<h2>FAQ<\/h2>\n<p><b>1. was macht den K\u00fchlk\u00f6rper aus stranggepressten Aluminiumprofilen effizient?<\/b><\/p>\n<p>Die stranggepressten Aluminiumprofile maximieren die Oberfl\u00e4che, sorgen f\u00fcr eine hervorragende W\u00e4rmeableitung und halten die elektronischen Komponenten bei optimalen Temperaturen.\n<\/p>\n<p><\/p>\n<p><b>2. wie haltbar ist der K\u00fchlk\u00f6rper aus stranggepressten Aluminiumprofilen?<\/b><\/p>\n<p>Es ist aus leichtem und dennoch robustem Aluminium gefertigt, das auch in anspruchsvollen Umgebungen eine lange Lebensdauer gew\u00e4hrleistet.\n<\/p>\n<p><\/p>\n<p><b>3. k\u00f6nnen die stranggepressten Aluminiumprofile K\u00fchlk\u00f6rper angepasst werden?<\/b><\/p>\n<p>Ja, die Profile k\u00f6nnen auf die spezifischen W\u00e4rmemanagement-Bed\u00fcrfnisse verschiedener Branchen zugeschnitten werden und bieten somit Flexibilit\u00e4t im Design.\n<\/p>\n<p><\/p>\n<p><b>4. ist der K\u00fchlk\u00f6rper aus stranggepressten Aluminiumprofilen f\u00fcr den Au\u00dfeneinsatz geeignet?<\/b><\/p>\n<p>Ja, sein korrosionsbest\u00e4ndiges Aluminiummaterial macht ihn ideal f\u00fcr Innen- und Au\u00dfenanwendungen.\n<\/p>\n<p><\/p>\n<p><b>5. wie verbessert der K\u00fchlk\u00f6rper aus stranggepressten Aluminiumprofilen die elektronische Leistung?<\/b><\/p>\n<p>Durch die effiziente W\u00e4rmeableitung wird eine \u00dcberhitzung verhindert, was zur Erhaltung der Leistung und Langlebigkeit der elektronischen Komponenten beitr\u00e4gt.\n<\/p>\n<p><\/p>\n<p><b>6. welche Branchen profitieren von den Aluminium-Strangpressprofilen als K\u00fchlk\u00f6rper?<\/b><\/p>\n<p>Es wird h\u00e4ufig in der Elektronik, der LED-Beleuchtung, bei Netzteilen und in anderen Branchen eingesetzt, die effiziente W\u00e4rmemanagementl\u00f6sungen ben\u00f6tigen.\n<\/p>\n<p><\/p>\n<p><b>7. wie profitiert das Unternehmen von der Kosteneffizienz des K\u00fchlk\u00f6rpers aus stranggepressten Aluminiumprofilen?<\/b><\/p>\n<p>Sie bietet eine erschwingliche und zuverl\u00e4ssige K\u00fchll\u00f6sung, die den Bedarf an zus\u00e4tzlichen K\u00fchlsystemen reduziert und die Lebensdauer wichtiger Komponenten verl\u00e4ngert.\n<\/p>\n<p><\/p>","protected":false},"featured_media":8198,"template":"","categories":[54],"class_list":["post-8199","product","type-product","status-publish","has-post-thumbnail","hentry","category-industrial-aluminum-profiles"],"meta_box":{"hilight_text_group":{"product_hilight_text":"<li>Efficient heat dissipation through extruded aluminum profiles, ensuring optimal cooling performance.<\/li>\r\r\n<li>Lightweight and durable, offering both strength and ease of handling for various applications.<\/li>\r\r\n<li>Customizable profile options to meet specific thermal management needs in diverse industries.<\/li>\r\r\n<li>Corrosion-resistant aluminum material, providing long-lasting protection in harsh environments.<\/li>\r\r\n<li>Cost-effective solution for managing heat in electronics, LED lights, and power supply systems.<\/li>","product_chanpin_blog":"<ul>\r\r\n<li><a href=\"https:\/\/sinoextrud.com\/t-slot-v-slot-differences\/\" target=\"_blank\">t slot vs v slot<\/a><\/li>\r\r\n<li><a href=\"https:\/\/sinoextrud.com\/what-is-4040-aluminium-extrud\/\" target=\"_blank\">4040 aluminium extrusion<\/a><\/li>\r\r\n<li><a href=\"https:\/\/sinoextrud.com\/what-is-4040-aluminium-extrud\/\" target=\"_blank\">aluminum extrusions for industrial racks<\/a><\/li>\r\r\n<li><a href=\"https:\/\/sinoextrud.com\/powder-coating-aluminium-process\/\" target=\"_blank\">powder coating aluminium<\/a><\/li>\r\r\n<li><a href=\"https:\/\/sinoextrud.com\/what-is-an-aluminium-strip-ceiling\/\" target=\"_blank\">aluminium strip ceiling<\/a><\/li>\r\r\n<li><a href=\"https:\/\/sinoextrud.com\/what-is-a-heat-sink\/\" target=\"_blank\">what is a heat sink<\/a><\/li>\r\r\n<\/ul>","product_chanpin_chanpin":"<li><a href=\"https:\/\/sinoextrud.com\/product\/customized-new-energy-conservation-anodized-aluminum-profile-frame-for-solar-panel-frame\/\" target=\"_blank\">Customized New Energy Conservation Anodized Aluminum Profile Frame For Solar Panel Frame<\/a><\/li>\r\n<li><a href=\"https:\/\/sinoextrud.com\/product\/cutting-bending-aluminum-led-strip-heatsink\/\" target=\"_blank\">Cutting Bending Aluminum LED Strip Heatsink<\/a><\/li>\r\n<li><a href=\"https:\/\/sinoextrud.com\/product\/extrude-6000-series-aluminium-bar\/\" target=\"_blank\">Extrude 6000 Series Aluminium bar<\/a><\/li>\r\n<li><a href=\"https:\/\/sinoextrud.com\/product\/v-slot-rail-aluminum-profile-extrusion\/\" target=\"_blank\">V Slot Rail Aluminum Profile Extrusion<\/a><\/li>\r\n<li><a href=\"https:\/\/sinoextrud.com\/product\/extruded-aluminium-profiles-heat-sink\/\" target=\"_blank\">Extruded Aluminium Profiles Heat Sink<\/a><\/li>\r\n<li><a href=\"https:\/\/sinoextrud.com\/product\/industrial-aluminium-profiles\/\" target=\"_blank\">Industrial Aluminium Profiles<\/a><\/li>\r\n<li><a href=\"https:\/\/sinoextrud.com\/product\/extruded-aluminum-case\/\" target=\"_blank\">Extruded Aluminum Case<\/a><\/li>\r\n<li><a href=\"https:\/\/sinoextrud.com\/product\/industrial-aluminum-profile-cad-drawing-uses-in-industry-customized-extrusion-press-manufacturers\/\" target=\"_blank\">industrial aluminum profile cad drawing uses in industry customized extrusion press manufacturers<\/a><\/li>\r\n<li><a href=\"https:\/\/sinoextrud.com\/product\/extruded-aluminum-framing-systems\/\" target=\"_blank\">Extruded Aluminum Framing Systems<\/a><\/li>\r\n<li><a href=\"https:\/\/sinoextrud.com\/product\/aluminium-oxide\/\" target=\"_blank\">Aluminium Oxide<\/a><\/li>\r\n<li><a href=\"https:\/\/sinoextrud.com\/product\/aluminum-channel-for-plexiglass\/\" target=\"_blank\">Aluminum Channel For Plexiglass<\/a><\/li>"},"feature_list":[]},"_links":{"self":[{"href":"https:\/\/sinoextrud.com\/de\/wp-json\/wp\/v2\/product\/8199","targetHints":{"allow":["GET"]}}],"collection":[{"href":"https:\/\/sinoextrud.com\/de\/wp-json\/wp\/v2\/product"}],"about":[{"href":"https:\/\/sinoextrud.com\/de\/wp-json\/wp\/v2\/types\/product"}],"wp:featuredmedia":[{"embeddable":true,"href":"https:\/\/sinoextrud.com\/de\/wp-json\/wp\/v2\/media\/8198"}],"wp:attachment":[{"href":"https:\/\/sinoextrud.com\/de\/wp-json\/wp\/v2\/media?parent=8199"}],"wp:term":[{"taxonomy":"category","embeddable":true,"href":"https:\/\/sinoextrud.com\/de\/wp-json\/wp\/v2\/categories?post=8199"}],"curies":[{"name":"wp","href":"https:\/\/api.w.org\/{rel}","templated":true}]}}