{"id":8191,"date":"2025-06-13T07:29:45","date_gmt":"2025-06-13T07:29:45","guid":{"rendered":"https:\/\/sinoextrud.com\/product\/customized-new-energy-conservation-anodized-aluminum-profile-frame-for-solar-panel-frame\/"},"modified":"2025-06-24T06:23:19","modified_gmt":"2025-06-24T06:23:19","slug":"masgeschneiderte-neue-energieeinsparung-eloxiertem-aluminium-profil-rahmen-fur-solarpanel-rahmen","status":"publish","type":"product","link":"https:\/\/sinoextrud.com\/de\/product\/customized-new-energy-conservation-anodized-aluminum-profile-frame-for-solar-panel-frame\/","title":{"rendered":"Ma\u00dfgeschneiderte neue Energieeinsparung eloxiertes Aluminiumprofil Rahmen f\u00fcr Solarpanel Rahmen"},"content":{"rendered":"<h2>Produkte Details<\/h2>\n<table class=\"custom-table\">\n<tbody>\n<tr>\n<td> Artikel:<\/td>\n<td> Ma\u00dfgeschneiderte neue EnergieeinsparungAnodisierter Aluminiumprofilrahmen f\u00fcr Solarpanelrahmen<\/td>\n<td> Note:<\/td>\n<td> Serie 6000<\/td>\n<\/tr>\n<tr>\n<td> Temperament:<\/td>\n<td> T3-T8<\/td>\n<td> Ort der Herkunft:<\/td>\n<td> Foshan, Guangdong<\/td>\n<\/tr>\n<tr>\n<td> Die Form:<\/td>\n<td> angepasst<\/td>\n<td> Legierung oder nicht:<\/td>\n<td> Ist Legierung<\/td>\n<\/tr>\n<tr>\n<td> Vertr\u00e4glichkeit:<\/td>\n<td> \u00b10,5%<\/td>\n<td> Marke:<\/td>\n<td> Sinoextrud<\/td>\n<\/tr>\n<tr>\n<td> Merkmal:<\/td>\n<td> Neue Energieeinsparung<\/td>\n<td> Oberfl\u00e4chenbehandlung:<\/td>\n<td> Eloxiert<\/td>\n<\/tr>\n<tr>\n<td> Lieferzeiten:<\/td>\n<td> 25-30 Tage<\/td>\n<td> MOQ:<\/td>\n<td> 200KGs<\/td>\n<\/tr>\n<tr>\n<td> Zahlungsfrist:<\/td>\n<td> T\/T(30% Anzahlung), L\/C<\/td>\n<td> Bearbeitungsservice:<\/td>\n<td> CNC-Bearbeitung<\/td>\n<\/tr>\n<tr>\n<td> Hafen:<\/td>\n<td> Guangzhou, Shenzhen, Foshan<\/td>\n<td> L\u00e4nge::<\/td>\n<td> Benutzerdefinierte L\u00e4nge<\/td>\n<\/tr>\n<tr>\n<td> Art:<\/td>\n<td> Rahmen aus Aluminiumprofil<\/td>\n<td> Verwendung:<\/td>\n<td> Industriell<\/td>\n<\/tr>\n<\/tbody>\n<\/table>\n<h2>Unsere Produktionsbasis<\/h2>\n<h3>Fabrik-Panorama<\/h3>\n<p><img decoding=\"async\" src=\"\/wp-content\/uploads\/factory-01.webp\"\/><\/p>\n<h3>Werkstatt zur Herstellung von Aluminiumstangen<\/h3>\n<p><img decoding=\"async\" src=\"\/wp-content\/uploads\/factory-02.webp\"\/><\/p>\n<p><img decoding=\"async\" src=\"\/wp-content\/uploads\/factory-03.webp\"\/><\/p>\n<h3>Lagerhaus f\u00fcr Formen<\/h3>\n<p><img decoding=\"async\" src=\"\/wp-content\/uploads\/factory-04.webp\"\/><\/p>\n<h3>43 Aluminium-Strangpressanlagen (500-5500 Tonnen)<\/h3>\n<p><img decoding=\"async\" src=\"\/wp-content\/uploads\/factory-05.webp\"\/><\/p>\n<p><img decoding=\"async\" src=\"\/wp-content\/uploads\/factory-06.webp\"\/><\/p>\n<p><img decoding=\"async\" src=\"\/wp-content\/uploads\/factory-07.webp\"\/><\/p>\n<h3>Werkstatt f\u00fcr Pulverbeschichtung<\/h3>\n<p><img decoding=\"async\" src=\"\/wp-content\/uploads\/factory-09.webp\"\/><\/p>\n<h3>Eloxal-Werkstatt<\/h3>\n<p><img decoding=\"async\" src=\"\/wp-content\/uploads\/factory-10.webp\"\/><\/p>\n<h3>Workshop zur Tiefenverarbeitung<\/h3>\n<p><img decoding=\"async\" src=\"\/wp-content\/uploads\/factory-11.webp\"\/><\/p>\n<h3>CNC-Pr\u00e4zisionsbearbeitungswerkstatt<\/h3>\n<p><img decoding=\"async\" src=\"\/wp-content\/uploads\/factory-11.5.webp\"\/><\/p>\n<h3>Lager f\u00fcr Fertigprodukte und Export<\/h3>\n<p><img decoding=\"async\" src=\"\/wp-content\/uploads\/factory-12.webp\"\/><\/p>\n<p><img decoding=\"async\" src=\"\/wp-content\/uploads\/factory-13.webp\"\/><\/p>\n<p><img decoding=\"async\" src=\"\/wp-content\/uploads\/factory-14.webp\"\/><\/p>\n<h2>FAQ<\/h2>\n<p><p><b>1. wof\u00fcr wird das eloxierte Aluminiumprofil in Solarpanelrahmen verwendet? <\/b><\/p>\n<p>Das eloxierte Aluminiumprofil wird verwendet, um langlebige, leichte und korrosionsbest\u00e4ndige Rahmen f\u00fcr Solarmodule zu schaffen, die eine langfristige Leistung und Schutz gew\u00e4hrleisten.<br \/>\n<\/p><br \/>\n<br \/>\n<p><b>2. warum ist die eloxierte Oberfl\u00e4che f\u00fcr Solarmodulrahmen wichtig? <\/b><\/p>\n<p>Die eloxierte Oberfl\u00e4che verbessert die Korrosionsbest\u00e4ndigkeit des Aluminiums und sorgt daf\u00fcr, dass der Rahmen des Solarmoduls intakt bleibt und auch in rauen Au\u00dfenumgebungen gut funktioniert.<br \/>\n<\/p><br \/>\n<br \/>\n<p><b>3. k\u00f6nnen die Aluminiumprofile f\u00fcr bestimmte Solarmodulprojekte angepasst werden? <\/b><\/p>\n<p>Ja, die Aluminiumprofile k\u00f6nnen in Bezug auf Gr\u00f6\u00dfe, Form und Design individuell angepasst werden, um den spezifischen Anforderungen der verschiedenen Solarpanel-Installationen gerecht zu werden.<br \/>\n<\/p><br \/>\n<br \/>\n<p><b>4. wie kommt das geringe Gewicht des Aluminiumprofils den Rahmen f\u00fcr Solarmodule zugute? <\/b><\/p>\n<p>Der leichte Aluminiumrahmen reduziert das Gesamtgewicht des Solarmodulsystems, wodurch es einfacher zu handhaben und zu installieren ist, w\u00e4hrend es gleichzeitig eine starke strukturelle Unterst\u00fctzung bietet.<br \/>\n<\/p><br \/>\n<br \/>\n<p><b>5) Welche Vorteile bietet die Verwendung von eloxiertem Aluminium f\u00fcr Solarmodulrahmen? <\/b><\/p>\n<p>Eloxiertes Aluminium bietet eine hervorragende Korrosionsbest\u00e4ndigkeit, Haltbarkeit und langfristige Leistung und ist damit ideal f\u00fcr Solarmodulrahmen geeignet, die Witterungs- und Umwelteinfl\u00fcssen ausgesetzt sind.<br \/>\n<\/p><br \/>\n<br \/>\n<p><b>6. wie kann die Verwendung von ma\u00dfgeschneiderten Aluminiumprofilen die Installation von Solarmodulen verbessern? <\/b><\/p>\n<p>Ma\u00dfgeschneiderte Aluminiumprofile erm\u00f6glichen eine pr\u00e4zise Passform und ein Design, das auf jedes Solarmodulprojekt zugeschnitten ist, wodurch die Installationszeit verk\u00fcrzt und ein sicherer Sitz gew\u00e4hrleistet wird.<br \/>\n<\/p><br \/>\n<br \/>\n<p><b>7. ist das Aluminiumprofil f\u00fcr Solarmodulrahmen umweltfreundlich? <\/b><\/p>\n<p>Ja, das eloxierte Aluminiumprofil ist eine umweltfreundliche L\u00f6sung, die Energieeinsparung und Nachhaltigkeit unterst\u00fctzt und so zu den allgemeinen Umweltvorteilen von Solarenergiesystemen beitr\u00e4gt.<br \/>\n<\/p><br \/><\/p>","protected":false},"featured_media":8190,"template":"","categories":[54],"class_list":["post-8191","product","type-product","status-publish","has-post-thumbnail","hentry","category-industrial-aluminum-profiles"],"meta_box":{"hilight_text_group":{"product_hilight_text":"<ul>\r\r\n  <li>Customized anodized aluminum profiles specifically designed for durable solar panel frames.<\/li>\r\r\n  <li>Corrosion-resistant anodized finish ensures long-lasting performance in outdoor environments.<\/li>\r\r\n  <li>Lightweight yet strong, providing excellent structural support without adding unnecessary weight.<\/li>\r\r\n  <li>Energy-efficient design that enhances solar panel performance by optimizing frame durability.<\/li>\r\r\n  <li>Customizable sizes and designs to meet specific requirements for different solar panel projects.<\/li>\r\r\n  <li>Easy to assemble and install, reducing labor costs and time for solar panel frame construction.<\/li>\r\r\n  <li>Environmentally friendly solution, contributing to energy conservation and sustainability efforts.<\/li>\r\r\n<\/ul>","product_chanpin_blog":"<ul>\r\r\n<li><a href=\"https:\/\/sinoextrud.com\/t-slot-v-slot-differences\/\" target=\"_blank\">t slot vs v slot<\/a><\/li>\r\r\n<li><a href=\"https:\/\/sinoextrud.com\/what-is-4040-aluminium-extrud\/\" target=\"_blank\">4040 aluminium extrusion<\/a><\/li>\r\r\n<li><a href=\"https:\/\/sinoextrud.com\/what-is-4040-aluminium-extrud\/\" target=\"_blank\">aluminum extrusions for industrial racks<\/a><\/li>\r\r\n<li><a href=\"https:\/\/sinoextrud.com\/powder-coating-aluminium-process\/\" target=\"_blank\">powder coating aluminium<\/a><\/li>\r\r\n<li><a href=\"https:\/\/sinoextrud.com\/what-is-an-aluminium-strip-ceiling\/\" target=\"_blank\">aluminium strip ceiling<\/a><\/li>\r\r\n<li><a href=\"https:\/\/sinoextrud.com\/what-is-a-heat-sink\/\" target=\"_blank\">what is a heat sink<\/a><\/li>\r\r\n<\/ul>","product_chanpin_chanpin":"<li><a href=\"https:\/\/sinoextrud.com\/product\/t-section-aluminium-extrusion\/\" target=\"_blank\">T Section Aluminium Extrusion<\/a><\/li>\r\n<li><a href=\"https:\/\/sinoextrud.com\/product\/customized-extruded-shaped-aluminum-profiles-6063-anodized-industrial-aluminum-profile\/\" target=\"_blank\">Customized Extruded Shaped Aluminum Profiles 6063 Anodized Industrial Aluminum Profile<\/a><\/li>\r\n<li><a href=\"https:\/\/sinoextrud.com\/product\/customized-industrial-aluminum-heat-sink\/\" target=\"_blank\">Customized Industrial Aluminum Heat Sink<\/a><\/li>\r\n<li><a href=\"https:\/\/sinoextrud.com\/product\/led-strip-aluminum-profile\/\" target=\"_blank\">Led Strip Aluminum Profile<\/a><\/li>\r\n<li><a href=\"https:\/\/sinoextrud.com\/product\/customized-new-energy-conservation-anodized-aluminum-profile-frame-for-solar-panel-frame\/\" target=\"_blank\">Customized New Energy Conservation Anodized Aluminum Profile Frame For Solar Panel Frame<\/a><\/li>\r\n<li><a href=\"https:\/\/sinoextrud.com\/product\/cutting-bending-aluminum-led-strip-heatsink\/\" target=\"_blank\">Cutting Bending Aluminum LED Strip Heatsink<\/a><\/li>\r\n<li><a href=\"https:\/\/sinoextrud.com\/product\/extrude-6000-series-aluminium-bar\/\" target=\"_blank\">Extrude 6000 Series Aluminium bar<\/a><\/li>\r\n<li><a href=\"https:\/\/sinoextrud.com\/product\/v-slot-rail-aluminum-profile-extrusion\/\" target=\"_blank\">V Slot Rail Aluminum Profile Extrusion<\/a><\/li>\r\n<li><a href=\"https:\/\/sinoextrud.com\/product\/extruded-aluminium-profiles-heat-sink\/\" target=\"_blank\">Extruded Aluminium Profiles Heat Sink<\/a><\/li>\r\n<li><a href=\"https:\/\/sinoextrud.com\/product\/aluminum-shutter-profile\/\" target=\"_blank\">Aluminum Shutter Profile<\/a><\/li>\r\n<li><a href=\"https:\/\/sinoextrud.com\/product\/furniture-aluminium-profiles\/\" target=\"_blank\">Furniture Aluminium Profiles<\/a><\/li>"},"feature_list":[]},"_links":{"self":[{"href":"https:\/\/sinoextrud.com\/de\/wp-json\/wp\/v2\/product\/8191","targetHints":{"allow":["GET"]}}],"collection":[{"href":"https:\/\/sinoextrud.com\/de\/wp-json\/wp\/v2\/product"}],"about":[{"href":"https:\/\/sinoextrud.com\/de\/wp-json\/wp\/v2\/types\/product"}],"wp:featuredmedia":[{"embeddable":true,"href":"https:\/\/sinoextrud.com\/de\/wp-json\/wp\/v2\/media\/8190"}],"wp:attachment":[{"href":"https:\/\/sinoextrud.com\/de\/wp-json\/wp\/v2\/media?parent=8191"}],"wp:term":[{"taxonomy":"category","embeddable":true,"href":"https:\/\/sinoextrud.com\/de\/wp-json\/wp\/v2\/categories?post=8191"}],"curies":[{"name":"wp","href":"https:\/\/api.w.org\/{rel}","templated":true}]}}