{"id":8187,"date":"2025-06-13T07:25:45","date_gmt":"2025-06-13T07:25:45","guid":{"rendered":"https:\/\/sinoextrud.com\/product\/customized-industrial-aluminum-heat-sink\/"},"modified":"2025-06-24T06:23:19","modified_gmt":"2025-06-24T06:23:19","slug":"kundenspezifischer-industrieller-aluminiumkuhlkorper","status":"publish","type":"product","link":"https:\/\/sinoextrud.com\/de\/product\/customized-industrial-aluminum-heat-sink\/","title":{"rendered":"Kundenspezifischer industrieller Aluminium-K\u00fchlk\u00f6rper"},"content":{"rendered":"<h2>Produkte Details<\/h2>\n<table class=\"custom-table\">\n<tbody>\n<tr>\n<td> Produktname<\/td>\n<td> Kundenspezifischer industrieller Aluminium-K\u00fchlk\u00f6rper<\/td>\n<\/tr>\n<tr>\n<td> Material<\/td>\n<td> 6063, 6061, 6463, 6082 Aluminiumlegierung<\/td>\n<\/tr>\n<tr>\n<td> Farbe<\/td>\n<td> Kundenspezifisch<\/td>\n<\/tr>\n<tr>\n<td> Standard<\/td>\n<td> GB2008<\/td>\n<\/tr>\n<tr>\n<td> Klasse<\/td>\n<td> Serie 6000<\/td>\n<\/tr>\n<tr>\n<td> Dicke<\/td>\n<td> Kundenspezifisch<\/td>\n<\/tr>\n<tr>\n<td> Verwendung<\/td>\n<td> Dekoration<\/td>\n<\/tr>\n<tr>\n<td> Temperament<\/td>\n<td> T3-T8<\/td>\n<\/tr>\n<tr>\n<td> L\u00e4nge<\/td>\n<td> Kundenspezifisch<\/td>\n<\/tr>\n<tr>\n<td> Oberfl\u00e4chenbehandlung<\/td>\n<td> Pulverbeschichtung, Mill Finish, PVDF, Eloxiert, Holzmaserung, Poliert, Geb\u00fcrstet, etc<\/td>\n<\/tr>\n<tr>\n<td> Orgin<\/td>\n<td> CHINA<\/td>\n<\/tr>\n<tr>\n<td> Ist legiert oder nicht<\/td>\n<td> Ist Legierung<\/td>\n<\/tr>\n<tr>\n<td> Hafen<\/td>\n<td> Guangzhou, Shenzhen, Foshan<\/td>\n<\/tr>\n<\/tbody>\n<\/table>\n<h2>Unsere Produktionsbasis<\/h2>\n<h3>Fabrik-Panorama<\/h3>\n<p><img decoding=\"async\" src=\"\/wp-content\/uploads\/factory-01.webp\"\/><\/p>\n<h3>Werkstatt zur Herstellung von Aluminiumstangen<\/h3>\n<p><img decoding=\"async\" src=\"\/wp-content\/uploads\/factory-02.webp\"\/><\/p>\n<p><img decoding=\"async\" src=\"\/wp-content\/uploads\/factory-03.webp\"\/><\/p>\n<h3>Lagerhaus f\u00fcr Formen<\/h3>\n<p><img decoding=\"async\" src=\"\/wp-content\/uploads\/factory-04.webp\"\/><\/p>\n<h3>43 Aluminium-Strangpressanlagen (500\u00e2\u20ac\"5500 Tonnen)<\/h3>\n<p><img decoding=\"async\" src=\"\/wp-content\/uploads\/factory-05.webp\"\/><\/p>\n<p><img decoding=\"async\" src=\"\/wp-content\/uploads\/factory-06.webp\"\/><\/p>\n<p><img decoding=\"async\" src=\"\/wp-content\/uploads\/factory-07.webp\"\/><\/p>\n<h3>Werkstatt f\u00fcr Pulverbeschichtung<\/h3>\n<p><img decoding=\"async\" src=\"\/wp-content\/uploads\/factory-09.webp\"\/><\/p>\n<h3>Eloxal-Werkstatt<\/h3>\n<p><img decoding=\"async\" src=\"\/wp-content\/uploads\/factory-10.webp\"\/><\/p>\n<h3>Workshop zur Tiefenverarbeitung<\/h3>\n<p><img decoding=\"async\" src=\"\/wp-content\/uploads\/factory-11.webp\"\/><\/p>\n<h3>CNC-Pr\u00e4zisionsbearbeitungswerkstatt<\/h3>\n<p><img decoding=\"async\" src=\"\/wp-content\/uploads\/factory-11.5.webp\"\/><\/p>\n<h3>Lager f\u00fcr Fertigprodukte und Export<\/h3>\n<p><img decoding=\"async\" src=\"\/wp-content\/uploads\/factory-12.webp\"\/><\/p>\n<p><img decoding=\"async\" src=\"\/wp-content\/uploads\/factory-13.webp\"\/><\/p>\n<p><img decoding=\"async\" src=\"\/wp-content\/uploads\/factory-14.webp\"\/><\/p>\n<h2>FAQ<\/h2>\n<p><p><b>1. was macht kundenspezifische industrielle Aluminiumk\u00fchlk\u00f6rper ideal f\u00fcr industrielle Anwendungen?<\/b><\/p>\n<p>Ma\u00dfgeschneiderte industrielle Aluminiumk\u00fchlk\u00f6rper bieten ma\u00dfgeschneiderte Designs, hervorragende W\u00e4rmeableitung, Korrosionsbest\u00e4ndigkeit und Langlebigkeit und eignen sich daher perfekt f\u00fcr das W\u00e4rmemanagement in verschiedenen Branchen.<br \/>\n<\/p><br \/>\n<br \/>\n<p><b>2. wie kann die Anpassung von Aluminiumk\u00fchlk\u00f6rpern die Leistung verbessern?<\/b><\/p>\n<p>Die kundenspezifische Anpassung erm\u00f6glicht spezifische L\u00f6sungen f\u00fcr die W\u00e4rmeableitung und stellt sicher, dass der K\u00fchlk\u00f6rper genau den K\u00fchlbedarf des elektronischen oder industriellen Systems erf\u00fcllt.<br \/>\n<\/p><br \/>\n<br \/>\n<p><b>3. welches Material wird f\u00fcr kundenspezifische industrielle Aluminiumk\u00fchlk\u00f6rper verwendet?<\/b><\/p>\n<p>Sie sind aus hochwertigem Aluminium gefertigt, das f\u00fcr seine hervorragende W\u00e4rmeleitf\u00e4higkeit, Festigkeit und Korrosionsbest\u00e4ndigkeit bekannt ist und eine lange Lebensdauer gew\u00e4hrleistet.<br \/>\n<\/p><br \/>\n<br \/>\n<p><b>4. k\u00f6nnen kundenspezifische industrielle Aluminiumk\u00fchlk\u00f6rper f\u00fcr verschiedene Gr\u00f6\u00dfen und Anwendungen entworfen werden?<\/b><\/p>\n<p>Ja, sie k\u00f6nnen auf eine breite Palette von Gr\u00f6\u00dfen, Formen und K\u00fchlungsanforderungen zugeschnitten werden, um spezifischen Projekt- oder Anwendungsanforderungen gerecht zu werden.<br \/>\n<\/p><br \/>\n<br \/>\n<p><b>5. wie wirkt sich die Korrosionsbest\u00e4ndigkeit auf den Aluminiumk\u00fchlk\u00f6rper aus?<\/b><\/p>\n<p>Das korrosionsbest\u00e4ndige Aluminium sorgt daf\u00fcr, dass der K\u00fchlk\u00f6rper seine strukturelle Integrit\u00e4t und Leistung auch in rauen Umgebungen oder im Freien beibeh\u00e4lt, was seine Lebensdauer verl\u00e4ngert.<br \/>\n<\/p><br \/>\n<br \/>\n<p><b>6. welche Branchen profitieren von ma\u00dfgeschneiderten industriellen Aluminiumk\u00fchlk\u00f6rpern?<\/b><\/p>\n<p>Sie werden h\u00e4ufig in der Elektronik, der Automobilindustrie, der Telekommunikation und in Stromversorgungssystemen eingesetzt, wo ein effizientes W\u00e4rmemanagement f\u00fcr eine optimale Leistung unerl\u00e4sslich ist.<br \/>\n<\/p><br \/>\n<br \/>\n<p><b>7. wie kosteneffektiv ist der kundenspezifische industrielle Aluminiumk\u00fchlk\u00f6rper?<\/b><\/p>\n<p>Sie bietet eine kosteneffiziente L\u00f6sung, da sie den Bedarf an zus\u00e4tzlichen K\u00fchlger\u00e4ten reduziert und die Gesamteffizienz des W\u00e4rmemanagements in industriellen Anwendungen verbessert.<br \/>\n<\/p><br \/><\/p>","protected":false},"featured_media":8186,"template":"","categories":[54],"class_list":["post-8187","product","type-product","status-publish","has-post-thumbnail","hentry","category-industrial-aluminum-profiles"],"meta_box":{"hilight_text_group":{"product_hilight_text":"<li>Customizable design, tailored to meet specific thermal management needs in industrial applications.<\/li>\r\r\n<li>High-quality aluminum construction, providing excellent heat dissipation and long-lasting durability.<\/li>\r\r\n<li>Lightweight yet robust, making it easy to handle while offering superior performance.<\/li>\r\r\n<li>Corrosion-resistant properties ensure reliable operation in harsh environments and prolonged product lifespan.<\/li>\r\r\n<li>Cost-effective solution, reducing the need for additional cooling systems and improving overall system efficiency.<\/li>","product_chanpin_blog":"<ul>\r\r\n<li><a href=\"https:\/\/sinoextrud.com\/t-slot-v-slot-differences\/\" target=\"_blank\">t slot vs v slot<\/a><\/li>\r\r\n<li><a href=\"https:\/\/sinoextrud.com\/what-is-4040-aluminium-extrud\/\" target=\"_blank\">4040 aluminium extrusion<\/a><\/li>\r\r\n<li><a href=\"https:\/\/sinoextrud.com\/what-is-4040-aluminium-extrud\/\" target=\"_blank\">aluminum extrusions for industrial racks<\/a><\/li>\r\r\n<li><a href=\"https:\/\/sinoextrud.com\/powder-coating-aluminium-process\/\" target=\"_blank\">powder coating aluminium<\/a><\/li>\r\r\n<li><a href=\"https:\/\/sinoextrud.com\/what-is-an-aluminium-strip-ceiling\/\" target=\"_blank\">aluminium strip ceiling<\/a><\/li>\r\r\n<li><a href=\"https:\/\/sinoextrud.com\/what-is-a-heat-sink\/\" target=\"_blank\">what is a heat sink<\/a><\/li>\r\r\n<\/ul>","product_chanpin_chanpin":"<li><a href=\"https:\/\/sinoextrud.com\/product\/solar-aluminium-profiles\/\" target=\"_blank\">Solar Aluminium Profiles<\/a><\/li>\r\n<li><a href=\"https:\/\/sinoextrud.com\/product\/solar-panel-frame-aluminum-profile\/\" target=\"_blank\">Solar Panel Frame Aluminum Profile<\/a><\/li>\r\n<li><a href=\"https:\/\/sinoextrud.com\/product\/t-section-aluminium-extrusion\/\" target=\"_blank\">T Section Aluminium Extrusion<\/a><\/li>\r\n<li><a href=\"https:\/\/sinoextrud.com\/product\/customized-extruded-shaped-aluminum-profiles-6063-anodized-industrial-aluminum-profile\/\" target=\"_blank\">Customized Extruded Shaped Aluminum Profiles 6063 Anodized Industrial Aluminum Profile<\/a><\/li>\r\n<li><a href=\"https:\/\/sinoextrud.com\/product\/customized-industrial-aluminum-heat-sink\/\" target=\"_blank\">Customized Industrial Aluminum Heat Sink<\/a><\/li>\r\n<li><a href=\"https:\/\/sinoextrud.com\/product\/led-strip-aluminum-profile\/\" target=\"_blank\">Led Strip Aluminum Profile<\/a><\/li>\r\n<li><a href=\"https:\/\/sinoextrud.com\/product\/customized-new-energy-conservation-anodized-aluminum-profile-frame-for-solar-panel-frame\/\" target=\"_blank\">Customized New Energy Conservation Anodized Aluminum Profile Frame For Solar Panel Frame<\/a><\/li>\r\n<li><a href=\"https:\/\/sinoextrud.com\/product\/cutting-bending-aluminum-led-strip-heatsink\/\" target=\"_blank\">Cutting Bending Aluminum LED Strip Heatsink<\/a><\/li>\r\n<li><a href=\"https:\/\/sinoextrud.com\/product\/extrude-6000-series-aluminium-bar\/\" target=\"_blank\">Extrude 6000 Series Aluminium bar<\/a><\/li>\r\n<li><a href=\"https:\/\/sinoextrud.com\/product\/u-shape-extruded-aluminum-wall-panels\/\" target=\"_blank\">U Shape Extruded Aluminum Wall Panels<\/a><\/li>\r\n<li><a href=\"https:\/\/sinoextrud.com\/product\/aluminium-glass-profile\/\" target=\"_blank\">Aluminium Glass Profile<\/a><\/li>"},"feature_list":[]},"_links":{"self":[{"href":"https:\/\/sinoextrud.com\/de\/wp-json\/wp\/v2\/product\/8187","targetHints":{"allow":["GET"]}}],"collection":[{"href":"https:\/\/sinoextrud.com\/de\/wp-json\/wp\/v2\/product"}],"about":[{"href":"https:\/\/sinoextrud.com\/de\/wp-json\/wp\/v2\/types\/product"}],"wp:featuredmedia":[{"embeddable":true,"href":"https:\/\/sinoextrud.com\/de\/wp-json\/wp\/v2\/media\/8186"}],"wp:attachment":[{"href":"https:\/\/sinoextrud.com\/de\/wp-json\/wp\/v2\/media?parent=8187"}],"wp:term":[{"taxonomy":"category","embeddable":true,"href":"https:\/\/sinoextrud.com\/de\/wp-json\/wp\/v2\/categories?post=8187"}],"curies":[{"name":"wp","href":"https:\/\/api.w.org\/{rel}","templated":true}]}}