{"id":8181,"date":"2025-06-13T07:19:10","date_gmt":"2025-06-13T07:19:10","guid":{"rendered":"https:\/\/sinoextrud.com\/product\/solar-panel-frame-aluminum-profile\/"},"modified":"2025-06-24T06:23:17","modified_gmt":"2025-06-24T06:23:17","slug":"solarmodulrahmen-aus-aluminiumprofil","status":"publish","type":"product","link":"https:\/\/sinoextrud.com\/de\/product\/solar-panel-frame-aluminum-profile\/","title":{"rendered":"Solarmodulrahmen Aluminiumprofil"},"content":{"rendered":"<h2>Produkte Details<\/h2>\n<table class=\"custom-table\">\n<tbody>\n<tr>\n<td> Name<\/td>\n<td> Solarmodulrahmen aus Aluminiumprofil<\/td>\n<\/tr>\n<tr>\n<td> Marke<\/td>\n<td> Sinoextrud\/Sinoextrud<\/td>\n<\/tr>\n<tr>\n<td> Kategorie<\/td>\n<td> Rahmen aus Aluminium<\/td>\n<\/tr>\n<tr>\n<td> Typ<\/td>\n<td> Typ des Rahmens<\/td>\n<\/tr>\n<tr>\n<td> Material<\/td>\n<td> 6063 ist weit verbreitet. 6061, 6463, 6005, 6082 ist auch verf\u00fcgbar.<\/td>\n<\/tr>\n<tr>\n<td> Temperament<\/td>\n<td> T5-T8<\/td>\n<\/tr>\n<tr>\n<td> L\u00e4nge<\/td>\n<td> 1-9m oder individuelle Anpassung<\/td>\n<\/tr>\n<tr>\n<td> Gr\u00f6\u00dfe (mm)<\/td>\n<td> Verschiedene Gr\u00f6\u00dfen, k\u00f6nnen Sie f\u00fcr Details kontaktieren.<\/td>\n<\/tr>\n<tr>\n<td> Dicke<\/td>\n<td> \u00dcber 0,7MM<\/td>\n<\/tr>\n<tr>\n<td> Form<\/td>\n<td> Personalisierung<\/td>\n<\/tr>\n<tr>\n<td> Oberfl\u00e4chenbehandlung<\/td>\n<td> Fr\u00e4sen, Eloxieren, Sandstrahlen, Elektrophorese, Pulverbeschichtung, usw.<\/td>\n<\/tr>\n<tr>\n<td> Farbe<\/td>\n<td> Silber, Schwarz, Wei\u00df, Rot, Gelb, Champagner oder kundenspezifische Farbe<\/td>\n<\/tr>\n<tr>\n<td> Standard<\/td>\n<td> ASTM, GB, DIN<\/td>\n<\/tr>\n<tr>\n<td> Von<\/td>\n<td> Guangdong, China<\/td>\n<\/tr>\n<tr>\n<td> Anmeldung<\/td>\n<td> Industrie, Haushalt und Elektrik<\/td>\n<\/tr>\n<\/tbody>\n<\/table>\n<h2>Unsere Produktionsbasis<\/h2>\n<h3>Fabrik-Panorama<\/h3>\n<p><img decoding=\"async\" src=\"\/wp-content\/uploads\/factory-01.webp\"\/><\/p>\n<h3>Werkstatt zur Herstellung von Aluminiumstangen<\/h3>\n<p><img decoding=\"async\" src=\"\/wp-content\/uploads\/factory-02.webp\"\/><\/p>\n<p><img decoding=\"async\" src=\"\/wp-content\/uploads\/factory-03.webp\"\/><\/p>\n<h3>Lagerhaus f\u00fcr Formen<\/h3>\n<p><img decoding=\"async\" src=\"\/wp-content\/uploads\/factory-04.webp\"\/><\/p>\n<h3>43 Aluminium-Strangpressanlagen (500\u00e2\u20ac\"5500 Tonnen)<\/h3>\n<p><img decoding=\"async\" src=\"\/wp-content\/uploads\/factory-05.webp\"\/><\/p>\n<p><img decoding=\"async\" src=\"\/wp-content\/uploads\/factory-06.webp\"\/><\/p>\n<p><img decoding=\"async\" src=\"\/wp-content\/uploads\/factory-07.webp\"\/><\/p>\n<h3>Werkstatt f\u00fcr Pulverbeschichtung<\/h3>\n<p><img decoding=\"async\" src=\"\/wp-content\/uploads\/factory-09.webp\"\/><\/p>\n<h3>Eloxal-Werkstatt<\/h3>\n<p><img decoding=\"async\" src=\"\/wp-content\/uploads\/factory-10.webp\"\/><\/p>\n<h3>Workshop zur Tiefenverarbeitung<\/h3>\n<p><img decoding=\"async\" src=\"\/wp-content\/uploads\/factory-11.webp\"\/><\/p>\n<h3>CNC-Pr\u00e4zisionsbearbeitungswerkstatt<\/h3>\n<p><img decoding=\"async\" src=\"\/wp-content\/uploads\/factory-11.5.webp\"\/><\/p>\n<h3>Lager f\u00fcr Fertigprodukte und Export<\/h3>\n<p><img decoding=\"async\" src=\"\/wp-content\/uploads\/factory-12.webp\"\/><\/p>\n<p><img decoding=\"async\" src=\"\/wp-content\/uploads\/factory-13.webp\"\/><\/p>\n<p><img decoding=\"async\" src=\"\/wp-content\/uploads\/factory-14.webp\"\/><\/p>\n<h2>FAQ<\/h2>\n<p><p><b>1. was ist ein Solarpanelrahmen aus Aluminiumprofil? <\/b><\/p>\n<p> Ein Aluminiumprofil als Rahmen f\u00fcr Solarmodule ist eine strukturelle Komponente, die die Solarmodule umgibt und st\u00fctzt und f\u00fcr Haltbarkeit und Ausrichtung w\u00e4hrend der Installation sorgt.<br \/>\n<\/p><br \/>\n<br \/>\n<p><b>2. warum Aluminiumprofile f\u00fcr Solarmodulrahmen verwenden? <\/b><\/p>\n<p> Aluminiumprofile zeichnen sich durch hohe Festigkeit, Korrosionsbest\u00e4ndigkeit und geringes Gewicht aus und sind daher ideal f\u00fcr die zuverl\u00e4ssige und langlebige Einfassung von Solarmodulen.<br \/>\n<\/p><br \/>\n<br \/>\n<p><b>3. k\u00f6nnen Solarpanel Aluminiumrahmen angepasst werden? <\/b><\/p>\n<p> Ja, wir bieten kundenspezifische L\u00e4ngen, Formen und Oberfl\u00e4chen an, die den spezifischen Abmessungen der Solarmodule und den Projektanforderungen entsprechen.<br \/>\n<\/p><br \/>\n<br \/>\n<p><b>4. sind diese Aluminiumprofile f\u00fcr den Au\u00dfeneinsatz geeignet? <\/b><\/p>\n<p> Die eloxierte oder pulverbeschichtete Oberfl\u00e4che macht sie absolut witterungs- und korrosionsbest\u00e4ndig.<br \/>\n<\/p><br \/>\n<br \/>\n<p><b>5. was sind die Vorteile von leichtem Aluminium in Solaranwendungen? <\/b><\/p>\n<p> Leichtes Aluminium reduziert den Arbeitsaufwand bei der Installation, senkt die Transportkosten und erleichtert die Handhabung, ohne die Festigkeit zu beeintr\u00e4chtigen.<br \/>\n<\/p><br \/>\n<br \/>\n<p><b>6. wie verbessern Aluminiumrahmen die Leistung von Solarmodulen? <\/b><\/p>\n<p> Der Rahmen sorgt f\u00fcr die strukturelle Unterst\u00fctzung, die korrekte Ausrichtung und die W\u00e4rmeableitung und tr\u00e4gt so zu einer optimalen Leistung der Solarmodule bei.<br \/>\n<\/p><br \/>\n<br \/>\n<p><b>7. passen die Rahmen der Solarmodule zu den Standard-Montagesystemen? <\/b><\/p>\n<p> Ja, unsere Aluminiumprofile sind f\u00fcr die Kompatibilit\u00e4t mit den meisten kommerziellen Solarmontagesystemen und Zubeh\u00f6rteilen ausgelegt.<br \/>\n<\/p><br \/><\/p>","protected":false},"featured_media":8180,"template":"","categories":[54],"class_list":["post-8181","product","type-product","status-publish","has-post-thumbnail","hentry","category-industrial-aluminum-profiles"],"meta_box":{"hilight_text_group":{"product_hilight_text":"<li>High-strength aluminum ensures reliable structural support for solar panels.<\/li>\r\r\n<li>Corrosion-resistant surface is ideal for long-term outdoor exposure.<\/li>\r\r\n<li>Lightweight material simplifies transportation and installation.<\/li>\r\r\n<li>Customizable profiles to match different solar module sizes and layouts.<\/li>\r\r\n<li>Precision extrusion for tight tolerance and easy assembly.<\/li>\r\r\n<li>Compatible with various mounting systems and brackets.<\/li>\r\r\n<li>Low maintenance and long service life reduce overall system cost.<\/li>","product_chanpin_blog":"<ul>\r\r\n<li><a href=\"https:\/\/sinoextrud.com\/t-slot-v-slot-differences\/\" target=\"_blank\">t slot vs v slot<\/a><\/li>\r\r\n<li><a href=\"https:\/\/sinoextrud.com\/what-is-4040-aluminium-extrud\/\" target=\"_blank\">4040 aluminium extrusion<\/a><\/li>\r\r\n<li><a href=\"https:\/\/sinoextrud.com\/what-is-4040-aluminium-extrud\/\" target=\"_blank\">aluminum extrusions for industrial racks<\/a><\/li>\r\r\n<li><a href=\"https:\/\/sinoextrud.com\/powder-coating-aluminium-process\/\" target=\"_blank\">powder coating aluminium<\/a><\/li>\r\r\n<li><a href=\"https:\/\/sinoextrud.com\/what-is-an-aluminium-strip-ceiling\/\" target=\"_blank\">aluminium strip ceiling<\/a><\/li>\r\r\n<li><a href=\"https:\/\/sinoextrud.com\/what-is-a-heat-sink\/\" target=\"_blank\">what is a heat sink<\/a><\/li>\r\r\n<\/ul>","product_chanpin_chanpin":"<li><a href=\"https:\/\/sinoextrud.com\/product\/cnc-machining-aluminum-heat-sink\/\" target=\"_blank\">CNC Machining Aluminum Heat Sink<\/a><\/li>\r\n<li><a href=\"https:\/\/sinoextrud.com\/product\/comb-shape-aluminium-heat-sink\/\" target=\"_blank\">Comb Shape Aluminium Heat Sink<\/a><\/li>\r\n<li><a href=\"https:\/\/sinoextrud.com\/product\/aluminum-heat-sink-box-shapes-profiles\/\" target=\"_blank\">Aluminum Heat Sink Box  Shapes  Profiles<\/a><\/li>\r\n<li><a href=\"https:\/\/sinoextrud.com\/product\/solar-aluminium-profiles\/\" target=\"_blank\">Solar Aluminium Profiles<\/a><\/li>\r\n<li><a href=\"https:\/\/sinoextrud.com\/product\/solar-panel-frame-aluminum-profile\/\" target=\"_blank\">Solar Panel Frame Aluminum Profile<\/a><\/li>\r\n<li><a href=\"https:\/\/sinoextrud.com\/product\/t-section-aluminium-extrusion\/\" target=\"_blank\">T Section Aluminium Extrusion<\/a><\/li>\r\n<li><a href=\"https:\/\/sinoextrud.com\/product\/customized-extruded-shaped-aluminum-profiles-6063-anodized-industrial-aluminum-profile\/\" target=\"_blank\">Customized Extruded Shaped Aluminum Profiles 6063 Anodized Industrial Aluminum Profile<\/a><\/li>\r\n<li><a href=\"https:\/\/sinoextrud.com\/product\/customized-industrial-aluminum-heat-sink\/\" target=\"_blank\">Customized Industrial Aluminum Heat Sink<\/a><\/li>\r\n<li><a href=\"https:\/\/sinoextrud.com\/product\/led-strip-aluminum-profile\/\" target=\"_blank\">Led Strip Aluminum Profile<\/a><\/li>\r\n<li><a href=\"https:\/\/sinoextrud.com\/product\/the-hinges-of-aluminium-clean-room\/\" target=\"_blank\">The Hinges Of Aluminium Clean Room<\/a><\/li>\r\n<li><a href=\"https:\/\/sinoextrud.com\/product\/industrial-large-aluminum-heat-sink\/\" target=\"_blank\">Industrial Large Aluminum Heat Sink<\/a><\/li>"},"feature_list":[]},"_links":{"self":[{"href":"https:\/\/sinoextrud.com\/de\/wp-json\/wp\/v2\/product\/8181","targetHints":{"allow":["GET"]}}],"collection":[{"href":"https:\/\/sinoextrud.com\/de\/wp-json\/wp\/v2\/product"}],"about":[{"href":"https:\/\/sinoextrud.com\/de\/wp-json\/wp\/v2\/types\/product"}],"wp:featuredmedia":[{"embeddable":true,"href":"https:\/\/sinoextrud.com\/de\/wp-json\/wp\/v2\/media\/8180"}],"wp:attachment":[{"href":"https:\/\/sinoextrud.com\/de\/wp-json\/wp\/v2\/media?parent=8181"}],"wp:term":[{"taxonomy":"category","embeddable":true,"href":"https:\/\/sinoextrud.com\/de\/wp-json\/wp\/v2\/categories?post=8181"}],"curies":[{"name":"wp","href":"https:\/\/api.w.org\/{rel}","templated":true}]}}