{"id":8179,"date":"2025-06-13T07:17:33","date_gmt":"2025-06-13T07:17:33","guid":{"rendered":"https:\/\/sinoextrud.com\/product\/solar-aluminium-profiles\/"},"modified":"2025-06-24T06:23:17","modified_gmt":"2025-06-24T06:23:17","slug":"solar-aluminium-profile","status":"publish","type":"product","link":"https:\/\/sinoextrud.com\/de\/product\/solar-aluminium-profiles\/","title":{"rendered":"Solar-Aluminium-Profile"},"content":{"rendered":"<h2>Produkte Details<\/h2>\n<table class=\"custom-table\">\n<tbody>\n<tr>\n<td> Titel<\/td>\n<td> Solar-Aluminium-Profile<\/td>\n<\/tr>\n<tr>\n<td> Kategorie<\/td>\n<td> Aluminium-Profil<\/td>\n<\/tr>\n<tr>\n<td> Material<\/td>\n<td> 6000er Aluminium-Legierung<\/td>\n<\/tr>\n<tr>\n<td> Temperament<\/td>\n<td> T5<\/td>\n<\/tr>\n<tr>\n<td> Gr\u00f6\u00dfe<\/td>\n<td> Schienentyp, wie in der Zeichnung angegeben<\/td>\n<\/tr>\n<tr>\n<td> Form<\/td>\n<td> Rechteckig, rund, extrudiert nach Zeichnung des Kunden<\/td>\n<\/tr>\n<tr>\n<td> Oberfl\u00e4chenbehandlung<\/td>\n<td> Eloxiert, Sandgestrahlt, Poliert, Elektrophorese, Pulverbeschichtung<\/td>\n<\/tr>\n<tr>\n<td> Farbe<\/td>\n<td> Kundenspezifisch ist verf\u00fcgbar<\/td>\n<\/tr>\n<tr>\n<td> Zertifikat<\/td>\n<td> TUV, ASTM, GB<\/td>\n<\/tr>\n<tr>\n<td> Von<\/td>\n<td> Guangdong, China<\/td>\n<\/tr>\n<\/tbody>\n<\/table>\n<h2>Unsere Produktionsbasis<\/h2>\n<h3>Fabrik-Panorama<\/h3>\n<p><img decoding=\"async\" src=\"\/wp-content\/uploads\/factory-01.webp\"\/><\/p>\n<h3>Werkstatt zur Herstellung von Aluminiumstangen<\/h3>\n<p><img decoding=\"async\" src=\"\/wp-content\/uploads\/factory-02.webp\"\/><\/p>\n<p><img decoding=\"async\" src=\"\/wp-content\/uploads\/factory-03.webp\"\/><\/p>\n<h3>Lagerhaus f\u00fcr Formen<\/h3>\n<p><img decoding=\"async\" src=\"\/wp-content\/uploads\/factory-04.webp\"\/><\/p>\n<h3>43 Aluminium-Strangpressanlagen (500\u00e2\u20ac\"5500 Tonnen)<\/h3>\n<p><img decoding=\"async\" src=\"\/wp-content\/uploads\/factory-05.webp\"\/><\/p>\n<p><img decoding=\"async\" src=\"\/wp-content\/uploads\/factory-06.webp\"\/><\/p>\n<p><img decoding=\"async\" src=\"\/wp-content\/uploads\/factory-07.webp\"\/><\/p>\n<h3>Werkstatt f\u00fcr Pulverbeschichtung<\/h3>\n<p><img decoding=\"async\" src=\"\/wp-content\/uploads\/factory-09.webp\"\/><\/p>\n<h3>Eloxal-Werkstatt<\/h3>\n<p><img decoding=\"async\" src=\"\/wp-content\/uploads\/factory-10.webp\"\/><\/p>\n<h3>Workshop zur Tiefenverarbeitung<\/h3>\n<p><img decoding=\"async\" src=\"\/wp-content\/uploads\/factory-11.webp\"\/><\/p>\n<h3>CNC-Pr\u00e4zisionsbearbeitungswerkstatt<\/h3>\n<p><img decoding=\"async\" src=\"\/wp-content\/uploads\/factory-11.5.webp\"\/><\/p>\n<h3>Lager f\u00fcr Fertigprodukte und Export<\/h3>\n<p><img decoding=\"async\" src=\"\/wp-content\/uploads\/factory-12.webp\"\/><\/p>\n<p><img decoding=\"async\" src=\"\/wp-content\/uploads\/factory-13.webp\"\/><\/p>\n<p><img decoding=\"async\" src=\"\/wp-content\/uploads\/factory-14.webp\"\/><\/p>\n<h2>FAQ<\/h2>\n<p><p><b>1. wozu werden Solar-Aluminiumprofile verwendet? <\/b><\/p>\n<p> Solar-Aluminiumprofile werden in Solarmontagesystemen verwendet, um Solarmodule bei Aufdach- oder Bodeninstallationen zu st\u00fctzen und zu befestigen.<br \/>\n<\/p><br \/>\n<br \/>\n<p><b>2. warum Aluminium f\u00fcr Solarmodulstrukturen w\u00e4hlen? <\/b><\/p>\n<p> Aluminium ist leicht, korrosionsbest\u00e4ndig und stabil, was es zu einem idealen Material f\u00fcr langlebige und wartungsarme Solarbefestigungssysteme macht.<br \/>\n<\/p><br \/>\n<br \/>\n<p><b>3. sind Solar-Aluminiumprofile korrosionsbest\u00e4ndig? <\/b><\/p>\n<p> Ja, Solar-Aluminiumprofile sind eloxiert oder beschichtet, um eine hervorragende Korrosionsbest\u00e4ndigkeit in Au\u00dfen- und K\u00fcstenbereichen zu gew\u00e4hrleisten.<br \/>\n<\/p><br \/>\n<br \/>\n<p><b>4) K\u00f6nnen die Aluminiumprofile f\u00fcr verschiedene Solarsysteme angepasst werden? <\/b><\/p>\n<p> Auf jeden Fall bieten wir ma\u00dfgeschneiderte Solar-Aluminiumprofile an, die auf verschiedene Paneelgr\u00f6\u00dfen, Winkel und Montagekonfigurationen zugeschnitten sind.<br \/>\n<\/p><br \/>\n<br \/>\n<p><b>5 Wie profitieren Solaranlagenprojekte von Aluminiumprofilen? <\/b><\/p>\n<p> Durch ihr geringes Gewicht und ihre modulare Bauweise sind die Solar-Aluminiumprofile leicht zu transportieren, zu installieren und zu warten, was die Gesamtkosten des Projekts senkt.<br \/>\n<\/p><br \/>\n<br \/>\n<p><b>6. sind Solar-Aluminiumprofile mit bestehenden Regalsystemen kompatibel? <\/b><\/p>\n<p> Ja, unsere Profile sind so konzipiert, dass sie mit den meisten branchen\u00fcblichen Solargestellen und Montagesystemen kompatibel sind.<br \/>\n<\/p><br \/>\n<br \/>\n<p><b>7. welche Oberfl\u00e4chen sind f\u00fcr Solar-Aluminiumprofile erh\u00e4ltlich? <\/b><\/p>\n<p> Wir bieten eloxierte, pulverbeschichtete und gewalzte Oberfl\u00e4chen an, um sowohl die Leistungs- als auch die \u00e4sthetischen Anforderungen an Solaranlagen zu erf\u00fcllen.<br \/>\n<\/p><br \/><\/p>","protected":false},"featured_media":8178,"template":"","categories":[54],"class_list":["post-8179","product","type-product","status-publish","has-post-thumbnail","hentry","category-industrial-aluminum-profiles"],"meta_box":{"hilight_text_group":{"product_hilight_text":"<li>Engineered for high strength and stability in solar mounting systems.<\/li>\r\r\n<li>Corrosion-resistant surface ideal for long-term outdoor use.<\/li>\r\r\n<li>Lightweight aluminum reduces transportation and installation costs.<\/li>\r\r\n<li>Customizable profiles to fit various solar panel designs and layouts.<\/li>\r\r\n<li>Compatible with most solar racking and mounting components.<\/li>\r\r\n<li>Precision-extruded for easy assembly and alignment.<\/li>\r\r\n<li>Low maintenance and long service life in harsh environments.<\/li>","product_chanpin_blog":"<ul>\r\r\n<li><a href=\"https:\/\/sinoextrud.com\/t-slot-v-slot-differences\/\" target=\"_blank\">t slot vs v slot<\/a><\/li>\r\r\n<li><a href=\"https:\/\/sinoextrud.com\/what-is-4040-aluminium-extrud\/\" target=\"_blank\">4040 aluminium extrusion<\/a><\/li>\r\r\n<li><a href=\"https:\/\/sinoextrud.com\/what-is-4040-aluminium-extrud\/\" target=\"_blank\">aluminum extrusions for industrial racks<\/a><\/li>\r\r\n<li><a href=\"https:\/\/sinoextrud.com\/powder-coating-aluminium-process\/\" target=\"_blank\">powder coating aluminium<\/a><\/li>\r\r\n<li><a href=\"https:\/\/sinoextrud.com\/what-is-an-aluminium-strip-ceiling\/\" target=\"_blank\">aluminium strip ceiling<\/a><\/li>\r\r\n<li><a href=\"https:\/\/sinoextrud.com\/what-is-a-heat-sink\/\" target=\"_blank\">what is a heat sink<\/a><\/li>\r\r\n<\/ul>","product_chanpin_chanpin":"<li><a href=\"https:\/\/sinoextrud.com\/product\/brushed-aluminium-profile\/\" target=\"_blank\">Brushed Aluminium Profile<\/a><\/li>\r\n<li><a href=\"https:\/\/sinoextrud.com\/product\/cnc-machining-aluminum-heat-sink\/\" target=\"_blank\">CNC Machining Aluminum Heat Sink<\/a><\/li>\r\n<li><a href=\"https:\/\/sinoextrud.com\/product\/comb-shape-aluminium-heat-sink\/\" target=\"_blank\">Comb Shape Aluminium Heat Sink<\/a><\/li>\r\n<li><a href=\"https:\/\/sinoextrud.com\/product\/aluminum-heat-sink-box-shapes-profiles\/\" target=\"_blank\">Aluminum Heat Sink Box  Shapes  Profiles<\/a><\/li>\r\n<li><a href=\"https:\/\/sinoextrud.com\/product\/solar-aluminium-profiles\/\" target=\"_blank\">Solar Aluminium Profiles<\/a><\/li>\r\n<li><a href=\"https:\/\/sinoextrud.com\/product\/solar-panel-frame-aluminum-profile\/\" target=\"_blank\">Solar Panel Frame Aluminum Profile<\/a><\/li>\r\n<li><a href=\"https:\/\/sinoextrud.com\/product\/t-section-aluminium-extrusion\/\" target=\"_blank\">T Section Aluminium Extrusion<\/a><\/li>\r\n<li><a href=\"https:\/\/sinoextrud.com\/product\/customized-extruded-shaped-aluminum-profiles-6063-anodized-industrial-aluminum-profile\/\" target=\"_blank\">Customized Extruded Shaped Aluminum Profiles 6063 Anodized Industrial Aluminum Profile<\/a><\/li>\r\n<li><a href=\"https:\/\/sinoextrud.com\/product\/customized-industrial-aluminum-heat-sink\/\" target=\"_blank\">Customized Industrial Aluminum Heat Sink<\/a><\/li>\r\n<li><a href=\"https:\/\/sinoextrud.com\/product\/cnc-machining-anodized-item-extruded-aluminum\/\" target=\"_blank\">CNC Machining Anodized Item Extruded Aluminum<\/a><\/li>\r\n<li><a href=\"https:\/\/sinoextrud.com\/product\/6061-extruded-aluminum\/\" target=\"_blank\">6061 Extruded Aluminum<\/a><\/li>"},"feature_list":[]},"_links":{"self":[{"href":"https:\/\/sinoextrud.com\/de\/wp-json\/wp\/v2\/product\/8179","targetHints":{"allow":["GET"]}}],"collection":[{"href":"https:\/\/sinoextrud.com\/de\/wp-json\/wp\/v2\/product"}],"about":[{"href":"https:\/\/sinoextrud.com\/de\/wp-json\/wp\/v2\/types\/product"}],"wp:featuredmedia":[{"embeddable":true,"href":"https:\/\/sinoextrud.com\/de\/wp-json\/wp\/v2\/media\/8178"}],"wp:attachment":[{"href":"https:\/\/sinoextrud.com\/de\/wp-json\/wp\/v2\/media?parent=8179"}],"wp:term":[{"taxonomy":"category","embeddable":true,"href":"https:\/\/sinoextrud.com\/de\/wp-json\/wp\/v2\/categories?post=8179"}],"curies":[{"name":"wp","href":"https:\/\/api.w.org\/{rel}","templated":true}]}}