{"id":8174,"date":"2025-06-13T07:11:14","date_gmt":"2025-06-13T07:11:14","guid":{"rendered":"https:\/\/sinoextrud.com\/product\/comb-shape-aluminium-heat-sink\/"},"modified":"2025-06-24T06:23:16","modified_gmt":"2025-06-24T06:23:16","slug":"kammformiger-aluminium-kuhlkorper","status":"publish","type":"product","link":"https:\/\/sinoextrud.com\/de\/product\/comb-shape-aluminium-heat-sink\/","title":{"rendered":"Kammf\u00f6rmiger Aluminium-K\u00fchlk\u00f6rper"},"content":{"rendered":"<h2>Produkte Details<\/h2>\n<table class=\"custom-table\">\n<tbody>\n<tr>\n<td> Name des Produkts<\/td>\n<td> <strong>Kammf\u00f6rmiger Aluminium-K\u00fchlk\u00f6rper<\/strong><\/td>\n<\/tr>\n<tr>\n<td> Gr\u00f6\u00dfe:<\/td>\n<td> nach Ihrem Wunsch<\/td>\n<\/tr>\n<tr>\n<td> Form<\/td>\n<td>\nKammform<\/td>\n<\/tr>\n<tr>\n<td> Produktionsverfahren<\/td>\n<td> Aluminium-Strangpressen<\/td>\n<\/tr>\n<tr>\n<td> Verarbeitung<\/td>\n<td> Bohren, Gewindeschneiden, Polieren, Fr\u00e4sen, Laserschnitt, CNC-Bearbeitung, Anfasen, Entgraten<\/td>\n<\/tr>\n<tr>\n<td> Toleranz<\/td>\n<td> 0,01 mm<\/td>\n<\/tr>\n<tr>\n<td> Oberfl\u00e4chenbehandlung<\/td>\n<td> Eloxieren, Pulverbeschichten, Galvanisieren, Elektrophorese<\/td>\n<\/tr>\n<tr>\n<td> Farbe<\/td>\n<td> schwarz, rot, silber, blau, entsprechend Ihrer Anfrage<\/td>\n<\/tr>\n<tr>\n<td> Muster<\/td>\n<td> Verf\u00fcgbar<\/td>\n<\/tr>\n<tr>\n<td> Achtung<\/td>\n<td> Hier finden Sie \u00fcber 200 Designs von Aluminiumk\u00fchlk\u00f6rpern, Durchmesser von 15mm bis 350mm, bitte fragen Sie nach weiteren Informationen<\/td>\n<\/tr>\n<\/tbody>\n<\/table>\n<h2>Unsere Produktionsbasis<\/h2>\n<h3>Fabrik-Panorama<\/h3>\n<p><img decoding=\"async\" src=\"\/wp-content\/uploads\/factory-01.webp\"\/><\/p>\n<h3>Werkstatt zur Herstellung von Aluminiumstangen<\/h3>\n<p><img decoding=\"async\" src=\"\/wp-content\/uploads\/factory-02.webp\"\/><\/p>\n<\/p>\n<p><img decoding=\"async\" src=\"\/wp-content\/uploads\/factory-03.webp\"\/><\/p>\n<h3>Lagerhaus f\u00fcr Formen<\/h3>\n<p><img decoding=\"async\" src=\"\/wp-content\/uploads\/factory-04.webp\"\/><\/p>\n<h3>43 Aluminium-Strangpressanlagen (500\u00e2\u20ac\"5500 Tonnen)<\/h3>\n<p><img decoding=\"async\" src=\"\/wp-content\/uploads\/factory-05.webp\"\/><\/p>\n<p><img decoding=\"async\" src=\"\/wp-content\/uploads\/factory-06.webp\"\/><\/p>\n<p><img decoding=\"async\" src=\"\/wp-content\/uploads\/factory-07.webp\"\/><\/p>\n<h3>Werkstatt f\u00fcr Pulverbeschichtung<\/h3>\n<p><img decoding=\"async\" src=\"\/wp-content\/uploads\/factory-09.webp\"\/><\/p>\n<h3>Eloxal-Werkstatt<\/h3>\n<p><img decoding=\"async\" src=\"\/wp-content\/uploads\/factory-10.webp\"\/><\/p>\n<h3>Workshop zur Tiefenverarbeitung<\/h3>\n<p><img decoding=\"async\" src=\"\/wp-content\/uploads\/factory-11.webp\"\/><\/p>\n<h3>CNC-Pr\u00e4zisionsbearbeitungswerkstatt<\/h3>\n<p><img decoding=\"async\" src=\"\/wp-content\/uploads\/factory-11.5.webp\"\/><\/p>\n<h3>Lager f\u00fcr Fertigprodukte und Export<\/h3>\n<p><img decoding=\"async\" src=\"\/wp-content\/uploads\/factory-12.webp\"\/><\/p>\n<p><img decoding=\"async\" src=\"\/wp-content\/uploads\/factory-13.webp\"\/><\/p>\n<p><img decoding=\"async\" src=\"\/wp-content\/uploads\/factory-14.webp\"\/><\/p>\n<h2>FAQ<\/h2>\n<p><b>1. was macht den kammf\u00f6rmigen Aluminiumk\u00fchlk\u00f6rper effizient?<\/b><\/p>\n<p>Die kammartige Struktur verbessert die W\u00e4rmeableitung und gew\u00e4hrleistet eine optimale K\u00fchlleistung und einen stabilen Betrieb f\u00fcr verschiedene Anwendungen.\n<\/p>\n<p><\/p>\n<p><b>2. welches Material wird f\u00fcr den Aluminiumk\u00fchlk\u00f6rper in Kammform verwendet?<\/b><\/p>\n<p>Es ist aus hochwertigem Aluminium gefertigt, das sich durch hohe Haltbarkeit, geringes Gewicht und Korrosionsbest\u00e4ndigkeit auszeichnet.\n<\/p>\n<p><\/p>\n<p><b>3. f\u00fcr welche Anwendungen ist der Aluminiumk\u00fchlk\u00f6rper in Kammform geeignet?<\/b><\/p>\n<p>Es ist ideal f\u00fcr Hochleistungsanwendungen wie Elektronik, LED-Leuchten und andere Systeme, die effiziente K\u00fchll\u00f6sungen erfordern.\n<\/p>\n<p><\/p>\n<p><b>4. wie verbessert das Design des kammf\u00f6rmigen Aluminiumk\u00fchlk\u00f6rpers die K\u00fchlung?<\/b><\/p>\n<p>Das kammartige Design maximiert die Oberfl\u00e4che und erm\u00f6glicht einen besseren Luftstrom und eine effektivere W\u00e4rmeableitung.\n<\/p>\n<p><\/p>\n<p><b>5. kann der Kamm Form Aluminium K\u00fchlk\u00f6rper angepasst werden?<\/b><\/p>\n<p>Ja, er verf\u00fcgt \u00fcber ein anpassungsf\u00e4higes Design, das den spezifischen Anforderungen an die W\u00e4rmeableitung f\u00fcr verschiedene Anwendungen angepasst werden kann.\n<\/p>\n<p><\/p>\n<p><b>6. wie kosteneffektiv ist der Aluminiumk\u00fchlk\u00f6rper in Kammform?<\/b><\/p>\n<p>Es handelt sich um eine kosteneffiziente L\u00f6sung, die im Vergleich zu anderen K\u00fchlmethoden hohe Leistung zu geringeren Kosten bietet und den Bedarf an zus\u00e4tzlichen K\u00fchlsystemen reduziert.\n<\/p>\n<p><\/p>\n<p><b>7. warum ist der kammf\u00f6rmige Aluminiumk\u00fchlk\u00f6rper ideal f\u00fcr die Leistungselektronik?<\/b><\/p>\n<p>Die effiziente W\u00e4rmeableitung sorgt daf\u00fcr, dass die Leistungselektronik innerhalb sicherer Betriebstemperaturen bleibt, was eine \u00dcberhitzung verhindert und die Lebensdauer der Komponenten verl\u00e4ngert.\n<\/p>\n<p><\/p>","protected":false},"featured_media":8173,"template":"","categories":[54],"class_list":["post-8174","product","type-product","status-publish","has-post-thumbnail","hentry","category-industrial-aluminum-profiles"],"meta_box":{"hilight_text_group":{"product_hilight_text":"<li>Efficient heat dissipation due to its comb-like structure, improving cooling performance.<\/li>\r\r\n<li>Made from high-quality aluminum for lightweight, durability, and corrosion resistance.<\/li>\r\r\n<li>Ideal for high-power applications, ensuring stable operation and extended component lifespan.<\/li>\r\r\n<li>Compact and customizable design, adaptable to various heat sink requirements.<\/li>\r\r\n<li>Cost-effective and energy-efficient, reducing the need for additional cooling systems.<\/li>","product_chanpin_blog":"<ul>\r\r\n<li><a href=\"https:\/\/sinoextrud.com\/t-slot-v-slot-differences\/\" target=\"_blank\">t slot vs v slot<\/a><\/li>\r\r\n<li><a href=\"https:\/\/sinoextrud.com\/what-is-4040-aluminium-extrud\/\" target=\"_blank\">4040 aluminium extrusion<\/a><\/li>\r\r\n<li><a href=\"https:\/\/sinoextrud.com\/what-is-4040-aluminium-extrud\/\" target=\"_blank\">aluminum extrusions for industrial racks<\/a><\/li>\r\r\n<li><a href=\"https:\/\/sinoextrud.com\/powder-coating-aluminium-process\/\" target=\"_blank\">powder coating aluminium<\/a><\/li>\r\r\n<li><a href=\"https:\/\/sinoextrud.com\/what-is-an-aluminium-strip-ceiling\/\" target=\"_blank\">aluminium strip ceiling<\/a><\/li>\r\r\n<li><a href=\"https:\/\/sinoextrud.com\/what-is-a-heat-sink\/\" target=\"_blank\">what is a heat sink<\/a><\/li>\r\r\n<\/ul>","product_chanpin_chanpin":"<li><a href=\"https:\/\/sinoextrud.com\/product\/aluminum-t-slot-rail-profile\/\" target=\"_blank\">Aluminum T Slot Rail Profile<\/a><\/li>\r\n<li><a href=\"https:\/\/sinoextrud.com\/product\/aluminum-t-slot-table\/\" target=\"_blank\">Aluminum T Slot Table<\/a><\/li>\r\n<li><a href=\"https:\/\/sinoextrud.com\/product\/brushed-aluminium-profile\/\" target=\"_blank\">Brushed Aluminium Profile<\/a><\/li>\r\n<li><a href=\"https:\/\/sinoextrud.com\/product\/cnc-machining-aluminum-heat-sink\/\" target=\"_blank\">CNC Machining Aluminum Heat Sink<\/a><\/li>\r\n<li><a href=\"https:\/\/sinoextrud.com\/product\/comb-shape-aluminium-heat-sink\/\" target=\"_blank\">Comb Shape Aluminium Heat Sink<\/a><\/li>\r\n<li><a href=\"https:\/\/sinoextrud.com\/product\/aluminum-heat-sink-box-shapes-profiles\/\" target=\"_blank\">Aluminum Heat Sink Box  Shapes  Profiles<\/a><\/li>\r\n<li><a href=\"https:\/\/sinoextrud.com\/product\/solar-aluminium-profiles\/\" target=\"_blank\">Solar Aluminium Profiles<\/a><\/li>\r\n<li><a href=\"https:\/\/sinoextrud.com\/product\/solar-panel-frame-aluminum-profile\/\" target=\"_blank\">Solar Panel Frame Aluminum Profile<\/a><\/li>\r\n<li><a href=\"https:\/\/sinoextrud.com\/product\/t-section-aluminium-extrusion\/\" target=\"_blank\">T Section Aluminium Extrusion<\/a><\/li>\r\n<li><a href=\"https:\/\/sinoextrud.com\/product\/aluminium-extrusion-6061-6082-7075-aluminum-alloy-profiles\/\" target=\"_blank\">Aluminium Extrusion 6061 6082 7075 Aluminum Alloy Profiles<\/a><\/li>\r\n<li><a href=\"https:\/\/sinoextrud.com\/product\/extruded-aluminium-skirting-aluminium-skirting-board\/\" target=\"_blank\">Extruded Aluminium Skirting Aluminium Skirting Board<\/a><\/li>"},"feature_list":[]},"_links":{"self":[{"href":"https:\/\/sinoextrud.com\/de\/wp-json\/wp\/v2\/product\/8174","targetHints":{"allow":["GET"]}}],"collection":[{"href":"https:\/\/sinoextrud.com\/de\/wp-json\/wp\/v2\/product"}],"about":[{"href":"https:\/\/sinoextrud.com\/de\/wp-json\/wp\/v2\/types\/product"}],"wp:featuredmedia":[{"embeddable":true,"href":"https:\/\/sinoextrud.com\/de\/wp-json\/wp\/v2\/media\/8173"}],"wp:attachment":[{"href":"https:\/\/sinoextrud.com\/de\/wp-json\/wp\/v2\/media?parent=8174"}],"wp:term":[{"taxonomy":"category","embeddable":true,"href":"https:\/\/sinoextrud.com\/de\/wp-json\/wp\/v2\/categories?post=8174"}],"curies":[{"name":"wp","href":"https:\/\/api.w.org\/{rel}","templated":true}]}}