{"id":8166,"date":"2025-06-13T06:57:17","date_gmt":"2025-06-13T06:57:17","guid":{"rendered":"https:\/\/sinoextrud.com\/product\/aluminum-t-slot-rail-profile\/"},"modified":"2025-06-24T06:23:15","modified_gmt":"2025-06-24T06:23:15","slug":"aluminium-t-nut-schienenprofil","status":"publish","type":"product","link":"https:\/\/sinoextrud.com\/de\/product\/aluminum-t-slot-rail-profile\/","title":{"rendered":"Aluminium T-Nut-Schienenprofil"},"content":{"rendered":"<h2>Produkte Details<\/h2>\n<table class=\"custom-table\">\n<tr>\n<td class=\"label\">Material<\/td>\n<td>Aluminium T Slot Rail Profil Aluminium 6063 Legierung<\/td>\n<\/tr>\n<tr>\n<td class=\"label\">Pr\u00e4zision<\/td>\n<td>+\/- 0,13 mm<\/td>\n<\/tr>\n<tr>\n<td class=\"label\">Herstellungsverfahren<\/td>\n<td>Extrusion<\/td>\n<\/tr>\n<tr>\n<td class=\"label\">Produktionsmittel<\/td>\n<td>Strangpresswerkstatt: Strangpressmaschine, Sandkernmaschine, W\u00e4rmebehandlungsofen, Strahlanlage<br \/>\nWerkstatt f\u00fcr mechanische Bearbeitung: CNC, NC-Drehmaschine<\/td>\n<\/tr>\n<tr>\n<td class=\"label\">Oberfl\u00e4chenbehandlung<\/td>\n<td>eloxiert, sandgestrahlt, geb\u00fcrstet, poliert, pulverbeschichtet, usw.<\/td>\n<\/tr>\n<tr>\n<td class=\"label\">Pr\u00fcfger\u00e4te<\/td>\n<td>H\u00e4rtepr\u00fcfger\u00e4t, CMM, Rauheitsmessger\u00e4t und Fremdlabor f\u00fcr andere Eigenschaften.<\/td>\n<\/tr>\n<tr>\n<td class=\"label\">Verkaufsstelle<\/td>\n<td>OEM-Service<br \/>\nEisenhaltiges, nicht eisenhaltiges Material<br \/>\nErscheinungsbild und strukturelle Teile<br \/>\nUnterbaugruppen-Service<\/td>\n<\/tr>\n<tr>\n<td class=\"label\">Bearbeitungskapazit\u00e4t<\/td>\n<td>CNC-Bearbeitungsteile, NC-Drehteile, Vormontageservice.<\/td>\n<\/tr>\n<tr>\n<td class=\"label\">Verf\u00fcgbarkeit von Material<\/td>\n<td>Aluminiumlegierung der Serie 6000.<\/td>\n<\/tr>\n<tr>\n<td class=\"label\">Verf\u00fcgbarkeit beenden<\/td>\n<td>Pulverbeschichtung, Polieren, B\u00fcrsten, Kugelstrahlen, Sandstrahlen, Eloxieren<\/td>\n<\/tr>\n<tr>\n<td class=\"label\">IPQC<\/td>\n<td>IPQC w\u00e4hrend des gesamten Bearbeitungsprozesses, Stichprobenkontrolle f\u00fcr den Materialeingang, Stichprobenkontrolle f\u00fcr den Bearbeitungsprozess und Endkontrolle auf Basis von AQL<\/td>\n<\/tr>\n<\/table>\n<h2>Unsere Produktionsbasis<\/h2>\n<h3>Fabrik-Panorama<\/h3>\n<p><img decoding=\"async\" src=\"\/wp-content\/uploads\/factory-01.webp\"\/><\/p>\n<h3>Werkstatt zur Herstellung von Aluminiumstangen<\/h3>\n<p><img decoding=\"async\" src=\"\/wp-content\/uploads\/factory-02.webp\"\/><\/p>\n<p><img decoding=\"async\" src=\"\/wp-content\/uploads\/factory-03.webp\"\/><\/p>\n<h3>Lagerhaus f\u00fcr Formen<\/h3>\n<p><img decoding=\"async\" src=\"\/wp-content\/uploads\/factory-04.webp\"\/><\/p>\n<h3>43 Aluminium-Strangpressanlagen (500\u00e2\u20ac\"5500 Tonnen)<\/h3>\n<p><img decoding=\"async\" src=\"\/wp-content\/uploads\/factory-05.webp\"\/><\/p>\n<p><img decoding=\"async\" src=\"\/wp-content\/uploads\/factory-06.webp\"\/><\/p>\n<p><img decoding=\"async\" src=\"\/wp-content\/uploads\/factory-07.webp\"\/><\/p>\n<h3>Werkstatt f\u00fcr Pulverbeschichtung<\/h3>\n<p><img decoding=\"async\" src=\"\/wp-content\/uploads\/factory-09.webp\"\/><\/p>\n<h3>Eloxal-Werkstatt<\/h3>\n<p><img decoding=\"async\" src=\"\/wp-content\/uploads\/factory-10.webp\"\/><\/p>\n<h3>Workshop zur Tiefenverarbeitung<\/h3>\n<p><img decoding=\"async\" src=\"\/wp-content\/uploads\/factory-11.webp\"\/><\/p>\n<h3>CNC-Pr\u00e4zisionsbearbeitungswerkstatt<\/h3>\n<p><img decoding=\"async\" src=\"\/wp-content\/uploads\/factory-11.5.webp\"\/><\/p>\n<h3>Lager f\u00fcr Fertigprodukte und Export<\/h3>\n<p><img decoding=\"async\" src=\"\/wp-content\/uploads\/factory-12.webp\"\/><\/p>\n<p><img decoding=\"async\" src=\"\/wp-content\/uploads\/factory-13.webp\"\/><\/p>\n<p><img decoding=\"async\" src=\"\/wp-content\/uploads\/factory-14.webp\"\/><\/p>\n<h2>FAQ<\/h2>\n<p><p><b>1. was macht Aluminium T Slot Rail Profil geeignet f\u00fcr den Bau von kundenspezifischen Rahmen und Strukturen? <\/b><\/p>\n<p> T-Nut-Schienenprofile aus Aluminium sind stabil, korrosionsbest\u00e4ndig und einfach zu montieren. Sie eignen sich daher perfekt f\u00fcr den Bau von ma\u00dfgeschneiderten Rahmen und St\u00fctzkonstruktionen.<br \/>\n<\/p><br \/>\n<br \/>\n<p><b>2. kann Aluminium T Slot Rail Profil angepasst werden? <\/b><\/p>\n<p> Ja, das T-Nut-Schienenprofil kann in Bezug auf L\u00e4nge, Form und Design an die jeweiligen Projektanforderungen angepasst werden.<br \/>\n<\/p><br \/>\n<br \/>\n<p><b>3. wie haltbar ist Aluminium T Slot Rail Profil? <\/b><\/p>\n<p> Das T-Nut-Schienenprofil ist aufgrund seiner korrosionsbest\u00e4ndigen Eigenschaften sehr langlebig und gew\u00e4hrleistet eine dauerhafte Leistung in verschiedenen industriellen Umgebungen.<br \/>\n<\/p><br \/>\n<br \/>\n<p><b>4. welche Branchen profitieren von der Verwendung von Aluminium T Slot Rail Profil? <\/b><\/p>\n<p> Branchen wie Automatisierung, Robotik, Materialtransport und Bauwesen profitieren von diesen Profilen f\u00fcr den Bau von Rahmen, Systemen und St\u00fctzen.<br \/>\n<\/p><br \/>\n<br \/>\n<p><b>5. ist Aluminium T Slot Rail Profil einfach zu installieren und zu \u00e4ndern? <\/b><\/p>\n<p> Ja, der modulare Aufbau erm\u00f6glicht eine schnelle Installation und einfache Modifizierung, wodurch die Einrichtungszeit verk\u00fcrzt und die Flexibilit\u00e4t f\u00fcr zuk\u00fcnftige \u00c4nderungen verbessert wird.<br \/>\n<\/p><br \/>\n<br \/>\n<p><b>6. wie verbessert das Aluminium-T-Nut-Schienenprofil die Projekteffizienz? <\/b><\/p>\n<p> Das anpassbare und einfach zu montierende Design erm\u00f6glicht eine schnellere Projektabwicklung, reduziert die Arbeitskosten und erh\u00f6ht die Effizienz bei der Installation.<br \/>\n<\/p><br \/>\n<br \/>\n<p><b>7. ist Aluminium T Slot Rail Profil umweltfreundlich? <\/b><\/p>\n<p> Ja, Aluminium ist vollst\u00e4ndig recycelbar, was diese Profile zu einer umweltfreundlichen Wahl f\u00fcr den Bau individueller Strukturen und Maschinensysteme macht.<br \/>\n<\/p><br \/><\/p>","protected":false},"featured_media":8165,"template":"","categories":[54],"class_list":["post-8166","product","type-product","status-publish","has-post-thumbnail","hentry","category-industrial-aluminum-profiles"],"meta_box":{"hilight_text_group":{"product_hilight_text":"<li>Versatile aluminum T-slot rail profile for building custom frames, structures, and machinery supports<\/li>\r\r\n<li>Corrosion-resistant, ensuring long-term durability and performance in harsh environments<\/li>\r\r\n<li>Customizable lengths and profiles to meet specific project requirements and applications<\/li>\r\r\n<li>Easy to assemble and modify, offering high flexibility for quick adjustments and upgrades<\/li>\r\r\n<li>Lightweight yet strong, providing excellent stability without adding unnecessary weight<\/li>\r\r\n<li>Ideal for use in automation, robotics, and material handling systems<\/li>\r\r\n<li>Environmentally friendly, as aluminum is fully recyclable<\/li>","product_chanpin_blog":"<ul>\r\r\n<li><a href=\"https:\/\/sinoextrud.com\/t-slot-v-slot-differences\/\" target=\"_blank\">t slot vs v slot<\/a><\/li>\r\r\n<li><a href=\"https:\/\/sinoextrud.com\/what-is-4040-aluminium-extrud\/\" target=\"_blank\">4040 aluminium extrusion<\/a><\/li>\r\r\n<li><a href=\"https:\/\/sinoextrud.com\/what-is-4040-aluminium-extrud\/\" target=\"_blank\">aluminum extrusions for industrial racks<\/a><\/li>\r\r\n<li><a href=\"https:\/\/sinoextrud.com\/powder-coating-aluminium-process\/\" target=\"_blank\">powder coating aluminium<\/a><\/li>\r\r\n<li><a href=\"https:\/\/sinoextrud.com\/what-is-an-aluminium-strip-ceiling\/\" target=\"_blank\">aluminium strip ceiling<\/a><\/li>\r\r\n<li><a href=\"https:\/\/sinoextrud.com\/what-is-a-heat-sink\/\" target=\"_blank\">what is a heat sink<\/a><\/li>\r\r\n<\/ul>","product_chanpin_chanpin":"<li><a href=\"https:\/\/sinoextrud.com\/product\/aluminum-profile-with-t-slot-flat\/\" target=\"_blank\">Aluminum Profile With T Slot Flat<\/a><\/li>\r\n<li><a href=\"https:\/\/sinoextrud.com\/product\/aluminum-t-extrusion\/\" target=\"_blank\">Aluminum T Extrusion<\/a><\/li>\r\n<li><a href=\"https:\/\/sinoextrud.com\/product\/aluminum-t-section-extrusions\/\" target=\"_blank\">Aluminum T Section Extrusions<\/a><\/li>\r\n<li><a href=\"https:\/\/sinoextrud.com\/product\/aluminum-t-slot-profile\/\" target=\"_blank\">Aluminum T Slot Profile<\/a><\/li>\r\n<li><a href=\"https:\/\/sinoextrud.com\/product\/aluminum-t-slot-rail-profile\/\" target=\"_blank\">Aluminum T Slot Rail Profile<\/a><\/li>\r\n<li><a href=\"https:\/\/sinoextrud.com\/product\/aluminum-t-slot-table\/\" target=\"_blank\">Aluminum T Slot Table<\/a><\/li>\r\n<li><a href=\"https:\/\/sinoextrud.com\/product\/brushed-aluminium-profile\/\" target=\"_blank\">Brushed Aluminium Profile<\/a><\/li>\r\n<li><a href=\"https:\/\/sinoextrud.com\/product\/cnc-machining-aluminum-heat-sink\/\" target=\"_blank\">CNC Machining Aluminum Heat Sink<\/a><\/li>\r\n<li><a href=\"https:\/\/sinoextrud.com\/product\/comb-shape-aluminium-heat-sink\/\" target=\"_blank\">Comb Shape Aluminium Heat Sink<\/a><\/li>\r\n<li><a href=\"https:\/\/sinoextrud.com\/product\/aluminum-tube-profile-processing-with-6060-material\/\" target=\"_blank\">Aluminum Tube Profile Processing with 6060 material<\/a><\/li>\r\n<li><a href=\"https:\/\/sinoextrud.com\/product\/aluminum-price-per-ton\/\" target=\"_blank\">Aluminum Price Per Ton<\/a><\/li>"},"feature_list":[]},"_links":{"self":[{"href":"https:\/\/sinoextrud.com\/de\/wp-json\/wp\/v2\/product\/8166","targetHints":{"allow":["GET"]}}],"collection":[{"href":"https:\/\/sinoextrud.com\/de\/wp-json\/wp\/v2\/product"}],"about":[{"href":"https:\/\/sinoextrud.com\/de\/wp-json\/wp\/v2\/types\/product"}],"wp:featuredmedia":[{"embeddable":true,"href":"https:\/\/sinoextrud.com\/de\/wp-json\/wp\/v2\/media\/8165"}],"wp:attachment":[{"href":"https:\/\/sinoextrud.com\/de\/wp-json\/wp\/v2\/media?parent=8166"}],"wp:term":[{"taxonomy":"category","embeddable":true,"href":"https:\/\/sinoextrud.com\/de\/wp-json\/wp\/v2\/categories?post=8166"}],"curies":[{"name":"wp","href":"https:\/\/api.w.org\/{rel}","templated":true}]}}