{"id":8160,"date":"2025-06-13T06:52:45","date_gmt":"2025-06-13T06:52:45","guid":{"rendered":"https:\/\/sinoextrud.com\/product\/aluminum-t-extrusion\/"},"modified":"2025-06-24T06:23:14","modified_gmt":"2025-06-24T06:23:14","slug":"aluminium-t-strangpressen-3","status":"publish","type":"product","link":"https:\/\/sinoextrud.com\/de\/product\/aluminum-t-extrusion\/","title":{"rendered":"Aluminium T-Strangpressen"},"content":{"rendered":"<h2>Produkte Details<\/h2>\n<table class=\"custom-table\">\n<tbody>\n<tr>\n<td> Modell :<\/td>\n<td> Aluminium T-Strangpressen<\/td>\n<\/tr>\n<tr>\n<td> Art:<\/td>\n<td> Isolierfolie<\/td>\n<\/tr>\n<tr>\n<td> Material:<\/td>\n<td> Legierung 6063<\/td>\n<\/tr>\n<tr>\n<td> Zertifizierung:<\/td>\n<td> ISO9001<\/td>\n<\/tr>\n<tr>\n<td> Marke:<\/td>\n<td> Sinoextrud<\/td>\n<\/tr>\n<tr>\n<td> Die Dicke:<\/td>\n<td> 1,0\/1,2\/1,4\/2,0 mm<\/td>\n<\/tr>\n<tr>\n<td> Herkunft:<\/td>\n<td> Foshan, Guangdong<\/td>\n<\/tr>\n<tr>\n<td> Anwendung:<\/td>\n<td> Produktionslinie, Werkbank am Flie\u00dfband, B\u00fcrotrennwand, Bildschirm, Industriezaun, verschiedene Rahmen, Ausstellungsregale, Regale, mechanische Staubdichtungen usw.<\/td>\n<\/tr>\n<tr>\n<td> Chemie:<\/td>\n<td> Hybride Isolierung<\/td>\n<\/tr>\n<tr>\n<td> Thermische Bewertung:<\/td>\n<td> H 80<\/td>\n<\/tr>\n<tr>\n<td> Einstufung:<\/td>\n<td> Hybride D\u00e4mmstoffe<\/td>\n<\/tr>\n<tr>\n<td> Farbe:<\/td>\n<td> Eloxiertes Splitterband<\/td>\n<\/tr>\n<tr>\n<td> Breite:<\/td>\n<td> 40mm<\/td>\n<\/tr>\n<tr>\n<td> L\u00e4nge:<\/td>\n<td> 30 Meter\/Rolle<\/td>\n<\/tr>\n<tr>\n<td> HS-Code:<\/td>\n<td> 76042100<\/td>\n<\/tr>\n<\/tbody>\n<\/table>\n<h2>Unsere Produktionsbasis<\/h2>\n<h3>Fabrik-Panorama<\/h3>\n<p><img decoding=\"async\" src=\"\/wp-content\/uploads\/factory-01.webp\"\/><\/p>\n<h3>Werkstatt zur Herstellung von Aluminiumstangen<\/h3>\n<p><img decoding=\"async\" src=\"\/wp-content\/uploads\/factory-02.webp\"\/><\/p>\n<p><img decoding=\"async\" src=\"\/wp-content\/uploads\/factory-03.webp\"\/><\/p>\n<h3>Lagerhaus f\u00fcr Formen<\/h3>\n<p><img decoding=\"async\" src=\"\/wp-content\/uploads\/factory-04.webp\"\/><\/p>\n<h3>43 Aluminium-Strangpressanlagen (500\u00e2\u20ac\"5500 Tonnen)<\/h3>\n<p><img decoding=\"async\" src=\"\/wp-content\/uploads\/factory-05.webp\"\/><\/p>\n<p><img decoding=\"async\" src=\"\/wp-content\/uploads\/factory-06.webp\"\/><\/p>\n<p><img decoding=\"async\" src=\"\/wp-content\/uploads\/factory-07.webp\"\/><\/p>\n<h3>Werkstatt f\u00fcr Pulverbeschichtung<\/h3>\n<p><img decoding=\"async\" src=\"\/wp-content\/uploads\/factory-09.webp\"\/><\/p>\n<h3>Eloxal-Werkstatt<\/h3>\n<p><img decoding=\"async\" src=\"\/wp-content\/uploads\/factory-10.webp\"\/><\/p>\n<h3>Workshop zur Tiefenverarbeitung<\/h3>\n<p><img decoding=\"async\" src=\"\/wp-content\/uploads\/factory-11.webp\"\/><\/p>\n<h3>CNC-Pr\u00e4zisionsbearbeitungswerkstatt<\/h3>\n<p><img decoding=\"async\" src=\"\/wp-content\/uploads\/factory-11.5.webp\"\/><\/p>\n<h3>Lager f\u00fcr Fertigprodukte und Export<\/h3>\n<p><img decoding=\"async\" src=\"\/wp-content\/uploads\/factory-12.webp\"\/><\/p>\n<p><img decoding=\"async\" src=\"\/wp-content\/uploads\/factory-13.webp\"\/><\/p>\n<p><img decoding=\"async\" src=\"\/wp-content\/uploads\/factory-14.webp\"\/><\/p>\n<h2>FAQ<\/h2>\n<p><p><b>1. was macht Aluminium T-Strangpressprofile ideal f\u00fcr Rahmen und strukturelle Unterst\u00fctzung? <\/b><\/p>\n<p> T-Strangpressprofile aus Aluminium sind stabil, langlebig und korrosionsbest\u00e4ndig und eignen sich daher perfekt f\u00fcr den Einsatz in Geb\u00e4uderahmen, St\u00fctzen und anderen strukturellen Anwendungen.<br \/>\n<\/p><br \/>\n<br \/>\n<p><b>2. kann Aluminium T-Extrusion angepasst werden? <\/b><\/p>\n<p> Ja, T-Strangpressprofile aus Aluminium k\u00f6nnen in Gr\u00f6\u00dfe, Form und Design individuell angepasst werden, um den spezifischen Anforderungen verschiedener Projekte und Anwendungen gerecht zu werden.<br \/>\n<\/p><br \/>\n<br \/>\n<p><b>3. wie haltbar ist Aluminium T-Extrusion? <\/b><\/p>\n<p> T-Strangpressprofile aus Aluminium sind \u00e4u\u00dferst langlebig und verf\u00fcgen \u00fcber korrosionsbest\u00e4ndige Eigenschaften, die eine dauerhafte Leistung in verschiedenen Umgebungen, selbst unter rauen Bedingungen, gew\u00e4hrleisten.<br \/>\n<\/p><br \/>\n<br \/>\n<p><b>4. welche Branchen profitieren von der Verwendung von Aluminium T-Strangpressprofilen? <\/b><\/p>\n<p> T-Strangpressprofile aus Aluminium werden in Branchen wie dem Baugewerbe, der Automatisierungstechnik, der Robotik und der Materialhandhabung f\u00fcr den Bau von Rahmen, St\u00fctzen und Sonderkonstruktionen eingesetzt.<br \/>\n<\/p><br \/>\n<br \/>\n<p><b>5. ist Aluminium T Extrusion einfach zu montieren und zu \u00e4ndern? <\/b><\/p>\n<p> Ja, der modulare Aufbau von Aluminium-T-Profilen erm\u00f6glicht eine einfache Montage und Modifizierung, wodurch die Aufbauzeit verk\u00fcrzt und die Projektflexibilit\u00e4t erh\u00f6ht wird.<br \/>\n<\/p><br \/>\n<br \/>\n<p><b>6. wie verbessert die Aluminium-T-Extrusion die Systemleistung? <\/b><\/p>\n<p> Sein leichtes und dennoch starkes Design sorgt f\u00fcr einen stabilen Halt bei gleichzeitiger Flexibilit\u00e4t f\u00fcr zuk\u00fcnftige \u00c4nderungen und verbessert die Gesamtleistung und Effizienz der Systeme.<br \/>\n<\/p><br \/>\n<br \/>\n<p><b>7. ist die Aluminium-T-Extrusion umweltfreundlich? <\/b><\/p>\n<p> Ja, Aluminium ist vollst\u00e4ndig recycelbar, was diese Strangpressprofile zu einer umweltfreundlichen Wahl f\u00fcr nachhaltige Struktur- und Rahmenl\u00f6sungen macht.<br \/>\n<\/p><br \/><\/p>","protected":false},"featured_media":8159,"template":"","categories":[54],"class_list":["post-8160","product","type-product","status-publish","has-post-thumbnail","hentry","category-industrial-aluminum-profiles"],"meta_box":{"hilight_text_group":{"product_hilight_text":"<li>High-strength aluminum T extrusion for versatile applications in framing and structural support<\/li>\r\r\n<li>Corrosion-resistant, ensuring long-lasting durability in various environmental conditions<\/li>\r\r\n<li>Customizable sizes and designs to meet specific project requirements and specifications<\/li>\r\r\n<li>Lightweight yet strong, providing excellent stability and support without unnecessary weight<\/li>\r\r\n<li>Easy to assemble and modify, offering flexibility for different industrial and commercial uses<\/li>\r\r\n<li>Cost-effective solution for building frames, supports, and mounting systems<\/li>\r\r\n<li>Eco-friendly, made from fully recyclable aluminum material<\/li>","product_chanpin_blog":"<ul>\r\r\n<li><a href=\"https:\/\/sinoextrud.com\/t-slot-v-slot-differences\/\" target=\"_blank\">t slot vs v slot<\/a><\/li>\r\r\n<li><a href=\"https:\/\/sinoextrud.com\/what-is-4040-aluminium-extrud\/\" target=\"_blank\">4040 aluminium extrusion<\/a><\/li>\r\r\n<li><a href=\"https:\/\/sinoextrud.com\/what-is-4040-aluminium-extrud\/\" target=\"_blank\">aluminum extrusions for industrial racks<\/a><\/li>\r\r\n<li><a href=\"https:\/\/sinoextrud.com\/powder-coating-aluminium-process\/\" target=\"_blank\">powder coating aluminium<\/a><\/li>\r\r\n<li><a href=\"https:\/\/sinoextrud.com\/what-is-an-aluminium-strip-ceiling\/\" target=\"_blank\">aluminium strip ceiling<\/a><\/li>\r\r\n<li><a href=\"https:\/\/sinoextrud.com\/what-is-a-heat-sink\/\" target=\"_blank\">what is a heat sink<\/a><\/li>\r\r\n<\/ul>","product_chanpin_chanpin":"<li><a href=\"https:\/\/sinoextrud.com\/product\/aluminum-heatsink-extrusion-profile\/\" target=\"_blank\">Aluminum Heatsink Extrusion Profile<\/a><\/li>\r\n<li><a href=\"https:\/\/sinoextrud.com\/product\/aluminum-light-box-extrusion\/\" target=\"_blank\">Aluminum Light Box Extrusion<\/a><\/li>\r\n<li><a href=\"https:\/\/sinoextrud.com\/product\/aluminum-profile-solar-panel-wide-width\/\" target=\"_blank\">Aluminum Profile Solar Panel Wide Width<\/a><\/li>\r\n<li><a href=\"https:\/\/sinoextrud.com\/product\/aluminum-profile-with-t-slot-flat\/\" target=\"_blank\">Aluminum Profile With T Slot Flat<\/a><\/li>\r\n<li><a href=\"https:\/\/sinoextrud.com\/product\/aluminum-t-extrusion\/\" target=\"_blank\">Aluminum T Extrusion<\/a><\/li>\r\n<li><a href=\"https:\/\/sinoextrud.com\/product\/aluminum-t-section-extrusions\/\" target=\"_blank\">Aluminum T Section Extrusions<\/a><\/li>\r\n<li><a href=\"https:\/\/sinoextrud.com\/product\/aluminum-t-slot-profile\/\" target=\"_blank\">Aluminum T Slot Profile<\/a><\/li>\r\n<li><a href=\"https:\/\/sinoextrud.com\/product\/aluminum-t-slot-rail-profile\/\" target=\"_blank\">Aluminum T Slot Rail Profile<\/a><\/li>\r\n<li><a href=\"https:\/\/sinoextrud.com\/product\/aluminum-t-slot-table\/\" target=\"_blank\">Aluminum T Slot Table<\/a><\/li>\r\n<li><a href=\"https:\/\/sinoextrud.com\/product\/anodized-extruded-c-section-aluminium-profile\/\" target=\"_blank\">Anodized Extruded C Section Aluminium Profile<\/a><\/li>\r\n<li><a href=\"https:\/\/sinoextrud.com\/product\/commercial-glass-aluminium-railing-systems\/\" target=\"_blank\">Commercial Glass Aluminium Railing Systems<\/a><\/li>"},"feature_list":[]},"_links":{"self":[{"href":"https:\/\/sinoextrud.com\/de\/wp-json\/wp\/v2\/product\/8160","targetHints":{"allow":["GET"]}}],"collection":[{"href":"https:\/\/sinoextrud.com\/de\/wp-json\/wp\/v2\/product"}],"about":[{"href":"https:\/\/sinoextrud.com\/de\/wp-json\/wp\/v2\/types\/product"}],"wp:featuredmedia":[{"embeddable":true,"href":"https:\/\/sinoextrud.com\/de\/wp-json\/wp\/v2\/media\/8159"}],"wp:attachment":[{"href":"https:\/\/sinoextrud.com\/de\/wp-json\/wp\/v2\/media?parent=8160"}],"wp:term":[{"taxonomy":"category","embeddable":true,"href":"https:\/\/sinoextrud.com\/de\/wp-json\/wp\/v2\/categories?post=8160"}],"curies":[{"name":"wp","href":"https:\/\/api.w.org\/{rel}","templated":true}]}}