{"id":8148,"date":"2025-06-13T02:46:47","date_gmt":"2025-06-13T02:46:47","guid":{"rendered":"https:\/\/sinoextrud.com\/product\/aluminum-extrusion-plate\/"},"modified":"2025-06-24T06:23:11","modified_gmt":"2025-06-24T06:23:11","slug":"aluminium-strangpressplatte","status":"publish","type":"product","link":"https:\/\/sinoextrud.com\/de\/product\/aluminum-extrusion-plate\/","title":{"rendered":"Aluminium-Strangpressplatte"},"content":{"rendered":"<h2>Produkte Details<\/h2>\n<table class=\"custom-table\">\n<tbody>\n<tr>\n<td> Produktname<\/td>\n<td> Aluminium-Strangpressplatte<\/td>\n<\/tr>\n<tr>\n<td> Material Klasse<\/td>\n<td> Serie 6000<\/td>\n<\/tr>\n<tr>\n<td> Form<\/td>\n<td> Quadratisch, rund, rechteckig und andere kundenspezifische Formen<\/td>\n<\/tr>\n<tr>\n<td> Dicke<\/td>\n<td> 0,7mm-10mm oder eine andere vernachl\u00e4ssigbare Dicke<\/td>\n<\/tr>\n<tr>\n<td> Farbe<\/td>\n<td> Aluminium M\u00fchle fertig, Silber, wei\u00df, schwarz, Holzmaserung etc.<\/td>\n<\/tr>\n<tr>\n<td> Typische Anwendungen<\/td>\n<td> Architektur, Industrie usw.<\/td>\n<\/tr>\n<tr>\n<td> Marke<\/td>\n<td> Sinoextrud,Sinoextrud, oder OEM-Marke<\/td>\n<\/tr>\n<tr>\n<td> CNC-Verfahren<\/td>\n<td> CNC-Fr\u00e4sen, Bohren, Stanzen, Bohren, Gewindeschneiden, Biegen<\/td>\n<\/tr>\n<tr>\n<td> Oberfl\u00e4chenbehandlung<\/td>\n<td> Gefr\u00e4st, Holzmaserung, eloxiert, Pulverbeschichtung, Elektrophorese, PVDF-Beschichtung, geb\u00fcrstet usw.<\/td>\n<\/tr>\n<tr>\n<td> B\u00fcrgschaft<\/td>\n<td> ISO9001, ISO4001, CQM, SGS, CE, BV usw.<\/td>\n<\/tr>\n<tr>\n<td> Herkunftsort<\/td>\n<td> Guangdong, China<\/td>\n<\/tr>\n<\/tbody>\n<\/table>\n<h2>Unsere Produktionsbasis<\/h2>\n<h3>Fabrik-Panorama<\/h3>\n<p><img decoding=\"async\" src=\"\/wp-content\/uploads\/factory-01.webp\"\/><\/p>\n<h3>Werkstatt zur Herstellung von Aluminiumstangen<\/h3>\n<p><img decoding=\"async\" src=\"\/wp-content\/uploads\/factory-02.webp\"\/><\/p>\n<p><img decoding=\"async\" src=\"\/wp-content\/uploads\/factory-03.webp\"\/><\/p>\n<h3>Lagerhaus f\u00fcr Formen<\/h3>\n<p><img decoding=\"async\" src=\"\/wp-content\/uploads\/factory-04.webp\"\/><\/p>\n<h3>43 Aluminium-Strangpressanlagen (500\u00e2\u20ac\"5500 Tonnen)<\/h3>\n<p><img decoding=\"async\" src=\"\/wp-content\/uploads\/factory-05.webp\"\/><\/p>\n<p><img decoding=\"async\" src=\"\/wp-content\/uploads\/factory-06.webp\"\/><\/p>\n<p><img decoding=\"async\" src=\"\/wp-content\/uploads\/factory-07.webp\"\/><\/p>\n<h3>Werkstatt f\u00fcr Pulverbeschichtung<\/h3>\n<p><img decoding=\"async\" src=\"\/wp-content\/uploads\/factory-09.webp\"\/><\/p>\n<h3>Eloxal-Werkstatt<\/h3>\n<p><img decoding=\"async\" src=\"\/wp-content\/uploads\/factory-10.webp\"\/><\/p>\n<h3>Workshop zur Tiefenverarbeitung<\/h3>\n<p><img decoding=\"async\" src=\"\/wp-content\/uploads\/factory-11.webp\"\/><\/p>\n<h3>CNC-Pr\u00e4zisionsbearbeitungswerkstatt<\/h3>\n<p><img decoding=\"async\" src=\"\/wp-content\/uploads\/factory-11.5.webp\"\/><\/p>\n<h3>Lager f\u00fcr Fertigprodukte und Export<\/h3>\n<p><img decoding=\"async\" src=\"\/wp-content\/uploads\/factory-12.webp\"\/><\/p>\n<p><img decoding=\"async\" src=\"\/wp-content\/uploads\/factory-13.webp\"\/><\/p>\n<p><img decoding=\"async\" src=\"\/wp-content\/uploads\/factory-14.webp\"\/><\/p>\n<h2>FAQ<\/h2>\n<p><p><b>1. was macht Aluminium-Strangpressplatten f\u00fcr industrielle Anwendungen geeignet? <\/b><\/p>\n<p> Aluminium-Strangpressplatten sind langlebig, leicht und korrosionsbest\u00e4ndig und eignen sich daher perfekt f\u00fcr eine Vielzahl von Industrie- und Fertigungsanforderungen.<br \/>\n<\/p><br \/>\n<br \/>\n<p><b>2. kann Aluminium Extrusion Platte angepasst werden? <\/b><\/p>\n<p> Ja, diese Platten k\u00f6nnen in Bezug auf Gr\u00f6\u00dfe, Dicke und Form individuell angepasst werden, um den spezifischen Anforderungen f\u00fcr verschiedene Projekte gerecht zu werden.<br \/>\n<\/p><br \/>\n<br \/>\n<p><b>3. wie haltbar ist Aluminium Extrusion Platte? <\/b><\/p>\n<p> Aufgrund seiner korrosionsbest\u00e4ndigen Eigenschaften ist es \u00e4u\u00dferst langlebig und gew\u00e4hrleistet selbst in anspruchsvollen Umgebungen langfristige Leistung und Schutz.<br \/>\n<\/p><br \/>\n<br \/>\n<p><b>4. welche Branchen profitieren von Aluminium-Strangpressplatten? <\/b><\/p>\n<p> Aluminium-Strangpressplatten werden in der Luft- und Raumfahrt, in der Automobilindustrie, im Baugewerbe und in der verarbeitenden Industrie f\u00fcr Struktur- und Ausr\u00fcstungszwecke eingesetzt.<br \/>\n<\/p><br \/>\n<br \/>\n<p><b>5. sind Aluminium-Strangpressplatten leicht zu bearbeiten und herzustellen? <\/b><\/p>\n<p> Ja, es l\u00e4sst sich leicht bearbeiten, zuschneiden und verarbeiten, was es ideal f\u00fcr eine pr\u00e4zise und flexible Fertigung in verschiedenen Projekten macht.<br \/>\n<\/p><br \/>\n<br \/>\n<p><b>6. wie verbessert Aluminium-Strangpressplatten das W\u00e4rmemanagement? <\/b><\/p>\n<p> Seine hervorragende W\u00e4rmeleitf\u00e4higkeit tr\u00e4gt zur W\u00e4rmeableitung bei, so dass es sich f\u00fcr w\u00e4rmeempfindliche Anwendungen wie Elektronik und Maschinen eignet.<br \/>\n<\/p><br \/>\n<br \/>\n<p><b>7. ist Aluminium Extrusion Platte umweltfreundlich? <\/b><\/p>\n<p> Ja, Aluminium ist 100% recycelbar und macht die Strangpressplatte zu einer umweltfreundlichen Wahl f\u00fcr industrielle Anwendungen.<br \/>\n<\/p><br \/><\/p>","protected":false},"featured_media":8147,"template":"","categories":[54],"class_list":["post-8148","product","type-product","status-publish","has-post-thumbnail","hentry","category-industrial-aluminum-profiles"],"meta_box":{"hilight_text_group":{"product_hilight_text":"<li>High-strength aluminum extrusion plate for various industrial and manufacturing applications<\/li>\r\r\n<li>Corrosion-resistant, providing long-lasting durability in harsh environments<\/li>\r\r\n<li>Customizable thicknesses and sizes to meet specific project needs<\/li>\r\r\n<li>Excellent machinability, ideal for precise fabrication and easy to modify<\/li>\r\r\n<li>Lightweight yet robust, offering strength without adding unnecessary weight<\/li>\r\r\n<li>Efficient thermal conductivity, improving heat management in equipment<\/li>\r\r\n<li>Environmentally friendly, as aluminum is a fully recyclable material<\/li>","product_chanpin_blog":"<ul>\r\r\n<li><a href=\"https:\/\/sinoextrud.com\/t-slot-v-slot-differences\/\" target=\"_blank\">t slot vs v slot<\/a><\/li>\r\r\n<li><a href=\"https:\/\/sinoextrud.com\/what-is-4040-aluminium-extrud\/\" target=\"_blank\">4040 aluminium extrusion<\/a><\/li>\r\r\n<li><a href=\"https:\/\/sinoextrud.com\/what-is-4040-aluminium-extrud\/\" target=\"_blank\">aluminum extrusions for industrial racks<\/a><\/li>\r\r\n<li><a href=\"https:\/\/sinoextrud.com\/powder-coating-aluminium-process\/\" target=\"_blank\">powder coating aluminium<\/a><\/li>\r\r\n<li><a href=\"https:\/\/sinoextrud.com\/what-is-an-aluminium-strip-ceiling\/\" target=\"_blank\">aluminium strip ceiling<\/a><\/li>\r\r\n<li><a href=\"https:\/\/sinoextrud.com\/what-is-a-heat-sink\/\" target=\"_blank\">what is a heat sink<\/a><\/li>\r\r\n<\/ul>","product_chanpin_chanpin":"<li><a href=\"https:\/\/sinoextrud.com\/product\/aluminium-transport-extrusions\/\" target=\"_blank\">Aluminium Transport Extrusions<\/a><\/li>\r\n<li><a href=\"https:\/\/sinoextrud.com\/product\/aluminum-extruded-enclosure-for-power-supply\/\" target=\"_blank\">Aluminum Extruded Enclosure For Power Supply<\/a><\/li>\r\n<li><a href=\"https:\/\/sinoextrud.com\/product\/aluminum-extrusion-industry\/\" target=\"_blank\">Aluminum Extrusion Industry<\/a><\/li>\r\n<li><a href=\"https:\/\/sinoextrud.com\/product\/aluminum-extrusion-material-t-slot\/\" target=\"_blank\">Aluminum Extrusion Material T Slot<\/a><\/li>\r\n<li><a href=\"https:\/\/sinoextrud.com\/product\/aluminum-extrusion-plate\/\" target=\"_blank\">Aluminum Extrusion Plate<\/a><\/li>\r\n<li><a href=\"https:\/\/sinoextrud.com\/product\/aluminum-frame-for-solar-panel-and-light-box\/\" target=\"_blank\">Aluminum Frame For Solar Panel And Light-Box<\/a><\/li>\r\n<li><a href=\"https:\/\/sinoextrud.com\/product\/aluminum-heatsink-extrusion-profile\/\" target=\"_blank\">Aluminum Heatsink Extrusion Profile<\/a><\/li>\r\n<li><a href=\"https:\/\/sinoextrud.com\/product\/aluminum-light-box-extrusion\/\" target=\"_blank\">Aluminum Light Box Extrusion<\/a><\/li>\r\n<li><a href=\"https:\/\/sinoextrud.com\/product\/aluminum-profile-solar-panel-wide-width\/\" target=\"_blank\">Aluminum Profile Solar Panel Wide Width<\/a><\/li>\r\n<li><a href=\"https:\/\/sinoextrud.com\/product\/aluminium-sliding-door-with-french-style-bi-folding-glass-wall-door-energy-saving-heat-insulation\/\" target=\"_blank\">Aluminium Sliding Door With French Style Bi-folding Glass Wall Door Energy Saving Heat Insulation<\/a><\/li>\r\n<li><a href=\"https:\/\/sinoextrud.com\/product\/aluminium-windows-with-mosquito-net-profile-catalog-uses-best-factory-price-per-pound\/\" target=\"_blank\">aluminium windows with mosquito net profile catalog uses best Factory Price per pound<\/a><\/li>"},"feature_list":[]},"_links":{"self":[{"href":"https:\/\/sinoextrud.com\/de\/wp-json\/wp\/v2\/product\/8148","targetHints":{"allow":["GET"]}}],"collection":[{"href":"https:\/\/sinoextrud.com\/de\/wp-json\/wp\/v2\/product"}],"about":[{"href":"https:\/\/sinoextrud.com\/de\/wp-json\/wp\/v2\/types\/product"}],"wp:featuredmedia":[{"embeddable":true,"href":"https:\/\/sinoextrud.com\/de\/wp-json\/wp\/v2\/media\/8147"}],"wp:attachment":[{"href":"https:\/\/sinoextrud.com\/de\/wp-json\/wp\/v2\/media?parent=8148"}],"wp:term":[{"taxonomy":"category","embeddable":true,"href":"https:\/\/sinoextrud.com\/de\/wp-json\/wp\/v2\/categories?post=8148"}],"curies":[{"name":"wp","href":"https:\/\/api.w.org\/{rel}","templated":true}]}}