{"id":8146,"date":"2025-06-13T02:44:57","date_gmt":"2025-06-13T02:44:57","guid":{"rendered":"https:\/\/sinoextrud.com\/product\/aluminum-extrusion-material-t-slot\/"},"modified":"2025-06-24T06:23:11","modified_gmt":"2025-06-24T06:23:11","slug":"aluminium-extrusionsmaterial-t-nut","status":"publish","type":"product","link":"https:\/\/sinoextrud.com\/de\/product\/aluminum-extrusion-material-t-slot\/","title":{"rendered":"Aluminium Strangpressmaterial T-Nut"},"content":{"rendered":"<h2>Produkte Details<\/h2>\n<table class=\"custom-table\">\n<tbody>\n<tr>\n<td> Artikel<\/td>\n<td> Aluminium-Extrusionsmaterial, Aluminium-Extrusionsmaterial T-Nut<\/td>\n<\/tr>\n<tr>\n<td> Kategorie<\/td>\n<td> Abschnitt Aluminium<\/td>\n<\/tr>\n<tr>\n<td> Material<\/td>\n<td> Aluminiumlegierung (6063, 6061, 6463, 6082)<\/td>\n<\/tr>\n<tr>\n<td> Temperament<\/td>\n<td> T5,T8<\/td>\n<\/tr>\n<tr>\n<td> L\u00e4nge<\/td>\n<td> 1-9m oder andere ist verf\u00fcgbar<\/td>\n<\/tr>\n<tr>\n<td> Gr\u00f6\u00dfe (mm)<\/td>\n<td> 40*40, 40*80, 80*80, 45*120 usw.<\/td>\n<\/tr>\n<tr>\n<td> Form<\/td>\n<td> T-Profil, Vierkant, Rund, Flach, Winkel usw.<\/td>\n<\/tr>\n<tr>\n<td> Oberfl\u00e4chenbehandlung<\/td>\n<td> Fr\u00e4sen, Eloxieren, Sandstrahlen, Polieren, Elektrophorese, Pulverbeschichtung usw.<\/td>\n<\/tr>\n<tr>\n<td> Farbe<\/td>\n<td> W\u00e4hrend, schwarz, silber, bronze, gold, champagner, dunkel etc<\/td>\n<\/tr>\n<tr>\n<td> Zertifikat<\/td>\n<td> ASTM, GB<\/td>\n<\/tr>\n<tr>\n<td> Von<\/td>\n<td> Guangdong, China<\/td>\n<\/tr>\n<tr>\n<td> Lieferung<\/td>\n<td> 15-30 Tage, kann uns konsultieren<\/td>\n<\/tr>\n<\/tbody>\n<\/table>\n<h2>Unsere Produktionsbasis<\/h2>\n<h3>Fabrik-Panorama<\/h3>\n<p><img decoding=\"async\" src=\"\/wp-content\/uploads\/factory-01.webp\"\/><\/p>\n<h3>Werkstatt zur Herstellung von Aluminiumstangen<\/h3>\n<p><img decoding=\"async\" src=\"\/wp-content\/uploads\/factory-02.webp\"\/><\/p>\n<p><img decoding=\"async\" src=\"\/wp-content\/uploads\/factory-03.webp\"\/><\/p>\n<h3>Lagerhaus f\u00fcr Formen<\/h3>\n<p><img decoding=\"async\" src=\"\/wp-content\/uploads\/factory-04.webp\"\/><\/p>\n<h3>43 Aluminium-Strangpressanlagen (500\u00e2\u20ac\"5500 Tonnen)<\/h3>\n<p><img decoding=\"async\" src=\"\/wp-content\/uploads\/factory-05.webp\"\/><\/p>\n<p><img decoding=\"async\" src=\"\/wp-content\/uploads\/factory-06.webp\"\/><\/p>\n<p><img decoding=\"async\" src=\"\/wp-content\/uploads\/factory-07.webp\"\/><\/p>\n<h3>Werkstatt f\u00fcr Pulverbeschichtung<\/h3>\n<p><img decoding=\"async\" src=\"\/wp-content\/uploads\/factory-09.webp\"\/><\/p>\n<h3>Eloxal-Werkstatt<\/h3>\n<p><img decoding=\"async\" src=\"\/wp-content\/uploads\/factory-10.webp\"\/><\/p>\n<h3>Workshop zur Tiefenverarbeitung<\/h3>\n<p><img decoding=\"async\" src=\"\/wp-content\/uploads\/factory-11.webp\"\/><\/p>\n<h3>CNC-Pr\u00e4zisionsbearbeitungswerkstatt<\/h3>\n<p><img decoding=\"async\" src=\"\/wp-content\/uploads\/factory-11.5.webp\"\/><\/p>\n<h3>Lager f\u00fcr Fertigprodukte und Export<\/h3>\n<p><img decoding=\"async\" src=\"\/wp-content\/uploads\/factory-12.webp\"\/><\/p>\n<p><img decoding=\"async\" src=\"\/wp-content\/uploads\/factory-13.webp\"\/><\/p>\n<p><img decoding=\"async\" src=\"\/wp-content\/uploads\/factory-14.webp\"\/><\/p>\n<h2>FAQ<\/h2>\n<p><p><b>1. was ist der Vorteil der Verwendung von T-Nut-Aluminium-Strangpressprofilen? <\/b><\/p>\n<p> T Slot-Aluminium-Strangpressprofile bieten eine flexible, modulare Montage ohne Schwei\u00dfarbeiten, ideal f\u00fcr schnelle und anpassbare Konstruktionen.<br \/>\n<\/p><br \/>\n<br \/>\n<p><b>2. ist das T-Nut-Aluminium-Strangpressprofil haltbar genug f\u00fcr den industriellen Einsatz? <\/b><\/p>\n<p> Ja, T-Slot-Aluminium-Strangpressprofile werden aus hochfestem Aluminium hergestellt und gew\u00e4hrleisten eine dauerhafte Leistung in anspruchsvollen industriellen Umgebungen.<br \/>\n<\/p><br \/>\n<br \/>\n<p><b>3. k\u00f6nnen T-Nut-Aluminiumprofile angepasst werden? <\/b><\/p>\n<p> Selbstverst\u00e4ndlich k\u00f6nnen die T-Nut-Profile auf individuelle L\u00e4ngen zugeschnitten und mit verschiedenen Zubeh\u00f6rteilen kombiniert werden, um spezifische Projektanforderungen zu erf\u00fcllen.<br \/>\n<\/p><br \/>\n<br \/>\n<p><b>4. welche Arten von Oberfl\u00e4chen sind f\u00fcr T-Nut-Aluminium-Strangpressprofile erh\u00e4ltlich? <\/b><\/p>\n<p> Wir bieten eloxierte, pulverbeschichtete und gefr\u00e4ste Oberfl\u00e4chen f\u00fcr verbesserte Korrosionsbest\u00e4ndigkeit und \u00c4sthetik.<br \/>\n<\/p><br \/>\n<br \/>\n<p><b>5. sind die T-Nut-Profile mit dem Standardzubeh\u00f6r kompatibel? <\/b><\/p>\n<p> Ja, unsere T-Nut-Aluminium-Strangpressprofile sind mit einer breiten Palette von Halterungen, Verbindungselementen und Befestigungsmitteln auf dem Markt kompatibel.<br \/>\n<\/p><br \/>\n<br \/>\n<p><b>6. welche Anwendungen eignen sich f\u00fcr T-Nut-Aluminium-Strangpressprofile? <\/b><\/p>\n<p> T-Nut-Aluminiumprofile eignen sich hervorragend f\u00fcr Maschinenrahmen, Sicherheitsverkleidungen, Automatisierungsanlagen und Arbeitspl\u00e4tze.<br \/>\n<\/p><br \/>\n<br \/>\n<p><b>7. wie tr\u00e4gt die T-Nut-Aluminiumextrusion zur Kostensenkung bei? <\/b><\/p>\n<p> Der modulare Aufbau erm\u00f6glicht eine schnelle Montage, einfache \u00c4nderungen und eine leichte Handhabung, wodurch Arbeits- und Transportkosten reduziert werden.<br \/>\n<\/p><br \/><\/p>","protected":false},"featured_media":8145,"template":"","categories":[54],"class_list":["post-8146","product","type-product","status-publish","has-post-thumbnail","hentry","category-industrial-aluminum-profiles"],"meta_box":{"hilight_text_group":{"product_hilight_text":"<li>Modular T Slot design allows easy assembly and reconfiguration without welding.<\/li>\r\r\n<li>High-strength aluminum extrusion ensures durability and structural stability.<\/li>\r\r\n<li>Corrosion-resistant surface finishes suitable for industrial environments.<\/li>\r\r\n<li>Compatible with a wide range of accessories and connectors.<\/li>\r\r\n<li>Lightweight material reduces handling and shipping costs.<\/li>\r\r\n<li>Precision-machined for high tolerance and consistent quality.<\/li>\r\r\n<li>Ideal for machine frames, workstations, and automation systems.<\/li>","product_chanpin_blog":"<ul>\r\r\n<li><a href=\"https:\/\/sinoextrud.com\/t-slot-v-slot-differences\/\" target=\"_blank\">t slot vs v slot<\/a><\/li>\r\r\n<li><a href=\"https:\/\/sinoextrud.com\/what-is-4040-aluminium-extrud\/\" target=\"_blank\">4040 aluminium extrusion<\/a><\/li>\r\r\n<li><a href=\"https:\/\/sinoextrud.com\/what-is-4040-aluminium-extrud\/\" target=\"_blank\">aluminum extrusions for industrial racks<\/a><\/li>\r\r\n<li><a href=\"https:\/\/sinoextrud.com\/powder-coating-aluminium-process\/\" target=\"_blank\">powder coating aluminium<\/a><\/li>\r\r\n<li><a href=\"https:\/\/sinoextrud.com\/what-is-an-aluminium-strip-ceiling\/\" target=\"_blank\">aluminium strip ceiling<\/a><\/li>\r\r\n<li><a href=\"https:\/\/sinoextrud.com\/what-is-a-heat-sink\/\" target=\"_blank\">what is a heat sink<\/a><\/li>\r\r\n<\/ul>","product_chanpin_chanpin":"<li><a href=\"https:\/\/sinoextrud.com\/product\/aluminium-t-bar-extrusions\/\" target=\"_blank\">Aluminium T Bar Extrusions<\/a><\/li>\r\n<li><a href=\"https:\/\/sinoextrud.com\/product\/aluminium-transport-extrusions\/\" target=\"_blank\">Aluminium Transport Extrusions<\/a><\/li>\r\n<li><a href=\"https:\/\/sinoextrud.com\/product\/aluminum-extruded-enclosure-for-power-supply\/\" target=\"_blank\">Aluminum Extruded Enclosure For Power Supply<\/a><\/li>\r\n<li><a href=\"https:\/\/sinoextrud.com\/product\/aluminum-extrusion-industry\/\" target=\"_blank\">Aluminum Extrusion Industry<\/a><\/li>\r\n<li><a href=\"https:\/\/sinoextrud.com\/product\/aluminum-extrusion-material-t-slot\/\" target=\"_blank\">Aluminum Extrusion Material T Slot<\/a><\/li>\r\n<li><a href=\"https:\/\/sinoextrud.com\/product\/aluminum-extrusion-plate\/\" target=\"_blank\">Aluminum Extrusion Plate<\/a><\/li>\r\n<li><a href=\"https:\/\/sinoextrud.com\/product\/aluminum-frame-for-solar-panel-and-light-box\/\" target=\"_blank\">Aluminum Frame For Solar Panel And Light-Box<\/a><\/li>\r\n<li><a href=\"https:\/\/sinoextrud.com\/product\/aluminum-heatsink-extrusion-profile\/\" target=\"_blank\">Aluminum Heatsink Extrusion Profile<\/a><\/li>\r\n<li><a href=\"https:\/\/sinoextrud.com\/product\/aluminum-light-box-extrusion\/\" target=\"_blank\">Aluminum Light Box Extrusion<\/a><\/li>\r\n<li><a href=\"https:\/\/sinoextrud.com\/product\/cnc-bending-aluminum-frame-profile-for-suitcase-luggage\/\" target=\"_blank\">CNC Bending Aluminum Frame Profile For Suitcase Luggage<\/a><\/li>\r\n<li><a href=\"https:\/\/sinoextrud.com\/product\/extruded-aluminium-cnc-machining-profile-and-anodized-surface-treatment-process\/\" target=\"_blank\">Extruded Aluminium CNC Machining profile and Anodized Surface Treatment Process<\/a><\/li>"},"feature_list":[]},"_links":{"self":[{"href":"https:\/\/sinoextrud.com\/de\/wp-json\/wp\/v2\/product\/8146","targetHints":{"allow":["GET"]}}],"collection":[{"href":"https:\/\/sinoextrud.com\/de\/wp-json\/wp\/v2\/product"}],"about":[{"href":"https:\/\/sinoextrud.com\/de\/wp-json\/wp\/v2\/types\/product"}],"wp:featuredmedia":[{"embeddable":true,"href":"https:\/\/sinoextrud.com\/de\/wp-json\/wp\/v2\/media\/8145"}],"wp:attachment":[{"href":"https:\/\/sinoextrud.com\/de\/wp-json\/wp\/v2\/media?parent=8146"}],"wp:term":[{"taxonomy":"category","embeddable":true,"href":"https:\/\/sinoextrud.com\/de\/wp-json\/wp\/v2\/categories?post=8146"}],"curies":[{"name":"wp","href":"https:\/\/api.w.org\/{rel}","templated":true}]}}