{"id":8140,"date":"2025-06-13T02:40:21","date_gmt":"2025-06-13T02:40:21","guid":{"rendered":"https:\/\/sinoextrud.com\/product\/aluminium-transport-extrusions\/"},"modified":"2025-06-24T06:23:10","modified_gmt":"2025-06-24T06:23:10","slug":"aluminium-transport-strangpressprofile","status":"publish","type":"product","link":"https:\/\/sinoextrud.com\/de\/product\/aluminium-transport-extrusions\/","title":{"rendered":"Aluminium Transport Strangpressprofile"},"content":{"rendered":"<h2>Produkte Details<\/h2>\n<table class=\"custom-table\">\n<tbody>\n<tr>\n<td> Produktname<\/td>\n<td> Aluminium Transport Strangpressprofile<\/td>\n<\/tr>\n<tr>\n<td> Material<\/td>\n<td> 6063,6061,6463,6005,6082 usw.<\/td>\n<\/tr>\n<tr>\n<td> Form<\/td>\n<td> individuelle Form<\/td>\n<\/tr>\n<tr>\n<td> Dicke<\/td>\n<td> 0,7mm-10mm<\/td>\n<\/tr>\n<tr>\n<td> Gr\u00f6\u00dfe<\/td>\n<td> Entsprechend den Anforderungen des Kunden<\/td>\n<\/tr>\n<tr>\n<td> L\u00e4nge<\/td>\n<td> Standardl\u00e4nge 1-9 m oder andere verhandelbare L\u00e4ngen.<\/td>\n<\/tr>\n<tr>\n<td> Typische Anwendungen<\/td>\n<td> Kraftfahrzeuge mit neuer Energie, Autos usw.<\/td>\n<\/tr>\n<tr>\n<td> Tiefgreifender Prozess<\/td>\n<td> CNC-Fr\u00e4sen, Bohren, Stanzen, Bohren, Gewindeschneiden, Biegen<\/td>\n<\/tr>\n<tr>\n<td> Marke<\/td>\n<td> Sinoextrud,Sinoextrud, oder OEM-Marke<\/td>\n<\/tr>\n<tr>\n<td> Oberfl\u00e4chenbehandlung<\/td>\n<td> Poliert, geb\u00fcrstet, eloxiert, pulverbeschichtet, Holzmaserung etc.<\/td>\n<\/tr>\n<tr>\n<td> MOQ<\/td>\n<td> 200KGs<\/td>\n<\/tr>\n<tr>\n<td> Qualit\u00e4tsgarantie<\/td>\n<td> 100&amp; Inspektion zur Gew\u00e4hrleistung hoher Qualit\u00e4t<\/td>\n<\/tr>\n<tr>\n<td> Bescheinigungen<\/td>\n<td> ISO9001, ISO4001, CQM, SGS, CE, BV usw.<\/td>\n<\/tr>\n<tr>\n<td> Herkunftsort<\/td>\n<td> Guangdong, China<\/td>\n<\/tr>\n<\/tbody>\n<\/table>\n<h2>Unsere Produktionsbasis<\/h2>\n<h3>Fabrik-Panorama<\/h3>\n<p><img decoding=\"async\" src=\"\/wp-content\/uploads\/factory-01.webp\"\/><\/p>\n<h3>Werkstatt zur Herstellung von Aluminiumstangen<\/h3>\n<p><img decoding=\"async\" src=\"\/wp-content\/uploads\/factory-02.webp\"\/><\/p>\n<p><img decoding=\"async\" src=\"\/wp-content\/uploads\/factory-03.webp\"\/><\/p>\n<h3>Lagerhaus f\u00fcr Formen<\/h3>\n<p><img decoding=\"async\" src=\"\/wp-content\/uploads\/factory-04.webp\"\/><\/p>\n<h3>43 Aluminium-Strangpressanlagen (500\u00e2\u20ac\"5500 Tonnen)<\/h3>\n<p><img decoding=\"async\" src=\"\/wp-content\/uploads\/factory-05.webp\"\/><\/p>\n<p><img decoding=\"async\" src=\"\/wp-content\/uploads\/factory-06.webp\"\/><\/p>\n<p><img decoding=\"async\" src=\"\/wp-content\/uploads\/factory-07.webp\"\/><\/p>\n<h3>Werkstatt f\u00fcr Pulverbeschichtung<\/h3>\n<p><img decoding=\"async\" src=\"\/wp-content\/uploads\/factory-09.webp\"\/><\/p>\n<h3>Eloxal-Werkstatt<\/h3>\n<p><img decoding=\"async\" src=\"\/wp-content\/uploads\/factory-10.webp\"\/><\/p>\n<h3>Workshop zur Tiefenverarbeitung<\/h3>\n<p><img decoding=\"async\" src=\"\/wp-content\/uploads\/factory-11.webp\"\/><\/p>\n<h3>CNC-Pr\u00e4zisionsbearbeitungswerkstatt<\/h3>\n<p><img decoding=\"async\" src=\"\/wp-content\/uploads\/factory-11.5.webp\"\/><\/p>\n<h3>Lager f\u00fcr Fertigprodukte und Export<\/h3>\n<p><img decoding=\"async\" src=\"\/wp-content\/uploads\/factory-12.webp\"\/><\/p>\n<p><img decoding=\"async\" src=\"\/wp-content\/uploads\/factory-13.webp\"\/><\/p>\n<p><img decoding=\"async\" src=\"\/wp-content\/uploads\/factory-14.webp\"\/><\/p>\n<h2>FAQ<\/h2>\n<p><p><b>1. wof\u00fcr werden Aluminium-Transportprofile verwendet?<\/b><\/p>\n<p>Aluminium-Transportextrusionen werden zur Herstellung von ma\u00dfgeschneiderten Rahmen, St\u00fctzen und Verpackungsl\u00f6sungen f\u00fcr den Transport empfindlicher G\u00fcter verwendet und gew\u00e4hrleisten gleichzeitig Haltbarkeit und Schutz.<br \/>\n<\/p><br \/>\n<br \/>\n<p><b>2. warum ist Aluminium ein gutes Material f\u00fcr Transportprofile?<\/b><\/p>\n<p>Aluminium ist leicht, stabil und korrosionsbest\u00e4ndig, was es zu einem idealen Material f\u00fcr Transportprofile macht, die Waren sch\u00fctzen und gleichzeitig das Gesamtgewicht reduzieren sollen.<br \/>\n<\/p><br \/>\n<br \/>\n<p><b>3. k\u00f6nnen Aluminium-Transport-Strangpressprofile individuell angepasst werden?<\/b><\/p>\n<p>Ja, Aluminium-Transportprofile k\u00f6nnen auf bestimmte Gr\u00f6\u00dfen und Formen zugeschnitten werden, um besondere Transportanforderungen zu erf\u00fcllen und einen optimalen Schutz f\u00fcr verschiedene Arten von Ladung zu gew\u00e4hrleisten.<br \/>\n<\/p><br \/>\n<br \/>\n<p><b>4. wie sch\u00fctzen Aluminium-Transportextrusionen empfindliche G\u00fcter?<\/b><\/p>\n<p>Die starken, haltbaren und korrosionsbest\u00e4ndigen Eigenschaften von Aluminium sorgen daf\u00fcr, dass die Ladung w\u00e4hrend des Transports gut gesch\u00fctzt ist und das Risiko von Sch\u00e4den durch Umwelteinfl\u00fcsse oder St\u00f6\u00dfe verringert wird.<br \/>\n<\/p><br \/>\n<br \/>\n<p><b>5. sind Aluminium-Transport-Strangpressprofile kosteng\u00fcnstig?<\/b><\/p>\n<p>Ja, diese Strangpressprofile sind kosteng\u00fcnstig und bieten eine langlebige, wartungsarme L\u00f6sung f\u00fcr den Bau von Transportsystemen und Rahmen.<br \/>\n<\/p><br \/>\n<br \/>\n<p><b>6. k\u00f6nnen Aluminium-Transportextrusionen rauen Umweltbedingungen standhalten?<\/b><\/p>\n<p>Ja, die Korrosionsbest\u00e4ndigkeit von Aluminium macht es ideal f\u00fcr den Einsatz unter verschiedenen Umweltbedingungen und sorgt daf\u00fcr, dass die Strangpressprofile \u00fcber lange Zeit effektiv bleiben.<br \/>\n<\/p><br \/>\n<br \/>\n<p><b>7 Welche Branchen profitieren von Aluminium-Transport-Strangpressprofilen?<\/b><\/p>\n<p>Branchen wie die Logistik, das verarbeitende Gewerbe, die Automobilindustrie und die Luft- und Raumfahrt profitieren von der Festigkeit, dem geringen Gewicht und der Anpassungsf\u00e4higkeit von Aluminium-Transport-Strangpressprofilen f\u00fcr ihre Transportanforderungen.<br \/>\n<\/p><br \/><\/p>","protected":false},"featured_media":8139,"template":"","categories":[54],"class_list":["post-8140","product","type-product","status-publish","has-post-thumbnail","hentry","category-industrial-aluminum-profiles"],"meta_box":{"hilight_text_group":{"product_hilight_text":"<li>Lightweight yet durable design, ideal for transport applications where weight is a concern.<\/li>\r\r\n<li>High-strength aluminum offers excellent protection for sensitive cargo during transport.<\/li>\r\r\n<li>Corrosion-resistant properties ensure long-lasting performance in various environmental conditions.<\/li>\r\r\n<li>Customizable profiles to meet specific transport and packaging requirements.<\/li>\r\r\n<li>Cost-effective solution for building transport frames and supports with minimal maintenance.<\/li>","product_chanpin_blog":"<ul>\r\r\n<li><a href=\"https:\/\/sinoextrud.com\/t-slot-v-slot-differences\/\" target=\"_blank\">t slot vs v slot<\/a><\/li>\r\r\n<li><a href=\"https:\/\/sinoextrud.com\/what-is-4040-aluminium-extrud\/\" target=\"_blank\">4040 aluminium extrusion<\/a><\/li>\r\r\n<li><a href=\"https:\/\/sinoextrud.com\/what-is-4040-aluminium-extrud\/\" target=\"_blank\">aluminum extrusions for industrial racks<\/a><\/li>\r\r\n<li><a href=\"https:\/\/sinoextrud.com\/powder-coating-aluminium-process\/\" target=\"_blank\">powder coating aluminium<\/a><\/li>\r\r\n<li><a href=\"https:\/\/sinoextrud.com\/what-is-an-aluminium-strip-ceiling\/\" target=\"_blank\">aluminium strip ceiling<\/a><\/li>\r\r\n<li><a href=\"https:\/\/sinoextrud.com\/what-is-a-heat-sink\/\" target=\"_blank\">what is a heat sink<\/a><\/li>\r\r\n<\/ul>","product_chanpin_chanpin":"<li><a href=\"https:\/\/sinoextrud.com\/product\/aluminium-sections-for-glazing\/\" target=\"_blank\">Aluminium Sections For Glazing<\/a><\/li>\r\n<li><a href=\"https:\/\/sinoextrud.com\/product\/aluminium-slotted-channel\/\" target=\"_blank\">Aluminium Slotted Channel<\/a><\/li>\r\n<li><a href=\"https:\/\/sinoextrud.com\/product\/aluminium-solar-panel-frame-profile\/\" target=\"_blank\">Aluminium Solar Panel Frame Profile<\/a><\/li>\r\n<li><a href=\"https:\/\/sinoextrud.com\/product\/aluminium-t-bar-extrusions\/\" target=\"_blank\">Aluminium T Bar Extrusions<\/a><\/li>\r\n<li><a href=\"https:\/\/sinoextrud.com\/product\/aluminium-transport-extrusions\/\" target=\"_blank\">Aluminium Transport Extrusions<\/a><\/li>\r\n<li><a href=\"https:\/\/sinoextrud.com\/product\/aluminum-extruded-enclosure-for-power-supply\/\" target=\"_blank\">Aluminum Extruded Enclosure For Power Supply<\/a><\/li>\r\n<li><a href=\"https:\/\/sinoextrud.com\/product\/aluminum-extrusion-industry\/\" target=\"_blank\">Aluminum Extrusion Industry<\/a><\/li>\r\n<li><a href=\"https:\/\/sinoextrud.com\/product\/aluminum-extrusion-material-t-slot\/\" target=\"_blank\">Aluminum Extrusion Material T Slot<\/a><\/li>\r\n<li><a href=\"https:\/\/sinoextrud.com\/product\/aluminum-extrusion-plate\/\" target=\"_blank\">Aluminum Extrusion Plate<\/a><\/li>\r\n<li><a href=\"https:\/\/sinoextrud.com\/product\/aluminum-extruded-handles\/\" target=\"_blank\">Aluminum Extruded Handles<\/a><\/li>\r\n<li><a href=\"https:\/\/sinoextrud.com\/product\/powder-coating-surface-aluminum-profile\/\" target=\"_blank\">Powder Coating Surface Aluminum Profile<\/a><\/li>"},"feature_list":[]},"_links":{"self":[{"href":"https:\/\/sinoextrud.com\/de\/wp-json\/wp\/v2\/product\/8140","targetHints":{"allow":["GET"]}}],"collection":[{"href":"https:\/\/sinoextrud.com\/de\/wp-json\/wp\/v2\/product"}],"about":[{"href":"https:\/\/sinoextrud.com\/de\/wp-json\/wp\/v2\/types\/product"}],"wp:featuredmedia":[{"embeddable":true,"href":"https:\/\/sinoextrud.com\/de\/wp-json\/wp\/v2\/media\/8139"}],"wp:attachment":[{"href":"https:\/\/sinoextrud.com\/de\/wp-json\/wp\/v2\/media?parent=8140"}],"wp:term":[{"taxonomy":"category","embeddable":true,"href":"https:\/\/sinoextrud.com\/de\/wp-json\/wp\/v2\/categories?post=8140"}],"curies":[{"name":"wp","href":"https:\/\/api.w.org\/{rel}","templated":true}]}}