{"id":8132,"date":"2025-06-13T02:30:07","date_gmt":"2025-06-13T02:30:07","guid":{"rendered":"https:\/\/sinoextrud.com\/product\/aluminium-sections-for-glazing\/"},"modified":"2025-06-24T06:23:09","modified_gmt":"2025-06-24T06:23:09","slug":"aluminiumprofile-fur-verglasungen","status":"publish","type":"product","link":"https:\/\/sinoextrud.com\/de\/product\/aluminium-sections-for-glazing\/","title":{"rendered":"Aluminium-Profile f\u00fcr Verglasungen"},"content":{"rendered":"<h2>Produkte Details<\/h2>\n<table class=\"custom-table\">\n<tr>\n<td class=\"label\">Modell Artikel.:<\/td>\n<td> Aluminium-Profile f\u00fcr Verglasungen<\/td>\n<\/tr>\n<tr>\n<td class=\"label\">Oberfl\u00e4chenveredelung:<\/td>\n<td> Pulverspr\u00fchen<\/td>\n<\/tr>\n<tr>\n<td class=\"label\">Legierungsbestandteil:<\/td>\n<td> 6063<\/td>\n<\/tr>\n<tr>\n<td class=\"label\">Zertifizierung:<\/td>\n<td> CE, SONCAP, ISO, CIQ, RoHS, TUV<\/td>\n<\/tr>\n<tr>\n<td class=\"label\">Profil aus poliertem Aluminium:<\/td>\n<td> Mechanisches Polieren<\/td>\n<\/tr>\n<tr>\n<td class=\"label\">Material:<\/td>\n<td> 6063-T5, 6061-T6, 6463-T5, 7075-T6, 6082<\/td>\n<\/tr>\n<tr>\n<td class=\"label\">Zweck:<\/td>\n<td> M\u00f6bel, Fenster&amp;T\u00fcren, Dekorationen, Industrie<\/td>\n<\/tr>\n<tr>\n<td class=\"label\">MOQ:<\/td>\n<td> 200KG f\u00fcr jedes Profil<\/td>\n<\/tr>\n<tr>\n<td class=\"label\">OEM-Dienst:<\/td>\n<td> Basierend auf vom Kunden entworfenen Zeichnungen oder Mustern<\/td>\n<\/tr>\n<tr>\n<td class=\"label\">Oberfl\u00e4chenbehandlung:<\/td>\n<td> Eloxieren \/ Elektrophorese \/ Pulverbeschichtung etc.<\/td>\n<\/tr>\n<tr>\n<td class=\"label\">Tiefe Verarbeitung:<\/td>\n<td> Stanzen, Bohren, Gewindeschneiden, Biegen<\/td>\n<\/tr>\n<tr>\n<td class=\"label\">Lieferzeiten:<\/td>\n<td> 25-30 Tage nach der Probe ist Confrimed von K\u00e4ufern<\/td>\n<\/tr>\n<tr>\n<td class=\"label\">Abrechnungszeitraum:<\/td>\n<td> Die Abschlusszahlung erfolgt auf der Grundlage der endg\u00fcltigen tats\u00e4chlichen Physi<\/td>\n<\/tr>\n<tr>\n<td class=\"label\">Produktionsgarantie:<\/td>\n<td> Die Oberfl\u00e4chenfarbe kann 10 bis 20 Jahre lang erhalten bleiben F<\/td>\n<\/tr>\n<tr>\n<td class=\"label\">Hafen:<\/td>\n<td> Fob Shenzhen, Guangzhou, Foshan<\/td>\n<\/tr>\n<tr>\n<td class=\"label\">Warenzeichen:<\/td>\n<td> Sinoextrud &amp; Sinoextrud<\/td>\n<\/tr>\n<tr>\n<td class=\"label\">Transport-Paket:<\/td>\n<td> Normal oder kundenspezifisch<\/td>\n<\/tr>\n<tr>\n<td class=\"label\">Spezifikation:<\/td>\n<td> Je nach Kundenanforderung<\/td>\n<\/tr>\n<tr>\n<td class=\"label\">Herkunft:<\/td>\n<td> Chinesisches Festland<\/td>\n<\/tr>\n<tr>\n<td class=\"label\">HS-Code:<\/td>\n<td> 76042100\n<\/td>\n<\/tr>\n<\/table>\n<h2>Unsere Produktionsbasis<\/h2>\n<h3>Fabrik-Panorama<\/h3>\n<p><img decoding=\"async\" src=\"\/wp-content\/uploads\/factory-01.webp\"\/><\/p>\n<h3>Werkstatt zur Herstellung von Aluminiumstangen<\/h3>\n<p><img decoding=\"async\" src=\"\/wp-content\/uploads\/factory-02.webp\"\/><\/p>\n<p><img decoding=\"async\" src=\"\/wp-content\/uploads\/factory-03.webp\"\/><\/p>\n<h3>Lagerhaus f\u00fcr Formen<\/h3>\n<p><img decoding=\"async\" src=\"\/wp-content\/uploads\/factory-04.webp\"\/><\/p>\n<h3>43 Aluminium-Strangpressanlagen (500\u00e2\u20ac\"5500 Tonnen)<\/h3>\n<p><img decoding=\"async\" src=\"\/wp-content\/uploads\/factory-05.webp\"\/><\/p>\n<p><img decoding=\"async\" src=\"\/wp-content\/uploads\/factory-06.webp\"\/><\/p>\n<p><img decoding=\"async\" src=\"\/wp-content\/uploads\/factory-07.webp\"\/><\/p>\n<h3>Werkstatt f\u00fcr Pulverbeschichtung<\/h3>\n<p><img decoding=\"async\" src=\"\/wp-content\/uploads\/factory-09.webp\"\/><\/p>\n<h3>Eloxal-Werkstatt<\/h3>\n<p><img decoding=\"async\" src=\"\/wp-content\/uploads\/factory-10.webp\"\/><\/p>\n<h3>Workshop zur Tiefenverarbeitung<\/h3>\n<p><img decoding=\"async\" src=\"\/wp-content\/uploads\/factory-11.webp\"\/><\/p>\n<h3>CNC-Pr\u00e4zisionsbearbeitungswerkstatt<\/h3>\n<p><img decoding=\"async\" src=\"\/wp-content\/uploads\/factory-11.5.webp\"\/><\/p>\n<h3>Lager f\u00fcr Fertigprodukte und Export<\/h3>\n<p><img decoding=\"async\" src=\"\/wp-content\/uploads\/factory-12.webp\"\/><\/p>\n<p><img decoding=\"async\" src=\"\/wp-content\/uploads\/factory-13.webp\"\/><\/p>\n<p><img decoding=\"async\" src=\"\/wp-content\/uploads\/factory-14.webp\"\/><\/p>\n<h2>FAQ<\/h2>\n<p><p><b>1. was macht Aluminiumprofile f\u00fcr Verglasungen geeignet? <\/b><\/p>\n<p> Aluminiumprofile f\u00fcr Verglasungen bieten einen starken, sicheren Halt und verbessern die strukturelle Integrit\u00e4t von Verglasungssystemen, was sie ideal f\u00fcr Fenster-, Vorhangfassaden- und Fassadenanwendungen macht.<br \/>\n<\/p><br \/>\n<br \/>\n<p><b>2. k\u00f6nnen Aluminiumprofile f\u00fcr Verglasungen individuell angepasst werden? <\/b><\/p>\n<p> Ja, diese Profile k\u00f6nnen in Bezug auf Gr\u00f6\u00dfe, Design und Ausf\u00fchrung individuell angepasst werden, um die spezifischen Anforderungen verschiedener Verglasungsprojekte zu erf\u00fcllen.<br \/>\n<\/p><br \/>\n<br \/>\n<p><b>3. wie haltbar sind Aluminiumprofile f\u00fcr Verglasungen? <\/b><\/p>\n<p> Die Aluminiumprofile sind korrosionsbest\u00e4ndig und so konzipiert, dass sie verschiedenen Umweltbedingungen standhalten und eine lange Lebensdauer und Leistung gew\u00e4hrleisten.<br \/>\n<\/p><br \/>\n<br \/>\n<p><b>4. welche Branchen profitieren von der Verwendung von Aluminiumprofilen f\u00fcr Verglasungen? <\/b><\/p>\n<p> Diese Profile werden h\u00e4ufig im Bau-, Architektur- und Energiesektor f\u00fcr Anwendungen wie Fenster, Glasfassaden und Vorhangfassaden verwendet.<br \/>\n<\/p><br \/>\n<br \/>\n<p><b>5. sind Aluminiumprofile f\u00fcr Verglasungen einfach zu installieren? <\/b><\/p>\n<p> Ja, sie sind leicht, einfach zu handhaben und f\u00fcr eine schnelle Montage ausgelegt, was die Installationszeit und die Arbeitskosten reduziert.<br \/>\n<\/p><br \/>\n<br \/>\n<p><b>6. wie verbessern Aluminiumprofile f\u00fcr Verglasungen die Energieeffizienz? <\/b><\/p>\n<p> Ihr Design beinhaltet eine effiziente W\u00e4rmed\u00e4mmung, die Energieverluste reduziert und die Gesamtenergieeffizienz von Verglasungssystemen verbessert.<br \/>\n<\/p><br \/>\n<br \/>\n<p><b>7. sind Aluminiumprofile f\u00fcr Verglasungen umweltfreundlich? <\/b><\/p>\n<p> Ja, Aluminium ist 100% recycelbar, was diese Profile zu einer umweltfreundlichen Wahl f\u00fcr nachhaltige Bauprojekte macht.<br \/>\n<\/p><br \/><\/p>","protected":false},"featured_media":8131,"template":"","categories":[54],"class_list":["post-8132","product","type-product","status-publish","has-post-thumbnail","hentry","category-industrial-aluminum-profiles"],"meta_box":{"hilight_text_group":{"product_hilight_text":"<li>High-strength aluminum sections specifically designed for glazing applications<\/li>\r\r\n<li>Corrosion-resistant, ensuring durability and long-lasting performance in all weather conditions<\/li>\r\r\n<li>Provides a secure and reliable frame for glazing systems, enhancing structural integrity<\/li>\r\r\n<li>Customizable sizes and designs to meet specific glazing project requirements<\/li>\r\r\n<li>Lightweight yet robust, ensuring easy handling and installation<\/li>\r\r\n<li>Efficient thermal and sound insulation properties, improving energy efficiency<\/li>\r\r\n<li>Environmentally friendly, made from recyclable aluminum material<\/li>","product_chanpin_blog":"<ul>\r\r\n<li><a href=\"https:\/\/sinoextrud.com\/t-slot-v-slot-differences\/\" target=\"_blank\">t slot vs v slot<\/a><\/li>\r\r\n<li><a href=\"https:\/\/sinoextrud.com\/what-is-4040-aluminium-extrud\/\" target=\"_blank\">4040 aluminium extrusion<\/a><\/li>\r\r\n<li><a href=\"https:\/\/sinoextrud.com\/what-is-4040-aluminium-extrud\/\" target=\"_blank\">aluminum extrusions for industrial racks<\/a><\/li>\r\r\n<li><a href=\"https:\/\/sinoextrud.com\/powder-coating-aluminium-process\/\" target=\"_blank\">powder coating aluminium<\/a><\/li>\r\r\n<li><a href=\"https:\/\/sinoextrud.com\/what-is-an-aluminium-strip-ceiling\/\" target=\"_blank\">aluminium strip ceiling<\/a><\/li>\r\r\n<li><a href=\"https:\/\/sinoextrud.com\/what-is-a-heat-sink\/\" target=\"_blank\">what is a heat sink<\/a><\/li>\r\r\n<\/ul>","product_chanpin_chanpin":"<li><a href=\"https:\/\/sinoextrud.com\/product\/aluminium-lipped-channel-extrusions\/\" target=\"_blank\">Aluminium Lipped Channel Extrusions<\/a><\/li>\r\n<li><a href=\"https:\/\/sinoextrud.com\/product\/aluminium-profile-for-glass-railing\/\" target=\"_blank\">Aluminium Profile For Glass Railing<\/a><\/li>\r\n<li><a href=\"https:\/\/sinoextrud.com\/product\/aluminium-profile-h\/\" target=\"_blank\">Aluminium Profile H<\/a><\/li>\r\n<li><a href=\"https:\/\/sinoextrud.com\/product\/aluminium-profiles-and-accessories\/\" target=\"_blank\">Aluminium Profiles And Accessories<\/a><\/li>\r\n<li><a href=\"https:\/\/sinoextrud.com\/product\/aluminium-sections-for-glazing\/\" target=\"_blank\">Aluminium Sections For Glazing<\/a><\/li>\r\n<li><a href=\"https:\/\/sinoextrud.com\/product\/aluminium-slotted-channel\/\" target=\"_blank\">Aluminium Slotted Channel<\/a><\/li>\r\n<li><a href=\"https:\/\/sinoextrud.com\/product\/aluminium-solar-panel-frame-profile\/\" target=\"_blank\">Aluminium Solar Panel Frame Profile<\/a><\/li>\r\n<li><a href=\"https:\/\/sinoextrud.com\/product\/aluminium-t-bar-extrusions\/\" target=\"_blank\">Aluminium T Bar Extrusions<\/a><\/li>\r\n<li><a href=\"https:\/\/sinoextrud.com\/product\/aluminium-transport-extrusions\/\" target=\"_blank\">Aluminium Transport Extrusions<\/a><\/li>\r\n<li><a href=\"https:\/\/sinoextrud.com\/product\/anodized-aluminum-handrail\/\" target=\"_blank\">Anodized Aluminum Handrail<\/a><\/li>\r\n<li><a href=\"https:\/\/sinoextrud.com\/product\/customized-powder-coated-anodized-aluminium-extrusion-profile-roller-shutter-supplier\/\" target=\"_blank\">Customized Powder Coated Anodized Aluminium Extrusion Profile Roller Shutter Supplier<\/a><\/li>"},"feature_list":[]},"_links":{"self":[{"href":"https:\/\/sinoextrud.com\/de\/wp-json\/wp\/v2\/product\/8132","targetHints":{"allow":["GET"]}}],"collection":[{"href":"https:\/\/sinoextrud.com\/de\/wp-json\/wp\/v2\/product"}],"about":[{"href":"https:\/\/sinoextrud.com\/de\/wp-json\/wp\/v2\/types\/product"}],"wp:featuredmedia":[{"embeddable":true,"href":"https:\/\/sinoextrud.com\/de\/wp-json\/wp\/v2\/media\/8131"}],"wp:attachment":[{"href":"https:\/\/sinoextrud.com\/de\/wp-json\/wp\/v2\/media?parent=8132"}],"wp:term":[{"taxonomy":"category","embeddable":true,"href":"https:\/\/sinoextrud.com\/de\/wp-json\/wp\/v2\/categories?post=8132"}],"curies":[{"name":"wp","href":"https:\/\/api.w.org\/{rel}","templated":true}]}}