{"id":8122,"date":"2025-06-13T02:18:48","date_gmt":"2025-06-13T02:18:48","guid":{"rendered":"https:\/\/sinoextrud.com\/product\/aluminium-extrusions-for-heavy-duty-surface-mounted-recessed-led-strip-light-channel\/"},"modified":"2025-06-24T06:23:07","modified_gmt":"2025-06-24T06:23:07","slug":"aluminiumstrangpressprofile-fur-schwere-anbau-und-einbau-led-lichtbander-kanal","status":"publish","type":"product","link":"https:\/\/sinoextrud.com\/de\/product\/aluminium-extrusions-for-heavy-duty-surface-mounted-recessed-led-strip-light-channel\/","title":{"rendered":"Aluminium-Strangpressprofile f\u00fcr hochbelastbare LED-Einbau-Lichtbandkan\u00e4le"},"content":{"rendered":"<h2>Produkte Details<\/h2>\n<table class=\"custom-table\">\n<tbody>\n<tr>\n<td> Artikel:<\/td>\n<td> Aluminium-Strangpressprofile f\u00fcr schwere, an der Oberfl\u00e4che montierte LED-Leuchtb\u00e4nder mit Kanal<\/td>\n<td> Note:<\/td>\n<td> Serie 6000 6063<\/td>\n<\/tr>\n<tr>\n<td> Temperament:<\/td>\n<td> 6063-T5<\/td>\n<td> Ort der Herkunft:<\/td>\n<td> Foshan, Guangdong<\/td>\n<\/tr>\n<tr>\n<td> Die Form:<\/td>\n<td> U-f\u00f6rmiger Kanal<\/td>\n<td> Legierung oder nicht:<\/td>\n<td> Alunimun-Legierung<\/td>\n<\/tr>\n<tr>\n<td> Vertr\u00e4glichkeit:<\/td>\n<td> \u00b10,5%<\/td>\n<td> Marke:<\/td>\n<td> Sinoextrud, Sinoextrud<\/td>\n<\/tr>\n<tr>\n<td> Standard:<\/td>\n<td> mittlere und hohe Qualit\u00e4t<\/td>\n<td> Oberfl\u00e4chenbehandlung:<\/td>\n<td> Pulverbeschichtung, Elektrophorese, Holzmaserung, Eloxieren, B\u00fcrsten, Polieren<\/td>\n<\/tr>\n<tr>\n<td> Lieferzeiten:<\/td>\n<td> 25-30 Tage<\/td>\n<td> MOQ:<\/td>\n<td> 200KGs<\/td>\n<\/tr>\n<tr>\n<td> Zahlungsfrist:<\/td>\n<td> T\/T(30% Anzahlung), L\/C<\/td>\n<td> Bearbeitungsservice:<\/td>\n<td> Biegen, Abwickeln, Schwei\u00dfen, Stanzen, Schneiden<\/td>\n<\/tr>\n<tr>\n<td> Hafen:<\/td>\n<td> Guangzhou, Shenzhen, Foshan<\/td>\n<td> L\u00e4nge::<\/td>\n<td> 1-9m oder kundenspezifisch<\/td>\n<\/tr>\n<\/tbody>\n<\/table>\n<h2>Unsere Produktionsbasis<\/h2>\n<h3>Fabrik-Panorama<\/h3>\n<p><img decoding=\"async\" src=\"\/wp-content\/uploads\/factory-01.webp\"\/><\/p>\n<h3>Werkstatt zur Herstellung von Aluminiumstangen<\/h3>\n<p><img decoding=\"async\" src=\"\/wp-content\/uploads\/factory-02.webp\"\/><\/p>\n<p><img decoding=\"async\" src=\"\/wp-content\/uploads\/factory-03.webp\"\/><\/p>\n<h3>Lagerhaus f\u00fcr Formen<\/h3>\n<p><img decoding=\"async\" src=\"\/wp-content\/uploads\/factory-04.webp\"\/><\/p>\n<h3>43 Aluminium-Strangpressanlagen (500-5500 Tonnen)<\/h3>\n<p><img decoding=\"async\" src=\"\/wp-content\/uploads\/factory-05.webp\"\/><\/p>\n<p><img decoding=\"async\" src=\"\/wp-content\/uploads\/factory-06.webp\"\/><\/p>\n<p><img decoding=\"async\" src=\"\/wp-content\/uploads\/factory-07.webp\"\/><\/p>\n<h3>Werkstatt f\u00fcr Pulverbeschichtung<\/h3>\n<p><img decoding=\"async\" src=\"\/wp-content\/uploads\/factory-09.webp\"\/><\/p>\n<h3>Eloxal-Werkstatt<\/h3>\n<p><img decoding=\"async\" src=\"\/wp-content\/uploads\/factory-10.webp\"\/><\/p>\n<h3>Workshop zur Tiefenverarbeitung<\/h3>\n<p><img decoding=\"async\" src=\"\/wp-content\/uploads\/factory-11.webp\"\/><\/p>\n<h3>CNC-Pr\u00e4zisionsbearbeitungswerkstatt<\/h3>\n<p><img decoding=\"async\" src=\"\/wp-content\/uploads\/factory-11.5.webp\"\/><\/p>\n<h3>Lager f\u00fcr Fertigprodukte und Export<\/h3>\n<p><img decoding=\"async\" src=\"\/wp-content\/uploads\/factory-12.webp\"\/><\/p>\n<p><img decoding=\"async\" src=\"\/wp-content\/uploads\/factory-13.webp\"\/><\/p>\n<p><img decoding=\"async\" src=\"\/wp-content\/uploads\/factory-14.webp\"\/><\/p>\n<h2>FAQ<\/h2>\n<p><p><b>1. was sind Aluminium-Strangpressprofile f\u00fcr Hochleistungs-LED-Lichtleistenkan\u00e4le? <\/b><\/p>\n<p> Es handelt sich um robuste Aluminiumprofile, die f\u00fcr die Unterbringung und den Schutz von LED-Leuchtb\u00e4ndern in Auf- oder Einbaumontagen konzipiert sind.<br \/>\n<\/p><br \/>\n<br \/>\n<p><b>2. warum sollte man f\u00fcr die LED-Streifen hochbelastbare Aluminiumkan\u00e4le w\u00e4hlen? <\/b><\/p>\n<p> Sie bieten eine \u00fcberragende strukturelle Festigkeit, eine effiziente W\u00e4rmeableitung und einen verbesserten Schutz f\u00fcr leistungsstarke oder lange LED-Streifen.<br \/>\n<\/p><br \/>\n<br \/>\n<p><b>3. sind diese Profile f\u00fcr die Unter- und Aufputzmontage geeignet? <\/b><\/p>\n<p> Ja, das Design unterst\u00fctzt sowohl die Einbau- als auch die Aufbaumontage, was sie vielseitig f\u00fcr verschiedene Beleuchtungsanwendungen einsetzbar macht.<br \/>\n<\/p><br \/>\n<br \/>\n<p><b>4 Wie verbessern Aluminium-Strangpressprofile die LED-Leistung? <\/b><\/p>\n<p> Sie leiten die W\u00e4rme effizient ab, reduzieren die thermische Belastung der LEDs und verl\u00e4ngern ihre Lebensdauer.<br \/>\n<\/p><br \/>\n<br \/>\n<p><b>5. k\u00f6nnen die Aluminiumkan\u00e4le individuell angepasst werden? <\/b><\/p>\n<p> Nat\u00fcrlich bieten wir auch kundenspezifische L\u00e4ngen, Formen und Oberfl\u00e4chen an, um die Anforderungen spezifischer Beleuchtungsprojekte zu erf\u00fcllen.<br \/>\n<\/p><br \/>\n<br \/>\n<p><b>6. welche Arten von Diffusoren sind mit diesen LED-Profilen kompatibel? <\/b><\/p>\n<p> F\u00fcr eine ma\u00dfgeschneiderte Lichtstreuung und Blendungsbegrenzung ist eine Reihe von klaren, mattierten und opalen Diffusoren erh\u00e4ltlich.<br \/>\n<\/p><br \/>\n<br \/>\n<p><b>7. sind diese Aluminium-Strangpressprofile f\u00fcr die gewerbliche Nutzung geeignet? <\/b><\/p>\n<p> Ja, ihre robuste Bauweise und korrosionsbest\u00e4ndige Oberfl\u00e4che machen sie ideal f\u00fcr gewerbliche, kommerzielle und industrielle Beleuchtungsanwendungen.<br \/>\n<\/p><br \/><\/p>","protected":false},"featured_media":8121,"template":"","categories":[54],"class_list":["post-8122","product","type-product","status-publish","has-post-thumbnail","hentry","category-industrial-aluminum-profiles"],"meta_box":{"hilight_text_group":{"product_hilight_text":"<li>Heavy-duty aluminium construction supports long LED strip lengths without deformation.<\/li>\r\r\n<li>Designed for both surface mounted and recessed LED installations.<\/li>\r\r\n<li>Efficient heat dissipation extends the lifespan of LED strip lights.<\/li>\r\r\n<li>Compatible with a variety of diffusers for glare reduction and soft lighting.<\/li>\r\r\n<li>Corrosion-resistant finish ideal for commercial and industrial environments.<\/li>\r\r\n<li>Available in multiple sizes and shapes for flexible lighting designs.<\/li>\r\r\n<li>Easy installation with standard clips, end caps, and mounting brackets.<\/li>","product_chanpin_blog":"<ul>\r\r\n<li><a href=\"https:\/\/sinoextrud.com\/t-slot-v-slot-differences\/\" target=\"_blank\">t slot vs v slot<\/a><\/li>\r\r\n<li><a href=\"https:\/\/sinoextrud.com\/what-is-4040-aluminium-extrud\/\" target=\"_blank\">4040 aluminium extrusion<\/a><\/li>\r\r\n<li><a href=\"https:\/\/sinoextrud.com\/what-is-4040-aluminium-extrud\/\" target=\"_blank\">aluminum extrusions for industrial racks<\/a><\/li>\r\r\n<li><a href=\"https:\/\/sinoextrud.com\/powder-coating-aluminium-process\/\" target=\"_blank\">powder coating aluminium<\/a><\/li>\r\r\n<li><a href=\"https:\/\/sinoextrud.com\/what-is-an-aluminium-strip-ceiling\/\" target=\"_blank\">aluminium strip ceiling<\/a><\/li>\r\r\n<li><a href=\"https:\/\/sinoextrud.com\/what-is-a-heat-sink\/\" target=\"_blank\">what is a heat sink<\/a><\/li>\r\r\n<\/ul>","product_chanpin_chanpin":"<li><a href=\"https:\/\/sinoextrud.com\/product\/aluminium-enclosure\/\" target=\"_blank\">Aluminium Enclosure<\/a><\/li>\r\n<li><a href=\"https:\/\/sinoextrud.com\/product\/aluminium-extrusion-bar-outdoor-power-aluminum-case\/\" target=\"_blank\">Aluminium Extrusion Bar Outdoor Power Aluminum Case<\/a><\/li>\r\n<li><a href=\"https:\/\/sinoextrud.com\/product\/aluminium-extrusion-linear-rail-china-factory\/\" target=\"_blank\">Aluminium Extrusion Linear Rail China Factory<\/a><\/li>\r\n<li><a href=\"https:\/\/sinoextrud.com\/product\/aluminium-extrusion-table\/\" target=\"_blank\">Aluminium Extrusion Table<\/a><\/li>\r\n<li><a href=\"https:\/\/sinoextrud.com\/product\/aluminium-extrusions-for-heavy-duty-surface-mounted-recessed-led-strip-light-channel\/\" target=\"_blank\">Aluminium extrusions for heavy duty surface mounted recessed LED strip light channel<\/a><\/li>\r\n<li><a href=\"https:\/\/sinoextrud.com\/product\/aluminium-lipped-channel-extrusions\/\" target=\"_blank\">Aluminium Lipped Channel Extrusions<\/a><\/li>\r\n<li><a href=\"https:\/\/sinoextrud.com\/product\/aluminium-profile-for-glass-railing\/\" target=\"_blank\">Aluminium Profile For Glass Railing<\/a><\/li>\r\n<li><a href=\"https:\/\/sinoextrud.com\/product\/aluminium-profile-h\/\" target=\"_blank\">Aluminium Profile H<\/a><\/li>\r\n<li><a href=\"https:\/\/sinoextrud.com\/product\/aluminium-profiles-and-accessories\/\" target=\"_blank\">Aluminium Profiles And Accessories<\/a><\/li>\r\n<li><a href=\"https:\/\/sinoextrud.com\/product\/aluminium-profile-glass-curtain-wall-system\/\" target=\"_blank\">Aluminium Profile Glass Curtain Wall System<\/a><\/li>\r\n<li><a href=\"https:\/\/sinoextrud.com\/product\/greenhouse-aluminum-profile-customized-aluminum-profile-beam-powder-coated\/\" target=\"_blank\">greenhouse aluminum profile customized aluminum profile beam powder coated<\/a><\/li>"},"feature_list":[]},"_links":{"self":[{"href":"https:\/\/sinoextrud.com\/de\/wp-json\/wp\/v2\/product\/8122","targetHints":{"allow":["GET"]}}],"collection":[{"href":"https:\/\/sinoextrud.com\/de\/wp-json\/wp\/v2\/product"}],"about":[{"href":"https:\/\/sinoextrud.com\/de\/wp-json\/wp\/v2\/types\/product"}],"wp:featuredmedia":[{"embeddable":true,"href":"https:\/\/sinoextrud.com\/de\/wp-json\/wp\/v2\/media\/8121"}],"wp:attachment":[{"href":"https:\/\/sinoextrud.com\/de\/wp-json\/wp\/v2\/media?parent=8122"}],"wp:term":[{"taxonomy":"category","embeddable":true,"href":"https:\/\/sinoextrud.com\/de\/wp-json\/wp\/v2\/categories?post=8122"}],"curies":[{"name":"wp","href":"https:\/\/api.w.org\/{rel}","templated":true}]}}