{"id":8116,"date":"2025-06-13T02:13:25","date_gmt":"2025-06-13T02:13:25","guid":{"rendered":"https:\/\/sinoextrud.com\/product\/aluminium-extrusion-bar-outdoor-power-aluminum-case\/"},"modified":"2025-06-24T06:23:05","modified_gmt":"2025-06-24T06:23:05","slug":"aluminium-strangpressprofil-fur-den-auseneinsatz-aluminiumgehause","status":"publish","type":"product","link":"https:\/\/sinoextrud.com\/de\/product\/aluminium-extrusion-bar-outdoor-power-aluminum-case\/","title":{"rendered":"Aluminium-Strangpressprofil f\u00fcr den Au\u00dfeneinsatz Aluminiumgeh\u00e4use"},"content":{"rendered":"<h2>Produkte Details<\/h2>\n<table class=\"custom-table\">\n<tbody>\n<tr>\n<td> Name des Produkts<\/td>\n<td> Aluminium-Strangpressprofil f\u00fcr Lampenmast im Freien Aluminiumgeh\u00e4use<\/td>\n<\/tr>\n<tr>\n<td> Material Legierungsgrad<\/td>\n<td> 6063-T5<\/td>\n<\/tr>\n<tr>\n<td> Gr\u00f6\u00dfe<\/td>\n<td> 1-9m, Anpassung<\/td>\n<\/tr>\n<tr>\n<td> Behandlung der Oberfl\u00e4che<\/td>\n<td> B\u00fcrste, Anpassung<\/td>\n<\/tr>\n<tr>\n<td> Farbe<\/td>\n<td> walzblank, viele Farben nach Kundenwunsch<\/td>\n<\/tr>\n<tr>\n<td> Anmeldung<\/td>\n<td> Laternenmast, Aluminiumgeh\u00e4use f\u00fcr den Au\u00dfenbereich, usw.<\/td>\n<\/tr>\n<tr>\n<td> Marke<\/td>\n<td> Sinoextrud \/ Sinoextrud Aluminium<\/td>\n<\/tr>\n<\/tbody>\n<\/table>\n<h2>Unsere Produktionsbasis<\/h2>\n<h3>Fabrik-Panorama<\/h3>\n<p><img decoding=\"async\" src=\"\/wp-content\/uploads\/factory-01.webp\"\/><\/p>\n<h3>Werkstatt zur Herstellung von Aluminiumstangen<\/h3>\n<p><img decoding=\"async\" src=\"\/wp-content\/uploads\/factory-02.webp\"\/><\/p>\n<p><img decoding=\"async\" src=\"\/wp-content\/uploads\/factory-03.webp\"\/><\/p>\n<h3>Lagerhaus f\u00fcr Formen<\/h3>\n<p><img decoding=\"async\" src=\"\/wp-content\/uploads\/factory-04.webp\"\/><\/p>\n<h3>43 Aluminium-Strangpressanlagen (500\u00e2\u20ac\"5500 Tonnen)<\/h3>\n<p><img decoding=\"async\" src=\"\/wp-content\/uploads\/factory-05.webp\"\/><\/p>\n<p><img decoding=\"async\" src=\"\/wp-content\/uploads\/factory-06.webp\"\/><\/p>\n<p><img decoding=\"async\" src=\"\/wp-content\/uploads\/factory-07.webp\"\/><\/p>\n<h3>Werkstatt f\u00fcr Pulverbeschichtung<\/h3>\n<p><img decoding=\"async\" src=\"\/wp-content\/uploads\/factory-09.webp\"\/><\/p>\n<h3>Eloxal-Werkstatt<\/h3>\n<p><img decoding=\"async\" src=\"\/wp-content\/uploads\/factory-10.webp\"\/><\/p>\n<h3>Workshop zur Tiefenverarbeitung<\/h3>\n<p><img decoding=\"async\" src=\"\/wp-content\/uploads\/factory-11.webp\"\/><\/p>\n<h3>CNC-Pr\u00e4zisionsbearbeitungswerkstatt<\/h3>\n<p><img decoding=\"async\" src=\"\/wp-content\/uploads\/factory-11.5.webp\"\/><\/p>\n<h3>Lager f\u00fcr Fertigprodukte und Export<\/h3>\n<p><img decoding=\"async\" src=\"\/wp-content\/uploads\/factory-12.webp\"\/><\/p>\n<p><img decoding=\"async\" src=\"\/wp-content\/uploads\/factory-13.webp\"\/><\/p>\n<p><img decoding=\"async\" src=\"\/wp-content\/uploads\/factory-14.webp\"\/><\/p>\n<h2>FAQ<\/h2>\n<p><p><b>1. was macht die Aluminium-Strangpressprofile ideal f\u00fcr Anwendungen im Freien? <\/b><\/p>\n<p>Das korrosions- und witterungsbest\u00e4ndige Design sorgt daf\u00fcr, dass das Aluminiumgeh\u00e4use einen zuverl\u00e4ssigen Schutz f\u00fcr Stromversorgungsger\u00e4te im Freien in rauen Umgebungen bietet.<br \/>\n<\/p><br \/>\n<br \/>\n<p><b>2. wie wirkt sich die Aluminiumkonstruktion auf die Festigkeit des Koffers aus? <\/b><\/p>\n<p>Aluminium ist ein leichtes und dennoch stabiles Material, das gew\u00e4hrleistet, dass der Koffer sowohl langlebig als auch einfach zu handhaben ist, ohne dabei an Festigkeit einzub\u00fc\u00dfen.<br \/>\n<\/p><br \/>\n<br \/>\n<p><b>3. ist die Aluminium Extrusion Bar Fall anpassbar f\u00fcr verschiedene Gr\u00f6\u00dfen? <\/b><\/p>\n<p>Ja, das Geh\u00e4use l\u00e4sst sich in Bezug auf Gr\u00f6\u00dfe, Form und Design an die jeweiligen Projektanforderungen anpassen und bietet somit Flexibilit\u00e4t f\u00fcr verschiedene Anwendungen.<br \/>\n<\/p><br \/>\n<br \/>\n<p><b>4. wie f\u00f6rdert die Konstruktion eine effiziente W\u00e4rmeabgabe? <\/b><\/p>\n<p>Das Extrusionsdesign verf\u00fcgt \u00fcber Merkmale, die die Luftzirkulation verbessern und sicherstellen, dass die internen Komponenten k\u00fchl bleiben und auch bei starker Beanspruchung optimal funktionieren.<br \/>\n<\/p><br \/>\n<br \/>\n<p><b>5. kann der Koffer bei extremen Wetterbedingungen verwendet werden? <\/b><\/p>\n<p>Ja, das Aluminiumgeh\u00e4use ist wetterfest und korrosionsbest\u00e4ndig und damit ideal f\u00fcr den Einsatz unter extremen Au\u00dfenbedingungen wie Regen, Schnee und hohen Temperaturen.<br \/>\n<\/p><br \/>\n<br \/>\n<p><b>6. welche Vorteile hat die Verwendung von Aluminium f\u00fcr die Umwelt? <\/b><\/p>\n<p>Aluminium ist ein recycelbares Material, was das Geh\u00e4use zu einer umweltfreundlichen Option macht, die die Nachhaltigkeit unterst\u00fctzt und gleichzeitig einen hochwertigen Schutz f\u00fcr Elektroger\u00e4te bietet.<br \/>\n<\/p><br \/>\n<br \/>\n<p><b>7. wie verbessert das Aluminium-Strangpressprofil die Gesamtleistung von Stromversorgungssystemen im Freien? <\/b><\/p>\n<p>Die leichten, langlebigen und w\u00e4rmeableitenden Eigenschaften des Aluminiumgeh\u00e4uses sorgen daf\u00fcr, dass Stromversorgungssysteme f\u00fcr den Au\u00dfenbereich auch unter schwierigen Bedingungen funktionsf\u00e4hig und effizient bleiben.<br \/>\n<\/p><br \/><\/p>","protected":false},"featured_media":8115,"template":"","categories":[54],"class_list":["post-8116","product","type-product","status-publish","has-post-thumbnail","hentry","category-industrial-aluminum-profiles"],"meta_box":{"hilight_text_group":{"product_hilight_text":"<ul>\r\r\n  <li>Durable aluminum extrusion bar design offers excellent protection for outdoor power applications.<\/li>\r\r\n  <li>Corrosion-resistant and weatherproof, making it ideal for outdoor environments and harsh weather conditions.<\/li>\r\r\n  <li>Lightweight yet strong aluminum construction, providing both strength and portability for power devices.<\/li>\r\r\n  <li>Efficient heat dissipation design to keep the internal components cool and maintain optimal performance.<\/li>\r\r\n  <li>Customizable sizes and designs to meet specific industrial, commercial, or residential needs.<\/li>\r\r\n  <li>Easy to assemble and modify, allowing for quick integration into different outdoor power systems.<\/li>\r\r\n  <li>Eco-friendly and recyclable material, promoting sustainability while providing robust protection.<\/li>\r\r\n<\/ul>","product_chanpin_blog":"<ul>\r\r\n<li><a href=\"https:\/\/sinoextrud.com\/t-slot-v-slot-differences\/\" target=\"_blank\">t slot vs v slot<\/a><\/li>\r\r\n<li><a href=\"https:\/\/sinoextrud.com\/what-is-4040-aluminium-extrud\/\" target=\"_blank\">4040 aluminium extrusion<\/a><\/li>\r\r\n<li><a href=\"https:\/\/sinoextrud.com\/what-is-4040-aluminium-extrud\/\" target=\"_blank\">aluminum extrusions for industrial racks<\/a><\/li>\r\r\n<li><a href=\"https:\/\/sinoextrud.com\/powder-coating-aluminium-process\/\" target=\"_blank\">powder coating aluminium<\/a><\/li>\r\r\n<li><a href=\"https:\/\/sinoextrud.com\/what-is-an-aluminium-strip-ceiling\/\" target=\"_blank\">aluminium strip ceiling<\/a><\/li>\r\r\n<li><a href=\"https:\/\/sinoextrud.com\/what-is-a-heat-sink\/\" target=\"_blank\">what is a heat sink<\/a><\/li>\r\r\n<\/ul>","product_chanpin_chanpin":"<li><a href=\"https:\/\/sinoextrud.com\/product\/alu-profile-system\/\" target=\"_blank\">Alu Profile System<\/a><\/li>\r\n<li><a href=\"https:\/\/sinoextrud.com\/product\/aluminium-alloy-material-frame\/\" target=\"_blank\">Aluminium Alloy Material Frame<\/a><\/li>\r\n<li><a href=\"https:\/\/sinoextrud.com\/product\/aluminium-angle-profiles\/\" target=\"_blank\">Aluminium Angle Profiles<\/a><\/li>\r\n<li><a href=\"https:\/\/sinoextrud.com\/product\/aluminium-enclosure\/\" target=\"_blank\">Aluminium Enclosure<\/a><\/li>\r\n<li><a href=\"https:\/\/sinoextrud.com\/product\/aluminium-extrusion-bar-outdoor-power-aluminum-case\/\" target=\"_blank\">Aluminium Extrusion Bar Outdoor Power Aluminum Case<\/a><\/li>\r\n<li><a href=\"https:\/\/sinoextrud.com\/product\/aluminium-extrusion-linear-rail-china-factory\/\" target=\"_blank\">Aluminium Extrusion Linear Rail China Factory<\/a><\/li>\r\n<li><a href=\"https:\/\/sinoextrud.com\/product\/aluminium-extrusion-table\/\" target=\"_blank\">Aluminium Extrusion Table<\/a><\/li>\r\n<li><a href=\"https:\/\/sinoextrud.com\/product\/aluminium-extrusions-for-heavy-duty-surface-mounted-recessed-led-strip-light-channel\/\" target=\"_blank\">Aluminium extrusions for heavy duty surface mounted recessed LED strip light channel<\/a><\/li>\r\n<li><a href=\"https:\/\/sinoextrud.com\/product\/aluminium-lipped-channel-extrusions\/\" target=\"_blank\">Aluminium Lipped Channel Extrusions<\/a><\/li>\r\n<li><a href=\"https:\/\/sinoextrud.com\/product\/aluminum-extrusion-custom-electric-vehicle-battery-enclosure-aluminum-profile\/\" target=\"_blank\">Aluminum Extrusion Custom Electric Vehicle Battery Enclosure Aluminum Profile<\/a><\/li>\r\n<li><a href=\"https:\/\/sinoextrud.com\/product\/sandblasted-aluminum-finish-profile\/\" target=\"_blank\">Sandblasted Aluminum Finish Profile<\/a><\/li>"},"feature_list":[]},"_links":{"self":[{"href":"https:\/\/sinoextrud.com\/de\/wp-json\/wp\/v2\/product\/8116","targetHints":{"allow":["GET"]}}],"collection":[{"href":"https:\/\/sinoextrud.com\/de\/wp-json\/wp\/v2\/product"}],"about":[{"href":"https:\/\/sinoextrud.com\/de\/wp-json\/wp\/v2\/types\/product"}],"wp:featuredmedia":[{"embeddable":true,"href":"https:\/\/sinoextrud.com\/de\/wp-json\/wp\/v2\/media\/8115"}],"wp:attachment":[{"href":"https:\/\/sinoextrud.com\/de\/wp-json\/wp\/v2\/media?parent=8116"}],"wp:term":[{"taxonomy":"category","embeddable":true,"href":"https:\/\/sinoextrud.com\/de\/wp-json\/wp\/v2\/categories?post=8116"}],"curies":[{"name":"wp","href":"https:\/\/api.w.org\/{rel}","templated":true}]}}