{"id":8112,"date":"2025-06-13T02:07:32","date_gmt":"2025-06-13T02:07:32","guid":{"rendered":"https:\/\/sinoextrud.com\/product\/aluminium-angle-profiles\/"},"modified":"2025-06-24T06:23:05","modified_gmt":"2025-06-24T06:23:05","slug":"aluminium-winkelprofile","status":"publish","type":"product","link":"https:\/\/sinoextrud.com\/de\/product\/aluminium-angle-profiles\/","title":{"rendered":"Aluminium-Winkelprofile"},"content":{"rendered":"<h2>Produkte Details<\/h2>\n<table class=\"custom-table\">\n<tr>\n<td class=\"label\">Artikel:<\/td>\n<td> Aluminium-Winkelprofile, Aluminium-Winkelprofil, Aluminium-L-Form-Profil, Aluminium-Konusprofil<\/td>\n<\/tr>\n<tr>\n<td class=\"label\">Art:<\/td>\n<td> Aluminiumprofil f\u00fcr Dekoration, Aluminiumprofil f\u00fcr Industrie<\/td>\n<\/tr>\n<tr>\n<td class=\"label\">Die Form:<\/td>\n<td> L Form<\/td>\n<\/tr>\n<tr>\n<td class=\"label\">Temperament:<\/td>\n<td> T3-T8<\/td>\n<\/tr>\n<tr>\n<td class=\"label\">Legierung:<\/td>\n<td> Legierung<\/td>\n<\/tr>\n<tr>\n<td class=\"label\">Note:<\/td>\n<td> Serie 6000<\/td>\n<\/tr>\n<tr>\n<td class=\"label\">Zertifizierung:<\/td>\n<td> CE, ISO, RoHS, SGS, TUV<\/td>\n<\/tr>\n<tr>\n<td class=\"label\">Gr\u00f6\u00dfe:<\/td>\n<td> als Zeichnung oder kundenspezifisch<\/td>\n<\/tr>\n<tr>\n<td class=\"label\">Transport-Paket:<\/td>\n<td> Kunststoff-Schutzfolie &amp; wasserfestes Bastelpapier<\/td>\n<\/tr>\n<tr>\n<td class=\"label\">Oberfl\u00e4chenbehandlung:<\/td>\n<td> Mill Finish, Eloxiert, Holzmaserung, Pulverbeschichtet, Elektrophorese, Geb\u00fcrstet etc.<\/td>\n<\/tr>\n<tr>\n<td class=\"label\">Farbe:<\/td>\n<td> Silber, Gold, Bronze, Schwarz, Wei\u00df, etc.<\/td>\n<\/tr>\n<tr>\n<td class=\"label\">Warenzeichen:<\/td>\n<td> Sinoextrud<\/td>\n<\/tr>\n<tr>\n<td class=\"label\">Original:<\/td>\n<td> Foshan, China<\/td>\n<\/tr>\n<\/table>\n<h2>Unsere Produktionsbasis<\/h2>\n<h3>Fabrik-Panorama<\/h3>\n<p><img decoding=\"async\" src=\"\/wp-content\/uploads\/factory-01.webp\"\/><\/p>\n<h3>Werkstatt zur Herstellung von Aluminiumstangen<\/h3>\n<p><img decoding=\"async\" src=\"\/wp-content\/uploads\/factory-02.webp\"\/><\/p>\n<p><img decoding=\"async\" src=\"\/wp-content\/uploads\/factory-03.webp\"\/><\/p>\n<h3>Lagerhaus f\u00fcr Formen<\/h3>\n<p><img decoding=\"async\" src=\"\/wp-content\/uploads\/factory-04.webp\"\/><\/p>\n<h3>43 Aluminium-Strangpressanlagen (500\u00e2\u20ac\"5500 Tonnen)<\/h3>\n<p><img decoding=\"async\" src=\"\/wp-content\/uploads\/factory-05.webp\"\/><\/p>\n<p><img decoding=\"async\" src=\"\/wp-content\/uploads\/factory-06.webp\"\/><\/p>\n<p><img decoding=\"async\" src=\"\/wp-content\/uploads\/factory-07.webp\"\/><\/p>\n<h3>Werkstatt f\u00fcr Pulverbeschichtung<\/h3>\n<p><img decoding=\"async\" src=\"\/wp-content\/uploads\/factory-09.webp\"\/><\/p>\n<h3>Eloxal-Werkstatt<\/h3>\n<p><img decoding=\"async\" src=\"\/wp-content\/uploads\/factory-10.webp\"\/><\/p>\n<h3>Workshop zur Tiefenverarbeitung<\/h3>\n<p><img decoding=\"async\" src=\"\/wp-content\/uploads\/factory-11.webp\"\/><\/p>\n<h3>CNC-Pr\u00e4zisionsbearbeitungswerkstatt<\/h3>\n<p><img decoding=\"async\" src=\"\/wp-content\/uploads\/factory-11.5.webp\"\/><\/p>\n<h3>Lager f\u00fcr Fertigprodukte und Export<\/h3>\n<p><img decoding=\"async\" src=\"\/wp-content\/uploads\/factory-12.webp\"\/><\/p>\n<p><img decoding=\"async\" src=\"\/wp-content\/uploads\/factory-13.webp\"\/><\/p>\n<p><img decoding=\"async\" src=\"\/wp-content\/uploads\/factory-14.webp\"\/><\/p>\n<h2>FAQ<\/h2>\n<p><p><b>1. was sind die Vorteile von Aluminium-Winkelprofilen?<\/b><\/p>\n<p>Aluminium-Winkelprofile zeichnen sich durch Langlebigkeit, geringes Gewicht, Korrosionsbest\u00e4ndigkeit und Vielseitigkeit aus und eignen sich f\u00fcr eine breite Palette von Konstruktions- und Rahmenanwendungen.<br \/>\n<\/p><br \/>\n<br \/>\n<p><b>2. wie verbessert das Aluminiummaterial die Leistung von Winkelprofilen?<\/b><\/p>\n<p>Aluminium bietet ein hervorragendes Verh\u00e4ltnis von Festigkeit zu Gewicht, Korrosionsbest\u00e4ndigkeit und Haltbarkeit und ist damit ein ideales Material f\u00fcr zuverl\u00e4ssige, langlebige Winkelprofile.<br \/>\n<\/p><br \/>\n<br \/>\n<p><b>3. k\u00f6nnen Aluminium-Winkelprofile angepasst werden?<\/b><\/p>\n<p>Ja, sie k\u00f6nnen in Bezug auf Gr\u00f6\u00dfe, Form und Ausf\u00fchrung an spezifische Projektanforderungen und Anwendungen angepasst werden.<br \/>\n<\/p><br \/>\n<br \/>\n<p><b>4. wie korrosionsbest\u00e4ndig sind Aluminium-Winkelprofile?<\/b><\/p>\n<p>Aluminium ist von Natur aus korrosionsbest\u00e4ndig und sorgt daf\u00fcr, dass die Winkelprofile auch unter rauen Bedingungen ihre Leistung und ihr Aussehen behalten.<br \/>\n<\/p><br \/>\n<br \/>\n<p><b>5. welche Branchen verwenden Aluminium-Winkelprofile?<\/b><\/p>\n<p>Sie finden breite Anwendung im Bauwesen, in der Fertigung, in der Automatisierungstechnik und in verschiedenen anderen Industriezweigen, in denen starke und anpassungsf\u00e4hige Strukturkomponenten ben\u00f6tigt werden.<br \/>\n<\/p><br \/>\n<br \/>\n<p><b>6. welche Vorteile bietet das geringe Gewicht von Aluminium-Winkelprofilen bei Projekten?<\/b><\/p>\n<p>Durch ihr geringes Gewicht sind sie leicht zu handhaben, zu transportieren und zu montieren, was die Arbeits- und Transportkosten senkt und gleichzeitig die Festigkeit erh\u00e4lt.<br \/>\n<\/p><br \/>\n<br \/>\n<p><b>7. wie kosteng\u00fcnstig sind Aluminium-Winkelprofile?<\/b><\/p>\n<p>Aufgrund ihrer Langlebigkeit, einfachen Handhabung und Vielseitigkeit sind sie eine kosteneffiziente L\u00f6sung, die dazu beitr\u00e4gt, die Gesamtkosten bei Rahmen- und Bauprojekten zu senken.<br \/>\n<\/p><br \/><\/p>","protected":false},"featured_media":8111,"template":"","categories":[54],"class_list":["post-8112","product","type-product","status-publish","has-post-thumbnail","hentry","category-industrial-aluminum-profiles"],"meta_box":{"hilight_text_group":{"product_hilight_text":"<li>High-strength aluminum construction, offering superior durability and resistance to wear and tear.<\/li>\r\r\n<li>Lightweight yet sturdy, making it easy to handle and ideal for a variety of structural applications.<\/li>\r\r\n<li>Corrosion-resistant, ensuring long-lasting performance in both indoor and outdoor environments.<\/li>\r\r\n<li>Versatile design, perfect for framing, support structures, and custom projects across various industries.<\/li>\r\r\n<li>Cost-effective solution for building strong, stable systems with minimal tooling and assembly requirements.<\/li>","product_chanpin_blog":"<ul>\r\r\n<li><a href=\"https:\/\/sinoextrud.com\/t-slot-v-slot-differences\/\" target=\"_blank\">t slot vs v slot<\/a><\/li>\r\r\n<li><a href=\"https:\/\/sinoextrud.com\/what-is-4040-aluminium-extrud\/\" target=\"_blank\">4040 aluminium extrusion<\/a><\/li>\r\r\n<li><a href=\"https:\/\/sinoextrud.com\/what-is-4040-aluminium-extrud\/\" target=\"_blank\">aluminum extrusions for industrial racks<\/a><\/li>\r\r\n<li><a href=\"https:\/\/sinoextrud.com\/powder-coating-aluminium-process\/\" target=\"_blank\">powder coating aluminium<\/a><\/li>\r\r\n<li><a href=\"https:\/\/sinoextrud.com\/what-is-an-aluminium-strip-ceiling\/\" target=\"_blank\">aluminium strip ceiling<\/a><\/li>\r\r\n<li><a href=\"https:\/\/sinoextrud.com\/what-is-a-heat-sink\/\" target=\"_blank\">what is a heat sink<\/a><\/li>\r\r\n<\/ul>","product_chanpin_chanpin":"<li><a href=\"https:\/\/sinoextrud.com\/product\/6063-and-6061-extruded-led-lighting-telecommunications-and-audio-industrial-aluminum-heat-sink-profile\/\" target=\"_blank\">6063 and 6061 Extruded LED Lighting Telecommunications and Audio Industrial Aluminum Heat Sink Profile<\/a><\/li>\r\n<li><a href=\"https:\/\/sinoextrud.com\/product\/6063-t5-alloy-industrial-aluminum-extrusions-aluminum-profile-with-anodized-surface-treatment\/\" target=\"_blank\">6063 T5 Alloy Industrial Aluminum Extrusions Aluminum Profile With Anodized Surface Treatment<\/a><\/li>\r\n<li><a href=\"https:\/\/sinoextrud.com\/product\/alu-profile-system\/\" target=\"_blank\">Alu Profile System<\/a><\/li>\r\n<li><a href=\"https:\/\/sinoextrud.com\/product\/aluminium-alloy-material-frame\/\" target=\"_blank\">Aluminium Alloy Material Frame<\/a><\/li>\r\n<li><a href=\"https:\/\/sinoextrud.com\/product\/aluminium-angle-profiles\/\" target=\"_blank\">Aluminium Angle Profiles<\/a><\/li>\r\n<li><a href=\"https:\/\/sinoextrud.com\/product\/aluminium-enclosure\/\" target=\"_blank\">Aluminium Enclosure<\/a><\/li>\r\n<li><a href=\"https:\/\/sinoextrud.com\/product\/aluminium-extrusion-bar-outdoor-power-aluminum-case\/\" target=\"_blank\">Aluminium Extrusion Bar Outdoor Power Aluminum Case<\/a><\/li>\r\n<li><a href=\"https:\/\/sinoextrud.com\/product\/aluminium-extrusion-linear-rail-china-factory\/\" target=\"_blank\">Aluminium Extrusion Linear Rail China Factory<\/a><\/li>\r\n<li><a href=\"https:\/\/sinoextrud.com\/product\/aluminium-extrusion-table\/\" target=\"_blank\">Aluminium Extrusion Table<\/a><\/li>\r\n<li><a href=\"https:\/\/sinoextrud.com\/product\/aluminium-sliding-door-matt-bronze\/\" target=\"_blank\">Aluminium Sliding Door Matt Bronze<\/a><\/li>\r\n<li><a href=\"https:\/\/sinoextrud.com\/product\/c-beam-aluminum-extrusion\/\" target=\"_blank\">C Beam Aluminum Extrusion<\/a><\/li>"},"feature_list":[]},"_links":{"self":[{"href":"https:\/\/sinoextrud.com\/de\/wp-json\/wp\/v2\/product\/8112","targetHints":{"allow":["GET"]}}],"collection":[{"href":"https:\/\/sinoextrud.com\/de\/wp-json\/wp\/v2\/product"}],"about":[{"href":"https:\/\/sinoextrud.com\/de\/wp-json\/wp\/v2\/types\/product"}],"wp:featuredmedia":[{"embeddable":true,"href":"https:\/\/sinoextrud.com\/de\/wp-json\/wp\/v2\/media\/8111"}],"wp:attachment":[{"href":"https:\/\/sinoextrud.com\/de\/wp-json\/wp\/v2\/media?parent=8112"}],"wp:term":[{"taxonomy":"category","embeddable":true,"href":"https:\/\/sinoextrud.com\/de\/wp-json\/wp\/v2\/categories?post=8112"}],"curies":[{"name":"wp","href":"https:\/\/api.w.org\/{rel}","templated":true}]}}