{"id":8110,"date":"2025-06-13T02:05:56","date_gmt":"2025-06-13T02:05:56","guid":{"rendered":"https:\/\/sinoextrud.com\/product\/aluminium-alloy-material-frame\/"},"modified":"2025-06-24T06:23:04","modified_gmt":"2025-06-24T06:23:04","slug":"rahmen-aus-aluminiumlegierung","status":"publish","type":"product","link":"https:\/\/sinoextrud.com\/de\/product\/aluminium-alloy-material-frame\/","title":{"rendered":"Aluminium-Legierung Material Rahmen"},"content":{"rendered":"<h2>Produkte Details<\/h2>\n<table class=\"custom-table\">\n<tbody>\n<tr>\n<td> Material<\/td>\n<td> Aluminiumlegierung: 6061 \/6063 T3-T8<\/td>\n<\/tr>\n<tr>\n<td> Form<\/td>\n<td> nach Zeichnung und Muster (quadratisch, winklig, flach, T-Profil, Rundung, oval, Schlitz)<\/td>\n<\/tr>\n<tr>\n<td> Tiefenbearbeitung<\/td>\n<td> Pr\u00e4zises Schneiden, Bohren, Gewindeschneiden, CNC-Fr\u00e4sen, CNC-Drehen und so weiter.<\/td>\n<\/tr>\n<tr>\n<td> Oberfl\u00e4chenbehandlung<\/td>\n<td> Polieren, B\u00fcrsten, Eloxieren, Galvanisieren, Pulverbeschichten, Sandstrahlen, Malen, usw.<\/td>\n<\/tr>\n<\/tbody>\n<\/table>\n<h2>Unsere Produktionsbasis<\/h2>\n<h3>Fabrik-Panorama<\/h3>\n<p><img decoding=\"async\" src=\"\/wp-content\/uploads\/factory-01.webp\"\/><\/p>\n<h3>Werkstatt zur Herstellung von Aluminiumstangen<\/h3>\n<p><img decoding=\"async\" src=\"\/wp-content\/uploads\/factory-02.webp\"\/><\/p>\n<p><img decoding=\"async\" src=\"\/wp-content\/uploads\/factory-03.webp\"\/><\/p>\n<h3>Lagerhaus f\u00fcr Formen<\/h3>\n<p><img decoding=\"async\" src=\"\/wp-content\/uploads\/factory-04.webp\"\/><\/p>\n<h3>43 Aluminium-Strangpressanlagen (500\u00e2\u20ac\"5500 Tonnen)<\/h3>\n<p><img decoding=\"async\" src=\"\/wp-content\/uploads\/factory-05.webp\"\/><\/p>\n<p><img decoding=\"async\" src=\"\/wp-content\/uploads\/factory-06.webp\"\/><\/p>\n<p><img decoding=\"async\" src=\"\/wp-content\/uploads\/factory-07.webp\"\/><\/p>\n<h3>Werkstatt f\u00fcr Pulverbeschichtung<\/h3>\n<p><img decoding=\"async\" src=\"\/wp-content\/uploads\/factory-09.webp\"\/><\/p>\n<h3>Eloxal-Werkstatt<\/h3>\n<p><img decoding=\"async\" src=\"\/wp-content\/uploads\/factory-10.webp\"\/><\/p>\n<h3>Workshop zur Tiefenverarbeitung<\/h3>\n<p><img decoding=\"async\" src=\"\/wp-content\/uploads\/factory-11.webp\"\/><\/p>\n<h3>CNC-Pr\u00e4zisionsbearbeitungswerkstatt<\/h3>\n<p><img decoding=\"async\" src=\"\/wp-content\/uploads\/factory-11.5.webp\"\/><\/p>\n<h3>Lager f\u00fcr Fertigprodukte und Export<\/h3>\n<p><img decoding=\"async\" src=\"\/wp-content\/uploads\/factory-12.webp\"\/><\/p>\n<p><img decoding=\"async\" src=\"\/wp-content\/uploads\/factory-13.webp\"\/><\/p>\n<p><img decoding=\"async\" src=\"\/wp-content\/uploads\/factory-14.webp\"\/><\/p>\n<h2>FAQ<\/h2>\n<p><p><b>1. wof\u00fcr wird ein Rahmen aus Aluminiumlegierung verwendet? <\/b><\/p>\n<p> Rahmen aus Aluminiumlegierungen werden aufgrund ihrer Festigkeit, Haltbarkeit und ihres geringen Gewichts f\u00fcr strukturelle, architektonische und industrielle Anwendungen verwendet.<br \/>\n<\/p><br \/>\n<br \/>\n<p><b>2. warum eine Aluminiumlegierung f\u00fcr Rahmenl\u00f6sungen? <\/b><\/p>\n<p> Die Aluminiumlegierung ist eine starke und dennoch leichte Alternative zu Stahl und bietet Korrosionsbest\u00e4ndigkeit und eine einfachere Installation.<br \/>\n<\/p><br \/>\n<br \/>\n<p><b>3. k\u00f6nnen Rahmen aus Aluminiumlegierung individuell angepasst werden? <\/b><\/p>\n<p> Ja, Rahmen aus Aluminiumlegierungen sind in kundenspezifischen Gr\u00f6\u00dfen, Profilen und Oberfl\u00e4chenausf\u00fchrungen erh\u00e4ltlich, um spezifischen Projektanforderungen gerecht zu werden.<br \/>\n<\/p><br \/>\n<br \/>\n<p><b>4. sind Aluminiumrahmen f\u00fcr die Verwendung im Freien geeignet? <\/b><\/p>\n<p> Die korrosionsbest\u00e4ndigen Eigenschaften der Aluminiumlegierung machen sie zu einem idealen Material f\u00fcr Innen- und Au\u00dfenbereiche.<br \/>\n<\/p><br \/>\n<br \/>\n<p><b>5. welche Branchen verwenden Rahmen aus Aluminiumlegierungen? <\/b><\/p>\n<p> G\u00e4ngige Anwendungen sind Bauwesen, Solarenergie, Maschinen, Transport, Elektronik und modulare Systeme.<br \/>\n<\/p><br \/>\n<br \/>\n<p><b>6. wie tr\u00e4gt die Verwendung von Aluminiumrahmen zur Nachhaltigkeit bei? <\/b><\/p>\n<p> Aluminium ist 100% recycelbar, was es zu einer umweltfreundlichen Wahl f\u00fcr Hersteller macht, die sich auf eine umweltfreundliche Produktion konzentrieren.<br \/>\n<\/p><br \/>\n<br \/>\n<p><b>7. welche Veredelungsm\u00f6glichkeiten gibt es f\u00fcr Rahmen aus Aluminiumlegierungen? <\/b><\/p>\n<p> Wir bieten Eloxierung, Pulverbeschichtung und Walzoberfl\u00e4che an, um funktionalen und \u00e4sthetischen Anforderungen gerecht zu werden.<br \/>\n<\/p><br \/><\/p>","protected":false},"featured_media":8109,"template":"","categories":[54],"class_list":["post-8110","product","type-product","status-publish","has-post-thumbnail","hentry","category-industrial-aluminum-profiles"],"meta_box":{"hilight_text_group":{"product_hilight_text":"<li>Made from high-strength aluminium alloy for superior structural integrity.<\/li>\r\r\n<li>Lightweight material enables easier handling and reduced transport costs.<\/li>\r\r\n<li>Corrosion-resistant surface ensures long-term durability.<\/li>\r\r\n<li>Customizable frame sizes and finishes for diverse applications.<\/li>\r\r\n<li>Ideal for construction, display, machinery, and solar panel framing.<\/li>\r\r\n<li>Compatible with multiple assembly systems and connectors.<\/li>\r\r\n<li>Eco-friendly and recyclable material supports sustainable manufacturing.<\/li>","product_chanpin_blog":"<ul>\r\r\n<li><a href=\"https:\/\/sinoextrud.com\/t-slot-v-slot-differences\/\" target=\"_blank\">t slot vs v slot<\/a><\/li>\r\r\n<li><a href=\"https:\/\/sinoextrud.com\/what-is-4040-aluminium-extrud\/\" target=\"_blank\">4040 aluminium extrusion<\/a><\/li>\r\r\n<li><a href=\"https:\/\/sinoextrud.com\/what-is-4040-aluminium-extrud\/\" target=\"_blank\">aluminum extrusions for industrial racks<\/a><\/li>\r\r\n<li><a href=\"https:\/\/sinoextrud.com\/powder-coating-aluminium-process\/\" target=\"_blank\">powder coating aluminium<\/a><\/li>\r\r\n<li><a href=\"https:\/\/sinoextrud.com\/what-is-an-aluminium-strip-ceiling\/\" target=\"_blank\">aluminium strip ceiling<\/a><\/li>\r\r\n<li><a href=\"https:\/\/sinoextrud.com\/what-is-a-heat-sink\/\" target=\"_blank\">what is a heat sink<\/a><\/li>\r\r\n<\/ul>","product_chanpin_chanpin":"<li><a href=\"https:\/\/sinoextrud.com\/product\/40mm-aluminium-extrusion\/\" target=\"_blank\">40mm Aluminium Extrusion<\/a><\/li>\r\n<li><a href=\"https:\/\/sinoextrud.com\/product\/6063-and-6061-extruded-led-lighting-telecommunications-and-audio-industrial-aluminum-heat-sink-profile\/\" target=\"_blank\">6063 and 6061 Extruded LED Lighting Telecommunications and Audio Industrial Aluminum Heat Sink Profile<\/a><\/li>\r\n<li><a href=\"https:\/\/sinoextrud.com\/product\/6063-t5-alloy-industrial-aluminum-extrusions-aluminum-profile-with-anodized-surface-treatment\/\" target=\"_blank\">6063 T5 Alloy Industrial Aluminum Extrusions Aluminum Profile With Anodized Surface Treatment<\/a><\/li>\r\n<li><a href=\"https:\/\/sinoextrud.com\/product\/alu-profile-system\/\" target=\"_blank\">Alu Profile System<\/a><\/li>\r\n<li><a href=\"https:\/\/sinoextrud.com\/product\/aluminium-alloy-material-frame\/\" target=\"_blank\">Aluminium Alloy Material Frame<\/a><\/li>\r\n<li><a href=\"https:\/\/sinoextrud.com\/product\/aluminium-angle-profiles\/\" target=\"_blank\">Aluminium Angle Profiles<\/a><\/li>\r\n<li><a href=\"https:\/\/sinoextrud.com\/product\/aluminium-enclosure\/\" target=\"_blank\">Aluminium Enclosure<\/a><\/li>\r\n<li><a href=\"https:\/\/sinoextrud.com\/product\/aluminium-extrusion-bar-outdoor-power-aluminum-case\/\" target=\"_blank\">Aluminium Extrusion Bar Outdoor Power Aluminum Case<\/a><\/li>\r\n<li><a href=\"https:\/\/sinoextrud.com\/product\/aluminium-extrusion-linear-rail-china-factory\/\" target=\"_blank\">Aluminium Extrusion Linear Rail China Factory<\/a><\/li>\r\n<li><a href=\"https:\/\/sinoextrud.com\/product\/aluminium-square-tube-extrusion-profile-with-6063-t5-alloy-anodized-extruded-aluminium-profile\/\" target=\"_blank\">Aluminium Square Tube Extrusion Profile With 6063 T5 Alloy  Anodized Extruded Aluminium Profile<\/a><\/li>\r\n<li><a href=\"https:\/\/sinoextrud.com\/product\/anodized-aluminum-eectronic-equipment-enclosure\/\" target=\"_blank\">Anodized Aluminum Eectronic Equipment Enclosure<\/a><\/li>"},"feature_list":[]},"_links":{"self":[{"href":"https:\/\/sinoextrud.com\/de\/wp-json\/wp\/v2\/product\/8110","targetHints":{"allow":["GET"]}}],"collection":[{"href":"https:\/\/sinoextrud.com\/de\/wp-json\/wp\/v2\/product"}],"about":[{"href":"https:\/\/sinoextrud.com\/de\/wp-json\/wp\/v2\/types\/product"}],"wp:featuredmedia":[{"embeddable":true,"href":"https:\/\/sinoextrud.com\/de\/wp-json\/wp\/v2\/media\/8109"}],"wp:attachment":[{"href":"https:\/\/sinoextrud.com\/de\/wp-json\/wp\/v2\/media?parent=8110"}],"wp:term":[{"taxonomy":"category","embeddable":true,"href":"https:\/\/sinoextrud.com\/de\/wp-json\/wp\/v2\/categories?post=8110"}],"curies":[{"name":"wp","href":"https:\/\/api.w.org\/{rel}","templated":true}]}}