{"id":8098,"date":"2025-06-13T01:48:40","date_gmt":"2025-06-13T01:48:40","guid":{"rendered":"https:\/\/sinoextrud.com\/product\/2024-2014-alloy-aluminum-profiles\/"},"modified":"2025-06-24T06:23:02","modified_gmt":"2025-06-24T06:23:02","slug":"2024-2014-legierte-aluminiumprofile","status":"publish","type":"product","link":"https:\/\/sinoextrud.com\/de\/product\/2024-2014-alloy-aluminum-profiles\/","title":{"rendered":"2024 2014 Legierte Aluminium-Profile"},"content":{"rendered":"<h2>Produkte Details<\/h2>\n<table class=\"custom-table\">\n<tbody>\n<tr>\n<td> Name:<\/td>\n<td> 2024 2014 Legierte Aluminium-Profile<\/td>\n<\/tr>\n<tr>\n<td> Marke:<\/td>\n<td> Sinoextrud \/ Sinoextrud<\/td>\n<\/tr>\n<tr>\n<td> Material:<\/td>\n<td> Serie 2000<\/td>\n<\/tr>\n<tr>\n<td> Temperament:<\/td>\n<td> T4-T6<\/td>\n<\/tr>\n<tr>\n<td> L\u00e4nge:<\/td>\n<td> Personalisierung<\/td>\n<\/tr>\n<tr>\n<td> Oberfl\u00e4chenbehandlung:<\/td>\n<td> Walzoberfl\u00e4che, Eloxal, PVDF-Beschichtung usw.<\/td>\n<\/tr>\n<tr>\n<td> Verwendung:<\/td>\n<td> Industrie, Architektur<\/td>\n<\/tr>\n<tr>\n<td> Farbe:<\/td>\n<td> Kundenspezifisch<\/td>\n<\/tr>\n<tr>\n<td> Zertifizierung:<\/td>\n<td> ISO9001-2008, CE, BV, JIS, AS, NZS, QUALICOAT<\/td>\n<\/tr>\n<tr>\n<td> Fabrikation:<\/td>\n<td> Schneiden, Fr\u00e4sen, Bohren, Stanzen, etc.<\/td>\n<\/tr>\n<tr>\n<td> Von:<\/td>\n<td> Foshan, Guangdong, China<\/td>\n<\/tr>\n<\/tbody>\n<\/table>\n<h2>Unsere Produktionsbasis<\/h2>\n<h3>Fabrik-Panorama<\/h3>\n<p><img decoding=\"async\" src=\"\/wp-content\/uploads\/factory-01.webp\"\/><\/p>\n<h3>Werkstatt zur Herstellung von Aluminiumstangen<\/h3>\n<p><img decoding=\"async\" src=\"\/wp-content\/uploads\/factory-02.webp\"\/><\/p>\n<p><img decoding=\"async\" src=\"\/wp-content\/uploads\/factory-03.webp\"\/><\/p>\n<h3>Lagerhaus f\u00fcr Formen<\/h3>\n<p><img decoding=\"async\" src=\"\/wp-content\/uploads\/factory-04.webp\"\/><\/p>\n<h3>43 Aluminium-Strangpressanlagen (500\u00e2\u20ac\"5500 Tonnen)<\/h3>\n<p><img decoding=\"async\" src=\"\/wp-content\/uploads\/factory-05.webp\"\/><\/p>\n<p><img decoding=\"async\" src=\"\/wp-content\/uploads\/factory-06.webp\"\/><\/p>\n<p><img decoding=\"async\" src=\"\/wp-content\/uploads\/factory-07.webp\"\/><\/p>\n<h3>Werkstatt f\u00fcr Pulverbeschichtung<\/h3>\n<p><img decoding=\"async\" src=\"\/wp-content\/uploads\/factory-09.webp\"\/><\/p>\n<h3>Eloxal-Werkstatt<\/h3>\n<p><img decoding=\"async\" src=\"\/wp-content\/uploads\/factory-10.webp\"\/><\/p>\n<h3>Workshop zur Tiefenverarbeitung<\/h3>\n<p><img decoding=\"async\" src=\"\/wp-content\/uploads\/factory-11.webp\"\/><\/p>\n<h3>CNC-Pr\u00e4zisionsbearbeitungswerkstatt<\/h3>\n<p><img decoding=\"async\" src=\"\/wp-content\/uploads\/factory-11.5.webp\"\/><\/p>\n<h3>Lager f\u00fcr Fertigprodukte und Export<\/h3>\n<p><img decoding=\"async\" src=\"\/wp-content\/uploads\/factory-12.webp\"\/><\/p>\n<p><img decoding=\"async\" src=\"\/wp-content\/uploads\/factory-13.webp\"\/><\/p>\n<p><img decoding=\"async\" src=\"\/wp-content\/uploads\/factory-14.webp\"\/><\/p>\n<h2>FAQ<\/h2>\n<p><p><b>1. wof\u00fcr werden Aluminiumprofile aus den Jahren 2024 und 2014 verwendet? <\/b><\/p>\n<p> Aluminiumprofile der Legierungen 2024 und 2014 werden aufgrund ihrer ausgezeichneten Festigkeit und Erm\u00fcdungsbest\u00e4ndigkeit h\u00e4ufig in der Luft- und Raumfahrt, in der Automobilindustrie und bei hochbelasteten Konstruktionsanwendungen eingesetzt.<br \/>\n<\/p><br \/>\n<br \/>\n<p><b>2. was ist der Hauptunterschied zwischen den Aluminiumlegierungen 2024 und 2014? <\/b><\/p>\n<p> 2024 bietet eine h\u00f6here Erm\u00fcdungsbest\u00e4ndigkeit, w\u00e4hrend 2014 eine bessere Bearbeitbarkeit und eine etwas h\u00f6here Festigkeit aufweist, so dass beide f\u00fcr verschiedene Pr\u00e4zisionsanwendungen geeignet sind.<br \/>\n<\/p><br \/>\n<br \/>\n<p><b>3. sind Aluminiumprofile aus den Jahren 2024 und 2014 w\u00e4rmebehandelbar? <\/b><\/p>\n<p> Ja, sowohl die Legierungen 2024 als auch 2014 sind w\u00e4rmebehandelbar, was eine verbesserte mechanische Festigkeit und Leistung in anspruchsvollen Umgebungen erm\u00f6glicht.<br \/>\n<\/p><br \/>\n<br \/>\n<p><b>4. ist Aluminium 2024\/2014 f\u00fcr die Bearbeitung geeignet? <\/b><\/p>\n<p> Sowohl die Legierung 2024 als auch die Legierung 2014 lassen sich hervorragend zerspanen und sind daher ideal f\u00fcr detaillierte, hochpr\u00e4zise Bauteile.<br \/>\n<\/p><br \/>\n<br \/>\n<p><b>5. k\u00f6nnen die Aluminiumprofile 2024 und 2014 angepasst werden? <\/b><\/p>\n<p> Ja, wir bieten kundenspezifische Extrusionen, L\u00e4ngen und Oberfl\u00e4chenbehandlungen an, um spezifische industrielle und technische Projektanforderungen zu erf\u00fcllen.<br \/>\n<\/p><br \/>\n<br \/>\n<p><b>6. wie stark sind die Aluminiumprofile der Legierungen 2024 und 2014? <\/b><\/p>\n<p> Diese Legierungen geh\u00f6ren zu den h\u00f6chstfesten verf\u00fcgbaren Aluminiumwerkstoffen und eignen sich daher f\u00fcr strukturelle und tragende Anwendungen.<br \/>\n<\/p><br \/>\n<br \/>\n<p><b>7. sind diese Aluminiumprofile gut korrosionsbest\u00e4ndig? <\/b><\/p>\n<p> Obwohl sie eine gute Festigkeit aufweisen, sind die Legierungen 2024 und 2014 weniger korrosionsbest\u00e4ndig als andere G\u00fcten, so dass eine Oberfl\u00e4chenbehandlung oder Schutzbeschichtung f\u00fcr den Au\u00dfeneinsatz empfohlen wird.<br \/>\n<\/p><br \/><\/p>","protected":false},"featured_media":8097,"template":"","categories":[54],"class_list":["post-8098","product","type-product","status-publish","has-post-thumbnail","hentry","category-industrial-aluminum-profiles"],"meta_box":{"hilight_text_group":{"product_hilight_text":"<li>High-strength aluminum alloy ideal for structural and aerospace applications.<\/li>\r\r\n<li>Excellent machinability for precision components and complex designs.<\/li>\r\r\n<li>Superior fatigue resistance ensures long-term performance under stress.<\/li>\r\r\n<li>Good thermal and electrical conductivity for industrial use.<\/li>\r\r\n<li>Available in a range of custom extrusions and profiles.<\/li>\r\r\n<li>Lightweight material helps reduce overall assembly weight.<\/li>\r\r\n<li>Heat treatable to enhance mechanical properties and strength.<\/li>","product_chanpin_blog":"<ul>\r\r\n<li><a href=\"https:\/\/sinoextrud.com\/t-slot-v-slot-differences\/\" target=\"_blank\">t slot vs v slot<\/a><\/li>\r\r\n<li><a href=\"https:\/\/sinoextrud.com\/what-is-4040-aluminium-extrud\/\" target=\"_blank\">4040 aluminium extrusion<\/a><\/li>\r\r\n<li><a href=\"https:\/\/sinoextrud.com\/what-is-4040-aluminium-extrud\/\" target=\"_blank\">aluminum extrusions for industrial racks<\/a><\/li>\r\r\n<li><a href=\"https:\/\/sinoextrud.com\/powder-coating-aluminium-process\/\" target=\"_blank\">powder coating aluminium<\/a><\/li>\r\r\n<li><a href=\"https:\/\/sinoextrud.com\/what-is-an-aluminium-strip-ceiling\/\" target=\"_blank\">aluminium strip ceiling<\/a><\/li>\r\r\n<li><a href=\"https:\/\/sinoextrud.com\/what-is-a-heat-sink\/\" target=\"_blank\">what is a heat sink<\/a><\/li>\r\r\n<\/ul>","product_chanpin_chanpin":"<li><a href=\"https:\/\/sinoextrud.com\/product\/t-slot-framing-systems\/\" target=\"_blank\">T Slot Framing Systems<\/a><\/li>\r\n<li><a href=\"https:\/\/sinoextrud.com\/product\/sailboat-mast-extrusions\/\" target=\"_blank\">Sailboat mast extrusions<\/a><\/li>\r\n<li><a href=\"https:\/\/sinoextrud.com\/product\/v-rail-aluminum-extrusion-profiles-pipeline\/\" target=\"_blank\">V Rail Aluminum Extrusion Profiles Pipeline<\/a><\/li>\r\n<li><a href=\"https:\/\/sinoextrud.com\/product\/t-track-aluminium-extrusion-industrial-usage\/\" target=\"_blank\">T Track Aluminium Extrusion Industrial Usage<\/a><\/li>\r\n<li><a href=\"https:\/\/sinoextrud.com\/product\/2024-2014-alloy-aluminum-profiles\/\" target=\"_blank\">2024 2014 Alloy Aluminum Profiles<\/a><\/li>\r\n<li><a href=\"https:\/\/sinoextrud.com\/product\/300mm-aluminium-louvre-extrusion\/\" target=\"_blank\">300mm Aluminium Louvre Extrusion<\/a><\/li>\r\n<li><a href=\"https:\/\/sinoextrud.com\/product\/40mm-aluminium-extrusion\/\" target=\"_blank\">40mm Aluminium Extrusion<\/a><\/li>\r\n<li><a href=\"https:\/\/sinoextrud.com\/product\/6063-and-6061-extruded-led-lighting-telecommunications-and-audio-industrial-aluminum-heat-sink-profile\/\" target=\"_blank\">6063 and 6061 Extruded LED Lighting Telecommunications and Audio Industrial Aluminum Heat Sink Profile<\/a><\/li>\r\n<li><a href=\"https:\/\/sinoextrud.com\/product\/6063-t5-alloy-industrial-aluminum-extrusions-aluminum-profile-with-anodized-surface-treatment\/\" target=\"_blank\">6063 T5 Alloy Industrial Aluminum Extrusions Aluminum Profile With Anodized Surface Treatment<\/a><\/li>\r\n<li><a href=\"https:\/\/sinoextrud.com\/product\/aluminum-window-frames-mosquito-netting-suppliers\/\" target=\"_blank\">Aluminum Window Frames Mosquito Netting Suppliers<\/a><\/li>\r\n<li><a href=\"https:\/\/sinoextrud.com\/product\/small-aluminium-extrusions\/\" target=\"_blank\">Small Aluminium Extrusions<\/a><\/li>"},"feature_list":[]},"_links":{"self":[{"href":"https:\/\/sinoextrud.com\/de\/wp-json\/wp\/v2\/product\/8098","targetHints":{"allow":["GET"]}}],"collection":[{"href":"https:\/\/sinoextrud.com\/de\/wp-json\/wp\/v2\/product"}],"about":[{"href":"https:\/\/sinoextrud.com\/de\/wp-json\/wp\/v2\/types\/product"}],"wp:featuredmedia":[{"embeddable":true,"href":"https:\/\/sinoextrud.com\/de\/wp-json\/wp\/v2\/media\/8097"}],"wp:attachment":[{"href":"https:\/\/sinoextrud.com\/de\/wp-json\/wp\/v2\/media?parent=8098"}],"wp:term":[{"taxonomy":"category","embeddable":true,"href":"https:\/\/sinoextrud.com\/de\/wp-json\/wp\/v2\/categories?post=8098"}],"curies":[{"name":"wp","href":"https:\/\/api.w.org\/{rel}","templated":true}]}}