{"id":8096,"date":"2025-06-13T01:46:57","date_gmt":"2025-06-13T01:46:57","guid":{"rendered":"https:\/\/sinoextrud.com\/product\/t-track-aluminium-extrusion-industrial-usage\/"},"modified":"2025-06-24T06:23:01","modified_gmt":"2025-06-24T06:23:01","slug":"aluminium-strangpressprofile-fur-industrielle-zwecke","status":"publish","type":"product","link":"https:\/\/sinoextrud.com\/de\/product\/t-track-aluminium-extrusion-industrial-usage\/","title":{"rendered":"T Track Aluminium Extrusion Industrielle Verwendung"},"content":{"rendered":"<h2>Produkte Details<\/h2>\n<table class=\"custom-table\">\n<tbody>\n<tr>\n<td> Note:<\/td>\n<td> 6063 -t5<\/td>\n<\/tr>\n<tr>\n<td> Die Technik:<\/td>\n<td> T Track Aluminium Extrusion Industrielle Verwendung<\/td>\n<\/tr>\n<tr>\n<td> Temperament:<\/td>\n<td> T3 - T8<\/td>\n<\/tr>\n<tr>\n<td> Bearbeitende Dienstleistungen:<\/td>\n<td> Bohren, Gewindeschneiden, Nieten, Montage, etc.<\/td>\n<\/tr>\n<tr>\n<td> Warenzeichen:<\/td>\n<td> Sinoextrud Sinoextrud <\/td>\n<\/tr>\n<tr>\n<td> Art:<\/td>\n<td> T Track Aluminium Extrusion Industrielle Verwendung<\/td>\n<\/tr>\n<tr>\n<td> Die Form:<\/td>\n<td> Hergestellt nach Kundenwunsch<\/td>\n<\/tr>\n<tr>\n<td> Oberfl\u00e4chenbehandlung:<\/td>\n<td> Mill Finish Eloxiert Geb\u00fcrstet<\/td>\n<\/tr>\n<tr>\n<td> L\u00e4nge:<\/td>\n<td> 1m bis 9m pro L\u00e4nge<\/td>\n<\/tr>\n<tr>\n<td> Farben:<\/td>\n<td> Silber Schwarz<\/td>\n<\/tr>\n<tr>\n<td> HS-Code:<\/td>\n<td> 76042990<\/td>\n<\/tr>\n<\/tbody>\n<\/table>\n<h2>Unsere Produktionsbasis<\/h2>\n<h3>Fabrik-Panorama<\/h3>\n<p><img decoding=\"async\" src=\"\/wp-content\/uploads\/factory-01.webp\"\/><\/p>\n<h3>Werkstatt zur Herstellung von Aluminiumstangen<\/h3>\n<p><img decoding=\"async\" src=\"\/wp-content\/uploads\/factory-02.webp\"\/><\/p>\n<p><img decoding=\"async\" src=\"\/wp-content\/uploads\/factory-03.webp\"\/><\/p>\n<h3>Lagerhaus f\u00fcr Formen<\/h3>\n<p><img decoding=\"async\" src=\"\/wp-content\/uploads\/factory-04.webp\"\/><\/p>\n<h3>43 Aluminium-Strangpressanlagen (500\u00e2\u20ac\"5500 Tonnen)<\/h3>\n<p><img decoding=\"async\" src=\"\/wp-content\/uploads\/factory-05.webp\"\/><\/p>\n<p><img decoding=\"async\" src=\"\/wp-content\/uploads\/factory-06.webp\"\/><\/p>\n<p><img decoding=\"async\" src=\"\/wp-content\/uploads\/factory-07.webp\"\/><\/p>\n<h3>Werkstatt f\u00fcr Pulverbeschichtung<\/h3>\n<p><img decoding=\"async\" src=\"\/wp-content\/uploads\/factory-09.webp\"\/><\/p>\n<h3>Eloxal-Werkstatt<\/h3>\n<p><img decoding=\"async\" src=\"\/wp-content\/uploads\/factory-10.webp\"\/><\/p>\n<h3>Workshop zur Tiefenverarbeitung<\/h3>\n<p><img decoding=\"async\" src=\"\/wp-content\/uploads\/factory-11.webp\"\/><\/p>\n<h3>CNC-Pr\u00e4zisionsbearbeitungswerkstatt<\/h3>\n<p><img decoding=\"async\" src=\"\/wp-content\/uploads\/factory-11.5.webp\"\/><\/p>\n<h3>Lager f\u00fcr Fertigprodukte und Export<\/h3>\n<p><img decoding=\"async\" src=\"\/wp-content\/uploads\/factory-12.webp\"\/><\/p>\n<p><img decoding=\"async\" src=\"\/wp-content\/uploads\/factory-13.webp\"\/><\/p>\n<p><img decoding=\"async\" src=\"\/wp-content\/uploads\/factory-14.webp\"\/><\/p>\n<h2>FAQ<\/h2>\n<p><p><b>1. wof\u00fcr werden Aluminium-Strangpressprofile der T-Serie verwendet?<\/b><\/p>\n<p>T Track Aluminium Extrusionsprofile werden f\u00fcr die Herstellung von verstellbaren und modularen Systemen in industriellen Anwendungen verwendet, wie z.B. Arbeitsstationen, Montagelinien und kundenspezifische Rahmen.<br \/>\n<\/p><br \/>\n<br \/>\n<p><b>2. warum ist Aluminium ideal f\u00fcr T-Schienen-Strangpressprofile?<\/b><\/p>\n<p>Aluminium ist leicht, stabil und korrosionsbest\u00e4ndig und damit das perfekte Material f\u00fcr T-Schienenprofile, die industriellen Umgebungen standhalten m\u00fcssen und gleichzeitig einfach zu handhaben und langlebig sind.<br \/>\n<\/p><br \/>\n<br \/>\n<p><b>3. k\u00f6nnen T Track Aluminium-Strangpressprofile angepasst werden?<\/b><\/p>\n<p>Ja, diese Strangpressprofile sind in Bezug auf Gr\u00f6\u00dfe, Form und Profil anpassbar, um spezifischen industriellen Anforderungen gerecht zu werden und die Funktionalit\u00e4t von modularen Systemen zu verbessern.<br \/>\n<\/p><br \/>\n<br \/>\n<p><b>4. wie verbessern T-Track-Aluminium-Strangpressprofile die betriebliche Effizienz?<\/b><\/p>\n<p>Der modulare Charakter von T Track Aluminium Extrusions erm\u00f6glicht schnelle Anpassungen, eine einfache Neukonfiguration und eine schnellere Montage, was die Gesamteffizienz in industriellen Betrieben verbessert.<br \/>\n<\/p><br \/>\n<br \/>\n<p><b>5. sind die Aluminium-Strangpressprofile der T-Schiene korrosionsbest\u00e4ndig?<\/b><\/p>\n<p>Ja, die Aluminium-Strangpressprofile der T-Schiene sind aus korrosionsbest\u00e4ndigem Aluminium gefertigt und eignen sich daher ideal f\u00fcr den industriellen Einsatz im Innen- und Au\u00dfenbereich, selbst unter rauen Bedingungen.<br \/>\n<\/p><br \/>\n<br \/>\n<p><b>6. wie einfach ist der Einbau von T-Track-Aluminium-Strangpressprofilen?<\/b><\/p>\n<p>Die Installation ist unkompliziert, da diese Profile mit Standardbefestigungselementen einfach montiert werden k\u00f6nnen, was die Einrichtungszeit und die Arbeitskosten in der Fertigung reduziert.<br \/>\n<\/p><br \/>\n<br \/>\n<p><b>7. welche Branchen profitieren von Aluminium-Strangpressprofilen mit T-Rohr?<\/b><\/p>\n<p>Branchen wie die Fertigungsindustrie, die Automatisierungstechnik, die Robotik und das Bauwesen profitieren von der Flexibilit\u00e4t und St\u00e4rke der Aluminium-Strangpressprofile von T Track, um ma\u00dfgeschneiderte und effiziente Systeme zu schaffen.<br \/>\n<\/p><br \/><\/p>","protected":false},"featured_media":8095,"template":"","categories":[54],"class_list":["post-8096","product","type-product","status-publish","has-post-thumbnail","hentry","category-industrial-aluminum-profiles"],"meta_box":{"hilight_text_group":{"product_hilight_text":"<li>Versatile T-track design allows for easy integration and adjustment of components in industrial applications.<\/li>\r\r\n<li>High-strength aluminum ensures durability and stability in demanding environments.<\/li>\r\r\n<li>Corrosion-resistant properties make it suitable for use in various industrial settings, including outdoor environments.<\/li>\r\r\n<li>Customizable profiles to meet specific industrial requirements and improve operational efficiency.<\/li>\r\r\n<li>Simple installation process reduces assembly time and costs in manufacturing processes.<\/li>","product_chanpin_blog":"<ul>\r\r\n<li><a href=\"https:\/\/sinoextrud.com\/t-slot-v-slot-differences\/\" target=\"_blank\">t slot vs v slot<\/a><\/li>\r\r\n<li><a href=\"https:\/\/sinoextrud.com\/what-is-4040-aluminium-extrud\/\" target=\"_blank\">4040 aluminium extrusion<\/a><\/li>\r\r\n<li><a href=\"https:\/\/sinoextrud.com\/what-is-4040-aluminium-extrud\/\" target=\"_blank\">aluminum extrusions for industrial racks<\/a><\/li>\r\r\n<li><a href=\"https:\/\/sinoextrud.com\/powder-coating-aluminium-process\/\" target=\"_blank\">powder coating aluminium<\/a><\/li>\r\r\n<li><a href=\"https:\/\/sinoextrud.com\/what-is-an-aluminium-strip-ceiling\/\" target=\"_blank\">aluminium strip ceiling<\/a><\/li>\r\r\n<li><a href=\"https:\/\/sinoextrud.com\/what-is-a-heat-sink\/\" target=\"_blank\">what is a heat sink<\/a><\/li>\r\r\n<\/ul>","product_chanpin_chanpin":"<li><a href=\"https:\/\/sinoextrud.com\/product\/t-shaped-aluminium-extrusion\/\" target=\"_blank\">T Shaped Aluminium Extrusion<\/a><\/li>\r\n<li><a href=\"https:\/\/sinoextrud.com\/product\/t-slot-framing-systems\/\" target=\"_blank\">T Slot Framing Systems<\/a><\/li>\r\n<li><a href=\"https:\/\/sinoextrud.com\/product\/sailboat-mast-extrusions\/\" target=\"_blank\">Sailboat mast extrusions<\/a><\/li>\r\n<li><a href=\"https:\/\/sinoextrud.com\/product\/v-rail-aluminum-extrusion-profiles-pipeline\/\" target=\"_blank\">V Rail Aluminum Extrusion Profiles Pipeline<\/a><\/li>\r\n<li><a href=\"https:\/\/sinoextrud.com\/product\/t-track-aluminium-extrusion-industrial-usage\/\" target=\"_blank\">T Track Aluminium Extrusion Industrial Usage<\/a><\/li>\r\n<li><a href=\"https:\/\/sinoextrud.com\/product\/2024-2014-alloy-aluminum-profiles\/\" target=\"_blank\">2024 2014 Alloy Aluminum Profiles<\/a><\/li>\r\n<li><a href=\"https:\/\/sinoextrud.com\/product\/300mm-aluminium-louvre-extrusion\/\" target=\"_blank\">300mm Aluminium Louvre Extrusion<\/a><\/li>\r\n<li><a href=\"https:\/\/sinoextrud.com\/product\/40mm-aluminium-extrusion\/\" target=\"_blank\">40mm Aluminium Extrusion<\/a><\/li>\r\n<li><a href=\"https:\/\/sinoextrud.com\/product\/6063-and-6061-extruded-led-lighting-telecommunications-and-audio-industrial-aluminum-heat-sink-profile\/\" target=\"_blank\">6063 and 6061 Extruded LED Lighting Telecommunications and Audio Industrial Aluminum Heat Sink Profile<\/a><\/li>\r\n<li><a href=\"https:\/\/sinoextrud.com\/product\/sailboat-mast-extrusions\/\" target=\"_blank\">Sailboat mast extrusions<\/a><\/li>\r\n<li><a href=\"https:\/\/sinoextrud.com\/product\/picture-frame-extrusions\/\" target=\"_blank\">Picture Frame Extrusions<\/a><\/li>"},"feature_list":[]},"_links":{"self":[{"href":"https:\/\/sinoextrud.com\/de\/wp-json\/wp\/v2\/product\/8096","targetHints":{"allow":["GET"]}}],"collection":[{"href":"https:\/\/sinoextrud.com\/de\/wp-json\/wp\/v2\/product"}],"about":[{"href":"https:\/\/sinoextrud.com\/de\/wp-json\/wp\/v2\/types\/product"}],"wp:featuredmedia":[{"embeddable":true,"href":"https:\/\/sinoextrud.com\/de\/wp-json\/wp\/v2\/media\/8095"}],"wp:attachment":[{"href":"https:\/\/sinoextrud.com\/de\/wp-json\/wp\/v2\/media?parent=8096"}],"wp:term":[{"taxonomy":"category","embeddable":true,"href":"https:\/\/sinoextrud.com\/de\/wp-json\/wp\/v2\/categories?post=8096"}],"curies":[{"name":"wp","href":"https:\/\/api.w.org\/{rel}","templated":true}]}}