{"id":8070,"date":"2025-06-12T07:32:12","date_gmt":"2025-06-12T07:32:12","guid":{"rendered":"https:\/\/sinoextrud.com\/product\/t-shaped-aluminium-extrusion\/"},"modified":"2025-06-24T06:23:00","modified_gmt":"2025-06-24T06:23:00","slug":"t-formiges-aluminium-strangpressprofil-2","status":"publish","type":"product","link":"https:\/\/sinoextrud.com\/de\/product\/t-shaped-aluminium-extrusion\/","title":{"rendered":"T-f\u00f6rmiges Aluminium-Strangpressprofil"},"content":{"rendered":"<h2>Produkte Details<\/h2>\n<table class=\"custom-table\">\n<tbody>\n<tr>\n<td> Name<\/td>\n<td> Klammern aus Aluminiumprofilen<\/td>\n<\/tr>\n<tr>\n<td> Marke<\/td>\n<td> Sinoextrud\/Sinoextrud<\/td>\n<\/tr>\n<tr>\n<td> Kategorie<\/td>\n<td> Strangpressen von Aluminium<\/td>\n<\/tr>\n<tr>\n<td> Material<\/td>\n<td> 6061 ist weit verbreitet. 6063, 6463, 6005, 6082 ist auch verf\u00fcgbar.<\/td>\n<\/tr>\n<tr>\n<td> Typ<\/td>\n<td> Schwere Ausf\u00fchrung oder leichte Ausf\u00fchrung ist verf\u00fcgbar<\/td>\n<\/tr>\n<tr>\n<td> Temperament<\/td>\n<td> T5-T8<\/td>\n<\/tr>\n<tr>\n<td> L\u00e4nge<\/td>\n<td> 1-9m, oder individuelle Anpassung<\/td>\n<\/tr>\n<tr>\n<td> Gr\u00f6\u00dfe (mm)<\/td>\n<td> Verschiedene Gr\u00f6\u00dfen sind verf\u00fcgbar, Kundenzeichnung ist verf\u00fcgbar<\/td>\n<\/tr>\n<tr>\n<td> Form<\/td>\n<td> Gem\u00e4\u00df Zeichnung<\/td>\n<\/tr>\n<tr>\n<td> Oberfl\u00e4chenbehandlung<\/td>\n<td> Pulverbeschichtung; Fr\u00e4sen, Eloxieren, Sandstrahlen, Elektrophorese ist ebenfalls m\u00f6glich<\/td>\n<\/tr>\n<tr>\n<td> Farbe<\/td>\n<td> Wir k\u00f6nnen die Farben auf der Grundlage von Kundenmustern anpassen<\/td>\n<\/tr>\n<tr>\n<td> B\u00fcrgschaft<\/td>\n<td> GB<\/td>\n<\/tr>\n<tr>\n<td> Standard<\/td>\n<td> Mittlere und hohe Qualit\u00e4t<\/td>\n<\/tr>\n<tr>\n<td> MOQ<\/td>\n<td> 200KGS f\u00fcr jede Position<\/td>\n<\/tr>\n<tr>\n<td> Von<\/td>\n<td> Guangdong, China<\/td>\n<\/tr>\n<tr>\n<td> Anmeldung<\/td>\n<td> Industrie, Bauwesen, Dekoration<\/td>\n<\/tr>\n<\/tbody>\n<\/table>\n<h2>Unsere Produktionsbasis<\/h2>\n<h3>Fabrik-Panorama<\/h3>\n<p><img decoding=\"async\" src=\"\/wp-content\/uploads\/factory-01.webp\"\/><\/p>\n<h3>Werkstatt zur Herstellung von Aluminiumstangen<\/h3>\n<p><img decoding=\"async\" src=\"\/wp-content\/uploads\/factory-02.webp\"\/><\/p>\n<p><img decoding=\"async\" src=\"\/wp-content\/uploads\/factory-03.webp\"\/><\/p>\n<h3>Lagerhaus f\u00fcr Formen<\/h3>\n<p><img decoding=\"async\" src=\"\/wp-content\/uploads\/factory-04.webp\"\/><\/p>\n<h3>43 Aluminium-Strangpressanlagen (500\u00e2\u20ac\"5500 Tonnen)<\/h3>\n<p><img decoding=\"async\" src=\"\/wp-content\/uploads\/factory-05.webp\"\/><\/p>\n<p><img decoding=\"async\" src=\"\/wp-content\/uploads\/factory-06.webp\"\/><\/p>\n<p><img decoding=\"async\" src=\"\/wp-content\/uploads\/factory-07.webp\"\/><\/p>\n<h3>Werkstatt f\u00fcr Pulverbeschichtung<\/h3>\n<p><img decoding=\"async\" src=\"\/wp-content\/uploads\/factory-09.webp\"\/><\/p>\n<h3>Eloxal-Werkstatt<\/h3>\n<p><img decoding=\"async\" src=\"\/wp-content\/uploads\/factory-10.webp\"\/><\/p>\n<h3>Workshop zur Tiefenverarbeitung<\/h3>\n<p><img decoding=\"async\" src=\"\/wp-content\/uploads\/factory-11.webp\"\/><\/p>\n<h3>CNC-Pr\u00e4zisionsbearbeitungswerkstatt<\/h3>\n<p><img decoding=\"async\" src=\"\/wp-content\/uploads\/factory-11.5.webp\"\/><\/p>\n<h3>Lager f\u00fcr Fertigprodukte und Export<\/h3>\n<p><img decoding=\"async\" src=\"\/wp-content\/uploads\/factory-12.webp\"\/><\/p>\n<p><img decoding=\"async\" src=\"\/wp-content\/uploads\/factory-13.webp\"\/><\/p>\n<p><img decoding=\"async\" src=\"\/wp-content\/uploads\/factory-14.webp\"\/><\/p>\n<h2>FAQ<\/h2>\n<p><p><b>1. wof\u00fcr werden T-f\u00f6rmige Aluminium-Strangpressprofile verwendet?<\/b><\/p>\n<p>T-f\u00f6rmige Aluminium-Strangpressprofile werden h\u00e4ufig f\u00fcr die Herstellung von modularen Rahmen, Geh\u00e4usen und Strukturtr\u00e4gern f\u00fcr industrielle Anwendungen verwendet und bieten sowohl St\u00e4rke als auch Flexibilit\u00e4t.<br \/>\n<\/p><br \/>\n<br \/>\n<p><b>2. warum ist die T-Form bei Strangpressprofilen von Vorteil?<\/b><\/p>\n<p>Das T-f\u00f6rmige Design erm\u00f6glicht eine einfache Verbindung und sichere Integration mit anderen Profilen, wodurch es sich ideal f\u00fcr modulare und anpassbare Strukturen eignet.<br \/>\n<\/p><br \/>\n<br \/>\n<p><b>3. ist die T-f\u00f6rmige Aluminiumextrusion korrosionsbest\u00e4ndig?<\/b><\/p>\n<p>Ja, T-f\u00f6rmige Aluminium-Strangpressprofile sind korrosionsbest\u00e4ndig und eignen sich daher f\u00fcr den Einsatz unter rauen Umgebungsbedingungen, was eine lange Haltbarkeit gew\u00e4hrleistet.<br \/>\n<\/p><br \/>\n<br \/>\n<p><b>4. k\u00f6nnen T-f\u00f6rmige Aluminium-Strangpressprofile f\u00fcr verschiedene Anwendungen angepasst werden?<\/b><\/p>\n<p>Ja, T-f\u00f6rmige Aluminium-Strangpressprofile sind in anpassbaren L\u00e4ngen und Profilen erh\u00e4ltlich, so dass sie f\u00fcr verschiedene Projektanforderungen angepasst werden k\u00f6nnen.<br \/>\n<\/p><br \/>\n<br \/>\n<p><b>5. wie verbessert die T-f\u00f6rmige Aluminiumextrusion die Projekteffizienz?<\/b><\/p>\n<p>Der modulare Aufbau von T-f\u00f6rmigen Aluminiumprofilen erm\u00f6glicht eine schnellere Montage und einfache \u00c4nderung, was die Installationszeit und die Arbeitskosten reduziert.<br \/>\n<\/p><br \/>\n<br \/>\n<p><b>6. welche Branchen verwenden T-f\u00f6rmige Aluminium-Strangpressprofile?<\/b><\/p>\n<p>Branchen wie die verarbeitende Industrie, das Baugewerbe, die Automobilindustrie und die Elektronik verwenden T-f\u00f6rmige Aluminiumstrangpressprofile aufgrund ihrer Festigkeit, Vielseitigkeit und einfachen Verwendbarkeit in verschiedenen Anwendungen.<br \/>\n<\/p><br \/>\n<br \/>\n<p><b>7. wie lange halten T-f\u00f6rmige Aluminium-Strangpressprofile?<\/b><\/p>\n<p>T-f\u00f6rmige Aluminium-Strangpressprofile sind f\u00fcr den langfristigen Einsatz konzipiert und bieten eine hohe Haltbarkeit und Best\u00e4ndigkeit gegen Verschlei\u00df und Korrosion, was eine lange Lebensdauer in anspruchsvollen Umgebungen gew\u00e4hrleistet.<br \/>\n<\/p><br \/><\/p>","protected":false},"featured_media":8069,"template":"","categories":[54],"class_list":["post-8070","product","type-product","status-publish","has-post-thumbnail","hentry","category-industrial-aluminum-profiles"],"meta_box":{"hilight_text_group":{"product_hilight_text":"<li>T Shaped Aluminium Extrusion provides a strong, versatile frame solution for various industrial applications.<\/li>\r\r\n<li>The T-shaped design allows for easy integration with other profiles, making it ideal for modular construction.<\/li>\r\r\n<li>Corrosion-resistant properties ensure long-lasting durability in demanding environments.<\/li>\r\r\n<li>Lightweight yet robust, making it ideal for structures requiring both strength and reduced weight.<\/li>\r\r\n<li>Customizable lengths and profiles allow for tailored solutions to meet specific project requirements.<\/li>","product_chanpin_blog":"<ul>\r\r\n<li><a href=\"https:\/\/sinoextrud.com\/t-slot-v-slot-differences\/\" target=\"_blank\">t slot vs v slot<\/a><\/li>\r\r\n<li><a href=\"https:\/\/sinoextrud.com\/what-is-4040-aluminium-extrud\/\" target=\"_blank\">4040 aluminium extrusion<\/a><\/li>\r\r\n<li><a href=\"https:\/\/sinoextrud.com\/what-is-4040-aluminium-extrud\/\" target=\"_blank\">aluminum extrusions for industrial racks<\/a><\/li>\r\r\n<li><a href=\"https:\/\/sinoextrud.com\/powder-coating-aluminium-process\/\" target=\"_blank\">powder coating aluminium<\/a><\/li>\r\r\n<li><a href=\"https:\/\/sinoextrud.com\/what-is-an-aluminium-strip-ceiling\/\" target=\"_blank\">aluminium strip ceiling<\/a><\/li>\r\r\n<li><a href=\"https:\/\/sinoextrud.com\/what-is-a-heat-sink\/\" target=\"_blank\">what is a heat sink<\/a><\/li>\r\r\n<\/ul>","product_chanpin_chanpin":"<li><a href=\"https:\/\/sinoextrud.com\/product\/t-shaped-aluminium-profile\/\" target=\"_blank\">T Shaped Aluminium Profile<\/a><\/li>\r\n<li><a href=\"https:\/\/sinoextrud.com\/product\/slotted-aluminum-extrusion\/\" target=\"_blank\">Slotted Aluminum Extrusion<\/a><\/li>\r\n<li><a href=\"https:\/\/sinoextrud.com\/product\/octagon-aluminum-extrusion\/\" target=\"_blank\">Octagon Aluminum Extrusion<\/a><\/li>\r\n<li><a href=\"https:\/\/sinoextrud.com\/product\/t-shape-aluminum-extruded-profile\/\" target=\"_blank\">T Shape Aluminum Extruded Profile<\/a><\/li>\r\n<li><a href=\"https:\/\/sinoextrud.com\/product\/t-shaped-aluminium-extrusion\/\" target=\"_blank\">T Shaped Aluminium Extrusion<\/a><\/li>\r\n<li><a href=\"https:\/\/sinoextrud.com\/product\/t-slot-framing-systems\/\" target=\"_blank\">T Slot Framing Systems<\/a><\/li>\r\n<li><a href=\"https:\/\/sinoextrud.com\/product\/sailboat-mast-extrusions\/\" target=\"_blank\">Sailboat mast extrusions<\/a><\/li>\r\n<li><a href=\"https:\/\/sinoextrud.com\/product\/v-rail-aluminum-extrusion-profiles-pipeline\/\" target=\"_blank\">V Rail Aluminum Extrusion Profiles Pipeline<\/a><\/li>\r\n<li><a href=\"https:\/\/sinoextrud.com\/product\/t-track-aluminium-extrusion-industrial-usage\/\" target=\"_blank\">T Track Aluminium Extrusion Industrial Usage<\/a><\/li>\r\n<li><a href=\"https:\/\/sinoextrud.com\/product\/aluminum-sliding-door-track\/\" target=\"_blank\">Aluminum Sliding Door Track<\/a><\/li>\r\n<li><a href=\"https:\/\/sinoextrud.com\/product\/anodized-aluminum-manufacturer-supply-anodized-aluminium-extrusion-tube-6063\/\" target=\"_blank\">anodized aluminum Manufacturer Supply anodized Aluminium Extrusion Tube 6063<\/a><\/li>"},"feature_list":[]},"_links":{"self":[{"href":"https:\/\/sinoextrud.com\/de\/wp-json\/wp\/v2\/product\/8070","targetHints":{"allow":["GET"]}}],"collection":[{"href":"https:\/\/sinoextrud.com\/de\/wp-json\/wp\/v2\/product"}],"about":[{"href":"https:\/\/sinoextrud.com\/de\/wp-json\/wp\/v2\/types\/product"}],"wp:featuredmedia":[{"embeddable":true,"href":"https:\/\/sinoextrud.com\/de\/wp-json\/wp\/v2\/media\/8069"}],"wp:attachment":[{"href":"https:\/\/sinoextrud.com\/de\/wp-json\/wp\/v2\/media?parent=8070"}],"wp:term":[{"taxonomy":"category","embeddable":true,"href":"https:\/\/sinoextrud.com\/de\/wp-json\/wp\/v2\/categories?post=8070"}],"curies":[{"name":"wp","href":"https:\/\/api.w.org\/{rel}","templated":true}]}}