{"id":8068,"date":"2025-06-12T07:30:36","date_gmt":"2025-06-12T07:30:36","guid":{"rendered":"https:\/\/sinoextrud.com\/product\/t-shape-aluminum-extruded-profile\/"},"modified":"2025-06-24T06:23:00","modified_gmt":"2025-06-24T06:23:00","slug":"t-formiges-aluminium-strangpressprofil-3","status":"publish","type":"product","link":"https:\/\/sinoextrud.com\/de\/product\/t-shape-aluminum-extruded-profile\/","title":{"rendered":"T-Form Aluminium-Strangpressprofil"},"content":{"rendered":"<h2>Produkte Details<\/h2>\n<table class=\"custom-table\">\n<tr>\n<td class=\"label\">Artikel Name<\/td>\n<td>T-f\u00f6rmiges Aluminium-Strangpressprofil<\/td>\n<\/tr>\n<tr>\n<td class=\"label\">Material Klasse<\/td>\n<td>6063, 6061, 6463, 6082<\/td>\n<\/tr>\n<tr>\n<td class=\"label\">Temperament<\/td>\n<td>T5-T6<\/td>\n<\/tr>\n<tr>\n<td class=\"label\">Technologie<\/td>\n<td>Aluminium-Strangpressen<\/td>\n<\/tr>\n<tr>\n<td class=\"label\">Oberfl\u00e4chenbehandlung<\/td>\n<td>Eloxieren, Pulverbeschichtung, Sandstrahlen, Elektrophorese, Fluorkohlenstoff usw.<\/td>\n<\/tr>\n<tr>\n<td class=\"label\">Farbe<\/td>\n<td>Kundenspezifisch<\/td>\n<\/tr>\n<tr>\n<td class=\"label\">Dicke der Anodisierung<\/td>\n<td>8-25 um<\/td>\n<\/tr>\n<tr>\n<td class=\"label\">Leistung Beschichtungsdicke<\/td>\n<td>40-120 um<\/td>\n<\/tr>\n<tr>\n<td class=\"label\">Form<\/td>\n<td>Kundenspezifisch<\/td>\n<\/tr>\n<tr>\n<td class=\"label\">Dimension<\/td>\n<td>Kundenspezifisch<\/td>\n<\/tr>\n<tr>\n<td class=\"label\">Tiefgehende Verarbeitung<\/td>\n<td>Schneiden, Bohren, Stanzen, Biegen, usw.<\/td>\n<\/tr>\n<tr>\n<td class=\"label\">2D&amp;3D Entwurf<\/td>\n<td>Auto CAD, 3D, AI, SLD, PRT. IGS, PDF, JPEG usw.<\/td>\n<\/tr>\n<tr>\n<td class=\"label\">Technik&amp; Werkzeugbau<\/td>\n<td>1: 8 Ingenieure im Formenbau.<br \/>\n2: Einsatz von Hochleistungsextrudern, Drahterodiermaschinen, CNC, Bohrmaschinen usw.<\/td>\n<\/tr>\n<tr>\n<td class=\"label\">Qualit\u00e4tskontrolle<\/td>\n<td>1.SO Genehmigt.<br \/>\n2.CE-gepr\u00fcft<br \/>\n3. die Inspektion vor Ort.<br \/>\n4. die Inspektion vor dem Versand.<br \/>\n5. die Pr\u00fcfmaschine.<\/td>\n<\/tr>\n<tr>\n<td class=\"label\">Einzelheiten zur Verpackung<\/td>\n<td>(1) Innen: verpackt mit Kunststoff-Schutzfolie, um jedes St\u00fcck zu sch\u00fctzen<br \/>\n(2) Au\u00dferhalb: Wrap zu sein B\u00fcndel von wasserdichten Handwerk Papier<\/td>\n<\/tr>\n<tr>\n<td class=\"label\">Lieferung<\/td>\n<td>(1) Die Entwicklung und Pr\u00fcfung von Mustern: 12-18 Tage.<br \/>\n(2) Massenproduktion abgeschlossen: 20-30 Tage nach der Probe wird vom K\u00e4ufer best\u00e4tigt.<\/td>\n<\/tr>\n<tr>\n<td class=\"label\">Zahlungsfrist<\/td>\n<td>T\/T 30% f\u00fcr Ablagerung, Balance vor Versand.<\/td>\n<\/tr>\n<\/table>\n<h2>Unsere Produktionsbasis<\/h2>\n<h3>Fabrik-Panorama<\/h3>\n<p><img decoding=\"async\" src=\"\/wp-content\/uploads\/factory-01.webp\"\/><\/p>\n<h3>Werkstatt zur Herstellung von Aluminiumstangen<\/h3>\n<p><img decoding=\"async\" src=\"\/wp-content\/uploads\/factory-02.webp\"\/><\/p>\n<p><img decoding=\"async\" src=\"\/wp-content\/uploads\/factory-03.webp\"\/><\/p>\n<h3>Lagerhaus f\u00fcr Formen<\/h3>\n<p><img decoding=\"async\" src=\"\/wp-content\/uploads\/factory-04.webp\"\/><\/p>\n<h3>43 Aluminium-Strangpressanlagen (500-5500 Tonnen)<\/h3>\n<p><img decoding=\"async\" src=\"\/wp-content\/uploads\/factory-05.webp\"\/><\/p>\n<p><img decoding=\"async\" src=\"\/wp-content\/uploads\/factory-06.webp\"\/><\/p>\n<p><img decoding=\"async\" src=\"\/wp-content\/uploads\/factory-07.webp\"\/><\/p>\n<h3>Werkstatt f\u00fcr Pulverbeschichtung<\/h3>\n<p><img decoding=\"async\" src=\"\/wp-content\/uploads\/factory-09.webp\"\/><\/p>\n<h3>Eloxal-Werkstatt<\/h3>\n<p><img decoding=\"async\" src=\"\/wp-content\/uploads\/factory-10.webp\"\/><\/p>\n<h3>Workshop zur Tiefenverarbeitung<\/h3>\n<p><img decoding=\"async\" src=\"\/wp-content\/uploads\/factory-11.webp\"\/><\/p>\n<h3>CNC-Pr\u00e4zisionsbearbeitungswerkstatt<\/h3>\n<p><img decoding=\"async\" src=\"\/wp-content\/uploads\/factory-11.5.webp\"\/><\/p>\n<h3>Lager f\u00fcr Fertigprodukte und Export<\/h3>\n<p><img decoding=\"async\" src=\"\/wp-content\/uploads\/factory-12.webp\"\/><\/p>\n<p><img decoding=\"async\" src=\"\/wp-content\/uploads\/factory-13.webp\"\/><\/p>\n<p><img decoding=\"async\" src=\"\/wp-content\/uploads\/factory-14.webp\"\/><\/p>\n<h2>FAQ<\/h2>\n<p><p><b>1. was sind die wichtigsten Vorteile von T Form Aluminium stranggepressten Profilen?<\/b><\/p>\n<p>Die T-f\u00f6rmigen Aluminium-Strangpressprofile bieten Festigkeit, geringes Gewicht, Korrosionsbest\u00e4ndigkeit und Vielseitigkeit f\u00fcr kundenspezifische Anwendungen in Struktur- und Rahmenprojekten.<br \/>\n<\/p><br \/>\n<br \/>\n<p><b>2. wie verbessert das T-f\u00f6rmige Design die Leistung?<\/b><\/p>\n<p>Das T-f\u00f6rmige Design bietet eine hervorragende strukturelle Unterst\u00fctzung und ist daher ideal f\u00fcr den Einsatz in Rahmen, St\u00fctzen und anderen Anwendungen, die Stabilit\u00e4t und St\u00e4rke erfordern.<br \/>\n<\/p><br \/>\n<br \/>\n<p><b>3. welches Material ist f\u00fcr T Form Aluminium stranggepressten Profilen verwendet?<\/b><\/p>\n<p>Sie sind aus hochwertigem Aluminium gefertigt und zeichnen sich durch Langlebigkeit, geringes Gewicht und Korrosionsbest\u00e4ndigkeit aus.<br \/>\n<\/p><br \/>\n<br \/>\n<p><b>4. kann T Form Aluminium stranggepresste Profile f\u00fcr bestimmte Projekte angepasst werden?<\/b><\/p>\n<p>Ja, sie sind in hohem Ma\u00dfe anpassbar und bieten Flexibilit\u00e4t, um die spezifischen Anforderungen verschiedener Anwendungen zu erf\u00fcllen, von einfachen bis hin zu komplexen Designs.<br \/>\n<\/p><br \/>\n<br \/>\n<p><b>5. wie resistent gegen Korrosion sind T Form Aluminium stranggepresste Profile?<\/b><\/p>\n<p>Das Aluminiummaterial ist korrosionsbest\u00e4ndig und sorgt daf\u00fcr, dass die Profile auch in rauen Umgebungen ihre Funktionalit\u00e4t und ihr Aussehen behalten.<br \/>\n<\/p><br \/>\n<br \/>\n<p><b>6. welche Industrien verwenden T Form Aluminium stranggepressten Profilen?<\/b><\/p>\n<p>Sie werden h\u00e4ufig im Baugewerbe, in der Automatisierungstechnik, in der Fertigung und in anderen Branchen eingesetzt, in denen starke und anpassbare Strukturkomponenten ben\u00f6tigt werden.<br \/>\n<\/p><br \/>\n<br \/>\n<p><b>7. wie kosteneffektiv sind T-Form Aluminium-Strangpressprofile?<\/b><\/p>\n<p>Sie bieten eine kosteneffiziente L\u00f6sung, da sie starke, leichte und einfach zu montierende Profile liefern, die die Gesamtprojektkosten und die Installationszeit reduzieren.<br \/>\n<\/p><br \/><\/p>","protected":false},"featured_media":8067,"template":"","categories":[54],"class_list":["post-8068","product","type-product","status-publish","has-post-thumbnail","hentry","category-industrial-aluminum-profiles"],"meta_box":{"hilight_text_group":{"product_hilight_text":"<li>Strong and durable T-shape design, perfect for framing and structural applications.<\/li>\r\r\n<li>Lightweight aluminum material, offering both strength and ease of handling for efficient installation.<\/li>\r\r\n<li>Corrosion-resistant properties, ensuring long-lasting use in diverse environments.<\/li>\r\r\n<li>Versatile and customizable profiles, adaptable to various project requirements and design specifications.<\/li>\r\r\n<li>Cost-effective solution, reducing the need for additional components and labor during installation.<\/li>","product_chanpin_blog":"<ul>\r\r\n<li><a href=\"https:\/\/sinoextrud.com\/t-slot-v-slot-differences\/\" target=\"_blank\">t slot vs v slot<\/a><\/li>\r\r\n<li><a href=\"https:\/\/sinoextrud.com\/what-is-4040-aluminium-extrud\/\" target=\"_blank\">4040 aluminium extrusion<\/a><\/li>\r\r\n<li><a href=\"https:\/\/sinoextrud.com\/what-is-4040-aluminium-extrud\/\" target=\"_blank\">aluminum extrusions for industrial racks<\/a><\/li>\r\r\n<li><a href=\"https:\/\/sinoextrud.com\/powder-coating-aluminium-process\/\" target=\"_blank\">powder coating aluminium<\/a><\/li>\r\r\n<li><a href=\"https:\/\/sinoextrud.com\/what-is-an-aluminium-strip-ceiling\/\" target=\"_blank\">aluminium strip ceiling<\/a><\/li>\r\r\n<li><a href=\"https:\/\/sinoextrud.com\/what-is-a-heat-sink\/\" target=\"_blank\">what is a heat sink<\/a><\/li>\r\r\n<\/ul>","product_chanpin_chanpin":"<li><a href=\"https:\/\/sinoextrud.com\/product\/t-slot-aluminum-profile\/\" target=\"_blank\">T-slot Aluminum Profile<\/a><\/li>\r\n<li><a href=\"https:\/\/sinoextrud.com\/product\/t-shaped-aluminium-profile\/\" target=\"_blank\">T Shaped Aluminium Profile<\/a><\/li>\r\n<li><a href=\"https:\/\/sinoextrud.com\/product\/slotted-aluminum-extrusion\/\" target=\"_blank\">Slotted Aluminum Extrusion<\/a><\/li>\r\n<li><a href=\"https:\/\/sinoextrud.com\/product\/octagon-aluminum-extrusion\/\" target=\"_blank\">Octagon Aluminum Extrusion<\/a><\/li>\r\n<li><a href=\"https:\/\/sinoextrud.com\/product\/t-shape-aluminum-extruded-profile\/\" target=\"_blank\">T Shape Aluminum Extruded Profile<\/a><\/li>\r\n<li><a href=\"https:\/\/sinoextrud.com\/product\/t-shaped-aluminium-extrusion\/\" target=\"_blank\">T Shaped Aluminium Extrusion<\/a><\/li>\r\n<li><a href=\"https:\/\/sinoextrud.com\/product\/t-slot-framing-systems\/\" target=\"_blank\">T Slot Framing Systems<\/a><\/li>\r\n<li><a href=\"https:\/\/sinoextrud.com\/product\/sailboat-mast-extrusions\/\" target=\"_blank\">Sailboat mast extrusions<\/a><\/li>\r\n<li><a href=\"https:\/\/sinoextrud.com\/product\/v-rail-aluminum-extrusion-profiles-pipeline\/\" target=\"_blank\">V Rail Aluminum Extrusion Profiles Pipeline<\/a><\/li>\r\n<li><a href=\"https:\/\/sinoextrud.com\/product\/round-sunflower-led-light-aluminium-heat-sink\/\" target=\"_blank\">Round Sunflower LED Light Aluminium Heat Sink<\/a><\/li>\r\n<li><a href=\"https:\/\/sinoextrud.com\/product\/square-tube-standard-aluminium-sections\/\" target=\"_blank\">Square Tube Standard Aluminium Sections<\/a><\/li>"},"feature_list":[]},"_links":{"self":[{"href":"https:\/\/sinoextrud.com\/de\/wp-json\/wp\/v2\/product\/8068","targetHints":{"allow":["GET"]}}],"collection":[{"href":"https:\/\/sinoextrud.com\/de\/wp-json\/wp\/v2\/product"}],"about":[{"href":"https:\/\/sinoextrud.com\/de\/wp-json\/wp\/v2\/types\/product"}],"wp:featuredmedia":[{"embeddable":true,"href":"https:\/\/sinoextrud.com\/de\/wp-json\/wp\/v2\/media\/8067"}],"wp:attachment":[{"href":"https:\/\/sinoextrud.com\/de\/wp-json\/wp\/v2\/media?parent=8068"}],"wp:term":[{"taxonomy":"category","embeddable":true,"href":"https:\/\/sinoextrud.com\/de\/wp-json\/wp\/v2\/categories?post=8068"}],"curies":[{"name":"wp","href":"https:\/\/api.w.org\/{rel}","templated":true}]}}