{"id":8064,"date":"2025-06-12T07:26:18","date_gmt":"2025-06-12T07:26:18","guid":{"rendered":"https:\/\/sinoextrud.com\/product\/slotted-aluminum-extrusion\/"},"modified":"2025-06-24T06:23:00","modified_gmt":"2025-06-24T06:23:00","slug":"geschlitztes-aluminium-strangpressprofil","status":"publish","type":"product","link":"https:\/\/sinoextrud.com\/de\/product\/slotted-aluminum-extrusion\/","title":{"rendered":"Geschlitzte Aluminium-Extrusion"},"content":{"rendered":"<h2>Produkte Details<\/h2>\n<table class=\"custom-table\">\n<tr>\n<td class=\"label\">Modell Nr.:<\/td>\n<td> geschlitztes Aluminium-Strangpressprofil<\/td>\n<\/tr>\n<tr>\n<td class=\"label\">Material:<\/td>\n<td> Almunum\/Aluminium-Legierung<\/td>\n<\/tr>\n<tr>\n<td class=\"label\">Vertr\u00e4glichkeit:<\/td>\n<td> +\/-0,1 mm<\/td>\n<\/tr>\n<tr>\n<td class=\"label\">Vorlaufzeit f\u00fcr Muster:<\/td>\n<td> 15 Dyas<\/td>\n<\/tr>\n<tr>\n<td class=\"label\">Mindestmenge:<\/td>\n<td> 1000 STCK.<\/td>\n<\/tr>\n<tr>\n<td class=\"label\">Anwendung:<\/td>\n<td> Industrie<\/td>\n<\/tr>\n<tr>\n<td class=\"label\">Transport-Paket:<\/td>\n<td> Hartpappkarton und Holzpalette<\/td>\n<\/tr>\n<tr>\n<td class=\"label\">Herkunft:<\/td>\n<td> China<\/td>\n<\/tr>\n<tr>\n<td class=\"label\">Prozess-Optionen:<\/td>\n<td> Reine M\u00fcnzpr\u00e4gung<\/td>\n<\/tr>\n<tr>\n<td class=\"label\">Material-Optionen:<\/td>\n<td> Edelstahl\/Stahllegierung\/Messing\/Bronze\/Titan<\/td>\n<\/tr>\n<tr>\n<td class=\"label\">Entwurf:<\/td>\n<td> Kundenspezifisch<\/td>\n<\/tr>\n<tr>\n<td class=\"label\">Massenproduktion:<\/td>\n<td> 30 Dyas<\/td>\n<\/tr>\n<tr>\n<td class=\"label\">F\u00e4higkeit:<\/td>\n<td> 500.000.000 Stk.\/Jahr<\/td>\n<\/tr>\n<tr>\n<td class=\"label\">Warenzeichen:<\/td>\n<td> Sinoextrud<\/td>\n<\/tr>\n<tr>\n<td class=\"label\">Spezifikation:<\/td>\n<td> 0.2KG-200KG<\/td>\n<\/tr>\n<tr>\n<td class=\"label\">HS-Code:<\/td>\n<td> 76169990<\/td>\n<\/tr>\n<\/table>\n<h2>Unsere Produktionsbasis<\/h2>\n<h3>Fabrik-Panorama<\/h3>\n<p><img decoding=\"async\" src=\"\/wp-content\/uploads\/factory-01.webp\"\/><\/p>\n<h3>Werkstatt zur Herstellung von Aluminiumstangen<\/h3>\n<p><img decoding=\"async\" src=\"\/wp-content\/uploads\/factory-02.webp\"\/><\/p>\n<p><img decoding=\"async\" src=\"\/wp-content\/uploads\/factory-03.webp\"\/><\/p>\n<h3>Lagerhaus f\u00fcr Formen<\/h3>\n<p><img decoding=\"async\" src=\"\/wp-content\/uploads\/factory-04.webp\"\/><\/p>\n<h3>43 Aluminium-Strangpressanlagen (500\u00e2\u20ac\"5500 Tonnen)<\/h3>\n<p><img decoding=\"async\" src=\"\/wp-content\/uploads\/factory-05.webp\"\/><\/p>\n<p><img decoding=\"async\" src=\"\/wp-content\/uploads\/factory-06.webp\"\/><\/p>\n<p><img decoding=\"async\" src=\"\/wp-content\/uploads\/factory-07.webp\"\/><\/p>\n<h3>Werkstatt f\u00fcr Pulverbeschichtung<\/h3>\n<p><img decoding=\"async\" src=\"\/wp-content\/uploads\/factory-09.webp\"\/><\/p>\n<h3>Eloxal-Werkstatt<\/h3>\n<p><img decoding=\"async\" src=\"\/wp-content\/uploads\/factory-10.webp\"\/><\/p>\n<h3>Workshop zur Tiefenverarbeitung<\/h3>\n<p><img decoding=\"async\" src=\"\/wp-content\/uploads\/factory-11.webp\"\/><\/p>\n<h3>CNC-Pr\u00e4zisionsbearbeitungswerkstatt<\/h3>\n<p><img decoding=\"async\" src=\"\/wp-content\/uploads\/factory-11.5.webp\"\/><\/p>\n<h3>Lager f\u00fcr Fertigprodukte und Export<\/h3>\n<p><img decoding=\"async\" src=\"\/wp-content\/uploads\/factory-12.webp\"\/><\/p>\n<p><img decoding=\"async\" src=\"\/wp-content\/uploads\/factory-13.webp\"\/><\/p>\n<p><img decoding=\"async\" src=\"\/wp-content\/uploads\/factory-14.webp\"\/><\/p>\n<h2>FAQ<\/h2>\n<p><p><b>1. was macht geschlitzte Aluminium-Strangpressprofile ideal f\u00fcr Rahmen- und Strukturanwendungen? <\/b><\/p>\n<p> Geschlitzte Aluminium-Strangpressprofile sind vielseitig, stabil und korrosionsbest\u00e4ndig und eignen sich daher hervorragend f\u00fcr den Bau kundenspezifischer Rahmen und St\u00fctzstrukturen f\u00fcr eine Vielzahl von Anwendungen.<br \/>\n<\/p><br \/>\n<br \/>\n<p><b>2. k\u00f6nnen geschlitzte Aluminium-Extrusion angepasst werden? <\/b><\/p>\n<p> Ja, geschlitzte Aluminium-Strangpressprofile k\u00f6nnen in Gr\u00f6\u00dfe, Form und L\u00e4nge individuell angepasst werden, um den spezifischen Anforderungen jedes Projekts gerecht zu werden.<br \/>\n<\/p><br \/>\n<br \/>\n<p><b>3. wie haltbar ist das geschlitzte Aluminium-Strangpressprofil? <\/b><\/p>\n<p> Geschlitzte Aluminium-Strangpressprofile sind \u00e4u\u00dferst langlebig und verf\u00fcgen \u00fcber korrosionsbest\u00e4ndige Eigenschaften, die eine lang anhaltende Leistung in einer Vielzahl von Umgebungen gew\u00e4hrleisten.<br \/>\n<\/p><br \/>\n<br \/>\n<p><b>4. welche Branchen profitieren von der Verwendung von geschlitztem Aluminium? <\/b><\/p>\n<p> Geschlitzte Aluminium-Strangpressprofile werden h\u00e4ufig in Branchen wie Automatisierung, Robotik, Fertigung und Bauwesen f\u00fcr den Bau von Rahmen, St\u00fctzen und kundenspezifischen Systemen verwendet.<br \/>\n<\/p><br \/>\n<br \/>\n<p><b>5. ist die geschlitzte Aluminium Extrusion einfach zu montieren und zu \u00e4ndern? <\/b><\/p>\n<p> Ja, das geschlitzte Design erm\u00f6glicht eine schnelle Montage und einfache \u00c4nderungen, wodurch die Arbeitskosten gesenkt werden und Flexibilit\u00e4t f\u00fcr zuk\u00fcnftige Anpassungen gegeben ist.<br \/>\n<\/p><br \/>\n<br \/>\n<p><b>6. wie verbessert die geschlitzte Aluminiumextrusion die Projekteffizienz? <\/b><\/p>\n<p> Das einfach zu montierende und anpassbare Design hilft, Zeit bei der Installation zu sparen und bietet Flexibilit\u00e4t bei der Anpassung an ver\u00e4nderte Projektanforderungen.<br \/>\n<\/p><br \/>\n<br \/>\n<p><b>7. ist die geschlitzte Aluminiumextrusion umweltfreundlich? <\/b><\/p>\n<p> Ja, Aluminium ist vollst\u00e4ndig recycelbar, was geschlitztes Aluminiumstrangpressen zu einer umweltfreundlichen L\u00f6sung f\u00fcr nachhaltige Bauprojekte macht.<br \/>\n<\/p><br \/><\/p>","protected":false},"featured_media":8063,"template":"","categories":[54],"class_list":["post-8064","product","type-product","status-publish","has-post-thumbnail","hentry","category-industrial-aluminum-profiles"],"meta_box":{"hilight_text_group":{"product_hilight_text":"<li>High-quality slotted aluminum extrusion for versatile framing and structural applications<\/li>\r\r\n<li>Corrosion-resistant, ensuring durability and long-term performance in various environments<\/li>\r\r\n<li>Customizable sizes, shapes, and lengths to meet specific project requirements<\/li>\r\r\n<li>Easy to assemble, modify, and adapt for different designs and applications<\/li>\r\r\n<li>Lightweight yet strong, offering excellent support without adding unnecessary weight<\/li>\r\r\n<li>Perfect for use in automation, machinery, and custom construction projects<\/li>\r\r\n<li>Environmentally friendly, as aluminum is fully recyclable<\/li>","product_chanpin_blog":"<ul>\r\r\n<li><a href=\"https:\/\/sinoextrud.com\/t-slot-v-slot-differences\/\" target=\"_blank\">t slot vs v slot<\/a><\/li>\r\r\n<li><a href=\"https:\/\/sinoextrud.com\/what-is-4040-aluminium-extrud\/\" target=\"_blank\">4040 aluminium extrusion<\/a><\/li>\r\r\n<li><a href=\"https:\/\/sinoextrud.com\/what-is-4040-aluminium-extrud\/\" target=\"_blank\">aluminum extrusions for industrial racks<\/a><\/li>\r\r\n<li><a href=\"https:\/\/sinoextrud.com\/powder-coating-aluminium-process\/\" target=\"_blank\">powder coating aluminium<\/a><\/li>\r\r\n<li><a href=\"https:\/\/sinoextrud.com\/what-is-an-aluminium-strip-ceiling\/\" target=\"_blank\">aluminium strip ceiling<\/a><\/li>\r\r\n<li><a href=\"https:\/\/sinoextrud.com\/what-is-a-heat-sink\/\" target=\"_blank\">what is a heat sink<\/a><\/li>\r\r\n<\/ul>","product_chanpin_chanpin":"<li><a href=\"https:\/\/sinoextrud.com\/product\/j-section-aluminum-extrusion\/\" target=\"_blank\">J Section Aluminum Extrusion<\/a><\/li>\r\n<li><a href=\"https:\/\/sinoextrud.com\/product\/linear-rail-aluminum-extrusion\/\" target=\"_blank\">Linear Rail Aluminum Extrusion<\/a><\/li>\r\n<li><a href=\"https:\/\/sinoextrud.com\/product\/t-slot-aluminum-profile\/\" target=\"_blank\">T-slot Aluminum Profile<\/a><\/li>\r\n<li><a href=\"https:\/\/sinoextrud.com\/product\/t-shaped-aluminium-profile\/\" target=\"_blank\">T Shaped Aluminium Profile<\/a><\/li>\r\n<li><a href=\"https:\/\/sinoextrud.com\/product\/slotted-aluminum-extrusion\/\" target=\"_blank\">Slotted Aluminum Extrusion<\/a><\/li>\r\n<li><a href=\"https:\/\/sinoextrud.com\/product\/octagon-aluminum-extrusion\/\" target=\"_blank\">Octagon Aluminum Extrusion<\/a><\/li>\r\n<li><a href=\"https:\/\/sinoextrud.com\/product\/t-shape-aluminum-extruded-profile\/\" target=\"_blank\">T Shape Aluminum Extruded Profile<\/a><\/li>\r\n<li><a href=\"https:\/\/sinoextrud.com\/product\/t-shaped-aluminium-extrusion\/\" target=\"_blank\">T Shaped Aluminium Extrusion<\/a><\/li>\r\n<li><a href=\"https:\/\/sinoextrud.com\/product\/t-slot-framing-systems\/\" target=\"_blank\">T Slot Framing Systems<\/a><\/li>\r\n<li><a href=\"https:\/\/sinoextrud.com\/product\/extruded-aluminium-case\/\" target=\"_blank\">Extruded Aluminium Case<\/a><\/li>\r\n<li><a href=\"https:\/\/sinoextrud.com\/product\/fabricated-aluminium-extrusions-electrophoresis-champagne\/\" target=\"_blank\">Fabricated Aluminium Extrusions Electrophoresis Champagne<\/a><\/li>"},"feature_list":[]},"_links":{"self":[{"href":"https:\/\/sinoextrud.com\/de\/wp-json\/wp\/v2\/product\/8064","targetHints":{"allow":["GET"]}}],"collection":[{"href":"https:\/\/sinoextrud.com\/de\/wp-json\/wp\/v2\/product"}],"about":[{"href":"https:\/\/sinoextrud.com\/de\/wp-json\/wp\/v2\/types\/product"}],"wp:featuredmedia":[{"embeddable":true,"href":"https:\/\/sinoextrud.com\/de\/wp-json\/wp\/v2\/media\/8063"}],"wp:attachment":[{"href":"https:\/\/sinoextrud.com\/de\/wp-json\/wp\/v2\/media?parent=8064"}],"wp:term":[{"taxonomy":"category","embeddable":true,"href":"https:\/\/sinoextrud.com\/de\/wp-json\/wp\/v2\/categories?post=8064"}],"curies":[{"name":"wp","href":"https:\/\/api.w.org\/{rel}","templated":true}]}}