{"id":8062,"date":"2025-06-12T07:21:52","date_gmt":"2025-06-12T07:21:52","guid":{"rendered":"https:\/\/sinoextrud.com\/product\/t-shaped-aluminium-profile\/"},"modified":"2025-06-24T06:22:58","modified_gmt":"2025-06-24T06:22:58","slug":"t-formiges-aluminiumprofil","status":"publish","type":"product","link":"https:\/\/sinoextrud.com\/de\/product\/t-shaped-aluminium-profile\/","title":{"rendered":"T-f\u00f6rmiges Aluminiumprofil"},"content":{"rendered":"<h2>Produkte Details<\/h2>\n<table class=\"custom-table\">\n<tbody>\n<tr>\n<td> Modell Nr.:<\/td>\n<td>  T-f\u00f6rmiges Aluminiumprofil<\/td>\n<td> Einbau:<\/td>\n<td> Auslass<\/td>\n<\/tr>\n<tr>\n<td> Verwendung:<\/td>\n<td> f\u00fcr Klimager\u00e4te, f\u00fcr die Herstellung, f\u00fcr K\u00fchlschr\u00e4nke<\/td>\n<td> Die Dicke:<\/td>\n<td> 3,0 mm<\/td>\n<\/tr>\n<tr>\n<td> Funktion:<\/td>\n<td> Bel\u00fcftung<\/td>\n<td> Modell:<\/td>\n<td> Sinoextrud-8012<\/td>\n<\/tr>\n<tr>\n<td> Herkunft:<\/td>\n<td> Bescheinigung des Originals ist verf\u00fcgbar<\/td>\n<td> Lieferzeiten:<\/td>\n<td> 25 Tage<\/td>\n<\/tr>\n<tr>\n<td> Material:<\/td>\n<td> Aluminiumlegierung 6063<\/td>\n<td> Art:<\/td>\n<td> Drall-Diffusoren<\/td>\n<\/tr>\n<tr>\n<td> Zertifizierung:<\/td>\n<td> SGS<\/td>\n<td> Paket:<\/td>\n<td> Karton Schachtel<\/td>\n<\/tr>\n<\/tbody>\n<\/table>\n<h2>Unsere Produktionsbasis<\/h2>\n<h3>Fabrik-Panorama<\/h3>\n<p><img decoding=\"async\" src=\"\/wp-content\/uploads\/factory-01.webp\"\/><\/p>\n<h3>Werkstatt zur Herstellung von Aluminiumstangen<\/h3>\n<p><img decoding=\"async\" src=\"\/wp-content\/uploads\/factory-02.webp\"\/><\/p>\n<\/p>\n<p><img decoding=\"async\" src=\"\/wp-content\/uploads\/factory-03.webp\"\/><\/p>\n<h3>Lagerhaus f\u00fcr Formen<\/h3>\n<p><img decoding=\"async\" src=\"\/wp-content\/uploads\/factory-04.webp\"\/><\/p>\n<h3>43 Aluminium-Strangpressanlagen (500\u00e2\u20ac\"5500 Tonnen)<\/h3>\n<p><img decoding=\"async\" src=\"\/wp-content\/uploads\/factory-05.webp\"\/><\/p>\n<p><img decoding=\"async\" src=\"\/wp-content\/uploads\/factory-06.webp\"\/><\/p>\n<p><img decoding=\"async\" src=\"\/wp-content\/uploads\/factory-07.webp\"\/><\/p>\n<h3>Werkstatt f\u00fcr Pulverbeschichtung<\/h3>\n<p><img decoding=\"async\" src=\"\/wp-content\/uploads\/factory-09.webp\"\/><\/p>\n<h3>Eloxal-Werkstatt<\/h3>\n<p><img decoding=\"async\" src=\"\/wp-content\/uploads\/factory-10.webp\"\/><\/p>\n<h3>Workshop zur Tiefenverarbeitung<\/h3>\n<p><img decoding=\"async\" src=\"\/wp-content\/uploads\/factory-11.webp\"\/><\/p>\n<h3>CNC-Pr\u00e4zisionsbearbeitungswerkstatt<\/h3>\n<p><img decoding=\"async\" src=\"\/wp-content\/uploads\/factory-11.5.webp\"\/><\/p>\n<h3>Lager f\u00fcr Fertigprodukte und Export<\/h3>\n<p><img decoding=\"async\" src=\"\/wp-content\/uploads\/factory-12.webp\"\/><\/p>\n<p><img decoding=\"async\" src=\"\/wp-content\/uploads\/factory-13.webp\"\/><\/p>\n<p><img decoding=\"async\" src=\"\/wp-content\/uploads\/factory-14.webp\"\/><\/p>\n<h2>FAQ<\/h2>\n<p><b>1. was macht T-f\u00f6rmige Aluminiumprofile ideal f\u00fcr strukturelle Anwendungen? <\/b><\/p>\n<p> T-f\u00f6rmige Aluminiumprofile sind stabil, korrosionsbest\u00e4ndig und vielseitig einsetzbar und eignen sich daher perfekt f\u00fcr den Einsatz in individuellen Rahmenkonstruktionen und strukturellen Anwendungen.\n<\/p>\n<p><\/p>\n<p><b>2. kann T-f\u00f6rmige Aluminium-Profil angepasst werden? <\/b><\/p>\n<p> Ja, diese Profile k\u00f6nnen in Bezug auf L\u00e4nge, Gr\u00f6\u00dfe und Design an die jeweiligen Projektanforderungen angepasst werden.\n<\/p>\n<p><\/p>\n<p><b>3. wie haltbar ist das T-f\u00f6rmige Aluminiumprofil? <\/b><\/p>\n<p> T-f\u00f6rmige Aluminiumprofile sind aufgrund ihrer korrosionsbest\u00e4ndigen Eigenschaften sehr langlebig und gew\u00e4hrleisten eine dauerhafte Leistung in verschiedenen Umgebungen.\n<\/p>\n<p><\/p>\n<p><b>4. welche Branchen profitieren von T-f\u00f6rmigen Aluminiumprofilen? <\/b><\/p>\n<p> T-f\u00f6rmige Aluminiumprofile werden h\u00e4ufig in Branchen wie dem Baugewerbe, der Automatisierungstechnik, der Robotik und der Fertigung f\u00fcr Geb\u00e4uderahmen und Strukturkomponenten verwendet.\n<\/p>\n<p><\/p>\n<p><b>5. ist das T-f\u00f6rmige Aluminiumprofil einfach zu montieren? <\/b><\/p>\n<p> Ja, das T-f\u00f6rmige Design erm\u00f6glicht eine einfache Montage, \u00c4nderung und Demontage, was die Flexibilit\u00e4t erh\u00f6ht und die Aufbauzeit reduziert.\n<\/p>\n<p><\/p>\n<p><b>6. wie verbessert das T-f\u00f6rmige Aluminiumprofil die Projekteffizienz? <\/b><\/p>\n<p> Das anpassbare Design und die einfache Montage machen T-f\u00f6rmige Aluminiumprofile ideal f\u00fcr den schnellen und effizienten Bau von Rahmen und Strukturen.\n<\/p>\n<p><\/p>\n<p><b>7. ist das T-f\u00f6rmige Aluminiumprofil umweltfreundlich? <\/b><\/p>\n<p> Ja, Aluminium ist vollst\u00e4ndig recycelbar, was T-f\u00f6rmige Aluminiumprofile zu einer umweltfreundlichen Wahl f\u00fcr nachhaltige Bauprojekte macht.\n<\/p>\n<p><\/p>","protected":false},"featured_media":8061,"template":"","categories":[54],"class_list":["post-8062","product","type-product","status-publish","has-post-thumbnail","hentry","category-industrial-aluminum-profiles"],"meta_box":{"hilight_text_group":{"product_hilight_text":"<li>High-strength T-shaped aluminium profile ideal for structural applications and framing<\/li>\r\r\n<li>Corrosion-resistant, ensuring long-lasting durability in various environmental conditions<\/li>\r\r\n<li>Customizable lengths and sizes to meet specific design and structural requirements<\/li>\r\r\n<li>Easy to assemble, modify, and adapt for different projects, offering high flexibility<\/li>\r\r\n<li>Lightweight yet strong, providing excellent support without adding excessive weight<\/li>\r\r\n<li>Efficient for use in automation, robotics, and other engineering projects<\/li>\r\r\n<li>Eco-friendly, made from fully recyclable aluminium material<\/li>","product_chanpin_blog":"<ul>\r\r\n<li><a href=\"https:\/\/sinoextrud.com\/t-slot-v-slot-differences\/\" target=\"_blank\">t slot vs v slot<\/a><\/li>\r\r\n<li><a href=\"https:\/\/sinoextrud.com\/what-is-4040-aluminium-extrud\/\" target=\"_blank\">4040 aluminium extrusion<\/a><\/li>\r\r\n<li><a href=\"https:\/\/sinoextrud.com\/what-is-4040-aluminium-extrud\/\" target=\"_blank\">aluminum extrusions for industrial racks<\/a><\/li>\r\r\n<li><a href=\"https:\/\/sinoextrud.com\/powder-coating-aluminium-process\/\" target=\"_blank\">powder coating aluminium<\/a><\/li>\r\r\n<li><a href=\"https:\/\/sinoextrud.com\/what-is-an-aluminium-strip-ceiling\/\" target=\"_blank\">aluminium strip ceiling<\/a><\/li>\r\r\n<li><a href=\"https:\/\/sinoextrud.com\/what-is-a-heat-sink\/\" target=\"_blank\">what is a heat sink<\/a><\/li>\r\r\n<\/ul>","product_chanpin_chanpin":"<li><a href=\"https:\/\/sinoextrud.com\/product\/industrial-aluminum-extrusion-profile\/\" target=\"_blank\">Industrial Aluminum Extrusion Profile<\/a><\/li>\r\n<li><a href=\"https:\/\/sinoextrud.com\/product\/j-section-aluminum-extrusion\/\" target=\"_blank\">J Section Aluminum Extrusion<\/a><\/li>\r\n<li><a href=\"https:\/\/sinoextrud.com\/product\/linear-rail-aluminum-extrusion\/\" target=\"_blank\">Linear Rail Aluminum Extrusion<\/a><\/li>\r\n<li><a href=\"https:\/\/sinoextrud.com\/product\/t-slot-aluminum-profile\/\" target=\"_blank\">T-slot Aluminum Profile<\/a><\/li>\r\n<li><a href=\"https:\/\/sinoextrud.com\/product\/t-shaped-aluminium-profile\/\" target=\"_blank\">T Shaped Aluminium Profile<\/a><\/li>\r\n<li><a href=\"https:\/\/sinoextrud.com\/product\/slotted-aluminum-extrusion\/\" target=\"_blank\">Slotted Aluminum Extrusion<\/a><\/li>\r\n<li><a href=\"https:\/\/sinoextrud.com\/product\/octagon-aluminum-extrusion\/\" target=\"_blank\">Octagon Aluminum Extrusion<\/a><\/li>\r\n<li><a href=\"https:\/\/sinoextrud.com\/product\/t-shape-aluminum-extruded-profile\/\" target=\"_blank\">T Shape Aluminum Extruded Profile<\/a><\/li>\r\n<li><a href=\"https:\/\/sinoextrud.com\/product\/t-shaped-aluminium-extrusion\/\" target=\"_blank\">T Shaped Aluminium Extrusion<\/a><\/li>\r\n<li><a href=\"https:\/\/sinoextrud.com\/product\/alloy-extrusion-profiles\/\" target=\"_blank\">Alloy Extrusion Profiles<\/a><\/li>\r\n<li><a href=\"https:\/\/sinoextrud.com\/product\/custom-precision-cnc-machining-for-aluminum-parts\/\" target=\"_blank\">Custom Precision CNC Machining for Aluminum Parts<\/a><\/li>"},"feature_list":[]},"_links":{"self":[{"href":"https:\/\/sinoextrud.com\/de\/wp-json\/wp\/v2\/product\/8062","targetHints":{"allow":["GET"]}}],"collection":[{"href":"https:\/\/sinoextrud.com\/de\/wp-json\/wp\/v2\/product"}],"about":[{"href":"https:\/\/sinoextrud.com\/de\/wp-json\/wp\/v2\/types\/product"}],"wp:featuredmedia":[{"embeddable":true,"href":"https:\/\/sinoextrud.com\/de\/wp-json\/wp\/v2\/media\/8061"}],"wp:attachment":[{"href":"https:\/\/sinoextrud.com\/de\/wp-json\/wp\/v2\/media?parent=8062"}],"wp:term":[{"taxonomy":"category","embeddable":true,"href":"https:\/\/sinoextrud.com\/de\/wp-json\/wp\/v2\/categories?post=8062"}],"curies":[{"name":"wp","href":"https:\/\/api.w.org\/{rel}","templated":true}]}}