{"id":8026,"date":"2025-06-12T06:34:48","date_gmt":"2025-06-12T06:34:48","guid":{"rendered":"https:\/\/sinoextrud.com\/product\/made-extrusion-square-tube-aluminium-profiles-in-stock\/"},"modified":"2025-06-24T06:22:53","modified_gmt":"2025-06-24T06:22:53","slug":"strangpressprofile-aus-aluminium-vierkantrohr-auf-lager","status":"publish","type":"product","link":"https:\/\/sinoextrud.com\/de\/product\/made-extrusion-square-tube-aluminium-profiles-in-stock\/","title":{"rendered":"Stranggepresste Vierkantrohre aus Aluminiumprofilen auf Lager"},"content":{"rendered":"<h2>Produkte Details<\/h2>\n<table class=\"custom-table\">\n<tbody>\n<tr>\n<td> Produkt<\/td>\n<td> Stranggepresste Vierkantrohre aus Aluminiumprofilen auf Lager<\/td>\n<\/tr>\n<tr>\n<td> Material<\/td>\n<td> 5000 6000 Serie Aluminium<\/td>\n<\/tr>\n<tr>\n<td> Temperament<\/td>\n<td> T4~T6<\/td>\n<\/tr>\n<tr>\n<td> Form<\/td>\n<td> Quadratisch, rund, rechteckig oder kundenspezifisch<\/td>\n<\/tr>\n<tr>\n<td> Oberfl\u00e4chenbehandlung<\/td>\n<td> Eloxiert,Holzmaserung,Elektrophorese,Pulverbeschichtung,Poliert<\/td>\n<\/tr>\n<tr>\n<td> Farben<\/td>\n<td> Ref Pulverbeschichtung Farbe Blatt und kundenspezifische Farbe verf\u00fcgbar<\/td>\n<\/tr>\n<tr>\n<td> Anmeldung<\/td>\n<td> Boot Marine Yachat<\/td>\n<\/tr>\n<tr>\n<td> Zertifikat<\/td>\n<td> CQM, SGS, CE, BV, SONCAP \/ GB, ISO, JIS, AS, NZS, QUALICOAT, QUOLANOD verf\u00fcgbar<\/td>\n<\/tr>\n<\/tbody>\n<\/table>\n<h2>Unsere Produktionsbasis<\/h2>\n<h3>Fabrik-Panorama<\/h3>\n<p><img decoding=\"async\" src=\"\/wp-content\/uploads\/factory-01.webp\"\/><\/p>\n<h3>Werkstatt zur Herstellung von Aluminiumstangen<\/h3>\n<p><img decoding=\"async\" src=\"\/wp-content\/uploads\/factory-02.webp\"\/><\/p>\n<p><img decoding=\"async\" src=\"\/wp-content\/uploads\/factory-03.webp\"\/><\/p>\n<h3>Lagerhaus f\u00fcr Formen<\/h3>\n<p><img decoding=\"async\" src=\"\/wp-content\/uploads\/factory-04.webp\"\/><\/p>\n<h3>43 Aluminium-Strangpressanlagen (500\u00e2\u20ac\"5500 Tonnen)<\/h3>\n<p><img decoding=\"async\" src=\"\/wp-content\/uploads\/factory-05.webp\"\/><\/p>\n<p><img decoding=\"async\" src=\"\/wp-content\/uploads\/factory-06.webp\"\/><\/p>\n<p><img decoding=\"async\" src=\"\/wp-content\/uploads\/factory-07.webp\"\/><\/p>\n<h3>Werkstatt f\u00fcr Pulverbeschichtung<\/h3>\n<p><img decoding=\"async\" src=\"\/wp-content\/uploads\/factory-09.webp\"\/><\/p>\n<h3>Eloxal-Werkstatt<\/h3>\n<p><img decoding=\"async\" src=\"\/wp-content\/uploads\/factory-10.webp\"\/><\/p>\n<h3>Workshop zur Tiefenverarbeitung<\/h3>\n<p><img decoding=\"async\" src=\"\/wp-content\/uploads\/factory-11.webp\"\/><\/p>\n<h3>CNC-Pr\u00e4zisionsbearbeitungswerkstatt<\/h3>\n<p><img decoding=\"async\" src=\"\/wp-content\/uploads\/factory-11.5.webp\"\/><\/p>\n<h3>Lager f\u00fcr Fertigprodukte und Export<\/h3>\n<p><img decoding=\"async\" src=\"\/wp-content\/uploads\/factory-12.webp\"\/><\/p>\n<p><img decoding=\"async\" src=\"\/wp-content\/uploads\/factory-13.webp\"\/><\/p>\n<p><img decoding=\"async\" src=\"\/wp-content\/uploads\/factory-14.webp\"\/><\/p>\n<h2>FAQ<\/h2>\n<p><p><b>1. was macht die Made Extrusion Vierkantrohr Aluminium-Profile ideal f\u00fcr schnelle Projekte? <\/b><\/p>\n<p>Diese Profile sind ab Lager verf\u00fcgbar, was eine sofortige Lieferung und schnelle Integration in verschiedene Projekte erm\u00f6glicht.<br \/>\n<\/p><br \/>\n<br \/>\n<p><b>2. wie verbessert die eloxierte Oberfl\u00e4che die Leistung der Aluminiumprofile? <\/b><\/p>\n<p>Die eloxierte Oberfl\u00e4che erh\u00f6ht die Korrosionsbest\u00e4ndigkeit und macht die Profile langlebig und widerstandsf\u00e4hig gegen raue Umgebungsbedingungen im Laufe der Zeit.<br \/>\n<\/p><br \/>\n<br \/>\n<p><b>3. kann die Extrusion Vierkantrohr Aluminium-Profile angepasst werden? <\/b><\/p>\n<p>Ja, diese Profile sind in anpassbaren Gr\u00f6\u00dfen und Spezifikationen erh\u00e4ltlich, um spezifischen industriellen, gewerblichen oder privaten Anforderungen gerecht zu werden.<br \/>\n<\/p><br \/>\n<br \/>\n<p><b>4. wie kommt das geringe Gewicht der Aluminiumprofile den industriellen Anwendungen zugute? <\/b><\/p>\n<p>Die leichten Aluminiumprofile bieten strukturelle Unterst\u00fctzung ohne zus\u00e4tzliches Gewicht, wodurch sie einfacher zu handhaben und in verschiedenen Anwendungen zu installieren sind.<br \/>\n<\/p><br \/>\n<br \/>\n<p><b>5. sind die Made Extrusion Quadratrohr Aluminium-Profile umweltfreundlich? <\/b><\/p>\n<p>Ja, Aluminium ist ein vollst\u00e4ndig recycelbares Material, was diese Profile zu einer umweltvertr\u00e4glichen Wahl f\u00fcr verschiedene industrielle und gewerbliche Anwendungen macht.<br \/>\n<\/p><br \/>\n<br \/>\n<p><b>6. welche Branchen k\u00f6nnen von der Verwendung dieser Aluminiumprofile profitieren? <\/b><\/p>\n<p>Die stranggepressten Aluminium-Vierkantrohre sind ideal f\u00fcr Branchen wie das Baugewerbe, die Fertigungsindustrie, die Automatisierungstechnik und das M\u00f6beldesign und bieten vielseitige Anwendungsm\u00f6glichkeiten.<br \/>\n<\/p><br \/>\n<br \/>\n<p><b>7. wie sind die Made Extrusion Vierkantrohr Aluminium-Profile im Vergleich in Bezug auf Kosten und Qualit\u00e4t? <\/b><\/p>\n<p>Diese Profile bieten eine kosteng\u00fcnstige L\u00f6sung, ohne Kompromisse bei der Qualit\u00e4t einzugehen, und gew\u00e4hrleisten Zuverl\u00e4ssigkeit und Leistung zu wettbewerbsf\u00e4higen Preisen.<br \/>\n<\/p><br \/><\/p>","protected":false},"featured_media":8025,"template":"","categories":[54],"class_list":["post-8026","product","type-product","status-publish","has-post-thumbnail","hentry","category-industrial-aluminum-profiles"],"meta_box":{"hilight_text_group":{"product_hilight_text":"<ul>\r\r\n  <li>Ready-to-use made extrusion square tube aluminum profiles, available in stock for immediate delivery.<\/li>\r\r\n  <li>High-strength and durable aluminum construction, perfect for a wide range of industrial and commercial applications.<\/li>\r\r\n  <li>Corrosion-resistant anodized finish for long-lasting performance, even in harsh environments.<\/li>\r\r\n  <li>Customizable sizes and specifications to meet specific project needs, offering flexibility in design and use.<\/li>\r\r\n  <li>Lightweight and strong, providing excellent structural support without adding excess weight.<\/li>\r\r\n  <li>Efficient and cost-effective solution for projects requiring quick turnaround times and reliable material quality.<\/li>\r\r\n  <li>Eco-friendly and fully recyclable aluminum, supporting sustainable manufacturing practices.<\/li>\r\r\n<\/ul>","product_chanpin_blog":"<ul>\r\r\n<li><a href=\"https:\/\/sinoextrud.com\/t-slot-v-slot-differences\/\" target=\"_blank\">t slot vs v slot<\/a><\/li>\r\r\n<li><a href=\"https:\/\/sinoextrud.com\/what-is-4040-aluminium-extrud\/\" target=\"_blank\">4040 aluminium extrusion<\/a><\/li>\r\r\n<li><a href=\"https:\/\/sinoextrud.com\/what-is-4040-aluminium-extrud\/\" target=\"_blank\">aluminum extrusions for industrial racks<\/a><\/li>\r\r\n<li><a href=\"https:\/\/sinoextrud.com\/powder-coating-aluminium-process\/\" target=\"_blank\">powder coating aluminium<\/a><\/li>\r\r\n<li><a href=\"https:\/\/sinoextrud.com\/what-is-an-aluminium-strip-ceiling\/\" target=\"_blank\">aluminium strip ceiling<\/a><\/li>\r\r\n<li><a href=\"https:\/\/sinoextrud.com\/what-is-a-heat-sink\/\" target=\"_blank\">what is a heat sink<\/a><\/li>\r\r\n<\/ul>","product_chanpin_chanpin":"<li><a href=\"https:\/\/sinoextrud.com\/product\/design-of-anodized-aluminum-handrail-price\/\" target=\"_blank\">design of anodized aluminum handrail price<\/a><\/li>\r\n<li><a href=\"https:\/\/sinoextrud.com\/product\/standard-extruded-aluminum-shapes\/\" target=\"_blank\">Standard Extruded Aluminum Shapes<\/a><\/li>\r\n<li><a href=\"https:\/\/sinoextrud.com\/product\/t-slot-industrial-extruded-aluminum-profile\/\" target=\"_blank\">T-slot Industrial Extruded Aluminum Profile<\/a><\/li>\r\n<li><a href=\"https:\/\/sinoextrud.com\/product\/extruded-aluminum-channel\/\" target=\"_blank\">Extruded Aluminum Channel<\/a><\/li>\r\n<li><a href=\"https:\/\/sinoextrud.com\/product\/made-extrusion-square-tube-aluminium-profiles-in-stock\/\" target=\"_blank\">Made Extrusion Square Tube Aluminium Profiles in Stock<\/a><\/li>\r\n<li><a href=\"https:\/\/sinoextrud.com\/product\/extruded-aluminum-electronic-enclosures\/\" target=\"_blank\">Extruded Aluminum Electronic Enclosures<\/a><\/li>\r\n<li><a href=\"https:\/\/sinoextrud.com\/product\/extruded-aluminum-for-outdoor-light-heat-sink\/\" target=\"_blank\">Extruded Aluminum For Outdoor Light Heat Sink<\/a><\/li>\r\n<li><a href=\"https:\/\/sinoextrud.com\/product\/t-aluminum-profile\/\" target=\"_blank\">T Aluminum Profile<\/a><\/li>\r\n<li><a href=\"https:\/\/sinoextrud.com\/product\/t-slot-extruded-aluminum-profile-cutting-for-sale-by-weight-of-aluminum-section-open-extrusion-die\/\" target=\"_blank\">t slot extruded aluminum profile cutting for sale by weight of aluminum section open extrusion die<\/a><\/li>\r\n<li><a href=\"https:\/\/sinoextrud.com\/product\/aluminum-picture-frame-extrusions\/\" target=\"_blank\">Aluminum Picture Frame Extrusions<\/a><\/li>\r\n<li><a href=\"https:\/\/sinoextrud.com\/product\/led-aluminum-profile-strip-heatsink\/\" target=\"_blank\">Led Aluminum Profile Strip Heatsink<\/a><\/li>"},"feature_list":[]},"_links":{"self":[{"href":"https:\/\/sinoextrud.com\/de\/wp-json\/wp\/v2\/product\/8026","targetHints":{"allow":["GET"]}}],"collection":[{"href":"https:\/\/sinoextrud.com\/de\/wp-json\/wp\/v2\/product"}],"about":[{"href":"https:\/\/sinoextrud.com\/de\/wp-json\/wp\/v2\/types\/product"}],"wp:featuredmedia":[{"embeddable":true,"href":"https:\/\/sinoextrud.com\/de\/wp-json\/wp\/v2\/media\/8025"}],"wp:attachment":[{"href":"https:\/\/sinoextrud.com\/de\/wp-json\/wp\/v2\/media?parent=8026"}],"wp:term":[{"taxonomy":"category","embeddable":true,"href":"https:\/\/sinoextrud.com\/de\/wp-json\/wp\/v2\/categories?post=8026"}],"curies":[{"name":"wp","href":"https:\/\/api.w.org\/{rel}","templated":true}]}}