{"id":8018,"date":"2025-06-12T06:27:56","date_gmt":"2025-06-12T06:27:56","guid":{"rendered":"https:\/\/sinoextrud.com\/product\/design-of-anodized-aluminum-handrail-price\/"},"modified":"2025-06-24T06:22:51","modified_gmt":"2025-06-24T06:22:51","slug":"design-eines-handlaufs-aus-eloxiertem-aluminium-preis","status":"publish","type":"product","link":"https:\/\/sinoextrud.com\/de\/product\/design-of-anodized-aluminum-handrail-price\/","title":{"rendered":"Design eines Handlaufs aus eloxiertem Aluminium Preis"},"content":{"rendered":"<h2>Produkte Details<\/h2>\n<table class=\"custom-table\">\n<tr>\n<td class=\"label\">Artikel<\/td>\n<td>Design des Handlaufs aus eloxiertem Aluminium Preis<\/td>\n<\/tr>\n<tr>\n<td class=\"label\">Material:<\/td>\n<td>Von Serie 1000 bis Serie 7000, normale Materialien wie 6063, 6005, 6061, 6060, spezielle Materialien wie 6082, 7005, 7075 usw.<\/td>\n<\/tr>\n<tr>\n<td class=\"label\">Die Dicke:<\/td>\n<td>Allgemeine Profildicke:0,8-5,0 mm, Eloxalschutzdicke:8-25um;Pulverbeschichtung Farbdicke:40-120 um.<\/td>\n<\/tr>\n<tr>\n<td class=\"label\">Die Dicke:<\/td>\n<td>5-800mm<\/td>\n<\/tr>\n<tr>\n<td class=\"label\">Farbe:<\/td>\n<td>Silber, Bronze, Schwarz, Gold, Blau, Grau, Champagner, Hell, wie Ihre W\u00fcnsche<\/td>\n<\/tr>\n<tr>\n<td class=\"label\">Temperament:<\/td>\n<td>T3-T8<\/td>\n<\/tr>\n<tr>\n<td class=\"label\">Die Form:<\/td>\n<td>quadratisch, flach, rund, hohl, oval, dreieckig, U-Profile, L-Profile, T-Profile, H-Profile, kundenspezifisch lieferbar<\/td>\n<\/tr>\n<tr>\n<td class=\"label\">Oberfl\u00e4chenbehandlung:<\/td>\n<td>Mil-Finish, anodische Oxidation, Pulverbeschichtung, Eletrophorese, PVDF-Beschichtung, alle Arten von hochsimulierten Holzmaserungen usw.<\/td>\n<\/tr>\n<tr>\n<td class=\"label\">Produkte Klassifizierung:<\/td>\n<td>1) Allgemeine Aluminiumprofile:<br \/>\nverschiedene Formen von Rohren und Schl\u00e4uchen, Winkeln. T- oder U-Formen usw.<br \/>\n2) Industrielle Aluminiumprofile:<br \/>\nProdukte Klassifizierung.<br \/>\nW\u00e4schest\u00e4nder, Warenregale und -st\u00e4nder, K\u00fchlk\u00f6rper, Geh\u00e4use von Ladeger\u00e4ten, Schrankrahmen, M\u00f6belrahmen, LED-Beleuchtung, Anzeigenrahmen, Schutzz\u00e4une, Leitern, F\u00fchrungsschienen, Rohrleitungsintegration usw.<br \/>\n3) Konstruktion von Aluminiumprofilen:<br \/>\nAluminiumt\u00fcren und -fenster, Schiebefenster, Rollladent\u00fcren, Vorhangschienen<\/td>\n<\/tr>\n<\/table>\n<h2>Unsere Produktionsbasis<\/h2>\n<h3>Fabrik-Panorama<\/h3>\n<p><img decoding=\"async\" src=\"\/wp-content\/uploads\/factory-01.webp\"\/><\/p>\n<h3>Werkstatt zur Herstellung von Aluminiumstangen<\/h3>\n<p><img decoding=\"async\" src=\"\/wp-content\/uploads\/factory-02.webp\"\/><\/p>\n<p><img decoding=\"async\" src=\"\/wp-content\/uploads\/factory-03.webp\"\/><\/p>\n<h3>Lagerhaus f\u00fcr Formen<\/h3>\n<p><img decoding=\"async\" src=\"\/wp-content\/uploads\/factory-04.webp\"\/><\/p>\n<h3>43 Aluminium-Strangpressanlagen (500\u00e2\u20ac\"5500 Tonnen)<\/h3>\n<p><img decoding=\"async\" src=\"\/wp-content\/uploads\/factory-05.webp\"\/><\/p>\n<p><img decoding=\"async\" src=\"\/wp-content\/uploads\/factory-06.webp\"\/><\/p>\n<p><img decoding=\"async\" src=\"\/wp-content\/uploads\/factory-07.webp\"\/><\/p>\n<h3>Werkstatt f\u00fcr Pulverbeschichtung<\/h3>\n<p><img decoding=\"async\" src=\"\/wp-content\/uploads\/factory-09.webp\"\/><\/p>\n<h3>Eloxal-Werkstatt<\/h3>\n<p><img decoding=\"async\" src=\"\/wp-content\/uploads\/factory-10.webp\"\/><\/p>\n<h3>Workshop zur Tiefenverarbeitung<\/h3>\n<p><img decoding=\"async\" src=\"\/wp-content\/uploads\/factory-11.webp\"\/><\/p>\n<h3>CNC-Pr\u00e4zisionsbearbeitungswerkstatt<\/h3>\n<p><img decoding=\"async\" src=\"\/wp-content\/uploads\/factory-11.5.webp\"\/><\/p>\n<h3>Lager f\u00fcr Fertigprodukte und Export<\/h3>\n<p><img decoding=\"async\" src=\"\/wp-content\/uploads\/factory-12.webp\"\/><\/p>\n<p><img decoding=\"async\" src=\"\/wp-content\/uploads\/factory-13.webp\"\/><\/p>\n<p><img decoding=\"async\" src=\"\/wp-content\/uploads\/factory-14.webp\"\/><\/p>\n<h2>FAQ<\/h2>\n<p><p><b>1. was macht eloxiertes Aluminium Handl\u00e4ufe kosteng\u00fcnstig? <\/b><\/p>\n<p>Eloxierte Aluminiumhandl\u00e4ufe bieten ein perfektes Gleichgewicht zwischen Erschwinglichkeit und Haltbarkeit, was sie zu einer ausgezeichneten Wahl f\u00fcr preisbewusste K\u00e4ufer macht.<br \/>\n<\/p><br \/>\n<br \/>\n<p><b>2. welche Vorteile bietet die Eloxierung des Handlaufs? <\/b><\/p>\n<p>Die eloxierte Oberfl\u00e4che erh\u00f6ht die Korrosionsbest\u00e4ndigkeit des Handlaufs, was seine Langlebigkeit gew\u00e4hrleistet und ihn sowohl f\u00fcr den Innen- als auch f\u00fcr den Au\u00dfeneinsatz geeignet macht.<br \/>\n<\/p><br \/>\n<br \/>\n<p><b>3. sind Handl\u00e4ufe aus eloxiertem Aluminium einfach zu installieren? <\/b><\/p>\n<p>Ja, die Handl\u00e4ufe sind leicht und f\u00fcr eine einfache Installation ausgelegt, was sowohl Zeit als auch Arbeitskosten beim Aufbau spart.<br \/>\n<\/p><br \/>\n<br \/>\n<p><b>4. kann ich die Gr\u00f6\u00dfe oder das Design des eloxierten Aluminium-Handlaufs anpassen? <\/b><\/p>\n<p>Ja, Handl\u00e4ufe aus eloxiertem Aluminium sind in einer Reihe von anpassbaren Gr\u00f6\u00dfen und Designs erh\u00e4ltlich, um spezifische Projektanforderungen zu erf\u00fcllen.<br \/>\n<\/p><br \/>\n<br \/>\n<p><b>5. wie verbessert das eloxierte Aluminiumgel\u00e4nder das Aussehen eines Geb\u00e4udes? <\/b><\/p>\n<p>Das schlichte, moderne Aussehen von eloxiertem Aluminium wertet jeden Raum \u00e4sthetisch auf und verleiht ihm ein professionelles und zeitgem\u00e4\u00dfes Aussehen.<br \/>\n<\/p><br \/>\n<br \/>\n<p><b>6. welche Wartungsarbeiten sind bei eloxierten Aluminiumhandl\u00e4ufen erforderlich? <\/b><\/p>\n<p>Eloxiertes Aluminium erfordert nur minimale Wartung, da die Oberfl\u00e4che vor Verschlei\u00df und Korrosion sch\u00fctzt und nur gelegentlich gereinigt werden muss.<br \/>\n<\/p><br \/>\n<br \/>\n<p><b>7. ist eloxiertes Aluminium umweltfreundlich? <\/b><\/p>\n<p>Ja, eloxiertes Aluminium ist ein recycelbares Material und damit eine umweltfreundliche Wahl f\u00fcr Bau- und Designprojekte.<br \/>\n<\/p><br \/><\/p>","protected":false},"featured_media":8017,"template":"","categories":[54],"class_list":["post-8018","product","type-product","status-publish","has-post-thumbnail","hentry","category-industrial-aluminum-profiles"],"meta_box":{"hilight_text_group":{"product_hilight_text":"<ul>\r\r\n  <li>Affordable price for high-quality anodized aluminum handrails, offering excellent value for money.<\/li>\r\r\n  <li>Durable anodized finish that enhances corrosion resistance and longevity.<\/li>\r\r\n  <li>Lightweight yet strong design for easy handling and installation.<\/li>\r\r\n  <li>Customizable sizes and designs to suit various architectural styles and needs.<\/li>\r\r\n  <li>Modern and sleek appearance, improving the aesthetic appeal of any building or space.<\/li>\r\r\n  <li>Low maintenance requirements, saving on long-term upkeep costs.<\/li>\r\r\n  <li>Eco-friendly and recyclable material, contributing to sustainability efforts.<\/li>\r\r\n<\/ul>","product_chanpin_blog":"<ul>\r\r\n<li><a href=\"https:\/\/sinoextrud.com\/t-slot-v-slot-differences\/\" target=\"_blank\">t slot vs v slot<\/a><\/li>\r\r\n<li><a href=\"https:\/\/sinoextrud.com\/what-is-4040-aluminium-extrud\/\" target=\"_blank\">4040 aluminium extrusion<\/a><\/li>\r\r\n<li><a href=\"https:\/\/sinoextrud.com\/what-is-4040-aluminium-extrud\/\" target=\"_blank\">aluminum extrusions for industrial racks<\/a><\/li>\r\r\n<li><a href=\"https:\/\/sinoextrud.com\/powder-coating-aluminium-process\/\" target=\"_blank\">powder coating aluminium<\/a><\/li>\r\r\n<li><a href=\"https:\/\/sinoextrud.com\/what-is-an-aluminium-strip-ceiling\/\" target=\"_blank\">aluminium strip ceiling<\/a><\/li>\r\r\n<li><a href=\"https:\/\/sinoextrud.com\/what-is-a-heat-sink\/\" target=\"_blank\">what is a heat sink<\/a><\/li>\r\r\n<\/ul>","product_chanpin_chanpin":"<li><a href=\"https:\/\/sinoextrud.com\/product\/customized-industrial-aluminum-profile\/\" target=\"_blank\">Customized Industrial Aluminum Profile<\/a><\/li>\r\n<li><a href=\"https:\/\/sinoextrud.com\/product\/structural-aluminium-extrusions\/\" target=\"_blank\">Structural Aluminium Extrusions<\/a><\/li>\r\n<li><a href=\"https:\/\/sinoextrud.com\/product\/powder-coated-and-anodized-aluminium-profile-for-electric-frame-motor-housing-and-aluminum-enclosure\/\" target=\"_blank\">Powder coated and Anodized aluminium profile for electric frame motor housing and aluminum enclosure<\/a><\/li>\r\n<li><a href=\"https:\/\/sinoextrud.com\/product\/customized-powder-coated-anodized-aluminium-extrusion-profile-roller-shutter-supplier\/\" target=\"_blank\">Customized Powder Coated Anodized Aluminium Extrusion Profile Roller Shutter Supplier<\/a><\/li>\r\n<li><a href=\"https:\/\/sinoextrud.com\/product\/design-of-anodized-aluminum-handrail-price\/\" target=\"_blank\">design of anodized aluminum handrail price<\/a><\/li>\r\n<li><a href=\"https:\/\/sinoextrud.com\/product\/standard-extruded-aluminum-shapes\/\" target=\"_blank\">Standard Extruded Aluminum Shapes<\/a><\/li>\r\n<li><a href=\"https:\/\/sinoextrud.com\/product\/t-slot-industrial-extruded-aluminum-profile\/\" target=\"_blank\">T-slot Industrial Extruded Aluminum Profile<\/a><\/li>\r\n<li><a href=\"https:\/\/sinoextrud.com\/product\/extruded-aluminum-channel\/\" target=\"_blank\">Extruded Aluminum Channel<\/a><\/li>\r\n<li><a href=\"https:\/\/sinoextrud.com\/product\/made-extrusion-square-tube-aluminium-profiles-in-stock\/\" target=\"_blank\">Made Extrusion Square Tube Aluminium Profiles in Stock<\/a><\/li>\r\n<li><a href=\"https:\/\/sinoextrud.com\/product\/aluminum-t-slot-channel\/\" target=\"_blank\">Aluminum T Slot Channel<\/a><\/li>\r\n<li><a href=\"https:\/\/sinoextrud.com\/product\/aluminum-extrusion-profile-for-clean-room\/\" target=\"_blank\">Aluminum Extrusion Profile For Clean Room<\/a><\/li>"},"feature_list":[]},"_links":{"self":[{"href":"https:\/\/sinoextrud.com\/de\/wp-json\/wp\/v2\/product\/8018","targetHints":{"allow":["GET"]}}],"collection":[{"href":"https:\/\/sinoextrud.com\/de\/wp-json\/wp\/v2\/product"}],"about":[{"href":"https:\/\/sinoextrud.com\/de\/wp-json\/wp\/v2\/types\/product"}],"wp:featuredmedia":[{"embeddable":true,"href":"https:\/\/sinoextrud.com\/de\/wp-json\/wp\/v2\/media\/8017"}],"wp:attachment":[{"href":"https:\/\/sinoextrud.com\/de\/wp-json\/wp\/v2\/media?parent=8018"}],"wp:term":[{"taxonomy":"category","embeddable":true,"href":"https:\/\/sinoextrud.com\/de\/wp-json\/wp\/v2\/categories?post=8018"}],"curies":[{"name":"wp","href":"https:\/\/api.w.org\/{rel}","templated":true}]}}