{"id":7994,"date":"2025-06-12T02:26:38","date_gmt":"2025-06-12T02:26:38","guid":{"rendered":"https:\/\/sinoextrud.com\/product\/cutting-extruded-aluminum-for-led\/"},"modified":"2025-06-24T06:22:45","modified_gmt":"2025-06-24T06:22:45","slug":"schneiden-von-stranggepresstem-aluminium-fur-led","status":"publish","type":"product","link":"https:\/\/sinoextrud.com\/de\/product\/cutting-extruded-aluminum-for-led\/","title":{"rendered":"Schneiden von stranggepresstem Aluminium f\u00fcr LED"},"content":{"rendered":"<h2>Produkte Details<\/h2>\n<table class=\"custom-table\">\n<tr>\n<td class=\"label\">1. Produktname:<\/td>\n<td> Schneiden von stranggepresstem Aluminium f\u00fcr LED<\/td>\n<\/tr>\n<tr>\n<td class=\"label\">2. Werkstoff :<\/td>\n<td> Aluminium-Legierung 6063-T5<\/td>\n<\/tr>\n<tr>\n<td class=\"label\">3. Beendet:<\/td>\n<td> National Standard Eloxiert Silber<\/td>\n<\/tr>\n<tr>\n<td class=\"label\">4. Executive Standard:<\/td>\n<td> GB5237-2008<\/td>\n<\/tr>\n<tr>\n<td class=\"label\">5. Bescheinigungen:<\/td>\n<td> ISO9001<\/td>\n<\/tr>\n<tr>\n<td class=\"label\">6. Modell:<\/td>\n<td> OEM\/ODM<\/td>\n<\/tr>\n<tr>\n<td class=\"label\">7. Verwendung:<\/td>\n<td> Displayrahmen, LED, Solarpanel, Dekoration, Bilderrahmen,<\/td>\n<\/tr>\n<\/table>\n<h2>Unsere Produktionsbasis<\/h2>\n<h3>Fabrik-Panorama<\/h3>\n<p><img decoding=\"async\" src=\"\/wp-content\/uploads\/factory-01.webp\"\/><\/p>\n<h3>Werkstatt zur Herstellung von Aluminiumstangen<\/h3>\n<p><img decoding=\"async\" src=\"\/wp-content\/uploads\/factory-02.webp\"\/><\/p>\n<p><img decoding=\"async\" src=\"\/wp-content\/uploads\/factory-03.webp\"\/><\/p>\n<h3>Lagerhaus f\u00fcr Formen<\/h3>\n<p><img decoding=\"async\" src=\"\/wp-content\/uploads\/factory-04.webp\"\/><\/p>\n<h3>43 Aluminium-Strangpressanlagen (500\u00e2\u20ac\"5500 Tonnen)<\/h3>\n<p><img decoding=\"async\" src=\"\/wp-content\/uploads\/factory-05.webp\"\/><\/p>\n<p><img decoding=\"async\" src=\"\/wp-content\/uploads\/factory-06.webp\"\/><\/p>\n<p><img decoding=\"async\" src=\"\/wp-content\/uploads\/factory-07.webp\"\/><\/p>\n<h3>Werkstatt f\u00fcr Pulverbeschichtung<\/h3>\n<p><img decoding=\"async\" src=\"\/wp-content\/uploads\/factory-09.webp\"\/><\/p>\n<h3>Eloxal-Werkstatt<\/h3>\n<p><img decoding=\"async\" src=\"\/wp-content\/uploads\/factory-10.webp\"\/><\/p>\n<h3>Workshop zur Tiefenverarbeitung<\/h3>\n<p><img decoding=\"async\" src=\"\/wp-content\/uploads\/factory-11.webp\"\/><\/p>\n<h3>CNC-Pr\u00e4zisionsbearbeitungswerkstatt<\/h3>\n<p><img decoding=\"async\" src=\"\/wp-content\/uploads\/factory-11.5.webp\"\/><\/p>\n<h3>Lager f\u00fcr Fertigprodukte und Export<\/h3>\n<p><img decoding=\"async\" src=\"\/wp-content\/uploads\/factory-12.webp\"\/><\/p>\n<p><img decoding=\"async\" src=\"\/wp-content\/uploads\/factory-13.webp\"\/><\/p>\n<p><img decoding=\"async\" src=\"\/wp-content\/uploads\/factory-14.webp\"\/><\/p>\n<h2>FAQ<\/h2>\n<p><p><b>1. was ist der Zweck des Schneidens von stranggepresstem Aluminium f\u00fcr LED-Anwendungen? <\/b><\/p>\n<p> Das Schneiden von stranggepresstem Aluminium f\u00fcr LED gew\u00e4hrleistet eine pr\u00e4zise Passform und erm\u00f6glicht eine saubere Installation und ein optimales W\u00e4rmemanagement in Beleuchtungssystemen.<br \/>\n<\/p><br \/>\n<br \/>\n<p><b>2. warum ist Pr\u00e4zisionsschneiden f\u00fcr LED-Aluminiumprofile wichtig? <\/b><\/p>\n<p> Der Pr\u00e4zisionszuschnitt garantiert exakte Abmessungen und sorgt daf\u00fcr, dass die Aluminiumkan\u00e4le perfekt mit den LED-Streifen und den architektonischen Elementen harmonieren.<br \/>\n<\/p><br \/>\n<br \/>\n<p><b>3. k\u00f6nnen Sie die Schnittl\u00e4nge f\u00fcr LED-Extrusionen anpassen? <\/b><\/p>\n<p> Ja, wir bieten einen kundenspezifischen Zuschnitt von stranggepresstem Aluminium an, um das spezifische LED-Layout und die Projektanforderungen zu erf\u00fcllen.<br \/>\n<\/p><br \/>\n<br \/>\n<p><b>4. wie hilft Aluminiumextrusion bei der W\u00e4rmeableitung von LEDs? <\/b><\/p>\n<p> Die Aluminiumprofile leiten die W\u00e4rme effizient von den LED-Streifen ab, was die Leistung verbessert und ihre Lebensdauer verl\u00e4ngert.<br \/>\n<\/p><br \/>\n<br \/>\n<p><b>Ist das zugeschnittene Aluminium einbaufertig? <\/b><\/p>\n<p> Ja, alle geschnittenen stranggepressten Aluminiumprofile werden entgratet und f\u00fcr die sofortige Verwendung in LED-Beleuchtungsprojekten fertiggestellt.<br \/>\n<\/p><br \/>\n<br \/>\n<p><b>F\u00fcr welche Arten von LED-Installationen k\u00f6nnen geschnittene Aluminium-Strangpressprofile verwendet werden? <\/b><\/p>\n<p> Geschnittene Aluminiumprofile sind ideal f\u00fcr lineare Beleuchtung in Decken, unter Schr\u00e4nken, Vitrinen und architektonischen Akzenten.<br \/>\n<\/p><br \/>\n<br \/>\n<p><b>7. gibt es Zubeh\u00f6r mit geschnittenem stranggepresstem Aluminium f\u00fcr LED? <\/b><\/p>\n<p> Selbstverst\u00e4ndlich bieten wir auch kompatible Endkappen, Diffusoren, Montageclips und anderes Zubeh\u00f6r f\u00fcr komplette LED-Profilsysteme an.<br \/>\n<\/p><br \/><\/p>","protected":false},"featured_media":7993,"template":"","categories":[54],"class_list":["post-7994","product","type-product","status-publish","has-post-thumbnail","hentry","category-industrial-aluminum-profiles"],"meta_box":{"hilight_text_group":{"product_hilight_text":"<li>Precision cutting ensures perfect fit for LED strip light installations.<\/li>\r\r\n<li>High-quality extruded aluminum provides excellent thermal conductivity.<\/li>\r\r\n<li>Customized lengths and angles available for flexible lighting designs.<\/li>\r\r\n<li>Clean edges and accurate dimensions for seamless integration.<\/li>\r\r\n<li>Enhances LED lifespan by optimizing heat dissipation.<\/li>\r\r\n<li>Ideal for architectural, commercial, and interior LED applications.<\/li>\r\r\n<li>Compatible with various LED channel covers and accessories.<\/li>","product_chanpin_blog":"<ul>\r\r\n<li><a href=\"https:\/\/sinoextrud.com\/t-slot-v-slot-differences\/\" target=\"_blank\">t slot vs v slot<\/a><\/li>\r\r\n<li><a href=\"https:\/\/sinoextrud.com\/what-is-4040-aluminium-extrud\/\" target=\"_blank\">4040 aluminium extrusion<\/a><\/li>\r\r\n<li><a href=\"https:\/\/sinoextrud.com\/what-is-4040-aluminium-extrud\/\" target=\"_blank\">aluminum extrusions for industrial racks<\/a><\/li>\r\r\n<li><a href=\"https:\/\/sinoextrud.com\/powder-coating-aluminium-process\/\" target=\"_blank\">powder coating aluminium<\/a><\/li>\r\r\n<li><a href=\"https:\/\/sinoextrud.com\/what-is-an-aluminium-strip-ceiling\/\" target=\"_blank\">aluminium strip ceiling<\/a><\/li>\r\r\n<li><a href=\"https:\/\/sinoextrud.com\/what-is-a-heat-sink\/\" target=\"_blank\">what is a heat sink<\/a><\/li>\r\r\n<\/ul>","product_chanpin_chanpin":"<li><a href=\"https:\/\/sinoextrud.com\/product\/black-extruded-aluminum-heat-sink-profiles\/\" target=\"_blank\">Black Extruded Aluminum Heat Sink Profiles<\/a><\/li>\r\n<li><a href=\"https:\/\/sinoextrud.com\/product\/cnc-machined-6063-heavy-duty-industrial-part\/\" target=\"_blank\">CNC Machined 6063 Heavy-duty Industrial Part<\/a><\/li>\r\n<li><a href=\"https:\/\/sinoextrud.com\/product\/extrusion-led-aluminum-channel\/\" target=\"_blank\">Extrusion Led Aluminum Channel<\/a><\/li>\r\n<li><a href=\"https:\/\/sinoextrud.com\/product\/hard-anodized-aluminum-profile\/\" target=\"_blank\">Hard Anodized Aluminum Profile<\/a><\/li>\r\n<li><a href=\"https:\/\/sinoextrud.com\/product\/cutting-extruded-aluminum-for-led\/\" target=\"_blank\">Cutting Extruded Aluminum For LED<\/a><\/li>\r\n<li><a href=\"https:\/\/sinoextrud.com\/product\/custom-decorative-hollow-alloy-rectangular-square-aluminum-tube-sizes\/\" target=\"_blank\">Custom Decorative Hollow Alloy Rectangular Square Aluminum Tube Sizes<\/a><\/li>\r\n<li><a href=\"https:\/\/sinoextrud.com\/product\/custom-extra-large-industrial-equipment-aluminum-profile\/\" target=\"_blank\">Custom Extra Large Industrial Equipment Aluminum Profile<\/a><\/li>\r\n<li><a href=\"https:\/\/sinoextrud.com\/product\/custom-extruded-aluminum-shapes-sunflower-heat-sink\/\" target=\"_blank\">Custom Extruded Aluminum Shapes Sunflower Heat Sink<\/a><\/li>\r\n<li><a href=\"https:\/\/sinoextrud.com\/product\/custom-industrial-aluminum-profiles\/\" target=\"_blank\">Custom Industrial Aluminum Profiles<\/a><\/li>\r\n<li><a href=\"https:\/\/sinoextrud.com\/product\/aluminium-profile-structure\/\" target=\"_blank\">Aluminium Profile Structure<\/a><\/li>\r\n<li><a href=\"https:\/\/sinoextrud.com\/product\/custom-high-quality-reinforced-aluminum-flood-planks-aluminum-flood-barrier-profiles\/\" target=\"_blank\">Custom High-quality Reinforced Aluminum Flood Planks Aluminum Flood Barrier Profiles<\/a><\/li>"},"feature_list":[]},"_links":{"self":[{"href":"https:\/\/sinoextrud.com\/de\/wp-json\/wp\/v2\/product\/7994","targetHints":{"allow":["GET"]}}],"collection":[{"href":"https:\/\/sinoextrud.com\/de\/wp-json\/wp\/v2\/product"}],"about":[{"href":"https:\/\/sinoextrud.com\/de\/wp-json\/wp\/v2\/types\/product"}],"wp:featuredmedia":[{"embeddable":true,"href":"https:\/\/sinoextrud.com\/de\/wp-json\/wp\/v2\/media\/7993"}],"wp:attachment":[{"href":"https:\/\/sinoextrud.com\/de\/wp-json\/wp\/v2\/media?parent=7994"}],"wp:term":[{"taxonomy":"category","embeddable":true,"href":"https:\/\/sinoextrud.com\/de\/wp-json\/wp\/v2\/categories?post=7994"}],"curies":[{"name":"wp","href":"https:\/\/api.w.org\/{rel}","templated":true}]}}