{"id":7988,"date":"2025-06-12T02:22:12","date_gmt":"2025-06-12T02:22:12","guid":{"rendered":"https:\/\/sinoextrud.com\/product\/cnc-machined-6063-heavy-duty-industrial-part\/"},"modified":"2025-06-24T06:22:45","modified_gmt":"2025-06-24T06:22:45","slug":"cnc-bearbeitetes-6063-hochleistungsteil-fur-die-industrie","status":"publish","type":"product","link":"https:\/\/sinoextrud.com\/de\/product\/cnc-machined-6063-heavy-duty-industrial-part\/","title":{"rendered":"CNC-bearbeitetes 6063-Hochleistungs-Industrieteil"},"content":{"rendered":"<h2>Produkte Details<\/h2>\n<table class=\"custom-table\">\n<tbody>\n<tr>\n<td> Note:<\/td>\n<td> 6061 -t5<\/td>\n<\/tr>\n<tr>\n<td> Die Technik:<\/td>\n<td> CNC-bearbeitetes 6063-Hochleistungs-Industrieteil<\/td>\n<\/tr>\n<tr>\n<td> Temperament:<\/td>\n<td> T3 - T8<\/td>\n<\/tr>\n<tr>\n<td> Bearbeitende Dienstleistungen:<\/td>\n<td> Bohren, Gewindeschneiden, Nieten, Montage, etc.<\/td>\n<\/tr>\n<tr>\n<td> Warenzeichen:<\/td>\n<td> Sinoextrud Sinoextrud <\/td>\n<\/tr>\n<tr>\n<td> Art:<\/td>\n<td> CNC-gefr\u00e4st<\/td>\n<\/tr>\n<tr>\n<td> Die Form:<\/td>\n<td> Hergestellt nach Kundenwunsch<\/td>\n<\/tr>\n<tr>\n<td> Oberfl\u00e4chenbehandlung:<\/td>\n<td> Mill Finish Eloxiert Geb\u00fcrstet<\/td>\n<\/tr>\n<tr>\n<td> L\u00e4nge:<\/td>\n<td> 1m bis 9m pro L\u00e4nge<\/td>\n<\/tr>\n<tr>\n<td> Farben:<\/td>\n<td> Silber Schwarz<\/td>\n<\/tr>\n<tr>\n<td> HS-Code:<\/td>\n<td> 76042990<\/td>\n<\/tr>\n<\/tbody>\n<\/table>\n<h2>Unsere Produktionsbasis<\/h2>\n<h3>Fabrik-Panorama<\/h3>\n<p><img decoding=\"async\" src=\"\/wp-content\/uploads\/factory-01.webp\"\/><\/p>\n<h3>Werkstatt zur Herstellung von Aluminiumstangen<\/h3>\n<p><img decoding=\"async\" src=\"\/wp-content\/uploads\/factory-02.webp\"\/><\/p>\n<p><img decoding=\"async\" src=\"\/wp-content\/uploads\/factory-03.webp\"\/><\/p>\n<h3>Lagerhaus f\u00fcr Formen<\/h3>\n<p><img decoding=\"async\" src=\"\/wp-content\/uploads\/factory-04.webp\"\/><\/p>\n<h3>43 Aluminium-Strangpressanlagen (500\u00e2\u20ac\"5500 Tonnen)<\/h3>\n<p><img decoding=\"async\" src=\"\/wp-content\/uploads\/factory-05.webp\"\/><\/p>\n<p><img decoding=\"async\" src=\"\/wp-content\/uploads\/factory-06.webp\"\/><\/p>\n<p><img decoding=\"async\" src=\"\/wp-content\/uploads\/factory-07.webp\"\/><\/p>\n<h3>Werkstatt f\u00fcr Pulverbeschichtung<\/h3>\n<p><img decoding=\"async\" src=\"\/wp-content\/uploads\/factory-09.webp\"\/><\/p>\n<h3>Eloxal-Werkstatt<\/h3>\n<p><img decoding=\"async\" src=\"\/wp-content\/uploads\/factory-10.webp\"\/><\/p>\n<h3>Workshop zur Tiefenverarbeitung<\/h3>\n<p><img decoding=\"async\" src=\"\/wp-content\/uploads\/factory-11.webp\"\/><\/p>\n<h3>CNC-Pr\u00e4zisionsbearbeitungswerkstatt<\/h3>\n<p><img decoding=\"async\" src=\"\/wp-content\/uploads\/factory-11.5.webp\"\/><\/p>\n<h3>Lager f\u00fcr Fertigprodukte und Export<\/h3>\n<p><img decoding=\"async\" src=\"\/wp-content\/uploads\/factory-12.webp\"\/><\/p>\n<p><img decoding=\"async\" src=\"\/wp-content\/uploads\/factory-13.webp\"\/><\/p>\n<p><img decoding=\"async\" src=\"\/wp-content\/uploads\/factory-14.webp\"\/><\/p>\n<h2>FAQ<\/h2>\n<p><p><b>1. was macht CNC-gefertigte 6063-Hochleistungs-Industrieteile zuverl\u00e4ssig?<\/b><\/p>\n<p>CNC-gefr\u00e4ste 6063-Hochleistungsteile f\u00fcr die Industrie werden aus hochwertigem 6063-Aluminium hergestellt, das eine hervorragende Festigkeit, Haltbarkeit und Pr\u00e4zision f\u00fcr den industriellen Einsatz gew\u00e4hrleistet.<br \/>\n<\/p><br \/>\n<br \/>\n<p><b>2. wie verbessert die CNC-Bearbeitung die Qualit\u00e4t von Industrieteilen?<\/b><\/p>\n<p>Die CNC-Bearbeitung erm\u00f6glicht eine hohe Pr\u00e4zision und enge Toleranzen, so dass industrielle Teile entstehen, die den genauen Spezifikationen entsprechen und eine zuverl\u00e4ssige Leistung bieten.<br \/>\n<\/p><br \/>\n<br \/>\n<p><b>3. sind CNC-gefertigte 6063-Hochleistungs-Industrieteile korrosionsbest\u00e4ndig?<\/b><\/p>\n<p>Ja, diese Teile sind aus 6063-Aluminium gefertigt, einem korrosionsbest\u00e4ndigen Material, das sich ideal f\u00fcr den Einsatz in rauen industriellen Umgebungen eignet.<br \/>\n<\/p><br \/>\n<br \/>\n<p><b>4. k\u00f6nnen CNC-gefr\u00e4ste 6063-Hochleistungs-Industrieteile f\u00fcr spezifische Anforderungen angepasst werden?<\/b><\/p>\n<p>Ja, die CNC-Bearbeitung bietet die Flexibilit\u00e4t, Teile in Gr\u00f6\u00dfe, Form und Design anzupassen, um die einzigartigen Anforderungen verschiedener industrieller Anwendungen zu erf\u00fcllen.<br \/>\n<\/p><br \/>\n<br \/>\n<p><b>5. wie halten CNC-gefertigte 6063-Hochleistungs-Industrieteile das Gleichgewicht zwischen St\u00e4rke und Gewicht?<\/b><\/p>\n<p>6063-Aluminium bietet ein hohes Verh\u00e4ltnis von Festigkeit zu Gewicht und sorgt daf\u00fcr, dass die Teile langlebig und stabil, aber dennoch leicht genug f\u00fcr eine einfache Handhabung und effiziente Leistung sind.<br \/>\n<\/p><br \/>\n<br \/>\n<p><b>6. sind CNC-gefr\u00e4ste 6063-Hochleistungs-Industrieteile umweltfreundlich?<\/b><\/p>\n<p>Ja, diese Teile werden aus recycelbarem Aluminium hergestellt, was sie zu einer umweltfreundlichen Wahl f\u00fcr eine nachhaltige industrielle Fertigung macht.<br \/>\n<\/p><br \/>\n<br \/>\n<p><b>7 Welche Branchen profitieren von CNC-gefertigten 6063-Hochleistungs-Industrieteilen?<\/b><\/p>\n<p>Branchen wie die Automobilindustrie, die Luft- und Raumfahrt, das verarbeitende Gewerbe und das Baugewerbe profitieren von der Festigkeit, Haltbarkeit und Pr\u00e4zision der CNC-gefr\u00e4sten 6063-Hochleistungsteile f\u00fcr die Industrie.<br \/>\n<\/p><br \/>\n<br \/>\n<p><b>8. wie effizient ist der Produktionsprozess f\u00fcr CNC-gefertigte 6063-Hochleistungs-Industrieteile?<\/b><\/p>\n<p>Der CNC-Bearbeitungsprozess ist hocheffizient und erm\u00f6glicht kurze Durchlaufzeiten und eine kosteng\u00fcnstige Produktion von hochwertigen Industrieteilen.<br \/>\n<\/p><br \/><\/p>","protected":false},"featured_media":7987,"template":"","categories":[54],"class_list":["post-7988","product","type-product","status-publish","has-post-thumbnail","hentry","category-industrial-aluminum-profiles"],"meta_box":{"hilight_text_group":{"product_hilight_text":"<li>Made from high-quality 6063 aluminum, providing exceptional strength and durability for heavy-duty applications.<\/li>\r\r\n<li>Precisely CNC machined to meet strict tolerances, ensuring superior accuracy and reliability.<\/li>\r\r\n<li>Corrosion-resistant, making it ideal for use in demanding industrial environments.<\/li>\r\r\n<li>Lightweight yet strong, offering optimal performance without adding unnecessary weight.<\/li>\r\r\n<li>Customizable designs to meet specific industrial needs and application requirements.<\/li>\r\r\n<li>Efficient production process, reducing lead times and costs for large-scale manufacturing.<\/li>\r\r\n<li>Eco-friendly and recyclable, supporting sustainability in heavy-duty industrial applications.<\/li>","product_chanpin_blog":"<ul>\r\r\n<li><a href=\"https:\/\/sinoextrud.com\/t-slot-v-slot-differences\/\" target=\"_blank\">t slot vs v slot<\/a><\/li>\r\r\n<li><a href=\"https:\/\/sinoextrud.com\/what-is-4040-aluminium-extrud\/\" target=\"_blank\">4040 aluminium extrusion<\/a><\/li>\r\r\n<li><a href=\"https:\/\/sinoextrud.com\/what-is-4040-aluminium-extrud\/\" target=\"_blank\">aluminum extrusions for industrial racks<\/a><\/li>\r\r\n<li><a href=\"https:\/\/sinoextrud.com\/powder-coating-aluminium-process\/\" target=\"_blank\">powder coating aluminium<\/a><\/li>\r\r\n<li><a href=\"https:\/\/sinoextrud.com\/what-is-an-aluminium-strip-ceiling\/\" target=\"_blank\">aluminium strip ceiling<\/a><\/li>\r\r\n<li><a href=\"https:\/\/sinoextrud.com\/what-is-a-heat-sink\/\" target=\"_blank\">what is a heat sink<\/a><\/li>\r\r\n<\/ul>","product_chanpin_chanpin":"<li><a href=\"https:\/\/sinoextrud.com\/product\/aluminum-wood-grain-handrail\/\" target=\"_blank\">Aluminum Wood Grain Handrail<\/a><\/li>\r\n<li><a href=\"https:\/\/sinoextrud.com\/product\/aluminum-z-section-extrusions\/\" target=\"_blank\">Aluminum Z Section Extrusions<\/a><\/li>\r\n<li><a href=\"https:\/\/sinoextrud.com\/product\/anodized-matt-and-various-color-extruded-construction-aluminium-profile\/\" target=\"_blank\">Anodized Matt And Various Color Extruded Construction Aluminium Profile<\/a><\/li>\r\n<li><a href=\"https:\/\/sinoextrud.com\/product\/black-extruded-aluminum-heat-sink-profiles\/\" target=\"_blank\">Black Extruded Aluminum Heat Sink Profiles<\/a><\/li>\r\n<li><a href=\"https:\/\/sinoextrud.com\/product\/cnc-machined-6063-heavy-duty-industrial-part\/\" target=\"_blank\">CNC Machined 6063 Heavy-duty Industrial Part<\/a><\/li>\r\n<li><a href=\"https:\/\/sinoextrud.com\/product\/extrusion-led-aluminum-channel\/\" target=\"_blank\">Extrusion Led Aluminum Channel<\/a><\/li>\r\n<li><a href=\"https:\/\/sinoextrud.com\/product\/hard-anodized-aluminum-profile\/\" target=\"_blank\">Hard Anodized Aluminum Profile<\/a><\/li>\r\n<li><a href=\"https:\/\/sinoextrud.com\/product\/cutting-extruded-aluminum-for-led\/\" target=\"_blank\">Cutting Extruded Aluminum For LED<\/a><\/li>\r\n<li><a href=\"https:\/\/sinoextrud.com\/product\/custom-decorative-hollow-alloy-rectangular-square-aluminum-tube-sizes\/\" target=\"_blank\">Custom Decorative Hollow Alloy Rectangular Square Aluminum Tube Sizes<\/a><\/li>\r\n<li><a href=\"https:\/\/sinoextrud.com\/product\/aluminum-extrusion-standards\/\" target=\"_blank\">Aluminum Extrusion Standards<\/a><\/li>\r\n<li><a href=\"https:\/\/sinoextrud.com\/product\/aluminum-profile-t-slot-led-frame\/\" target=\"_blank\">Aluminum Profile T Slot Led Frame<\/a><\/li>"},"feature_list":[]},"_links":{"self":[{"href":"https:\/\/sinoextrud.com\/de\/wp-json\/wp\/v2\/product\/7988","targetHints":{"allow":["GET"]}}],"collection":[{"href":"https:\/\/sinoextrud.com\/de\/wp-json\/wp\/v2\/product"}],"about":[{"href":"https:\/\/sinoextrud.com\/de\/wp-json\/wp\/v2\/types\/product"}],"wp:featuredmedia":[{"embeddable":true,"href":"https:\/\/sinoextrud.com\/de\/wp-json\/wp\/v2\/media\/7987"}],"wp:attachment":[{"href":"https:\/\/sinoextrud.com\/de\/wp-json\/wp\/v2\/media?parent=7988"}],"wp:term":[{"taxonomy":"category","embeddable":true,"href":"https:\/\/sinoextrud.com\/de\/wp-json\/wp\/v2\/categories?post=7988"}],"curies":[{"name":"wp","href":"https:\/\/api.w.org\/{rel}","templated":true}]}}