{"id":7984,"date":"2025-06-12T02:14:12","date_gmt":"2025-06-12T02:14:12","guid":{"rendered":"https:\/\/sinoextrud.com\/product\/anodized-matt-and-various-color-extruded-construction-aluminium-profile\/"},"modified":"2025-06-24T06:22:42","modified_gmt":"2025-06-24T06:22:42","slug":"eloxiertes-mattes-und-verschiedenfarbiges-stranggepresstes-aluminiumprofil","status":"publish","type":"product","link":"https:\/\/sinoextrud.com\/de\/product\/anodized-matt-and-various-color-extruded-construction-aluminium-profile\/","title":{"rendered":"Eloxiertes mattes und verschiedenfarbiges stranggepresstes Konstruktionsaluminiumprofil"},"content":{"rendered":"<h2>Produkte Details<\/h2>\n<table class=\"custom-table\">\n<tbody>\n<tr>\n<td> Markenname:<\/td>\n<td> Sinoextrud<\/td>\n<\/tr>\n<tr>\n<td> Material:<\/td>\n<td> Aluminiumlegierung<\/td>\n<\/tr>\n<tr>\n<td> Benennung:<\/td>\n<td> 6 oder andere Serien nach Ihren W\u00fcnschen<\/td>\n<\/tr>\n<tr>\n<td> L\u00e4nge<\/td>\n<td> Kundenspezifisch<\/td>\n<\/tr>\n<tr>\n<td> Dicke<\/td>\n<td> Kundenspezifisch<\/td>\n<\/tr>\n<tr>\n<td> Beschreibung<\/td>\n<td> Aluminiumprofile, Aluminium-Strangpressprofile, Aluminiumrohre, Stangen, Aluminiumlegierungen, Aluminiumprodukte, Aluminiumt\u00fcren und -fenster, Baumaterial<\/td>\n<\/tr>\n<tr>\n<td> Oberfl\u00e4chenbehandlung<\/td>\n<td> walzblank (ohne Behandlung), poliert, eloxiert, pulverbeschichtet, mit Holzmaserung lackiert, sandgestrahlt, elektrophoretisch behandelt usw.<\/td>\n<\/tr>\n<tr>\n<td> Dimension<\/td>\n<td> optional<\/td>\n<\/tr>\n<tr>\n<td> Verpacken<\/td>\n<td> Kraftpapier, Karton, Schutzschaum, w\u00e4rmekontrahierte Plastikfolie, Polybeutel, etc. nach Ihren W\u00fcnschen.<\/td>\n<\/tr>\n<tr>\n<td> Bescheinigungen<\/td>\n<td> ISO 9001.CE, SGS,<\/td>\n<\/tr>\n<tr>\n<td> Farbe<\/td>\n<td> Silber, Schwarz, Silber, Bronze, Champagner, Holzmaserung und so weiter<\/td>\n<\/tr>\n<tr>\n<td> Form<\/td>\n<td> Verschiedene Formen, Parameter und Farben verf\u00fcgbar<\/td>\n<\/tr>\n<tr>\n<td> Gew\u00f6hnlich<\/td>\n<td> Fenster, T\u00fcren, W\u00e4nde, M\u00f6bel, architektonische, dekorative, zivile, industrielle und IT-Anwendungen usw.,<\/td>\n<\/tr>\n<tr>\n<td> Lieferung Detail<\/td>\n<td> 10-20 Tage \/ abh\u00e4ngig von Menge und Zeichnungen<\/td>\n<\/tr>\n<tr>\n<td> Qualit\u00e4t<\/td>\n<td> Die Qualit\u00e4t entspricht dem internationalen Standard.<\/td>\n<\/tr>\n<tr>\n<td> Gestaltung<\/td>\n<td> OEM oder ODM ist verf\u00fcgbar, bitte senden Sie uns Ihre Zeichnung<\/td>\n<\/tr>\n<tr>\n<td> Merkmal<\/td>\n<td> Hohe Korrosionsbest\u00e4ndigkeit, Witterungsbest\u00e4ndigkeit, Hitzebest\u00e4ndigkeit, Alkalibest\u00e4ndigkeit<\/td>\n<\/tr>\n<\/tbody>\n<\/table>\n<h2>Unsere Produktionsbasis<\/h2>\n<h3>Fabrik-Panorama<\/h3>\n<p><img decoding=\"async\" src=\"\/wp-content\/uploads\/factory-01.webp\"\/><\/p>\n<h3>Werkstatt zur Herstellung von Aluminiumstangen<\/h3>\n<p><img decoding=\"async\" src=\"\/wp-content\/uploads\/factory-02.webp\"\/><\/p>\n<p><img decoding=\"async\" src=\"\/wp-content\/uploads\/factory-03.webp\"\/><\/p>\n<h3>Lagerhaus f\u00fcr Formen<\/h3>\n<p><img decoding=\"async\" src=\"\/wp-content\/uploads\/factory-04.webp\"\/><\/p>\n<h3>43 Aluminium-Strangpressanlagen (500\u00e2\u20ac\"5500 Tonnen)<\/h3>\n<p><img decoding=\"async\" src=\"\/wp-content\/uploads\/factory-05.webp\"\/><\/p>\n<p><img decoding=\"async\" src=\"\/wp-content\/uploads\/factory-06.webp\"\/><\/p>\n<p><img decoding=\"async\" src=\"\/wp-content\/uploads\/factory-07.webp\"\/><\/p>\n<h3>Werkstatt f\u00fcr Pulverbeschichtung<\/h3>\n<p><img decoding=\"async\" src=\"\/wp-content\/uploads\/factory-09.webp\"\/><\/p>\n<h3>Eloxal-Werkstatt<\/h3>\n<p><img decoding=\"async\" src=\"\/wp-content\/uploads\/factory-10.webp\"\/><\/p>\n<h3>Workshop zur Tiefenverarbeitung<\/h3>\n<p><img decoding=\"async\" src=\"\/wp-content\/uploads\/factory-11.webp\"\/><\/p>\n<h3>CNC-Pr\u00e4zisionsbearbeitungswerkstatt<\/h3>\n<p><img decoding=\"async\" src=\"\/wp-content\/uploads\/factory-11.5.webp\"\/><\/p>\n<h3>Lager f\u00fcr Fertigprodukte und Export<\/h3>\n<p><img decoding=\"async\" src=\"\/wp-content\/uploads\/factory-12.webp\"\/><\/p>\n<p><img decoding=\"async\" src=\"\/wp-content\/uploads\/factory-13.webp\"\/><\/p>\n<p><img decoding=\"async\" src=\"\/wp-content\/uploads\/factory-14.webp\"\/><\/p>\n<h2>FAQ<\/h2>\n<p><p><b>1. was ist der Vorteil der Verwendung von eloxierten matten Aluminiumprofilen? <\/b><\/p>\n<p>Die eloxierte, matte Oberfl\u00e4che bietet eine erh\u00f6hte Widerstandsf\u00e4higkeit gegen Kratzer, Korrosion und Abnutzung und macht die Profile ideal f\u00fcr stark beanspruchte Bereiche und Au\u00dfenanwendungen.<br \/>\n<\/p><br \/>\n<br \/>\n<p><b>2. k\u00f6nnen eloxierte Aluminiumprofile in verschiedenen Farben angepasst werden? <\/b><\/p>\n<p>Ja, eloxierte Aluminiumprofile sind in einer Reihe von Farben erh\u00e4ltlich und bieten so die n\u00f6tige Flexibilit\u00e4t, um Designanforderungen zu erf\u00fcllen und die \u00c4sthetik zu verbessern.<br \/>\n<\/p><br \/>\n<br \/>\n<p><b>3. wie sch\u00fctzt die eloxierte Oberfl\u00e4che das Aluminiumprofil? <\/b><\/p>\n<p>Durch die Eloxierung entsteht eine dauerhafte Oxidschicht auf der Oberfl\u00e4che, die das Aluminium vor Korrosion, UV-Strahlung und anderen Umwelteinfl\u00fcssen sch\u00fctzt.<br \/>\n<\/p><br \/>\n<br \/>\n<p><b>4. welche Branchen verwenden eloxierte matte und farbige stranggepresste Aluminiumprofile? <\/b><\/p>\n<p>Eloxierte matte und farbige Aluminium-Strangpressprofile werden h\u00e4ufig in der Bau-, Architektur-, Automobil- und M\u00f6belindustrie verwendet und bieten sowohl strukturelle als auch \u00e4sthetische Vorteile.<br \/>\n<\/p><br \/>\n<br \/>\n<p><b>5. ist eloxiertes Aluminium umweltfreundlich? <\/b><\/p>\n<p>Ja, eloxiertes Aluminium ist vollst\u00e4ndig recycelbar und damit eine umweltfreundliche Wahl f\u00fcr nachhaltige Konstruktions- und Fertigungsverfahren.<br \/>\n<\/p><br \/>\n<br \/>\n<p><b>6. wie verh\u00e4lt sich eloxiertes Aluminium im Vergleich zu normalem Aluminium? <\/b><\/p>\n<p>Eloxiertes Aluminium bietet hervorragende Korrosionsbest\u00e4ndigkeit, Haltbarkeit und ein attraktiveres Erscheinungsbild und eignet sich daher f\u00fcr anspruchsvolle Umgebungen und den langfristigen Einsatz.<br \/>\n<\/p><br \/>\n<br \/>\n<p><b>7. k\u00f6nnen die eloxierten Aluminiumprofile im Freien verwendet werden? <\/b><\/p>\n<p>Ja, eloxierte Aluminiumprofile sind \u00e4u\u00dferst widerstandsf\u00e4hig gegen Umwelteinfl\u00fcsse und eignen sich daher ideal f\u00fcr Anwendungen im Innen- und Au\u00dfenbereich, einschlie\u00dflich architektonischer Fassaden und St\u00fctzen.<br \/>\n<\/p><br \/><\/p>","protected":false},"featured_media":7983,"template":"","categories":[54],"class_list":["post-7984","product","type-product","status-publish","has-post-thumbnail","hentry","category-industrial-aluminum-profiles"],"meta_box":{"hilight_text_group":{"product_hilight_text":"<ul>\r\r\n  <li>Anodized matt finish provides a sleek, professional appearance, resistant to scratches and corrosion.<\/li>\r\r\n  <li>Available in a variety of colors, allowing for customization to match specific architectural and design requirements.<\/li>\r\r\n  <li>High-strength extruded aluminum profiles designed for durability and long-lasting performance in construction applications.<\/li>\r\r\n  <li>Corrosion-resistant anodized coating ensures protection against environmental elements, ideal for both indoor and outdoor use.<\/li>\r\r\n  <li>Lightweight yet strong, offering a great balance of structural integrity and ease of handling during installation.<\/li>\r\r\n  <li>Eco-friendly, fully recyclable material that supports sustainable construction practices and reduces environmental impact.<\/li>\r\r\n  <li>Perfect for use in architectural frameworks, facades, window designs, and structural supports, enhancing both aesthetics and functionality.<\/li>\r\r\n<\/ul>","product_chanpin_blog":"<ul>\r\r\n<li><a href=\"https:\/\/sinoextrud.com\/t-slot-v-slot-differences\/\" target=\"_blank\">t slot vs v slot<\/a><\/li>\r\r\n<li><a href=\"https:\/\/sinoextrud.com\/what-is-4040-aluminium-extrud\/\" target=\"_blank\">4040 aluminium extrusion<\/a><\/li>\r\r\n<li><a href=\"https:\/\/sinoextrud.com\/what-is-4040-aluminium-extrud\/\" target=\"_blank\">aluminum extrusions for industrial racks<\/a><\/li>\r\r\n<li><a href=\"https:\/\/sinoextrud.com\/powder-coating-aluminium-process\/\" target=\"_blank\">powder coating aluminium<\/a><\/li>\r\r\n<li><a href=\"https:\/\/sinoextrud.com\/what-is-an-aluminium-strip-ceiling\/\" target=\"_blank\">aluminium strip ceiling<\/a><\/li>\r\r\n<li><a href=\"https:\/\/sinoextrud.com\/what-is-a-heat-sink\/\" target=\"_blank\">what is a heat sink<\/a><\/li>\r\r\n<\/ul>","product_chanpin_chanpin":"<li><a href=\"https:\/\/sinoextrud.com\/product\/aluminum-shutter-profile\/\" target=\"_blank\">Aluminum Shutter Profile<\/a><\/li>\r\n<li><a href=\"https:\/\/sinoextrud.com\/product\/aluminum-wall-washer-aluminum-heat-sink-profiles-wit\/\" target=\"_blank\">Aluminum Wall Washer Aluminum Heat Sink Profiles Wit<\/a><\/li>\r\n<li><a href=\"https:\/\/sinoextrud.com\/product\/aluminum-wood-grain-handrail\/\" target=\"_blank\">Aluminum Wood Grain Handrail<\/a><\/li>\r\n<li><a href=\"https:\/\/sinoextrud.com\/product\/aluminum-z-section-extrusions\/\" target=\"_blank\">Aluminum Z Section Extrusions<\/a><\/li>\r\n<li><a href=\"https:\/\/sinoextrud.com\/product\/anodized-matt-and-various-color-extruded-construction-aluminium-profile\/\" target=\"_blank\">Anodized Matt And Various Color Extruded Construction Aluminium Profile<\/a><\/li>\r\n<li><a href=\"https:\/\/sinoextrud.com\/product\/black-extruded-aluminum-heat-sink-profiles\/\" target=\"_blank\">Black Extruded Aluminum Heat Sink Profiles<\/a><\/li>\r\n<li><a href=\"https:\/\/sinoextrud.com\/product\/cnc-machined-6063-heavy-duty-industrial-part\/\" target=\"_blank\">CNC Machined 6063 Heavy-duty Industrial Part<\/a><\/li>\r\n<li><a href=\"https:\/\/sinoextrud.com\/product\/extrusion-led-aluminum-channel\/\" target=\"_blank\">Extrusion Led Aluminum Channel<\/a><\/li>\r\n<li><a href=\"https:\/\/sinoextrud.com\/product\/hard-anodized-aluminum-profile\/\" target=\"_blank\">Hard Anodized Aluminum Profile<\/a><\/li>\r\n<li><a href=\"https:\/\/sinoextrud.com\/product\/aluminum-profile-shutter\/\" target=\"_blank\">Aluminum Profile Shutter<\/a><\/li>\r\n<li><a href=\"https:\/\/sinoextrud.com\/product\/machined-aluminum-rail-extrusion-profile-cnc-aviation-aluminum-gantry\/\" target=\"_blank\">Machined Aluminum Rail Extrusion Profile CNC Aviation Aluminum Gantry<\/a><\/li>"},"feature_list":[]},"_links":{"self":[{"href":"https:\/\/sinoextrud.com\/de\/wp-json\/wp\/v2\/product\/7984","targetHints":{"allow":["GET"]}}],"collection":[{"href":"https:\/\/sinoextrud.com\/de\/wp-json\/wp\/v2\/product"}],"about":[{"href":"https:\/\/sinoextrud.com\/de\/wp-json\/wp\/v2\/types\/product"}],"wp:featuredmedia":[{"embeddable":true,"href":"https:\/\/sinoextrud.com\/de\/wp-json\/wp\/v2\/media\/7983"}],"wp:attachment":[{"href":"https:\/\/sinoextrud.com\/de\/wp-json\/wp\/v2\/media?parent=7984"}],"wp:term":[{"taxonomy":"category","embeddable":true,"href":"https:\/\/sinoextrud.com\/de\/wp-json\/wp\/v2\/categories?post=7984"}],"curies":[{"name":"wp","href":"https:\/\/api.w.org\/{rel}","templated":true}]}}