{"id":7982,"date":"2025-06-12T02:12:47","date_gmt":"2025-06-12T02:12:47","guid":{"rendered":"https:\/\/sinoextrud.com\/product\/aluminum-z-section-extrusions\/"},"modified":"2025-06-24T06:22:42","modified_gmt":"2025-06-24T06:22:42","slug":"aluminium-z-profil-strangpressprofile-2","status":"publish","type":"product","link":"https:\/\/sinoextrud.com\/de\/product\/aluminum-z-section-extrusions\/","title":{"rendered":"Aluminium Z-Profil Strangpressprofile"},"content":{"rendered":"<h2>Produkte Details<\/h2>\n<table class=\"custom-table\">\n<tbody>\n<tr>\n<td> Name<\/td>\n<td> Aluminium Z-Profil Strangpressprofile<\/td>\n<\/tr>\n<tr>\n<td> Marke<\/td>\n<td> Sinoextrud\/<\/td>\n<\/tr>\n<tr>\n<td> Kategorie<\/td>\n<td> Aluminium-Profil<\/td>\n<\/tr>\n<tr>\n<td> Material<\/td>\n<td> Aluminiumlegierung (6063, 6061, 6463, 6005, 6082)<\/td>\n<\/tr>\n<tr>\n<td> Temperament<\/td>\n<td> T5-T8<\/td>\n<\/tr>\n<tr>\n<td> L\u00e4nge<\/td>\n<td> Die L\u00e4nge ist von 1-9m oder nach Wunsch des Kunden<\/td>\n<\/tr>\n<tr>\n<td> Gr\u00f6\u00dfe (mm)<\/td>\n<td> Kundenspezifisch<\/td>\n<\/tr>\n<tr>\n<td> Form<\/td>\n<td> Z-Form oder nach Zeichnung<\/td>\n<\/tr>\n<tr>\n<td> Oberfl\u00e4chenbehandlung<\/td>\n<td> Pulverbeschichtung; Fr\u00e4sen, Eloxieren, Sandstrahlen, Elektrophorese ist ebenfalls m\u00f6glich<\/td>\n<\/tr>\n<tr>\n<td> Farbe<\/td>\n<td> Silber, Schwarz, Gold, Champange, Bronze, Rot, Blau und wir k\u00f6nnen die Farben nach Kundenwunsch anpassen.<\/td>\n<\/tr>\n<tr>\n<td> B\u00fcrgschaft<\/td>\n<td> BV, TUV, ISO<\/td>\n<\/tr>\n<tr>\n<td> Standard<\/td>\n<td> Mittlere und hohe Qualit\u00e4t<\/td>\n<\/tr>\n<tr>\n<td> MOQ<\/td>\n<td> 200KGS f\u00fcr jede Position<\/td>\n<\/tr>\n<tr>\n<td> Von<\/td>\n<td> Guangdong, China<\/td>\n<\/tr>\n<tr>\n<td> Anmeldung<\/td>\n<td> Industrie, Bauwesen, Dekoration<\/td>\n<\/tr>\n<tr>\n<td> Tiefgehende Verarbeitung<\/td>\n<td> Schneiden, Bohren, Bearbeiten, Stanzen, Biegen, Gewindeschneiden usw.<\/td>\n<\/tr>\n<tr>\n<td> Paket<\/td>\n<td> Innen mit Schutzfolie, Schrumpfschlauch oder PE-Schaum. Au\u00dfen mit Kiste, Karton oder Holzrahmen oder kundenspezifisch.<\/td>\n<\/tr>\n<tr>\n<td> Lieferfrist<\/td>\n<td> Die Entwicklung der Form und die Herstellung des Musters dauern 12-18 Tage, die Produktion dauert dann 25-30 Tage nach Eingang der Anzahlung des K\u00e4ufers.<\/td>\n<\/tr>\n<tr>\n<td> Kapazit\u00e4t des Produkts<\/td>\n<td> 15.000+ T\u00f6ne \/ Monat<\/td>\n<\/tr>\n<\/tbody>\n<\/table>\n<h2>Unsere Produktionsbasis<\/h2>\n<h3>Fabrik-Panorama<\/h3>\n<p><img decoding=\"async\" src=\"\/wp-content\/uploads\/factory-01.webp\"\/><\/p>\n<h3>Werkstatt zur Herstellung von Aluminiumstangen<\/h3>\n<p><img decoding=\"async\" src=\"\/wp-content\/uploads\/factory-02.webp\"\/><\/p>\n<p><img decoding=\"async\" src=\"\/wp-content\/uploads\/factory-03.webp\"\/><\/p>\n<h3>Lagerhaus f\u00fcr Formen<\/h3>\n<p><img decoding=\"async\" src=\"\/wp-content\/uploads\/factory-04.webp\"\/><\/p>\n<h3>43 Aluminium-Strangpressanlagen (500\u00e2\u20ac\"5500 Tonnen)<\/h3>\n<p><img decoding=\"async\" src=\"\/wp-content\/uploads\/factory-05.webp\"\/><\/p>\n<p><img decoding=\"async\" src=\"\/wp-content\/uploads\/factory-06.webp\"\/><\/p>\n<p><img decoding=\"async\" src=\"\/wp-content\/uploads\/factory-07.webp\"\/><\/p>\n<h3>Werkstatt f\u00fcr Pulverbeschichtung<\/h3>\n<p><img decoding=\"async\" src=\"\/wp-content\/uploads\/factory-09.webp\"\/><\/p>\n<h3>Eloxal-Werkstatt<\/h3>\n<p><img decoding=\"async\" src=\"\/wp-content\/uploads\/factory-10.webp\"\/><\/p>\n<h3>Workshop zur Tiefenverarbeitung<\/h3>\n<p><img decoding=\"async\" src=\"\/wp-content\/uploads\/factory-11.webp\"\/><\/p>\n<h3>CNC-Pr\u00e4zisionsbearbeitungswerkstatt<\/h3>\n<p><img decoding=\"async\" src=\"\/wp-content\/uploads\/factory-11.5.webp\"\/><\/p>\n<h3>Lager f\u00fcr Fertigprodukte und Export<\/h3>\n<p><img decoding=\"async\" src=\"\/wp-content\/uploads\/factory-12.webp\"\/><\/p>\n<p><img decoding=\"async\" src=\"\/wp-content\/uploads\/factory-13.webp\"\/><\/p>\n<p><img decoding=\"async\" src=\"\/wp-content\/uploads\/factory-14.webp\"\/><\/p>\n<h2>FAQ<\/h2>\n<p><p><b>1. wof\u00fcr werden Z-Profil-Strangpressprofile aus Aluminium verwendet? <\/b><\/p>\n<p> Aluminium-Strangpressprofile mit Z-Profilen werden zur strukturellen Unterst\u00fctzung im Rahmenbau, im Bauwesen, im Maschinenbau und bei anderen Anwendungen verwendet, die Festigkeit und Stabilit\u00e4t erfordern.<br \/>\n<\/p><br \/>\n<br \/>\n<p><b>2. warum Aluminium f\u00fcr Z-Profil-Strangpressprofile w\u00e4hlen? <\/b><\/p>\n<p> Aluminium ist leicht, stabil und korrosionsbest\u00e4ndig und eignet sich daher hervorragend f\u00fcr Bauteile, die in verschiedenen Umgebungen lange Zeit gut funktionieren m\u00fcssen.<br \/>\n<\/p><br \/>\n<br \/>\n<p><b>3. k\u00f6nnen Aluminium-Strangpressprofile mit Z-Profil kundenspezifisch angepasst werden? <\/b><\/p>\n<p> Ja, wir bieten kundenspezifische Gr\u00f6\u00dfen, Profile und Oberfl\u00e4chen an, um die spezifischen Anforderungen Ihres Projekts zu erf\u00fcllen.<br \/>\n<\/p><br \/>\n<br \/>\n<p><b>4. sind diese Profile f\u00fcr den Au\u00dfeneinsatz geeignet? <\/b><\/p>\n<p> Die korrosionsbest\u00e4ndigen Eigenschaften von Aluminium machen Z-Profil-Strangpressprofile ideal f\u00fcr den Einsatz im Freien, selbst unter rauen Bedingungen.<br \/>\n<\/p><br \/>\n<br \/>\n<p><b>5. welche Vorteile bietet die Z-Profilform f\u00fcr strukturelle Anwendungen? <\/b><\/p>\n<p> Das Z-Profil bietet eine erh\u00f6hte Steifigkeit und Festigkeit und ist daher ideal f\u00fcr tragende Strukturen, Rahmen und St\u00fctzen.<br \/>\n<\/p><br \/>\n<br \/>\n<p><b>6. in welchen Branchen werden Aluminium-Strangpressprofile mit Z-Profil \u00fcblicherweise verwendet? <\/b><\/p>\n<p> Diese Strangpressprofile werden h\u00e4ufig im Baugewerbe, in der Automobilindustrie, in der Telekommunikation und in der Industrie eingesetzt, wo leichte und dennoch starke Materialien ben\u00f6tigt werden.<br \/>\n<\/p><br \/>\n<br \/>\n<p><b>7. lassen sich diese Extrusionen leicht mit anderen Materialien kombinieren? <\/b><\/p>\n<p> Ja, Z-Profil-Strangpressprofile aus Aluminium lassen sich problemlos mit anderen Materialien wie Glas, Stahl oder Kunststoff kombinieren, um ma\u00dfgeschneiderte Strukturen und Systeme zu schaffen.<br \/>\n<\/p><br \/><\/p>","protected":false},"featured_media":7981,"template":"","categories":[54],"class_list":["post-7982","product","type-product","status-publish","has-post-thumbnail","hentry","category-industrial-aluminum-profiles"],"meta_box":{"hilight_text_group":{"product_hilight_text":"<li>Aluminum Z-section extrusions offer excellent structural support for various applications.<\/li>\r\r\n<li>Lightweight yet strong, making them ideal for use in framing, support beams, and construction projects.<\/li>\r\r\n<li>Corrosion-resistant, providing durability in outdoor and industrial environments.<\/li>\r\r\n<li>Customizable sizes and profiles to meet specific design and engineering needs.<\/li>\r\r\n<li>Efficient heat dissipation, ideal for electrical and mechanical systems.<\/li>\r\r\n<li>Easy to machine, weld, and integrate with other components for custom solutions.<\/li>\r\r\n<li>Cost-effective, reducing material and shipping costs for large-scale industrial applications.<\/li>","product_chanpin_blog":"<ul>\r\r\n<li><a href=\"https:\/\/sinoextrud.com\/t-slot-v-slot-differences\/\" target=\"_blank\">t slot vs v slot<\/a><\/li>\r\r\n<li><a href=\"https:\/\/sinoextrud.com\/what-is-4040-aluminium-extrud\/\" target=\"_blank\">4040 aluminium extrusion<\/a><\/li>\r\r\n<li><a href=\"https:\/\/sinoextrud.com\/what-is-4040-aluminium-extrud\/\" target=\"_blank\">aluminum extrusions for industrial racks<\/a><\/li>\r\r\n<li><a href=\"https:\/\/sinoextrud.com\/powder-coating-aluminium-process\/\" target=\"_blank\">powder coating aluminium<\/a><\/li>\r\r\n<li><a href=\"https:\/\/sinoextrud.com\/what-is-an-aluminium-strip-ceiling\/\" target=\"_blank\">aluminium strip ceiling<\/a><\/li>\r\r\n<li><a href=\"https:\/\/sinoextrud.com\/what-is-a-heat-sink\/\" target=\"_blank\">what is a heat sink<\/a><\/li>\r\r\n<\/ul>","product_chanpin_chanpin":"<li><a href=\"https:\/\/sinoextrud.com\/product\/aluminum-profiles-led-strip-lighting\/\" target=\"_blank\">Aluminum Profiles Led Strip Lighting<\/a><\/li>\r\n<li><a href=\"https:\/\/sinoextrud.com\/product\/aluminum-shutter-profile\/\" target=\"_blank\">Aluminum Shutter Profile<\/a><\/li>\r\n<li><a href=\"https:\/\/sinoextrud.com\/product\/aluminum-wall-washer-aluminum-heat-sink-profiles-wit\/\" target=\"_blank\">Aluminum Wall Washer Aluminum Heat Sink Profiles Wit<\/a><\/li>\r\n<li><a href=\"https:\/\/sinoextrud.com\/product\/aluminum-wood-grain-handrail\/\" target=\"_blank\">Aluminum Wood Grain Handrail<\/a><\/li>\r\n<li><a href=\"https:\/\/sinoextrud.com\/product\/aluminum-z-section-extrusions\/\" target=\"_blank\">Aluminum Z Section Extrusions<\/a><\/li>\r\n<li><a href=\"https:\/\/sinoextrud.com\/product\/anodized-matt-and-various-color-extruded-construction-aluminium-profile\/\" target=\"_blank\">Anodized Matt And Various Color Extruded Construction Aluminium Profile<\/a><\/li>\r\n<li><a href=\"https:\/\/sinoextrud.com\/product\/black-extruded-aluminum-heat-sink-profiles\/\" target=\"_blank\">Black Extruded Aluminum Heat Sink Profiles<\/a><\/li>\r\n<li><a href=\"https:\/\/sinoextrud.com\/product\/cnc-machined-6063-heavy-duty-industrial-part\/\" target=\"_blank\">CNC Machined 6063 Heavy-duty Industrial Part<\/a><\/li>\r\n<li><a href=\"https:\/\/sinoextrud.com\/product\/extrusion-led-aluminum-channel\/\" target=\"_blank\">Extrusion Led Aluminum Channel<\/a><\/li>\r\n<li><a href=\"https:\/\/sinoextrud.com\/product\/aluminum-rail-profile-precision\/\" target=\"_blank\">Aluminum Rail Profile Precision<\/a><\/li>\r\n<li><a href=\"https:\/\/sinoextrud.com\/product\/aluminum-extrusion-7003-7005-7020\/\" target=\"_blank\">Aluminum Extrusion 7003 7005 7020 High Hardness Anodized Aluminum Profile<\/a><\/li>"},"feature_list":[]},"_links":{"self":[{"href":"https:\/\/sinoextrud.com\/de\/wp-json\/wp\/v2\/product\/7982","targetHints":{"allow":["GET"]}}],"collection":[{"href":"https:\/\/sinoextrud.com\/de\/wp-json\/wp\/v2\/product"}],"about":[{"href":"https:\/\/sinoextrud.com\/de\/wp-json\/wp\/v2\/types\/product"}],"wp:featuredmedia":[{"embeddable":true,"href":"https:\/\/sinoextrud.com\/de\/wp-json\/wp\/v2\/media\/7981"}],"wp:attachment":[{"href":"https:\/\/sinoextrud.com\/de\/wp-json\/wp\/v2\/media?parent=7982"}],"wp:term":[{"taxonomy":"category","embeddable":true,"href":"https:\/\/sinoextrud.com\/de\/wp-json\/wp\/v2\/categories?post=7982"}],"curies":[{"name":"wp","href":"https:\/\/api.w.org\/{rel}","templated":true}]}}