{"id":7956,"date":"2025-06-12T01:43:58","date_gmt":"2025-06-12T01:43:58","guid":{"rendered":"https:\/\/sinoextrud.com\/product\/aluminum-profile-for-clean-room-circle-shape\/"},"modified":"2025-06-24T06:14:18","modified_gmt":"2025-06-24T06:14:18","slug":"aluminiumprofil-fur-reinraum-kreisform","status":"publish","type":"product","link":"https:\/\/sinoextrud.com\/de\/product\/aluminum-profile-for-clean-room-circle-shape\/","title":{"rendered":"Aluminiumprofil f\u00fcr Reinraum Kreisform"},"content":{"rendered":"<h2>Produkte Details<\/h2>\n<table class=\"custom-table\">\n<tr>\n<td class=\"label\">Titel<\/td>\n<td>Aluminiumprofil f\u00fcr Reinraum Kreisform<\/td>\n<\/tr>\n<\/table>\n<h2>Unsere Produktionsbasis<\/h2>\n<h3>Fabrik-Panorama<\/h3>\n<p><img decoding=\"async\" src=\"\/wp-content\/uploads\/factory-01.webp\"\/><\/p>\n<h3>Werkstatt zur Herstellung von Aluminiumstangen<\/h3>\n<p><img decoding=\"async\" src=\"\/wp-content\/uploads\/factory-02.webp\"\/><\/p>\n<p><img decoding=\"async\" src=\"\/wp-content\/uploads\/factory-03.webp\"\/><\/p>\n<h3>Lagerhaus f\u00fcr Formen<\/h3>\n<p><img decoding=\"async\" src=\"\/wp-content\/uploads\/factory-04.webp\"\/><\/p>\n<h3>43 Aluminium-Strangpressanlagen (500\u00e2\u20ac\"5500 Tonnen)<\/h3>\n<p><img decoding=\"async\" src=\"\/wp-content\/uploads\/factory-05.webp\"\/><\/p>\n<p><img decoding=\"async\" src=\"\/wp-content\/uploads\/factory-06.webp\"\/><\/p>\n<p><img decoding=\"async\" src=\"\/wp-content\/uploads\/factory-07.webp\"\/><\/p>\n<h3>Werkstatt f\u00fcr Pulverbeschichtung<\/h3>\n<p><img decoding=\"async\" src=\"\/wp-content\/uploads\/factory-09.webp\"\/><\/p>\n<h3>Eloxal-Werkstatt<\/h3>\n<p><img decoding=\"async\" src=\"\/wp-content\/uploads\/factory-10.webp\"\/><\/p>\n<h3>Workshop zur Tiefenverarbeitung<\/h3>\n<p><img decoding=\"async\" src=\"\/wp-content\/uploads\/factory-11.webp\"\/><\/p>\n<h3>CNC-Pr\u00e4zisionsbearbeitungswerkstatt<\/h3>\n<p><img decoding=\"async\" src=\"\/wp-content\/uploads\/factory-11.5.webp\"\/><\/p>\n<h3>Lager f\u00fcr Fertigprodukte und Export<\/h3>\n<p><img decoding=\"async\" src=\"\/wp-content\/uploads\/factory-12.webp\"\/><\/p>\n<p><img decoding=\"async\" src=\"\/wp-content\/uploads\/factory-13.webp\"\/><\/p>\n<p><img decoding=\"async\" src=\"\/wp-content\/uploads\/factory-14.webp\"\/><\/p>\n<h2>FAQ<\/h2>\n<p><p><b>1. was ist der Zweck von Aluminiumprofilen f\u00fcr Reinr\u00e4ume? <\/b><\/p>\n<p> Aluminiumprofile f\u00fcr Reinr\u00e4ume bieten eine strukturelle Umrahmung mit glatten, porenfreien Oberfl\u00e4chen, die eine Kontamination verhindern und Hygienestandards unterst\u00fctzen.<br \/>\n<\/p><br \/>\n<br \/>\n<p><b>2. warum eine Kreisform f\u00fcr Reinraum-Aluminiumprofile verwenden? <\/b><\/p>\n<p> Die runde Form reduziert Ecken und Kanten, an denen sich Staub ansammeln kann, und verbessert den Luftstrom und die Sauberkeit in sterilen Umgebungen.<br \/>\n<\/p><br \/>\n<br \/>\n<p><b>3. sind diese Aluminiumprofile f\u00fcr hochreine R\u00e4ume geeignet? <\/b><\/p>\n<p> Ja, unsere Profile werden so hergestellt, dass sie die Anforderungen an Reinr\u00e4ume erf\u00fcllen, einschlie\u00dflich Umgebungen der Klassen 100 bis 10000.<br \/>\n<\/p><br \/>\n<br \/>\n<p><b>4. k\u00f6nnen Aluminiumprofile f\u00fcr Reinr\u00e4ume individuell angepasst werden? <\/b><\/p>\n<p> Nat\u00fcrlich bieten wir auch kundenspezifische Formen, L\u00e4ngen und Eloxaloberfl\u00e4chen an, um spezielle Anforderungen an das Layout und Design von Reinr\u00e4umen zu erf\u00fcllen.<br \/>\n<\/p><br \/>\n<br \/>\n<p><b>5. welches Material wird f\u00fcr Aluminiumprofile im Reinraum verwendet? <\/b><\/p>\n<p> Unsere Reinraumprofile werden aus hochfestem, korrosionsbest\u00e4ndigem Aluminium hergestellt, um eine langfristige Leistung unter sterilen Bedingungen zu gew\u00e4hrleisten.<br \/>\n<\/p><br \/>\n<br \/>\n<p><b>6. wie hilft die Aluminiumoberfl\u00e4che in Reinr\u00e4umen? <\/b><\/p>\n<p> Die eloxierte oder pulverbeschichtete Oberfl\u00e4che bietet eine glatte, dauerhafte Oberfl\u00e4che, die leicht zu reinigen und resistent gegen Chemikalien und Feuchtigkeit ist.<br \/>\n<\/p><br \/>\n<br \/>\n<p><b>7. welche Reinraumsysteme sind mit diesen Profilen kompatibel? <\/b><\/p>\n<p> Diese Profile lassen sich problemlos in Reinraumdecken, Trennw\u00e4nde, Fensterrahmen und modulare Systeme integrieren.<br \/>\n<\/p><br \/><\/p>","protected":false},"featured_media":7955,"template":"","categories":[54],"class_list":["post-7956","product","type-product","status-publish","has-post-thumbnail","hentry","category-industrial-aluminum-profiles"],"meta_box":{"hilight_text_group":{"product_hilight_text":"<li>Designed specifically for clean room environments with smooth, easy-to-clean surfaces.<\/li>\r\r\n<li>Circle shape profile minimizes dust accumulation and particle retention.<\/li>\r\r\n<li>Made from high-grade aluminum for strength and corrosion resistance.<\/li>\r\r\n<li>Lightweight and easy to install in clean room construction.<\/li>\r\r\n<li>Customizable dimensions and finishes to suit project specifications.<\/li>\r\r\n<li>Supports clean room standards for hygiene and air quality control.<\/li>\r\r\n<li>Compatible with clean room wall panels, ceilings, and fixtures.<\/li>","product_chanpin_blog":"<ul>\r\r\n<li><a href=\"https:\/\/sinoextrud.com\/t-slot-v-slot-differences\/\" target=\"_blank\">t slot vs v slot<\/a><\/li>\r\r\n<li><a href=\"https:\/\/sinoextrud.com\/what-is-4040-aluminium-extrud\/\" target=\"_blank\">4040 aluminium extrusion<\/a><\/li>\r\r\n<li><a href=\"https:\/\/sinoextrud.com\/what-is-4040-aluminium-extrud\/\" target=\"_blank\">aluminum extrusions for industrial racks<\/a><\/li>\r\r\n<li><a href=\"https:\/\/sinoextrud.com\/powder-coating-aluminium-process\/\" target=\"_blank\">powder coating aluminium<\/a><\/li>\r\r\n<li><a href=\"https:\/\/sinoextrud.com\/what-is-an-aluminium-strip-ceiling\/\" target=\"_blank\">aluminium strip ceiling<\/a><\/li>\r\r\n<li><a href=\"https:\/\/sinoextrud.com\/what-is-a-heat-sink\/\" target=\"_blank\">what is a heat sink<\/a><\/li>\r\r\n<\/ul>","product_chanpin_chanpin":"<li><a href=\"https:\/\/sinoextrud.com\/product\/aluminum-extrusion-rail\/\" target=\"_blank\">Aluminum Extrusion Rail<\/a><\/li>\r\n<li><a href=\"https:\/\/sinoextrud.com\/product\/aluminum-glass-channel\/\" target=\"_blank\">Aluminum Glass Channel<\/a><\/li>\r\n<li><a href=\"https:\/\/sinoextrud.com\/product\/aluminum-heat-sink-extrusion-profiles\/\" target=\"_blank\">Aluminum Heat Sink Extrusion Profiles<\/a><\/li>\r\n<li><a href=\"https:\/\/sinoextrud.com\/product\/aluminum-industrial-profile-6082-alloy-with-precision-cnc-cutting-length-during-1-m-to-3-meter\/\" target=\"_blank\">aluminum industrial profile 6082 alloy with precision cnc cutting length during 1 m to 3 meter<\/a><\/li>\r\n<li><a href=\"https:\/\/sinoextrud.com\/product\/aluminum-profile-for-clean-room-circle-shape\/\" target=\"_blank\">Aluminum Profile For Clean Room Circle Shape<\/a><\/li>\r\n<li><a href=\"https:\/\/sinoextrud.com\/product\/aluminum-profile-for-solar-panel\/\" target=\"_blank\">Aluminum Profile For Solar Panel<\/a><\/li>\r\n<li><a href=\"https:\/\/sinoextrud.com\/product\/aluminum-profile-for-workstation-desk\/\" target=\"_blank\">Aluminum Profile For Workstation Desk<\/a><\/li>\r\n<li><a href=\"https:\/\/sinoextrud.com\/product\/aluminum-profile-led-light-strip-bar\/\" target=\"_blank\">Aluminum Profile LED Light Strip Bar<\/a><\/li>\r\n<li><a href=\"https:\/\/sinoextrud.com\/product\/aluminum-profile-solar-panel-structure\/\" target=\"_blank\">Aluminum Profile Solar Panel Structure<\/a><\/li>\r\n<li><a href=\"https:\/\/sinoextrud.com\/product\/l-aluminum-profile-for-glass-railing\/\" target=\"_blank\">L Aluminum Profile For Glass Railing<\/a><\/li>\r\n<li><a href=\"https:\/\/sinoextrud.com\/product\/new-design-kitchen-handle-aluminum-profile\/\" target=\"_blank\">New Design Kitchen Handle Aluminum Profile<\/a><\/li>"},"feature_list":[]},"_links":{"self":[{"href":"https:\/\/sinoextrud.com\/de\/wp-json\/wp\/v2\/product\/7956","targetHints":{"allow":["GET"]}}],"collection":[{"href":"https:\/\/sinoextrud.com\/de\/wp-json\/wp\/v2\/product"}],"about":[{"href":"https:\/\/sinoextrud.com\/de\/wp-json\/wp\/v2\/types\/product"}],"wp:featuredmedia":[{"embeddable":true,"href":"https:\/\/sinoextrud.com\/de\/wp-json\/wp\/v2\/media\/7955"}],"wp:attachment":[{"href":"https:\/\/sinoextrud.com\/de\/wp-json\/wp\/v2\/media?parent=7956"}],"wp:term":[{"taxonomy":"category","embeddable":true,"href":"https:\/\/sinoextrud.com\/de\/wp-json\/wp\/v2\/categories?post=7956"}],"curies":[{"name":"wp","href":"https:\/\/api.w.org\/{rel}","templated":true}]}}