{"id":7930,"date":"2025-06-11T07:20:48","date_gmt":"2025-06-11T07:20:48","guid":{"rendered":"https:\/\/sinoextrud.com\/product\/aluminium-t-track-extrusions\/"},"modified":"2025-06-24T06:14:09","modified_gmt":"2025-06-24T06:14:09","slug":"aluminium-schienenprofile","status":"publish","type":"product","link":"https:\/\/sinoextrud.com\/de\/product\/aluminium-t-track-extrusions\/","title":{"rendered":"Aluminium T-Schienen-Strangpressprofile"},"content":{"rendered":"<h2>Produkte Details<\/h2>\n<table class=\"custom-table\">\n<colgroup>\n<col\/>\n<col\/>\n<col\/><\/colgroup>\n<tbody>\n<tr>\n<td> <\/td>\n<td>Aluminium T-Schienen-Strangpressprofile<\/td>\n<\/tr>\n<tr>\n<td>Aluminiumlegierung<\/td>\n<td>6063-T5, oder kundenspezifische Anpassung<\/td>\n<\/tr>\n<tr>\n<td>Behandlung der Oberfl\u00e4che<\/td>\n<td>Werksfertig oder kundenspezifisch<\/td>\n<\/tr>\n<tr>\n<td>Farbe<\/td>\n<td>Werksfertig oder kundenspezifisch<\/td>\n<\/tr>\n<tr>\n<td>Gr\u00f6\u00dfe<\/td>\n<td>1-9m, oder individuelle Anpassung<\/td>\n<\/tr>\n<tr>\n<td>Anmeldung<\/td>\n<td>T-Schienenprofile aus Aluminium f\u00fcr Dekoration, Bau, M\u00f6bel, Fenster und T\u00fcren, etc.<\/td>\n<\/tr>\n<tr>\n<td>Marke<\/td>\n<td>Sinoextrud \/ Sinoextrud \/ Sinoextrud Aluminium<\/td>\n<\/tr>\n<tr>\n<td>Herkunft<\/td>\n<td>Foshan, China<\/td>\n<\/tr>\n<\/tbody>\n<\/table>\n<h2>Unsere Produktionsbasis<\/h2>\n<h3>Fabrik-Panorama<\/h3>\n<p><img decoding=\"async\" src=\"\/wp-content\/uploads\/factory-01.webp\"\/><\/p>\n<h3>Werkstatt zur Herstellung von Aluminiumstangen<\/h3>\n<p><img decoding=\"async\" src=\"\/wp-content\/uploads\/factory-02.webp\"\/><\/p>\n<p><img decoding=\"async\" src=\"\/wp-content\/uploads\/factory-03.webp\"\/><\/p>\n<h3>Lagerhaus f\u00fcr Formen<\/h3>\n<p><img decoding=\"async\" src=\"\/wp-content\/uploads\/factory-04.webp\"\/><\/p>\n<h3>43 Aluminium-Strangpressanlagen (500\u00e2\u20ac\"5500 Tonnen)<\/h3>\n<p><img decoding=\"async\" src=\"\/wp-content\/uploads\/factory-05.webp\"\/><\/p>\n<p><img decoding=\"async\" src=\"\/wp-content\/uploads\/factory-06.webp\"\/><\/p>\n<p><img decoding=\"async\" src=\"\/wp-content\/uploads\/factory-07.webp\"\/><\/p>\n<h3>Werkstatt f\u00fcr Pulverbeschichtung<\/h3>\n<p><img decoding=\"async\" src=\"\/wp-content\/uploads\/factory-09.webp\"\/><\/p>\n<h3>Eloxal-Werkstatt<\/h3>\n<p><img decoding=\"async\" src=\"\/wp-content\/uploads\/factory-10.webp\"\/><\/p>\n<h3>Workshop zur Tiefenverarbeitung<\/h3>\n<p><img decoding=\"async\" src=\"\/wp-content\/uploads\/factory-11.webp\"\/><\/p>\n<h3>CNC-Pr\u00e4zisionsbearbeitungswerkstatt<\/h3>\n<p><img decoding=\"async\" src=\"\/wp-content\/uploads\/factory-11.5.webp\"\/><\/p>\n<h3>Lager f\u00fcr Fertigprodukte und Export<\/h3>\n<p><img decoding=\"async\" src=\"\/wp-content\/uploads\/factory-12.webp\"\/><\/p>\n<p><img decoding=\"async\" src=\"\/wp-content\/uploads\/factory-13.webp\"\/><\/p>\n<p><img decoding=\"async\" src=\"\/wp-content\/uploads\/factory-14.webp\"\/><\/p>\n<h2>FAQ<\/h2>\n<p><p><b>1. was sind die Hauptvorteile von Aluminium-T-Strangpressprofilen?<\/b><\/p>\n<p>T-Schienenprofile aus Aluminium bieten Flexibilit\u00e4t, Langlebigkeit und Korrosionsbest\u00e4ndigkeit und sind daher ideal f\u00fcr modulare Montage- und verstellbare Rahmensysteme.<br \/>\n<\/p><br \/>\n<br \/>\n<p><b>2. wie wird die Vielseitigkeit durch das Design von Aluminium-T-Profilen erh\u00f6ht?<\/b><\/p>\n<p>Das T-Track-Design erm\u00f6glicht eine einfache Integration mit verschiedenen Komponenten, was eine individuelle Anpassung und Flexibilit\u00e4t beim Aufbau verschiedener Systemtypen erm\u00f6glicht.<br \/>\n<\/p><br \/>\n<br \/>\n<p><b>3. welches Material wird f\u00fcr Aluminium T Track Extrusionsprofile verwendet?<\/b><\/p>\n<p>Sie sind aus hochwertigem Aluminium gefertigt und bieten ein ausgewogenes Verh\u00e4ltnis von Festigkeit, geringem Gewicht und Korrosionsbest\u00e4ndigkeit f\u00fcr eine lang anhaltende Leistung.<br \/>\n<\/p><br \/>\n<br \/>\n<p><b>4. k\u00f6nnen Aluminium-T-Profile f\u00fcr spezifische Anwendungen angepasst werden?<\/b><\/p>\n<p>Ja, sie k\u00f6nnen leicht an spezifische Schienensysteme angepasst werden und bieten die Flexibilit\u00e4t, verschiedene industrielle und kommerzielle Anforderungen zu erf\u00fcllen.<br \/>\n<\/p><br \/>\n<br \/>\n<p><b>5. wie korrosionsbest\u00e4ndig sind Aluminium-T-Profile?<\/b><\/p>\n<p>Das Aluminiummaterial ist \u00e4u\u00dferst korrosionsbest\u00e4ndig und gew\u00e4hrleistet langfristige Zuverl\u00e4ssigkeit und gleichbleibende Leistung in anspruchsvollen Umgebungen.<br \/>\n<\/p><br \/>\n<br \/>\n<p><b>6. welche Industrien verwenden Aluminium T Track Extrusions?<\/b><\/p>\n<p>Sie werden h\u00e4ufig in der Fertigung, Automatisierung, im Bauwesen und in der Robotik eingesetzt, wo anpassbare und modulare Systeme ben\u00f6tigt werden.<br \/>\n<\/p><br \/>\n<br \/>\n<p><b>7. wie kosteneffizient sind Aluminium-T-Profile?<\/b><\/p>\n<p>Sie bieten eine kosteng\u00fcnstige L\u00f6sung, da sie den Bedarf an zus\u00e4tzlicher Hardware reduzieren, eine einfache Montage erm\u00f6glichen und die Gesamtinstallationskosten senken.<br \/>\n<\/p><br \/><\/p>","protected":false},"featured_media":7929,"template":"","categories":[54],"class_list":["post-7930","product","type-product","status-publish","has-post-thumbnail","hentry","category-industrial-aluminum-profiles"],"meta_box":{"hilight_text_group":{"product_hilight_text":"<li>Efficient and versatile design, ideal for modular assembly and adjustable framing systems.<\/li>\r\r\n<li>Durable aluminum construction offers lightweight strength and long-lasting performance.<\/li>\r\r\n<li>Corrosion-resistant surface ensures reliability and durability in various environments.<\/li>\r\r\n<li>Easy to integrate with other components, allowing for flexible and customizable configurations.<\/li>\r\r\n<li>Cost-effective solution for building robust and adaptable track-based systems without additional hardware.<\/li>","product_chanpin_blog":"<ul>\r\r\n<li><a href=\"https:\/\/sinoextrud.com\/t-slot-v-slot-differences\/\" target=\"_blank\">t slot vs v slot<\/a><\/li>\r\r\n<li><a href=\"https:\/\/sinoextrud.com\/what-is-4040-aluminium-extrud\/\" target=\"_blank\">4040 aluminium extrusion<\/a><\/li>\r\r\n<li><a href=\"https:\/\/sinoextrud.com\/what-is-4040-aluminium-extrud\/\" target=\"_blank\">aluminum extrusions for industrial racks<\/a><\/li>\r\r\n<li><a href=\"https:\/\/sinoextrud.com\/powder-coating-aluminium-process\/\" target=\"_blank\">powder coating aluminium<\/a><\/li>\r\r\n<li><a href=\"https:\/\/sinoextrud.com\/what-is-an-aluminium-strip-ceiling\/\" target=\"_blank\">aluminium strip ceiling<\/a><\/li>\r\r\n<li><a href=\"https:\/\/sinoextrud.com\/what-is-a-heat-sink\/\" target=\"_blank\">what is a heat sink<\/a><\/li>\r\r\n<\/ul>","product_chanpin_chanpin":"<li><a href=\"https:\/\/sinoextrud.com\/product\/aluminium-slot-profile\/\" target=\"_blank\">Aluminium Slot Profile<\/a><\/li>\r\n<li><a href=\"https:\/\/sinoextrud.com\/product\/aluminium-solar-frame-profile\/\" target=\"_blank\">Aluminium Solar Frame Profile<\/a><\/li>\r\n<li><a href=\"https:\/\/sinoextrud.com\/product\/aluminium-solar-profile\/\" target=\"_blank\">Aluminium Solar Profile<\/a><\/li>\r\n<li><a href=\"https:\/\/sinoextrud.com\/product\/aluminium-t-extrusion\/\" target=\"_blank\">Aluminium T Extrusion<\/a><\/li>\r\n<li><a href=\"https:\/\/sinoextrud.com\/product\/aluminium-t-track-extrusions\/\" target=\"_blank\">Aluminium T Track Extrusions<\/a><\/li>\r\n<li><a href=\"https:\/\/sinoextrud.com\/product\/aluminum-electronic-enclosure-heatsink\/\" target=\"_blank\">Aluminum Electronic Enclosure heatsink<\/a><\/li>\r\n<li><a href=\"https:\/\/sinoextrud.com\/product\/aluminum-extruded-profile-for-5g-communication-instrument\/\" target=\"_blank\">Aluminum Extruded Profile For 5G Communication Instrument<\/a><\/li>\r\n<li><a href=\"https:\/\/sinoextrud.com\/product\/aluminum-extrusion-framing-components\/\" target=\"_blank\">Aluminum Extrusion Framing Components<\/a><\/li>\r\n<li><a href=\"https:\/\/sinoextrud.com\/product\/aluminum-extrusion-heat-profiles-sink\/\" target=\"_blank\">Aluminum Extrusion Heat Profiles Sink<\/a><\/li>\r\n<li><a href=\"https:\/\/sinoextrud.com\/product\/electrophoretic-wood-surface-aluminum-square-pipe\/\" target=\"_blank\">Electrophoretic wood surface-aluminum Square Pipe<\/a><\/li>\r\n<li><a href=\"https:\/\/sinoextrud.com\/product\/profiles-aluminum\/\" target=\"_blank\">Profiles aluminum<\/a><\/li>"},"feature_list":[]},"_links":{"self":[{"href":"https:\/\/sinoextrud.com\/de\/wp-json\/wp\/v2\/product\/7930","targetHints":{"allow":["GET"]}}],"collection":[{"href":"https:\/\/sinoextrud.com\/de\/wp-json\/wp\/v2\/product"}],"about":[{"href":"https:\/\/sinoextrud.com\/de\/wp-json\/wp\/v2\/types\/product"}],"wp:featuredmedia":[{"embeddable":true,"href":"https:\/\/sinoextrud.com\/de\/wp-json\/wp\/v2\/media\/7929"}],"wp:attachment":[{"href":"https:\/\/sinoextrud.com\/de\/wp-json\/wp\/v2\/media?parent=7930"}],"wp:term":[{"taxonomy":"category","embeddable":true,"href":"https:\/\/sinoextrud.com\/de\/wp-json\/wp\/v2\/categories?post=7930"}],"curies":[{"name":"wp","href":"https:\/\/api.w.org\/{rel}","templated":true}]}}