{"id":7916,"date":"2025-06-11T06:58:14","date_gmt":"2025-06-11T06:58:14","guid":{"rendered":"https:\/\/sinoextrud.com\/product\/aluminium-industrial-profile\/"},"modified":"2025-06-24T06:14:05","modified_gmt":"2025-06-24T06:14:05","slug":"aluminium-industrieprofil","status":"publish","type":"product","link":"https:\/\/sinoextrud.com\/de\/product\/aluminium-industrial-profile\/","title":{"rendered":"Aluminium-Industrieprofile"},"content":{"rendered":"<h2>Produkte Details<\/h2>\n<table class=\"custom-table\">\n<tr>\n<td class=\"label\">Die Form:<\/td>\n<td> Kundenspezifisch<\/td>\n<\/tr>\n<tr>\n<td class=\"label\">Temperament:<\/td>\n<td> T3-T8<\/td>\n<\/tr>\n<tr>\n<td class=\"label\">Legierung:<\/td>\n<td> Legierung<\/td>\n<\/tr>\n<tr>\n<td class=\"label\">Legierungsbestandteil:<\/td>\n<td> 6063<\/td>\n<\/tr>\n<tr>\n<td class=\"label\">Profil aus poliertem Aluminium:<\/td>\n<td> Mechanisches Polieren<\/td>\n<\/tr>\n<tr>\n<td class=\"label\">Verarbeitung:<\/td>\n<td> Qualit\u00e4t Stranggepresst<\/td>\n<\/tr>\n<tr>\n<td class=\"label\">Maximale Breite:<\/td>\n<td> 500mm X 500mm<\/td>\n<\/tr>\n<tr>\n<td class=\"label\">Transport-Paket:<\/td>\n<td> Geborgtes Papier mit Plastikfolie umwickelt<\/td>\n<\/tr>\n<tr>\n<td class=\"label\">Herkunft:<\/td>\n<td> Guangdong, China (Festland)<\/td>\n<\/tr>\n<tr>\n<td class=\"label\">Art:<\/td>\n<td> Aluminiumprofile f\u00fcr Fenster und T\u00fcren, Aluminiumprofile f\u00fcr Dekoration, Aluminiumprofile f\u00fcr K\u00fchlk\u00f6rper, Aluminiumprofile f\u00fcr die Industrie<\/td>\n<\/tr>\n<tr>\n<td class=\"label\">Note:<\/td>\n<td> Serie 6000<\/td>\n<\/tr>\n<tr>\n<td class=\"label\">Oberfl\u00e4chenveredelung:<\/td>\n<td> Eloxiert, pulverbeschichtet, Holzmaserung, geb\u00fcrstet, etc. oder kundenspezifisch<\/td>\n<\/tr>\n<tr>\n<td class=\"label\">Zertifizierung:<\/td>\n<td> ISO, SGS<\/td>\n<\/tr>\n<tr>\n<td class=\"label\">Legnth:<\/td>\n<td> 3~8m<\/td>\n<\/tr>\n<tr>\n<td class=\"label\">Standard China:<\/td>\n<td> GB5237-2008<\/td>\n<\/tr>\n<tr>\n<td class=\"label\">HS-Code:<\/td>\n<td> 7604210000<\/td>\n<\/tr>\n<\/table>\n<h2>Unsere Produktionsbasis<\/h2>\n<h3>Fabrik-Panorama<\/h3>\n<p><img decoding=\"async\" src=\"\/wp-content\/uploads\/factory-01.webp\"\/><\/p>\n<h3>Werkstatt zur Herstellung von Aluminiumstangen<\/h3>\n<p><img decoding=\"async\" src=\"\/wp-content\/uploads\/factory-02.webp\"\/><\/p>\n<p><img decoding=\"async\" src=\"\/wp-content\/uploads\/factory-03.webp\"\/><\/p>\n<h3>Lagerhaus f\u00fcr Formen<\/h3>\n<p><img decoding=\"async\" src=\"\/wp-content\/uploads\/factory-04.webp\"\/><\/p>\n<h3>43 Aluminium-Strangpressanlagen (500\u00e2\u20ac\"5500 Tonnen)<\/h3>\n<p><img decoding=\"async\" src=\"\/wp-content\/uploads\/factory-05.webp\"\/><\/p>\n<p><img decoding=\"async\" src=\"\/wp-content\/uploads\/factory-06.webp\"\/><\/p>\n<p><img decoding=\"async\" src=\"\/wp-content\/uploads\/factory-07.webp\"\/><\/p>\n<h3>Werkstatt f\u00fcr Pulverbeschichtung<\/h3>\n<p><img decoding=\"async\" src=\"\/wp-content\/uploads\/factory-09.webp\"\/><\/p>\n<h3>Eloxal-Werkstatt<\/h3>\n<p><img decoding=\"async\" src=\"\/wp-content\/uploads\/factory-10.webp\"\/><\/p>\n<h3>Workshop zur Tiefenverarbeitung<\/h3>\n<p><img decoding=\"async\" src=\"\/wp-content\/uploads\/factory-11.webp\"\/><\/p>\n<h3>CNC-Pr\u00e4zisionsbearbeitungswerkstatt<\/h3>\n<p><img decoding=\"async\" src=\"\/wp-content\/uploads\/factory-11.5.webp\"\/><\/p>\n<h3>Lager f\u00fcr Fertigprodukte und Export<\/h3>\n<p><img decoding=\"async\" src=\"\/wp-content\/uploads\/factory-12.webp\"\/><\/p>\n<p><img decoding=\"async\" src=\"\/wp-content\/uploads\/factory-13.webp\"\/><\/p>\n<p><img decoding=\"async\" src=\"\/wp-content\/uploads\/factory-14.webp\"\/><\/p>\n<h2>FAQ<\/h2>\n<p><p><b>1. wof\u00fcr werden Aluminium-Industrieprofile verwendet?<\/b><\/p>\n<p>Aluminium-Industrieprofile werden verwendet, um starke, dauerhafte Strukturen f\u00fcr industrielle Anwendungen wie Maschinengestelle, Arbeitsstationen und Tr\u00e4gersysteme zu schaffen.<br \/>\n<\/p><br \/>\n<br \/>\n<p><b>2. warum Aluminium-Industrieprofile anderen Materialien vorziehen?<\/b><\/p>\n<p>Aluminium ist leicht, stabil und korrosionsbest\u00e4ndig und damit die ideale Wahl f\u00fcr industrielle Anwendungen, bei denen es auf Haltbarkeit und einfache Handhabung ankommt.<br \/>\n<\/p><br \/>\n<br \/>\n<p><b>3. k\u00f6nnen Aluminium-Industrieprofile f\u00fcr verschiedene Projekte angepasst werden?<\/b><\/p>\n<p>Ja, Aluminium-Industrieprofile sind in hohem Ma\u00dfe anpassbar und k\u00f6nnen auf die spezifischen Bed\u00fcrfnisse und Abmessungen verschiedener Industrieprojekte zugeschnitten werden.<br \/>\n<\/p><br \/>\n<br \/>\n<p><b>4. wie tragen Aluminium-Industrieprofile zu Kosteneinsparungen bei?<\/b><\/p>\n<p>Aluminium-Industrieprofile senken die Arbeitskosten aufgrund ihrer einfachen Handhabung, schnellen Montage und leichten Bauweise, was sie f\u00fcr Gro\u00dfprojekte kosteneffizient macht.<br \/>\n<\/p><br \/>\n<br \/>\n<p><b>5. sind Aluminium-Industrieprofile f\u00fcr den Au\u00dfeneinsatz geeignet?<\/b><\/p>\n<p>Ja, dank ihrer korrosionsbest\u00e4ndigen Eigenschaften sind Aluminium-Industrieprofile gut f\u00fcr den Au\u00dfenbereich und raue Umgebungsbedingungen geeignet.<br \/>\n<\/p><br \/>\n<br \/>\n<p><b>6. wie stark sind Aluminium-Industrieprofile?<\/b><\/p>\n<p>Aluminium-Industrieprofile sind \u00e4u\u00dferst langlebig und stabil, sie k\u00f6nnen schwere Lasten tragen und halten erheblichem Verschlei\u00df stand.<br \/>\n<\/p><br \/>\n<br \/>\n<p><b>7. welche Arten von Zubeh\u00f6r k\u00f6nnen mit Aluminium-Industrieprofilen verwendet werden?<\/b><\/p>\n<p>Ein breites Spektrum an Zubeh\u00f6r wie Verbinder, Halterungen und Befestigungselemente kann mit Aluminium-Industrieprofilen verwendet werden, um die Flexibilit\u00e4t und Funktionalit\u00e4t der Strukturen zu erh\u00f6hen.<br \/>\n<\/p><br \/><\/p>","protected":false},"featured_media":7915,"template":"","categories":[54],"class_list":["post-7916","product","type-product","status-publish","has-post-thumbnail","hentry","category-industrial-aluminum-profiles"],"meta_box":{"hilight_text_group":{"product_hilight_text":"<li>High-strength aluminum profiles for durable and long-lasting industrial applications.<\/li>\r\r\n<li>Lightweight design ensures easy handling and installation, reducing overall labor costs.<\/li>\r\r\n<li>Corrosion-resistant surface for superior performance in harsh environments.<\/li>\r\r\n<li>Versatile and customizable profiles that can be tailored to specific project requirements.<\/li>\r\r\n<li>Easy integration with a wide range of accessories, enhancing functionality and flexibility.<\/li>","product_chanpin_blog":"<ul>\r\r\n<li><a href=\"https:\/\/sinoextrud.com\/t-slot-v-slot-differences\/\" target=\"_blank\">t slot vs v slot<\/a><\/li>\r\r\n<li><a href=\"https:\/\/sinoextrud.com\/what-is-4040-aluminium-extrud\/\" target=\"_blank\">4040 aluminium extrusion<\/a><\/li>\r\r\n<li><a href=\"https:\/\/sinoextrud.com\/what-is-4040-aluminium-extrud\/\" target=\"_blank\">aluminum extrusions for industrial racks<\/a><\/li>\r\r\n<li><a href=\"https:\/\/sinoextrud.com\/powder-coating-aluminium-process\/\" target=\"_blank\">powder coating aluminium<\/a><\/li>\r\r\n<li><a href=\"https:\/\/sinoextrud.com\/what-is-an-aluminium-strip-ceiling\/\" target=\"_blank\">aluminium strip ceiling<\/a><\/li>\r\r\n<li><a href=\"https:\/\/sinoextrud.com\/what-is-a-heat-sink\/\" target=\"_blank\">what is a heat sink<\/a><\/li>\r\r\n<\/ul>","product_chanpin_chanpin":"<li><a href=\"https:\/\/sinoextrud.com\/product\/aluminium-extrusion-caravan-profiles\/\" target=\"_blank\">Aluminium Extrusion Caravan Profiles<\/a><\/li>\r\n<li><a href=\"https:\/\/sinoextrud.com\/product\/aluminium-extrusion-fittings-for-led\/\" target=\"_blank\">Aluminium Extrusion Fittings For Led<\/a><\/li>\r\n<li><a href=\"https:\/\/sinoextrud.com\/product\/aluminium-extrusion-for-solar-panel-mounting-frame\/\" target=\"_blank\">Aluminium extrusion for solar panel mounting frame<\/a><\/li>\r\n<li><a href=\"https:\/\/sinoextrud.com\/product\/aluminium-extrusion-profile-for-led-light-strip-heat-sink\/\" target=\"_blank\">Aluminium Extrusion Profile For LED Light Strip Heat Sink<\/a><\/li>\r\n<li><a href=\"https:\/\/sinoextrud.com\/product\/aluminium-industrial-profile\/\" target=\"_blank\">Aluminium Industrial Profile<\/a><\/li>\r\n<li><a href=\"https:\/\/sinoextrud.com\/product\/aluminium-round-tube-aluminium-profile-with-series-3003-3001\/\" target=\"_blank\">Aluminium Round Tube Aluminium Profile With Series 3003 3001<\/a><\/li>\r\n<li><a href=\"https:\/\/sinoextrud.com\/product\/aluminium-slot-profile\/\" target=\"_blank\">Aluminium Slot Profile<\/a><\/li>\r\n<li><a href=\"https:\/\/sinoextrud.com\/product\/aluminium-solar-frame-profile\/\" target=\"_blank\">Aluminium Solar Frame Profile<\/a><\/li>\r\n<li><a href=\"https:\/\/sinoextrud.com\/product\/aluminium-solar-profile\/\" target=\"_blank\">Aluminium Solar Profile<\/a><\/li>\r\n<li><a href=\"https:\/\/sinoextrud.com\/product\/combination-ceiling-system\/\" target=\"_blank\">Combination Ceiling System<\/a><\/li>\r\n<li><a href=\"https:\/\/sinoextrud.com\/product\/aluminum-extrusion-l-shaped-angle-aluminum-profile-in-china\/\" target=\"_blank\">Aluminum Extrusion L-shaped Angle Aluminum Profile in China<\/a><\/li>"},"feature_list":[]},"_links":{"self":[{"href":"https:\/\/sinoextrud.com\/de\/wp-json\/wp\/v2\/product\/7916","targetHints":{"allow":["GET"]}}],"collection":[{"href":"https:\/\/sinoextrud.com\/de\/wp-json\/wp\/v2\/product"}],"about":[{"href":"https:\/\/sinoextrud.com\/de\/wp-json\/wp\/v2\/types\/product"}],"wp:featuredmedia":[{"embeddable":true,"href":"https:\/\/sinoextrud.com\/de\/wp-json\/wp\/v2\/media\/7915"}],"wp:attachment":[{"href":"https:\/\/sinoextrud.com\/de\/wp-json\/wp\/v2\/media?parent=7916"}],"wp:term":[{"taxonomy":"category","embeddable":true,"href":"https:\/\/sinoextrud.com\/de\/wp-json\/wp\/v2\/categories?post=7916"}],"curies":[{"name":"wp","href":"https:\/\/api.w.org\/{rel}","templated":true}]}}