{"id":7906,"date":"2025-06-11T06:37:39","date_gmt":"2025-06-11T06:37:39","guid":{"rendered":"https:\/\/sinoextrud.com\/product\/aluminium-c-profile\/"},"modified":"2025-06-24T06:14:03","modified_gmt":"2025-06-24T06:14:03","slug":"aluminium-c-profil","status":"publish","type":"product","link":"https:\/\/sinoextrud.com\/de\/product\/aluminium-c-profile\/","title":{"rendered":"Aluminium C-Profil"},"content":{"rendered":"<h2>Produkte Details<\/h2>\n<table class=\"custom-table\">\n<tr>\n<td class=\"label\">\nDie Form:<\/td>\n<td> Aluminium C-Profil<\/td>\n<\/tr>\n<tr>\n<td class=\"label\">Temperament:<\/td>\n<td> T3-T8<\/td>\n<\/tr>\n<tr>\n<td class=\"label\">Legierung:<\/td>\n<td> Legierung<\/td>\n<\/tr>\n<tr>\n<td class=\"label\">Legierungsbestandteil:<\/td>\n<td> 6063<\/td>\n<\/tr>\n<tr>\n<td class=\"label\">CNC-bearbeitet:<\/td>\n<td> Wird CNC-bearbeitet<\/td>\n<\/tr>\n<tr>\n<td class=\"label\">Unser Versprechen:<\/td>\n<td> 100% Gute Produkte vor dem Versand<\/td>\n<\/tr>\n<tr>\n<td class=\"label\">H\u00f6rner:<\/td>\n<td> China Top 10 gesicherte Qualit\u00e4t Lieferant<\/td>\n<\/tr>\n<tr>\n<td class=\"label\">OEM\/ODM Annehmbar:<\/td>\n<td> Ist OEM\/ODM akzeptabel?<\/td>\n<\/tr>\n<tr>\n<td class=\"label\">Transport-Paket:<\/td>\n<td> Schrumpfende Folie<\/td>\n<\/tr>\n<tr>\n<td class=\"label\">Herkunft:<\/td>\n<td> China, Guangdong<\/td>\n<\/tr>\n<tr>\n<td class=\"label\">Art:<\/td>\n<td> Fenster- und T\u00fcrprofile aus Aluminium, Aluminium-Dekorprofile, Aluminium-K\u00fchlk\u00f6rperprofile, Aluminium-Glaswandprofile, Aluminium-Transportprofile<\/td>\n<\/tr>\n<tr>\n<td class=\"label\">Note:<\/td>\n<td> Serie 6000<\/td>\n<\/tr>\n<tr>\n<td class=\"label\">Fenster &amp; T\u00fcren Aluminiumprofil:<\/td>\n<td> Serie 60<\/td>\n<\/tr>\n<tr>\n<td class=\"label\">Oberfl\u00e4chenveredelung:<\/td>\n<td> Eloxiert, poliert, pulverbeschichtet, etc.<\/td>\n<\/tr>\n<tr>\n<td class=\"label\">Zertifizierung:<\/td>\n<td> CE, ISO, ISO9001, Aama, DIN<\/td>\n<\/tr>\n<tr>\n<td class=\"label\">Beenden:<\/td>\n<td> Eloxiert, poliert, pulverbeschichtet<\/td>\n<\/tr>\n<tr>\n<td class=\"label\">Farben:<\/td>\n<td> Jeder ist verf\u00fcgbar<\/td>\n<\/tr>\n<tr>\n<td class=\"label\">Fokus auf:<\/td>\n<td> Architektur, Industrie, Haushaltsger\u00e4te<\/td>\n<\/tr>\n<tr>\n<td class=\"label\">Unsere Qualit\u00e4t:<\/td>\n<td> 100% QC-Pr\u00fcfung<\/td>\n<\/tr>\n<tr>\n<td class=\"label\">Unser Vorteil:<\/td>\n<td> Starke technische Unterst\u00fctzung<\/td>\n<\/tr>\n<tr>\n<td class=\"label\">Spezifikation:<\/td>\n<td> ISO 9001<\/td>\n<\/tr>\n<tr>\n<td class=\"label\">HS-Code:<\/td>\n<td> 7604299000<\/td>\n<\/tr>\n<\/table>\n<h2>Unsere Produktionsbasis<\/h2>\n<h3>Fabrik-Panorama<\/h3>\n<p><img decoding=\"async\" src=\"\/wp-content\/uploads\/factory-01.webp\"\/><\/p>\n<h3>Werkstatt zur Herstellung von Aluminiumstangen<\/h3>\n<p><img decoding=\"async\" src=\"\/wp-content\/uploads\/factory-02.webp\"\/><\/p>\n<\/p>\n<p><img decoding=\"async\" src=\"\/wp-content\/uploads\/factory-03.webp\"\/><\/p>\n<h3>Lagerhaus f\u00fcr Formen<\/h3>\n<p><img decoding=\"async\" src=\"\/wp-content\/uploads\/factory-04.webp\"\/><\/p>\n<h3>43 Aluminium-Strangpressanlagen (500\u00e2\u20ac\"5500 Tonnen)<\/h3>\n<p><img decoding=\"async\" src=\"\/wp-content\/uploads\/factory-05.webp\"\/><\/p>\n<p><img decoding=\"async\" src=\"\/wp-content\/uploads\/factory-06.webp\"\/><\/p>\n<p><img decoding=\"async\" src=\"\/wp-content\/uploads\/factory-07.webp\"\/><\/p>\n<h3>Werkstatt f\u00fcr Pulverbeschichtung<\/h3>\n<p><img decoding=\"async\" src=\"\/wp-content\/uploads\/factory-09.webp\"\/><\/p>\n<h3>Eloxal-Werkstatt<\/h3>\n<p><img decoding=\"async\" src=\"\/wp-content\/uploads\/factory-10.webp\"\/><\/p>\n<h3>Workshop zur Tiefenverarbeitung<\/h3>\n<p><img decoding=\"async\" src=\"\/wp-content\/uploads\/factory-11.webp\"\/><\/p>\n<h3>CNC-Pr\u00e4zisionsbearbeitungswerkstatt<\/h3>\n<p><img decoding=\"async\" src=\"\/wp-content\/uploads\/factory-11.5.webp\"\/><\/p>\n<h3>Lager f\u00fcr Fertigprodukte und Export<\/h3>\n<p><img decoding=\"async\" src=\"\/wp-content\/uploads\/factory-12.webp\"\/><\/p>\n<p><img decoding=\"async\" src=\"\/wp-content\/uploads\/factory-13.webp\"\/><\/p>\n<p><img decoding=\"async\" src=\"\/wp-content\/uploads\/factory-14.webp\"\/><\/p>\n<h2>FAQ<\/h2>\n<p><b>1. was sind die Hauptvorteile von Aluminium-C-Profilen?<\/b><\/p>\n<p>Aluminium-C-Profile bieten Langlebigkeit, leichte Festigkeit, Korrosionsbest\u00e4ndigkeit und Vielseitigkeit und sind daher ideal f\u00fcr Rahmen-, Tr\u00e4ger- und Industrieanwendungen.\n<\/p>\n<p><\/p>\n<p><b>2. wie profitiert das Material Aluminium von den Aluminium-C-Profilen?<\/b><\/p>\n<p>Aluminium bietet Festigkeit, Korrosionsbest\u00e4ndigkeit und ein geringes Gewicht, was eine lange Lebensdauer gew\u00e4hrleistet und gleichzeitig einfach zu handhaben und zu installieren ist.\n<\/p>\n<p><\/p>\n<p><b>3. k\u00f6nnen Aluminium C-Profile individuell angepasst werden?<\/b><\/p>\n<p>Ja, sie k\u00f6nnen in Bezug auf Gr\u00f6\u00dfe, L\u00e4nge und Form individuell angepasst werden, um den spezifischen Anforderungen verschiedener Industrieprojekte und Anwendungen gerecht zu werden.\n<\/p>\n<p><\/p>\n<p><b>4. wie korrosionsbest\u00e4ndig sind Aluminium C-Profile?<\/b><\/p>\n<p>Aluminium ist von Natur aus korrosionsbest\u00e4ndig, so dass die C-Profile auch in rauen Umgebungen ihre Integrit\u00e4t und Leistungsf\u00e4higkeit behalten.\n<\/p>\n<p><\/p>\n<p><b>5. welche Branchen verwenden Aluminium-C-Profile?<\/b><\/p>\n<p>Sie finden breite Anwendung im Bauwesen, in der Fertigung, in der Automatisierungstechnik und in anderen Bereichen, in denen haltbare und leichte Strukturkomponenten ben\u00f6tigt werden.\n<\/p>\n<p><\/p>\n<p><b>6. welche Vorteile bietet die Leichtbauweise von Aluminium-C-Profilen f\u00fcr Projekte?<\/b><\/p>\n<p>Das geringe Gewicht erleichtert die Handhabung, den Transport und die Installation, was die Arbeitskosten senkt und die Effizienz des Projekts insgesamt verbessert.\n<\/p>\n<p><\/p>\n<p><b>7. wie kosteng\u00fcnstig sind Aluminium-C-Profile?<\/b><\/p>\n<p>Sie bieten eine kosteneffiziente L\u00f6sung, denn sie sind langlebig, leicht zu verarbeiten und erfordern nur minimale Werkzeuge, was zur Senkung der Gesamtkosten bei Bau- und Montageprojekten beitr\u00e4gt.\n<\/p>\n<p><\/p>","protected":false},"featured_media":7905,"template":"","categories":[54],"class_list":["post-7906","product","type-product","status-publish","has-post-thumbnail","hentry","category-industrial-aluminum-profiles"],"meta_box":{"hilight_text_group":{"product_hilight_text":"<li>High-strength aluminum construction, providing a reliable and durable framework for various applications.<\/li>\r\r\n<li>Lightweight design, ensuring easy handling and cost-effective transportation and installation.<\/li>\r\r\n<li>Corrosion-resistant, making it ideal for use in harsh environments with long-term reliability.<\/li>\r\r\n<li>Versatile C-profile design, suitable for framing, support structures, and industrial machinery applications.<\/li>\r\r\n<li>Cost-effective and easy to fabricate, reducing project costs and enhancing efficiency in construction and assembly.<\/li>","product_chanpin_blog":"<ul>\r\r\n<li><a href=\"https:\/\/sinoextrud.com\/t-slot-v-slot-differences\/\" target=\"_blank\">t slot vs v slot<\/a><\/li>\r\r\n<li><a href=\"https:\/\/sinoextrud.com\/what-is-4040-aluminium-extrud\/\" target=\"_blank\">4040 aluminium extrusion<\/a><\/li>\r\r\n<li><a href=\"https:\/\/sinoextrud.com\/what-is-4040-aluminium-extrud\/\" target=\"_blank\">aluminum extrusions for industrial racks<\/a><\/li>\r\r\n<li><a href=\"https:\/\/sinoextrud.com\/powder-coating-aluminium-process\/\" target=\"_blank\">powder coating aluminium<\/a><\/li>\r\r\n<li><a href=\"https:\/\/sinoextrud.com\/what-is-an-aluminium-strip-ceiling\/\" target=\"_blank\">aluminium strip ceiling<\/a><\/li>\r\r\n<li><a href=\"https:\/\/sinoextrud.com\/what-is-a-heat-sink\/\" target=\"_blank\">what is a heat sink<\/a><\/li>\r\r\n<\/ul>","product_chanpin_chanpin":"<li><a href=\"https:\/\/sinoextrud.com\/product\/7-series-and-1-series-aluminum-beam-profile\/\" target=\"_blank\">7 Series And 1 Series Aluminum Beam Profile<\/a><\/li>\r\n<li><a href=\"https:\/\/sinoextrud.com\/product\/7003-7050-aluminum-profile-mechanical-parts\/\" target=\"_blank\">7003 7050 Aluminum Profile Mechanical Parts<\/a><\/li>\r\n<li><a href=\"https:\/\/sinoextrud.com\/product\/80-x-40-aluminium-extrusion-workshop-pipeline\/\" target=\"_blank\">80 x 40 Aluminium Extrusion Workshop Pipeline<\/a><\/li>\r\n<li><a href=\"https:\/\/sinoextrud.com\/product\/aluminium-6061\/\" target=\"_blank\">Aluminium 6061<\/a><\/li>\r\n<li><a href=\"https:\/\/sinoextrud.com\/product\/aluminium-c-profile\/\" target=\"_blank\">Aluminium C Profile<\/a><\/li>\r\n<li><a href=\"https:\/\/sinoextrud.com\/product\/aluminium-extrusion-caravan-profiles\/\" target=\"_blank\">Aluminium Extrusion Caravan Profiles<\/a><\/li>\r\n<li><a href=\"https:\/\/sinoextrud.com\/product\/aluminium-extrusion-fittings-for-led\/\" target=\"_blank\">Aluminium Extrusion Fittings For Led<\/a><\/li>\r\n<li><a href=\"https:\/\/sinoextrud.com\/product\/aluminium-extrusion-for-solar-panel-mounting-frame\/\" target=\"_blank\">Aluminium extrusion for solar panel mounting frame<\/a><\/li>\r\n<li><a href=\"https:\/\/sinoextrud.com\/product\/aluminium-extrusion-profile-for-led-light-strip-heat-sink\/\" target=\"_blank\">Aluminium Extrusion Profile For LED Light Strip Heat Sink<\/a><\/li>\r\n<li><a href=\"https:\/\/sinoextrud.com\/product\/extruded-aluminium-profile-tube-pipe-with-oval-trigle-square-round-shape-manufacturer-price\/\" target=\"_blank\">Extruded Aluminium Profile Tube Pipe With Oval Trigle Square Round Shape Manufacturer Price<\/a><\/li>\r\n<li><a href=\"https:\/\/sinoextrud.com\/product\/aluminum-profile-t-slot\/\" target=\"_blank\">Aluminum Profile T Slot<\/a><\/li>"},"feature_list":[]},"_links":{"self":[{"href":"https:\/\/sinoextrud.com\/de\/wp-json\/wp\/v2\/product\/7906","targetHints":{"allow":["GET"]}}],"collection":[{"href":"https:\/\/sinoextrud.com\/de\/wp-json\/wp\/v2\/product"}],"about":[{"href":"https:\/\/sinoextrud.com\/de\/wp-json\/wp\/v2\/types\/product"}],"wp:featuredmedia":[{"embeddable":true,"href":"https:\/\/sinoextrud.com\/de\/wp-json\/wp\/v2\/media\/7905"}],"wp:attachment":[{"href":"https:\/\/sinoextrud.com\/de\/wp-json\/wp\/v2\/media?parent=7906"}],"wp:term":[{"taxonomy":"category","embeddable":true,"href":"https:\/\/sinoextrud.com\/de\/wp-json\/wp\/v2\/categories?post=7906"}],"curies":[{"name":"wp","href":"https:\/\/api.w.org\/{rel}","templated":true}]}}