{"id":7890,"date":"2025-06-11T06:22:47","date_gmt":"2025-06-11T06:22:47","guid":{"rendered":"https:\/\/sinoextrud.com\/product\/6063-anodized-road-case-aluminum-extrusions\/"},"modified":"2025-06-24T06:14:01","modified_gmt":"2025-06-24T06:14:01","slug":"6063-eloxierte-aluminium-strangpressprofile-fur-den-strasenbau","status":"publish","type":"product","link":"https:\/\/sinoextrud.com\/de\/product\/6063-anodized-road-case-aluminum-extrusions\/","title":{"rendered":"6063 Eloxierte Aluminium-Strangpressprofile f\u00fcr Stra\u00dfengeh\u00e4use"},"content":{"rendered":"<h2>Produkte Details<\/h2>\n<table class=\"custom-table\">\n<tbody>\n<tr>\n<td> Note:<\/td>\n<td> 6063 -t5<\/td>\n<\/tr>\n<tr>\n<td> Die Technik:<\/td>\n<td> 6063 Eloxierte Aluminium-Strangpressprofile f\u00fcr Stra\u00dfengeh\u00e4use<\/td>\n<\/tr>\n<tr>\n<td> Temperament:<\/td>\n<td> T3 - T8<\/td>\n<\/tr>\n<tr>\n<td> Bearbeitende Dienstleistungen:<\/td>\n<td> Bohren, Gewindeschneiden, Nieten, Montage, etc.<\/td>\n<\/tr>\n<tr>\n<td> Warenzeichen:<\/td>\n<td> Sinoextrud Sinoextrud <\/td>\n<\/tr>\n<tr>\n<td> Art:<\/td>\n<td> 6063 Eloxierte Aluminium-Strangpressprofile f\u00fcr Stra\u00dfengeh\u00e4use<\/td>\n<\/tr>\n<tr>\n<td> Die Form:<\/td>\n<td> Hergestellt nach Kundenwunsch<\/td>\n<\/tr>\n<tr>\n<td> Oberfl\u00e4chenbehandlung:<\/td>\n<td> Mill Finish Eloxiert Geb\u00fcrstet<\/td>\n<\/tr>\n<tr>\n<td> L\u00e4nge:<\/td>\n<td> 1m bis 9m pro L\u00e4nge<\/td>\n<\/tr>\n<tr>\n<td> Farben:<\/td>\n<td> Silber Schwarz<\/td>\n<\/tr>\n<tr>\n<td> HS-Code:<\/td>\n<td> 76042990<\/td>\n<\/tr>\n<\/tbody>\n<\/table>\n<h2>Unsere Produktionsbasis<\/h2>\n<h3>Fabrik-Panorama<\/h3>\n<p><img decoding=\"async\" src=\"\/wp-content\/uploads\/factory-01.webp\"\/><\/p>\n<h3>Werkstatt zur Herstellung von Aluminiumstangen<\/h3>\n<p><img decoding=\"async\" src=\"\/wp-content\/uploads\/factory-02.webp\"\/><\/p>\n<p><img decoding=\"async\" src=\"\/wp-content\/uploads\/factory-03.webp\"\/><\/p>\n<h3>Lagerhaus f\u00fcr Formen<\/h3>\n<p><img decoding=\"async\" src=\"\/wp-content\/uploads\/factory-04.webp\"\/><\/p>\n<h3>43 Aluminium-Strangpressanlagen (500\u00e2\u20ac\"5500 Tonnen)<\/h3>\n<p><img decoding=\"async\" src=\"\/wp-content\/uploads\/factory-05.webp\"\/><\/p>\n<p><img decoding=\"async\" src=\"\/wp-content\/uploads\/factory-06.webp\"\/><\/p>\n<p><img decoding=\"async\" src=\"\/wp-content\/uploads\/factory-07.webp\"\/><\/p>\n<h3>Werkstatt f\u00fcr Pulverbeschichtung<\/h3>\n<p><img decoding=\"async\" src=\"\/wp-content\/uploads\/factory-09.webp\"\/><\/p>\n<h3>Eloxal-Werkstatt<\/h3>\n<p><img decoding=\"async\" src=\"\/wp-content\/uploads\/factory-10.webp\"\/><\/p>\n<h3>Workshop zur Tiefenverarbeitung<\/h3>\n<p><img decoding=\"async\" src=\"\/wp-content\/uploads\/factory-11.webp\"\/><\/p>\n<h3>CNC-Pr\u00e4zisionsbearbeitungswerkstatt<\/h3>\n<p><img decoding=\"async\" src=\"\/wp-content\/uploads\/factory-11.5.webp\"\/><\/p>\n<h3>Lager f\u00fcr Fertigprodukte und Export<\/h3>\n<p><img decoding=\"async\" src=\"\/wp-content\/uploads\/factory-12.webp\"\/><\/p>\n<p><img decoding=\"async\" src=\"\/wp-content\/uploads\/factory-13.webp\"\/><\/p>\n<p><img decoding=\"async\" src=\"\/wp-content\/uploads\/factory-14.webp\"\/><\/p>\n<h2>FAQ<\/h2>\n<p><p><b>1. was sind 6063 eloxiert Stra\u00dfe Fall Aluminium-Strangpressprofilen verwendet?<\/b><\/p>\n<p>6063 eloxierte Aluminium-Strangpressprofile f\u00fcr Stra\u00dfenkoffer werden h\u00e4ufig f\u00fcr den Bau von robusten, leichten und korrosionsbest\u00e4ndigen Stra\u00dfenkoffern f\u00fcr den Transport empfindlicher Ger\u00e4te verwendet.<br \/>\n<\/p><br \/>\n<br \/>\n<p><b>2. warum ist die Eloxierung f\u00fcr Aluminium-Strangpressprofile wichtig?<\/b><\/p>\n<p>Die Eloxierung erh\u00f6ht die Korrosionsbest\u00e4ndigkeit des Aluminiums und verbessert sein \u00e4sthetisches Erscheinungsbild, wodurch es sich ideal f\u00fcr Stra\u00dfenkoffer eignet, die rauen Umgebungen ausgesetzt sind.<br \/>\n<\/p><br \/>\n<br \/>\n<p><b>Welche Vorteile bietet die Verwendung von 6063-Aluminium f\u00fcr die Extrusion von Stra\u00dfenkoffern?<\/b><\/p>\n<p>6063-Aluminium bietet ein hervorragendes Verh\u00e4ltnis zwischen Festigkeit und Gewicht und ist daher leicht und dennoch stabil genug, um empfindliche Ger\u00e4te w\u00e4hrend des Transports und der Handhabung zu sch\u00fctzen.<br \/>\n<\/p><br \/>\n<br \/>\n<p><b>4. k\u00f6nnen 6063 eloxiert Stra\u00dfe Fall Aluminium-Strangpressprofile angepasst werden?<\/b><\/p>\n<p>Ja, diese Strangpressprofile sind in hohem Ma\u00dfe anpassbar, um spezifische Gr\u00f6\u00dfen-, Form- und Festigkeitsanforderungen f\u00fcr verschiedene Stra\u00dfenkofferdesigns zu erf\u00fcllen.<br \/>\n<\/p><br \/>\n<br \/>\n<p><b>5. wie verbessert die eloxierte Oberfl\u00e4che die Leistung der Strangpressprofile?<\/b><\/p>\n<p>Die eloxierte Oberfl\u00e4che bietet einen zus\u00e4tzlichen Schutz vor Korrosion, Kratzern und Abnutzung, was f\u00fcr Stra\u00dfenkoffer, die h\u00e4ufigem Handling und rauen Bedingungen ausgesetzt sind, entscheidend ist.<br \/>\n<\/p><br \/>\n<br \/>\n<p><b>6. sind 6063 eloxierte Aluminium-Strangpressprofile f\u00fcr den Stra\u00dfenbau f\u00fcr den Einsatz unter schweren Bedingungen geeignet?<\/b><\/p>\n<p>Ja, sie sind so konstruiert, dass sie den Strapazen des Transports und der starken Beanspruchung standhalten und dabei ihre strukturelle Integrit\u00e4t und ihr Aussehen behalten.<br \/>\n<\/p><br \/>\n<br \/>\n<p><b>7. welche Branchen profitieren von 6063 eloxiertem Aluminium f\u00fcr Stra\u00dfengeh\u00e4use?<\/b><\/p>\n<p>Branchen wie die Unterhaltungsindustrie, der audiovisuelle Sektor, das Milit\u00e4r und der Rundfunk verlassen sich auf 6063 eloxierte Aluminium-Strangpressprofile f\u00fcr den sicheren und zuverl\u00e4ssigen Transport und die Lagerung empfindlicher Ger\u00e4te.<br \/>\n<\/p><br \/><\/p>","protected":false},"featured_media":7889,"template":"","categories":[54],"class_list":["post-7890","product","type-product","status-publish","has-post-thumbnail","hentry","category-industrial-aluminum-profiles"],"meta_box":{"hilight_text_group":{"product_hilight_text":"<li>6063 aluminum provides excellent strength-to-weight ratio, perfect for road case applications.<\/li>\r\r\n<li>Anodized finish offers enhanced corrosion resistance, ensuring long-lasting durability.<\/li>\r\r\n<li>Customizable extrusion profiles to meet specific design and structural requirements.<\/li>\r\r\n<li>Lightweight and robust construction, ideal for transport and handling of sensitive equipment.<\/li>\r\r\n<li>Precision engineering for high-quality, reliable performance in demanding environments.<\/li>","product_chanpin_blog":"<ul>\r\r\n<li><a href=\"https:\/\/sinoextrud.com\/t-slot-v-slot-differences\/\" target=\"_blank\">t slot vs v slot<\/a><\/li>\r\r\n<li><a href=\"https:\/\/sinoextrud.com\/what-is-4040-aluminium-extrud\/\" target=\"_blank\">4040 aluminium extrusion<\/a><\/li>\r\r\n<li><a href=\"https:\/\/sinoextrud.com\/what-is-4040-aluminium-extrud\/\" target=\"_blank\">aluminum extrusions for industrial racks<\/a><\/li>\r\r\n<li><a href=\"https:\/\/sinoextrud.com\/powder-coating-aluminium-process\/\" target=\"_blank\">powder coating aluminium<\/a><\/li>\r\r\n<li><a href=\"https:\/\/sinoextrud.com\/what-is-an-aluminium-strip-ceiling\/\" target=\"_blank\">aluminium strip ceiling<\/a><\/li>\r\r\n<li><a href=\"https:\/\/sinoextrud.com\/what-is-a-heat-sink\/\" target=\"_blank\">what is a heat sink<\/a><\/li>\r\r\n<\/ul>","product_chanpin_chanpin":"<li><a href=\"https:\/\/sinoextrud.com\/product\/aluminium-shelf-extrusion\/\" target=\"_blank\">Aluminium Shelf Extrusion<\/a><\/li>\r\n<li><a href=\"https:\/\/sinoextrud.com\/product\/metal-extrusion-products\/\" target=\"_blank\">Metal Extrusion Products<\/a><\/li>\r\n<li><a href=\"https:\/\/sinoextrud.com\/product\/t-slot-aluminum-extursion\/\" target=\"_blank\">T-slot Aluminum Extursion<\/a><\/li>\r\n<li><a href=\"https:\/\/sinoextrud.com\/product\/2020-aluminum-extrusion-t-slot-aluminum-extrusion\/\" target=\"_blank\">2020 Aluminum Extrusion T Slot Aluminum Extrusion<\/a><\/li>\r\n<li><a href=\"https:\/\/sinoextrud.com\/product\/6063-anodized-road-case-aluminum-extrusions\/\" target=\"_blank\">6063 Anodized Road Case Aluminum Extrusions<\/a><\/li>\r\n<li><a href=\"https:\/\/sinoextrud.com\/product\/6063-t5-aluminum-profile-tslot-for-production-line\/\" target=\"_blank\">6063 t5 aluminum profile Tslot for production line<\/a><\/li>\r\n<li><a href=\"https:\/\/sinoextrud.com\/product\/6083-aluminum-profile-aluminum-plate-profile-customization-marine-corrosion-resistant-aluminum-alloy-plate\/\" target=\"_blank\">6083 Aluminum Profile Aluminum Plate Profile Customization Marine Corrosion-resistant Aluminum Alloy Plate<\/a><\/li>\r\n<li><a href=\"https:\/\/sinoextrud.com\/product\/60x60-aluminium-t-slot-frame-profile-extrusion-open-mold-industrial-track-coated-white-matte-v-slot\/\" target=\"_blank\">60\u00c3\u201460 aluminium t-slot frame profile extrusion open mold industrial track coated white matte v slot<\/a><\/li>\r\n<li><a href=\"https:\/\/sinoextrud.com\/product\/7-series-and-1-series-aluminum-beam-profile\/\" target=\"_blank\">7 Series And 1 Series Aluminum Beam Profile<\/a><\/li>\r\n<li><a href=\"https:\/\/sinoextrud.com\/product\/6063-cnc-machining-aluminum-extrusion-hinge\/\" target=\"_blank\">6063 CNC Machining Aluminum Extrusion Hinge<\/a><\/li>\r\n<li><a href=\"https:\/\/sinoextrud.com\/product\/l-shape-aluminum-angle-profile\/\" target=\"_blank\">L Shape Aluminum Angle Profile<\/a><\/li>"},"feature_list":[]},"_links":{"self":[{"href":"https:\/\/sinoextrud.com\/de\/wp-json\/wp\/v2\/product\/7890","targetHints":{"allow":["GET"]}}],"collection":[{"href":"https:\/\/sinoextrud.com\/de\/wp-json\/wp\/v2\/product"}],"about":[{"href":"https:\/\/sinoextrud.com\/de\/wp-json\/wp\/v2\/types\/product"}],"wp:featuredmedia":[{"embeddable":true,"href":"https:\/\/sinoextrud.com\/de\/wp-json\/wp\/v2\/media\/7889"}],"wp:attachment":[{"href":"https:\/\/sinoextrud.com\/de\/wp-json\/wp\/v2\/media?parent=7890"}],"wp:term":[{"taxonomy":"category","embeddable":true,"href":"https:\/\/sinoextrud.com\/de\/wp-json\/wp\/v2\/categories?post=7890"}],"curies":[{"name":"wp","href":"https:\/\/api.w.org\/{rel}","templated":true}]}}