{"id":7884,"date":"2025-06-11T03:23:20","date_gmt":"2025-06-11T03:23:20","guid":{"rendered":"https:\/\/sinoextrud.com\/product\/metal-extrusion-products\/"},"modified":"2025-06-24T06:13:59","modified_gmt":"2025-06-24T06:13:59","slug":"metall-extrusionsprodukte","status":"publish","type":"product","link":"https:\/\/sinoextrud.com\/de\/product\/metal-extrusion-products\/","title":{"rendered":"Metall-Extrusionsprodukte"},"content":{"rendered":"<h2>Produkte Details<\/h2>\n<table class=\"custom-table\">\n<tr>\n<td class=\"label\">Modell Nr.:<\/td>\n<td> Aluminium-Extrusionsprodukte Profil f\u00fcr Reinigungsraum<\/td>\n<\/tr>\n<tr>\n<td class=\"label\">Herkunft:<\/td>\n<td> China<\/td>\n<\/tr>\n<tr>\n<td class=\"label\">Gr\u00f6\u00dfe:<\/td>\n<td> 50*20<\/td>\n<\/tr>\n<tr>\n<td class=\"label\">Spezifikation:<\/td>\n<td> Ma\u00dfgeschneidert<\/td>\n<\/tr>\n<tr>\n<td class=\"label\">HS-Code:<\/td>\n<td> 72286000<\/td>\n<\/tr>\n<\/table>\n<h2>Unsere Produktionsbasis<\/h2>\n<h3>Fabrik-Panorama<\/h3>\n<p><img decoding=\"async\" src=\"\/wp-content\/uploads\/factory-01.webp\"\/><\/p>\n<h3>Werkstatt zur Herstellung von Aluminiumstangen<\/h3>\n<p><img decoding=\"async\" src=\"\/wp-content\/uploads\/factory-02.webp\"\/><\/p>\n<\/p>\n<p><img decoding=\"async\" src=\"\/wp-content\/uploads\/factory-03.webp\"\/><\/p>\n<h3>Lagerhaus f\u00fcr Formen<\/h3>\n<p><img decoding=\"async\" src=\"\/wp-content\/uploads\/factory-04.webp\"\/><\/p>\n<h3>43 Aluminium-Strangpressanlagen (500\u00e2\u20ac\"5500 Tonnen)<\/h3>\n<p><img decoding=\"async\" src=\"\/wp-content\/uploads\/factory-05.webp\"\/><\/p>\n<p><img decoding=\"async\" src=\"\/wp-content\/uploads\/factory-06.webp\"\/><\/p>\n<p><img decoding=\"async\" src=\"\/wp-content\/uploads\/factory-07.webp\"\/><\/p>\n<h3>Werkstatt f\u00fcr Pulverbeschichtung<\/h3>\n<p><img decoding=\"async\" src=\"\/wp-content\/uploads\/factory-09.webp\"\/><\/p>\n<h3>Eloxal-Werkstatt<\/h3>\n<p><img decoding=\"async\" src=\"\/wp-content\/uploads\/factory-10.webp\"\/><\/p>\n<h3>Workshop zur Tiefenverarbeitung<\/h3>\n<p><img decoding=\"async\" src=\"\/wp-content\/uploads\/factory-11.webp\"\/><\/p>\n<h3>CNC-Pr\u00e4zisionsbearbeitungswerkstatt<\/h3>\n<p><img decoding=\"async\" src=\"\/wp-content\/uploads\/factory-11.5.webp\"\/><\/p>\n<h3>Lager f\u00fcr Fertigprodukte und Export<\/h3>\n<p><img decoding=\"async\" src=\"\/wp-content\/uploads\/factory-12.webp\"\/><\/p>\n<p><img decoding=\"async\" src=\"\/wp-content\/uploads\/factory-13.webp\"\/><\/p>\n<p><img decoding=\"async\" src=\"\/wp-content\/uploads\/factory-14.webp\"\/><\/p>\n<h2>FAQ<\/h2>\n<p><b>1. wof\u00fcr werden Metallstrangpressprodukte verwendet?<\/b><\/p>\n<p>Metallextrusionsprodukte werden in verschiedenen Branchen f\u00fcr die Herstellung von kundenspezifischen Profilen und Komponenten verwendet, wie z. B. Konstruktionsrahmen, K\u00fchlk\u00f6rper und Geh\u00e4use, die Haltbarkeit und Flexibilit\u00e4t bieten.\n<\/p>\n<p><\/p>\n<p><b>2. warum sind Metallstrangpressprodukte kosteng\u00fcnstig?<\/b><\/p>\n<p>Metallextrusionsprodukte sind aufgrund ihres effizienten Herstellungsprozesses, der Abfall minimiert und die Arbeits- und Materialkosten f\u00fcr die Gro\u00dfserienproduktion senkt, kosteng\u00fcnstig.\n<\/p>\n<p><\/p>\n<p><b>3. welche Materialien werden typischerweise f\u00fcr Metallstrangpressprodukte verwendet?<\/b><\/p>\n<p>Zu den g\u00e4ngigen Materialien f\u00fcr Metallstrangpressprodukte geh\u00f6ren Aluminium, Stahl und Kupfer, die ein ausgewogenes Verh\u00e4ltnis von Festigkeit, geringem Gewicht und Korrosionsbest\u00e4ndigkeit bieten.\n<\/p>\n<p><\/p>\n<p><b>4. wie bieten Metallextrusionsprodukte Designflexibilit\u00e4t?<\/b><\/p>\n<p>Metallextrusionsprodukte k\u00f6nnen in Bezug auf Profil, Gr\u00f6\u00dfe und Material individuell angepasst werden und eignen sich daher f\u00fcr eine Vielzahl von Anwendungen, vom Bauwesen bis zur Elektronik.\n<\/p>\n<p><\/p>\n<p><b>5. sind stranggepresste Metallprodukte korrosionsbest\u00e4ndig?<\/b><\/p>\n<p>Ja, viele Extrusionsprodukte aus Metall werden aus Materialien wie Aluminium oder beschichteten Metallen hergestellt, die eine hervorragende Korrosionsbest\u00e4ndigkeit aufweisen und eine lange Lebensdauer gew\u00e4hrleisten.\n<\/p>\n<p><\/p>\n<p><b>6 Wie verbessern Metallstrangpressprodukte die Produkteffizienz?<\/b><\/p>\n<p>Metallextrusionsprodukte bieten eine effiziente W\u00e4rmeableitung, strukturelle Festigkeit und eine einfache Integration mit anderen Komponenten, wodurch die Gesamtleistung von Produkten in verschiedenen Anwendungen verbessert wird.\n<\/p>\n<p><\/p>\n<p><b>7 Welche Branchen profitieren von Metallstrangpressprodukten?<\/b><\/p>\n<p>Branchen wie die Automobil-, Bau-, Elektronik- und Fertigungsindustrie profitieren von Metallextrusionsprodukten aufgrund ihrer Vielseitigkeit, Haltbarkeit und Anpassungsm\u00f6glichkeiten.\n<\/p>\n<p><\/p>","protected":false},"featured_media":7883,"template":"","categories":[54],"class_list":["post-7884","product","type-product","status-publish","has-post-thumbnail","hentry","category-industrial-aluminum-profiles"],"meta_box":{"hilight_text_group":{"product_hilight_text":"<li>High precision in manufacturing, ensuring consistent and reliable quality across various applications.<\/li>\r\r\n<li>Versatile design options to meet specific structural, aesthetic, and performance requirements.<\/li>\r\r\n<li>Durable materials with excellent corrosion resistance, suitable for both indoor and outdoor environments.<\/li>\r\r\n<li>Cost-effective production, offering a balance of quality and affordability for large-scale projects.<\/li>\r\r\n<li>Lightweight yet strong, providing easy handling and transportation while maintaining structural integrity.<\/li>","product_chanpin_blog":"<ul>\r\r\n<li><a href=\"https:\/\/sinoextrud.com\/t-slot-v-slot-differences\/\" target=\"_blank\">t slot vs v slot<\/a><\/li>\r\r\n<li><a href=\"https:\/\/sinoextrud.com\/what-is-4040-aluminium-extrud\/\" target=\"_blank\">4040 aluminium extrusion<\/a><\/li>\r\r\n<li><a href=\"https:\/\/sinoextrud.com\/what-is-4040-aluminium-extrud\/\" target=\"_blank\">aluminum extrusions for industrial racks<\/a><\/li>\r\r\n<li><a href=\"https:\/\/sinoextrud.com\/powder-coating-aluminium-process\/\" target=\"_blank\">powder coating aluminium<\/a><\/li>\r\r\n<li><a href=\"https:\/\/sinoextrud.com\/what-is-an-aluminium-strip-ceiling\/\" target=\"_blank\">aluminium strip ceiling<\/a><\/li>\r\r\n<li><a href=\"https:\/\/sinoextrud.com\/what-is-a-heat-sink\/\" target=\"_blank\">what is a heat sink<\/a><\/li>\r\r\n<\/ul>","product_chanpin_chanpin":"<li><a href=\"https:\/\/sinoextrud.com\/product\/aluminium-exrtrusion-slot\/\" target=\"_blank\">Aluminium Exrtrusion Slot<\/a><\/li>\r\n<li><a href=\"https:\/\/sinoextrud.com\/product\/round-t-slot-extrusion\/\" target=\"_blank\">Round T Slot Extrusion<\/a><\/li>\r\n<li><a href=\"https:\/\/sinoextrud.com\/product\/custom-aluminum-extrusion\/\" target=\"_blank\">Custom Aluminum Extrusion<\/a><\/li>\r\n<li><a href=\"https:\/\/sinoextrud.com\/product\/aluminium-shelf-extrusion\/\" target=\"_blank\">Aluminium Shelf Extrusion<\/a><\/li>\r\n<li><a href=\"https:\/\/sinoextrud.com\/product\/metal-extrusion-products\/\" target=\"_blank\">Metal Extrusion Products<\/a><\/li>\r\n<li><a href=\"https:\/\/sinoextrud.com\/product\/t-slot-aluminum-extursion\/\" target=\"_blank\">T-slot Aluminum Extursion<\/a><\/li>\r\n<li><a href=\"https:\/\/sinoextrud.com\/product\/2020-aluminum-extrusion-t-slot-aluminum-extrusion\/\" target=\"_blank\">2020 Aluminum Extrusion T Slot Aluminum Extrusion<\/a><\/li>\r\n<li><a href=\"https:\/\/sinoextrud.com\/product\/6063-anodized-road-case-aluminum-extrusions\/\" target=\"_blank\">6063 Anodized Road Case Aluminum Extrusions<\/a><\/li>\r\n<li><a href=\"https:\/\/sinoextrud.com\/product\/6063-t5-aluminum-profile-tslot-for-production-line\/\" target=\"_blank\">6063 t5 aluminum profile Tslot for production line<\/a><\/li>\r\n<li><a href=\"https:\/\/sinoextrud.com\/product\/aluminum-cnc-profile\/\" target=\"_blank\">Aluminum CNC Profile<\/a><\/li>\r\n<li><a href=\"https:\/\/sinoextrud.com\/product\/t-slot-extruded-aluminum-profile-cutting-for-sale-by-weight-of-aluminum-section-open-extrusion-die\/\" target=\"_blank\">t slot extruded aluminum profile cutting for sale by weight of aluminum section open extrusion die<\/a><\/li>"},"feature_list":[]},"_links":{"self":[{"href":"https:\/\/sinoextrud.com\/de\/wp-json\/wp\/v2\/product\/7884","targetHints":{"allow":["GET"]}}],"collection":[{"href":"https:\/\/sinoextrud.com\/de\/wp-json\/wp\/v2\/product"}],"about":[{"href":"https:\/\/sinoextrud.com\/de\/wp-json\/wp\/v2\/types\/product"}],"wp:featuredmedia":[{"embeddable":true,"href":"https:\/\/sinoextrud.com\/de\/wp-json\/wp\/v2\/media\/7883"}],"wp:attachment":[{"href":"https:\/\/sinoextrud.com\/de\/wp-json\/wp\/v2\/media?parent=7884"}],"wp:term":[{"taxonomy":"category","embeddable":true,"href":"https:\/\/sinoextrud.com\/de\/wp-json\/wp\/v2\/categories?post=7884"}],"curies":[{"name":"wp","href":"https:\/\/api.w.org\/{rel}","templated":true}]}}