{"id":7882,"date":"2025-06-11T03:21:50","date_gmt":"2025-06-11T03:21:50","guid":{"rendered":"https:\/\/sinoextrud.com\/product\/aluminium-shelf-extrusion\/"},"modified":"2025-06-24T06:13:57","modified_gmt":"2025-06-24T06:13:57","slug":"aluminium-regalstrangpressprofile","status":"publish","type":"product","link":"https:\/\/sinoextrud.com\/de\/product\/aluminium-shelf-extrusion\/","title":{"rendered":"Aluminium-Regalstrangpressen"},"content":{"rendered":"<h2>Produkte Details<\/h2>\n<table class=\"custom-table\">\n<tr>\n<td class=\"label\">\nArtikel:<\/td>\n<td> Aluminium-Regalstrangpressen<\/td>\n<\/tr>\n<tr>\n<td class=\"label\">Qualit\u00e4t:<\/td>\n<td> 6063-T5, Legierung<\/td>\n<\/tr>\n<tr>\n<td class=\"label\">Erledigt:<\/td>\n<td> GB Eloxiert Silber<\/td>\n<\/tr>\n<tr>\n<td class=\"label\">Entwurf:<\/td>\n<td> Nach Zeichnung des Kunden<\/td>\n<\/tr>\n<tr>\n<td class=\"label\">L\u00e4nge:<\/td>\n<td> 1-9m oder kundenspezifisch<\/td>\n<\/tr>\n<tr>\n<td class=\"label\">Verwendung:<\/td>\n<td> Bauindustrie<\/td>\n<\/tr>\n<tr>\n<td class=\"label\">Zertifizierung:<\/td>\n<td> ISO9001:2008;ISO14001:\uff0c2004;SGS\uff0c<\/td>\n<\/tr>\n<tr>\n<td class=\"label\">Von:<\/td>\n<td> Foshan, Guangdong, China<\/td>\n<\/tr>\n<\/table>\n<h2>Unsere Produktionsbasis<\/h2>\n<h3>Fabrik-Panorama<\/h3>\n<p><img decoding=\"async\" src=\"\/wp-content\/uploads\/factory-01.webp\"\/><\/p>\n<h3>Werkstatt zur Herstellung von Aluminiumstangen<\/h3>\n<p><img decoding=\"async\" src=\"\/wp-content\/uploads\/factory-02.webp\"\/><\/p>\n<p><img decoding=\"async\" src=\"\/wp-content\/uploads\/factory-03.webp\"\/><\/p>\n<h3>Lagerhaus f\u00fcr Formen<\/h3>\n<p><img decoding=\"async\" src=\"\/wp-content\/uploads\/factory-04.webp\"\/><\/p>\n<h3>43 Aluminium-Strangpressanlagen (500-5500 Tonnen)<\/h3>\n<p><img decoding=\"async\" src=\"\/wp-content\/uploads\/factory-05.webp\"\/><\/p>\n<p><img decoding=\"async\" src=\"\/wp-content\/uploads\/factory-06.webp\"\/><\/p>\n<p><img decoding=\"async\" src=\"\/wp-content\/uploads\/factory-07.webp\"\/><\/p>\n<h3>Werkstatt f\u00fcr Pulverbeschichtung<\/h3>\n<p><img decoding=\"async\" src=\"\/wp-content\/uploads\/factory-09.webp\"\/><\/p>\n<h3>Eloxal-Werkstatt<\/h3>\n<p><img decoding=\"async\" src=\"\/wp-content\/uploads\/factory-10.webp\"\/><\/p>\n<h3>Workshop zur Tiefenverarbeitung<\/h3>\n<p><img decoding=\"async\" src=\"\/wp-content\/uploads\/factory-11.webp\"\/><\/p>\n<h3>CNC-Pr\u00e4zisionsbearbeitungswerkstatt<\/h3>\n<p><img decoding=\"async\" src=\"\/wp-content\/uploads\/factory-11.5.webp\"\/><\/p>\n<h3>Lager f\u00fcr Fertigprodukte und Export<\/h3>\n<p><img decoding=\"async\" src=\"\/wp-content\/uploads\/factory-12.webp\"\/><\/p>\n<p><img decoding=\"async\" src=\"\/wp-content\/uploads\/factory-13.webp\"\/><\/p>\n<p><img decoding=\"async\" src=\"\/wp-content\/uploads\/factory-14.webp\"\/><\/p>\n<h2>FAQ<\/h2>\n<p><p><b>1. wof\u00fcr werden Aluminium-Regalstrangpressprofile verwendet?<\/b><\/p>\n<p>Aluminium-Regalstrangpressprofile werden f\u00fcr die Herstellung von stabilen, langlebigen und anpassbaren Regalsystemen in verschiedenen industriellen, gewerblichen und Einzelhandelsanwendungen verwendet.<br \/>\n<\/p><br \/>\n<br \/>\n<p><b>2. warum ist Aluminium ein gutes Material f\u00fcr Regalstrangpressprofile?<\/b><\/p>\n<p>Aluminium ist leicht, korrosionsbest\u00e4ndig und stabil, was es zu einem idealen Material f\u00fcr Regalsysteme macht, die Waren tragen und gleichzeitig eine lange Lebensdauer haben m\u00fcssen.<br \/>\n<\/p><br \/>\n<br \/>\n<p><b>3. k\u00f6nnen Aluminium Regal Extrusionen angepasst werden?<\/b><\/p>\n<p>Ja, diese Profile k\u00f6nnen auf bestimmte Regalgr\u00f6\u00dfen, Designs und strukturelle Anforderungen zugeschnitten werden, um eine optimale Nutzung in unterschiedlichen Umgebungen zu gew\u00e4hrleisten.<br \/>\n<\/p><br \/>\n<br \/>\n<p><b>4. welche Vorteile bietet die Korrosionsbest\u00e4ndigkeit von Aluminium-Regalstrangpressprofilen?<\/b><\/p>\n<p>Die korrosionsbest\u00e4ndigen Eigenschaften von Aluminium machen diese Strangpressprofile ideal f\u00fcr Umgebungen mit hoher Feuchtigkeit oder f\u00fcr den Au\u00dfenbereich und gew\u00e4hrleisten eine lang anhaltende Leistung ohne Beeintr\u00e4chtigung.<br \/>\n<\/p><br \/>\n<br \/>\n<p><b>5. sind Aluminium-Regalprofile einfach zu installieren?<\/b><\/p>\n<p>Ja, Aluminium-Regalstrangpressprofile sind f\u00fcr eine einfache Installation konzipiert, mit Komponenten, die schnell montiert werden k\u00f6nnen, ohne dass komplexe Werkzeuge oder Verfahren erforderlich sind.<br \/>\n<\/p><br \/>\n<br \/>\n<p><b>6. sind diese Regalsysteme f\u00fcr eine starke Beanspruchung geeignet?<\/b><\/p>\n<p>Ja, Aluminium-Regalstrangpressprofile sind stark und haltbar genug, um schwere Lasten zu tragen und eignen sich daher f\u00fcr schwere industrielle und gewerbliche Anwendungen.<br \/>\n<\/p><br \/>\n<br \/>\n<p><b>7. welche Branchen profitieren von Aluminium-Regalstrangpressprofilen?<\/b><\/p>\n<p>Branchen wie der Einzelhandel, die Lagerhaltung, die Logistik und das verarbeitende Gewerbe profitieren von den Regalstrangpressprofilen aus Aluminium aufgrund ihrer anpassbaren, langlebigen und kosteng\u00fcnstigen Regall\u00f6sungen.<br \/>\n<\/p><br \/><\/p>","protected":false},"featured_media":7881,"template":"","categories":[54],"class_list":["post-7882","product","type-product","status-publish","has-post-thumbnail","hentry","category-industrial-aluminum-profiles"],"meta_box":{"hilight_text_group":{"product_hilight_text":"<li>Strong and lightweight design, ideal for shelving solutions in various industrial settings.<\/li>\r\r\n<li>Corrosion-resistant aluminum ensures long-lasting performance, even in high-moisture environments.<\/li>\r\r\n<li>Customizable profiles to meet specific shelving dimensions and structural requirements.<\/li>\r\r\n<li>Easy to install and maintain, reducing labor and operational costs.<\/li>\r\r\n<li>Versatile applications in retail, storage, and industrial environments for organizing goods and materials.<\/li>","product_chanpin_blog":"<ul>\r\r\n<li><a href=\"https:\/\/sinoextrud.com\/t-slot-v-slot-differences\/\" target=\"_blank\">t slot vs v slot<\/a><\/li>\r\r\n<li><a href=\"https:\/\/sinoextrud.com\/what-is-4040-aluminium-extrud\/\" target=\"_blank\">4040 aluminium extrusion<\/a><\/li>\r\r\n<li><a href=\"https:\/\/sinoextrud.com\/what-is-4040-aluminium-extrud\/\" target=\"_blank\">aluminum extrusions for industrial racks<\/a><\/li>\r\r\n<li><a href=\"https:\/\/sinoextrud.com\/powder-coating-aluminium-process\/\" target=\"_blank\">powder coating aluminium<\/a><\/li>\r\r\n<li><a href=\"https:\/\/sinoextrud.com\/what-is-an-aluminium-strip-ceiling\/\" target=\"_blank\">aluminium strip ceiling<\/a><\/li>\r\r\n<li><a href=\"https:\/\/sinoextrud.com\/what-is-a-heat-sink\/\" target=\"_blank\">what is a heat sink<\/a><\/li>\r\r\n<\/ul>","product_chanpin_chanpin":"<li><a href=\"https:\/\/sinoextrud.com\/product\/aluminum-extrusion-framing\/\" target=\"_blank\">Aluminum Extrusion Framing<\/a><\/li>\r\n<li><a href=\"https:\/\/sinoextrud.com\/product\/aluminium-exrtrusion-slot\/\" target=\"_blank\">Aluminium Exrtrusion Slot<\/a><\/li>\r\n<li><a href=\"https:\/\/sinoextrud.com\/product\/round-t-slot-extrusion\/\" target=\"_blank\">Round T Slot Extrusion<\/a><\/li>\r\n<li><a href=\"https:\/\/sinoextrud.com\/product\/custom-aluminum-extrusion\/\" target=\"_blank\">Custom Aluminum Extrusion<\/a><\/li>\r\n<li><a href=\"https:\/\/sinoextrud.com\/product\/aluminium-shelf-extrusion\/\" target=\"_blank\">Aluminium Shelf Extrusion<\/a><\/li>\r\n<li><a href=\"https:\/\/sinoextrud.com\/product\/metal-extrusion-products\/\" target=\"_blank\">Metal Extrusion Products<\/a><\/li>\r\n<li><a href=\"https:\/\/sinoextrud.com\/product\/t-slot-aluminum-extursion\/\" target=\"_blank\">T-slot Aluminum Extursion<\/a><\/li>\r\n<li><a href=\"https:\/\/sinoextrud.com\/product\/2020-aluminum-extrusion-t-slot-aluminum-extrusion\/\" target=\"_blank\">2020 Aluminum Extrusion T Slot Aluminum Extrusion<\/a><\/li>\r\n<li><a href=\"https:\/\/sinoextrud.com\/product\/6063-anodized-road-case-aluminum-extrusions\/\" target=\"_blank\">6063 Anodized Road Case Aluminum Extrusions<\/a><\/li>\r\n<li><a href=\"https:\/\/sinoextrud.com\/product\/aluminum-window-extrusion-profiles\/\" target=\"_blank\">Aluminum Window Extrusion Profiles<\/a><\/li>\r\n<li><a href=\"https:\/\/sinoextrud.com\/product\/20mm-x-20mm-aluminum-extrusion\/\" target=\"_blank\">20mm X 20mm Aluminum Extrusion<\/a><\/li>"},"feature_list":[]},"_links":{"self":[{"href":"https:\/\/sinoextrud.com\/de\/wp-json\/wp\/v2\/product\/7882","targetHints":{"allow":["GET"]}}],"collection":[{"href":"https:\/\/sinoextrud.com\/de\/wp-json\/wp\/v2\/product"}],"about":[{"href":"https:\/\/sinoextrud.com\/de\/wp-json\/wp\/v2\/types\/product"}],"wp:featuredmedia":[{"embeddable":true,"href":"https:\/\/sinoextrud.com\/de\/wp-json\/wp\/v2\/media\/7881"}],"wp:attachment":[{"href":"https:\/\/sinoextrud.com\/de\/wp-json\/wp\/v2\/media?parent=7882"}],"wp:term":[{"taxonomy":"category","embeddable":true,"href":"https:\/\/sinoextrud.com\/de\/wp-json\/wp\/v2\/categories?post=7882"}],"curies":[{"name":"wp","href":"https:\/\/api.w.org\/{rel}","templated":true}]}}