{"id":7880,"date":"2025-06-11T03:20:07","date_gmt":"2025-06-11T03:20:07","guid":{"rendered":"https:\/\/sinoextrud.com\/product\/custom-aluminum-extrusion\/"},"modified":"2025-06-24T06:13:57","modified_gmt":"2025-06-24T06:13:57","slug":"kundenspezifische-aluminium-extrusion","status":"publish","type":"product","link":"https:\/\/sinoextrud.com\/de\/product\/custom-aluminum-extrusion\/","title":{"rendered":"Kundenspezifische Aluminium-Extrusion"},"content":{"rendered":"<h2>Produkte Details<\/h2>\n<table class=\"custom-table\">\n<tr>\n<td class=\"label\">1. das Material:<\/td>\n<td> Aluminiumlegierung 6063, 6061, 6005, 6463.<\/td>\n<\/tr>\n<tr>\n<td class=\"label\">2.Temperieren:<\/td>\n<td> T5, T6.<\/td>\n<\/tr>\n<tr>\n<td class=\"label\">3. die Oberfl\u00e4chenbehandlung:<\/td>\n<td> Fr\u00e4soptik, eloxiert, pulverbeschichtet, Holzmaserung, poliert, geb\u00fcrstet, Elektrophorese, etc.<\/td>\n<\/tr>\n<tr>\n<td class=\"label\">4. die Farbe ist verf\u00fcgbar:<\/td>\n<td> Jeder ist auf der Grundlage Ihrer Farbmuster verf\u00fcgbar.<\/td>\n<\/tr>\n<tr>\n<td class=\"label\">5. verpacken Details:<\/td>\n<td> Schrumpffolie; Kunststoff- und Kraftpapier; Holzpalette, Kartonverpackung; nach Kundenwunsch.<\/td>\n<\/tr>\n<tr>\n<td class=\"label\">6. die Entwicklung von Schimmelpilzen:<\/td>\n<td> 12-18 Tage<\/td>\n<\/tr>\n<tr>\n<td class=\"label\">7.Lieferung:<\/td>\n<td> 25-30 Tage f\u00fcr die Massenproduktion.<\/td>\n<\/tr>\n<tr>\n<td class=\"label\">8. die Produktionskapazit\u00e4t:<\/td>\n<td> 15.000MT\/Monat<\/td>\n<\/tr>\n<tr>\n<td class=\"label\">9.MOQ:<\/td>\n<td> Es basiert auf den Zeichnungen. Im Grunde sind es 200 kg.<\/td>\n<\/tr>\n<tr>\n<td class=\"label\">10.Hafen:<\/td>\n<td> Foshan, Guangzhou, Shenzhen<\/td>\n<\/tr>\n<\/table>\n<h2>Unsere Produktionsbasis<\/h2>\n<h3>Fabrik-Panorama<\/h3>\n<p><img decoding=\"async\" src=\"\/wp-content\/uploads\/factory-01.webp\"\/><\/p>\n<h3>Werkstatt zur Herstellung von Aluminiumstangen<\/h3>\n<p><img decoding=\"async\" src=\"\/wp-content\/uploads\/factory-02.webp\"\/><\/p>\n<\/p>\n<p><img decoding=\"async\" src=\"\/wp-content\/uploads\/factory-03.webp\"\/><\/p>\n<h3>Lagerhaus f\u00fcr Formen<\/h3>\n<p><img decoding=\"async\" src=\"\/wp-content\/uploads\/factory-04.webp\"\/><\/p>\n<h3>43 Aluminium-Strangpressanlagen (500\u00e2\u20ac\"5500 Tonnen)<\/h3>\n<p><img decoding=\"async\" src=\"\/wp-content\/uploads\/factory-05.webp\"\/><\/p>\n<p><img decoding=\"async\" src=\"\/wp-content\/uploads\/factory-06.webp\"\/><\/p>\n<p><img decoding=\"async\" src=\"\/wp-content\/uploads\/factory-07.webp\"\/><\/p>\n<h3>Werkstatt f\u00fcr Pulverbeschichtung<\/h3>\n<p><img decoding=\"async\" src=\"\/wp-content\/uploads\/factory-09.webp\"\/><\/p>\n<h3>Eloxal-Werkstatt<\/h3>\n<p><img decoding=\"async\" src=\"\/wp-content\/uploads\/factory-10.webp\"\/><\/p>\n<h3>Workshop zur Tiefenverarbeitung<\/h3>\n<p><img decoding=\"async\" src=\"\/wp-content\/uploads\/factory-11.webp\"\/><\/p>\n<h3>CNC-Pr\u00e4zisionsbearbeitungswerkstatt<\/h3>\n<p><img decoding=\"async\" src=\"\/wp-content\/uploads\/factory-11.5.webp\"\/><\/p>\n<h3>Lager f\u00fcr Fertigprodukte und Export<\/h3>\n<p><img decoding=\"async\" src=\"\/wp-content\/uploads\/factory-12.webp\"\/><\/p>\n<p><img decoding=\"async\" src=\"\/wp-content\/uploads\/factory-13.webp\"\/><\/p>\n<p><img decoding=\"async\" src=\"\/wp-content\/uploads\/factory-14.webp\"\/><\/p>\n<h2>FAQ<\/h2>\n<p><b>1. wof\u00fcr werden kundenspezifische Aluminium-Strangpressprofile verwendet?<\/b><\/p>\n<p>Kundenspezifische Aluminium-Strangpressprofile werden f\u00fcr die Herstellung von kundenspezifischen Profilen und Komponenten in verschiedenen Branchen wie der Automobilindustrie, dem Bauwesen, der Luft- und Raumfahrt und der Elektronik verwendet.\n<\/p>\n<p><\/p>\n<p><b>2. wie anpassbar sind kundenspezifische Aluminium-Strangpressprofile?<\/b><\/p>\n<p>Ma\u00dfgefertigte Aluminium-Strangpressprofile k\u00f6nnen auf spezifische Form-, Gr\u00f6\u00dfen- und Funktionsanforderungen zugeschnitten werden und bieten vielseitige L\u00f6sungen f\u00fcr einzigartige Designanforderungen.\n<\/p>\n<p><\/p>\n<p><b>3. warum Aluminium f\u00fcr Strangpressprofile w\u00e4hlen?<\/b><\/p>\n<p>Aluminium wird aufgrund seines geringen Gewichts, seiner Langlebigkeit und Korrosionsbest\u00e4ndigkeit ausgew\u00e4hlt und ist daher ideal f\u00fcr kundenspezifische Strangpressprofile in anspruchsvollen Anwendungen.\n<\/p>\n<p><\/p>\n<p><b>4. was sind die Vorteile der Korrosionsbest\u00e4ndigkeit bei kundenspezifischen Aluminium-Strangpressprofilen?<\/b><\/p>\n<p>Die Korrosionsbest\u00e4ndigkeit stellt sicher, dass kundenspezifische Aluminium-Strangpressprofile ihre strukturelle Integrit\u00e4t und ihr Aussehen \u00fcber lange Zeit beibehalten, selbst in schwierigen Umgebungen.\n<\/p>\n<p><\/p>\n<p><b>5. k\u00f6nnen kundenspezifische Aluminium-Strangpressprofile im Au\u00dfenbereich verwendet werden?<\/b><\/p>\n<p>Ja, die korrosionsbest\u00e4ndigen Eigenschaften von Aluminium machen es f\u00fcr Au\u00dfenanwendungen geeignet, selbst bei rauen Wetterbedingungen oder in industriellen Umgebungen.\n<\/p>\n<p><\/p>\n<p><b>6. wie schnell ist die Produktionszeit f\u00fcr kundenspezifische Aluminium-Strangpressprofile?<\/b><\/p>\n<p>Ma\u00dfgefertigte Aluminium-Strangpressprofile bieten kurze Vorlaufzeiten, so dass Unternehmen schnell ma\u00dfgeschneiderte L\u00f6sungen erhalten und enge Fristen einhalten k\u00f6nnen.\n<\/p>\n<p><\/p>\n<p><b>7. welche Branchen profitieren von kundenspezifischen Aluminium-Strangpressprofilen?<\/b><\/p>\n<p>Branchen wie die Automobilindustrie, das Baugewerbe, die Luft- und Raumfahrt, die Elektronik und die erneuerbaren Energien profitieren von der Flexibilit\u00e4t, Langlebigkeit und Kosteneffizienz kundenspezifischer Aluminium-Strangpressprofile.\n<\/p>\n<p><\/p>","protected":false},"featured_media":7879,"template":"","categories":[54],"class_list":["post-7880","product","type-product","status-publish","has-post-thumbnail","hentry","category-industrial-aluminum-profiles"],"meta_box":{"hilight_text_group":{"product_hilight_text":"<li>Customizable shapes and sizes to meet specific design and functionality needs.<\/li>\r\r\n<li>High-strength aluminum offers durability and lightweight benefits for various industries.<\/li>\r\r\n<li>Excellent corrosion resistance, ensuring long-term performance in diverse environments.<\/li>\r\r\n<li>Fast lead time and cost-effective production for tailored extrusion solutions.<\/li>\r\r\n<li>Versatile applications in automotive, construction, aerospace, and electronics industries.<\/li>","product_chanpin_blog":"<ul>\r\r\n<li><a href=\"https:\/\/sinoextrud.com\/t-slot-v-slot-differences\/\" target=\"_blank\">t slot vs v slot<\/a><\/li>\r\r\n<li><a href=\"https:\/\/sinoextrud.com\/what-is-4040-aluminium-extrud\/\" target=\"_blank\">4040 aluminium extrusion<\/a><\/li>\r\r\n<li><a href=\"https:\/\/sinoextrud.com\/what-is-4040-aluminium-extrud\/\" target=\"_blank\">aluminum extrusions for industrial racks<\/a><\/li>\r\r\n<li><a href=\"https:\/\/sinoextrud.com\/powder-coating-aluminium-process\/\" target=\"_blank\">powder coating aluminium<\/a><\/li>\r\r\n<li><a href=\"https:\/\/sinoextrud.com\/what-is-an-aluminium-strip-ceiling\/\" target=\"_blank\">aluminium strip ceiling<\/a><\/li>\r\r\n<li><a href=\"https:\/\/sinoextrud.com\/what-is-a-heat-sink\/\" target=\"_blank\">what is a heat sink<\/a><\/li>\r\r\n<\/ul>","product_chanpin_chanpin":"<li><a href=\"https:\/\/sinoextrud.com\/product\/aluminum-solar-panel-frame\/\" target=\"_blank\">Aluminum Solar Panel Frame<\/a><\/li>\r\n<li><a href=\"https:\/\/sinoextrud.com\/product\/aluminum-extrusion-framing\/\" target=\"_blank\">Aluminum Extrusion Framing<\/a><\/li>\r\n<li><a href=\"https:\/\/sinoextrud.com\/product\/aluminium-exrtrusion-slot\/\" target=\"_blank\">Aluminium Exrtrusion Slot<\/a><\/li>\r\n<li><a href=\"https:\/\/sinoextrud.com\/product\/round-t-slot-extrusion\/\" target=\"_blank\">Round T Slot Extrusion<\/a><\/li>\r\n<li><a href=\"https:\/\/sinoextrud.com\/product\/custom-aluminum-extrusion\/\" target=\"_blank\">Custom Aluminum Extrusion<\/a><\/li>\r\n<li><a href=\"https:\/\/sinoextrud.com\/product\/aluminium-shelf-extrusion\/\" target=\"_blank\">Aluminium Shelf Extrusion<\/a><\/li>\r\n<li><a href=\"https:\/\/sinoextrud.com\/product\/metal-extrusion-products\/\" target=\"_blank\">Metal Extrusion Products<\/a><\/li>\r\n<li><a href=\"https:\/\/sinoextrud.com\/product\/t-slot-aluminum-extursion\/\" target=\"_blank\">T-slot Aluminum Extursion<\/a><\/li>\r\n<li><a href=\"https:\/\/sinoextrud.com\/product\/2020-aluminum-extrusion-t-slot-aluminum-extrusion\/\" target=\"_blank\">2020 Aluminum Extrusion T Slot Aluminum Extrusion<\/a><\/li>\r\n<li><a href=\"https:\/\/sinoextrud.com\/product\/triangular-aluminium-extrusion\/\" target=\"_blank\">Triangular Aluminium Extrusion<\/a><\/li>\r\n<li><a href=\"https:\/\/sinoextrud.com\/product\/extruded-aluminum-connectors-for-door\/\" target=\"_blank\">Extruded Aluminum Connectors For Door<\/a><\/li>"},"feature_list":[]},"_links":{"self":[{"href":"https:\/\/sinoextrud.com\/de\/wp-json\/wp\/v2\/product\/7880","targetHints":{"allow":["GET"]}}],"collection":[{"href":"https:\/\/sinoextrud.com\/de\/wp-json\/wp\/v2\/product"}],"about":[{"href":"https:\/\/sinoextrud.com\/de\/wp-json\/wp\/v2\/types\/product"}],"wp:featuredmedia":[{"embeddable":true,"href":"https:\/\/sinoextrud.com\/de\/wp-json\/wp\/v2\/media\/7879"}],"wp:attachment":[{"href":"https:\/\/sinoextrud.com\/de\/wp-json\/wp\/v2\/media?parent=7880"}],"wp:term":[{"taxonomy":"category","embeddable":true,"href":"https:\/\/sinoextrud.com\/de\/wp-json\/wp\/v2\/categories?post=7880"}],"curies":[{"name":"wp","href":"https:\/\/api.w.org\/{rel}","templated":true}]}}