{"id":7878,"date":"2025-06-11T03:18:42","date_gmt":"2025-06-11T03:18:42","guid":{"rendered":"https:\/\/sinoextrud.com\/product\/round-t-slot-extrusion\/"},"modified":"2025-06-24T06:13:54","modified_gmt":"2025-06-24T06:13:54","slug":"runde-t-nut-extrusion","status":"publish","type":"product","link":"https:\/\/sinoextrud.com\/de\/product\/round-t-slot-extrusion\/","title":{"rendered":"Runde T-Nut-Extrusion"},"content":{"rendered":"<h2>Produkte Details<\/h2>\n<table class=\"custom-table\">\n<tr>\n<td class=\"label\">Artikel:<\/td>\n<td> Runde T-Nut-Extrusion<\/td>\n<\/tr>\n<tr>\n<td class=\"label\">Material:<\/td>\n<td> 6063 oder 6061<\/td>\n<\/tr>\n<tr>\n<td class=\"label\">Gr\u00f6\u00dfe:<\/td>\n<td> Vorhandene Formgr\u00f6\u00dfe oder nach Kundenwunsch<\/td>\n<\/tr>\n<tr>\n<td class=\"label\">Typische Anwendungsbereiche:<\/td>\n<td>  Industrielle Rohrleitungen, Arbeitstische, Maschinenst\u00e4nder usw.<\/td>\n<\/tr>\n<tr>\n<td class=\"label\">Marke:<\/td>\n<td>  Sinoextrud,Sinoextrud, oder OEM-Marke<\/td>\n<\/tr>\n<tr>\n<td class=\"label\">Oberfl\u00e4chenbehandlung:<\/td>\n<td>  Walzfertig, eloxiert, pulverbeschichtet, Holzmaserung etc.<\/td>\n<\/tr>\n<tr>\n<td class=\"label\">Bescheinigungen:<\/td>\n<td> ISO9001, ISO4001, CQM, SGS, CE, BV usw.<\/td>\n<\/tr>\n<tr>\n<td class=\"label\">Qualit\u00e4tsgarantie:<\/td>\n<td> 100% Inspektion vor dem Versand zu gew\u00e4hrleisten Hohe Qualit\u00e4t.<\/td>\n<\/tr>\n<\/table>\n<h2>Unsere Produktionsbasis<\/h2>\n<h3>Fabrik-Panorama<\/h3>\n<p><img decoding=\"async\" src=\"\/wp-content\/uploads\/factory-01.webp\"\/><\/p>\n<h3>Werkstatt zur Herstellung von Aluminiumstangen<\/h3>\n<p><img decoding=\"async\" src=\"\/wp-content\/uploads\/factory-02.webp\"\/><\/p>\n<p><img decoding=\"async\" src=\"\/wp-content\/uploads\/factory-03.webp\"\/><\/p>\n<h3>Lagerhaus f\u00fcr Formen<\/h3>\n<p><img decoding=\"async\" src=\"\/wp-content\/uploads\/factory-04.webp\"\/><\/p>\n<h3>43 Aluminium-Strangpressanlagen (500\u00e2\u20ac\"5500 Tonnen)<\/h3>\n<p><img decoding=\"async\" src=\"\/wp-content\/uploads\/factory-05.webp\"\/><\/p>\n<p><img decoding=\"async\" src=\"\/wp-content\/uploads\/factory-06.webp\"\/><\/p>\n<p><img decoding=\"async\" src=\"\/wp-content\/uploads\/factory-07.webp\"\/><\/p>\n<h3>Werkstatt f\u00fcr Pulverbeschichtung<\/h3>\n<p><img decoding=\"async\" src=\"\/wp-content\/uploads\/factory-09.webp\"\/><\/p>\n<h3>Eloxal-Werkstatt<\/h3>\n<p><img decoding=\"async\" src=\"\/wp-content\/uploads\/factory-10.webp\"\/><\/p>\n<h3>Workshop zur Tiefenverarbeitung<\/h3>\n<p><img decoding=\"async\" src=\"\/wp-content\/uploads\/factory-11.webp\"\/><\/p>\n<h3>CNC-Pr\u00e4zisionsbearbeitungswerkstatt<\/h3>\n<p><img decoding=\"async\" src=\"\/wp-content\/uploads\/factory-11.5.webp\"\/><\/p>\n<h3>Lager f\u00fcr Fertigprodukte und Export<\/h3>\n<p><img decoding=\"async\" src=\"\/wp-content\/uploads\/factory-12.webp\"\/><\/p>\n<p><img decoding=\"async\" src=\"\/wp-content\/uploads\/factory-13.webp\"\/><\/p>\n<p><img decoding=\"async\" src=\"\/wp-content\/uploads\/factory-14.webp\"\/><\/p>\n<h2>FAQ<\/h2>\n<p><p><b>1. wof\u00fcr wird die runde T-Nut-Extrusion verwendet?<\/b><\/p>\n<p>Runde T-Nut-Strangpressprofile werden f\u00fcr den Bau von Rahmen, Strukturen und St\u00fctzen f\u00fcr verschiedene industrielle Anwendungen verwendet und bieten sowohl Festigkeit als auch Flexibilit\u00e4t im Design.<br \/>\n<\/p><br \/>\n<br \/>\n<p><b>2. warum sollten Sie sich f\u00fcr eine runde T-Nut-Extrusion entscheiden, anstatt f\u00fcr andere Designs?<\/b><\/p>\n<p>Das runde Design bietet ein schlankes, glattes Erscheinungsbild bei gleicher struktureller St\u00e4rke und Vielseitigkeit wie herk\u00f6mmliche T-Nut-Profile, ideal f\u00fcr \u00e4sthetisch anspruchsvolle Anwendungen.<br \/>\n<\/p><br \/>\n<br \/>\n<p><b>3. ist das runde T-Nut-Strangpressprofil korrosionsbest\u00e4ndig?<\/b><\/p>\n<p>Ja, das runde T-Nut-Strangpressprofil wird aus korrosionsbest\u00e4ndigem Aluminium hergestellt, das eine lange Haltbarkeit und zuverl\u00e4ssige Leistung sowohl im Innen- als auch im Au\u00dfenbereich gew\u00e4hrleistet.<br \/>\n<\/p><br \/>\n<br \/>\n<p><b>4. welche Vorteile bietet das runde Design des runden T-Nutprofils?<\/b><\/p>\n<p>Das runde Design sorgt f\u00fcr ein klares, modernes Erscheinungsbild und eignet sich ideal f\u00fcr den Einsatz in Umgebungen, in denen \u00c4sthetik wichtig ist, ohne die strukturelle St\u00e4rke zu beeintr\u00e4chtigen.<br \/>\n<\/p><br \/>\n<br \/>\n<p><b>5. kann die runde T-Nut-Extrusion f\u00fcr spezifische Projekte angepasst werden?<\/b><\/p>\n<p>Ja, das runde T-Nut-Strangpressprofil ist in Bezug auf L\u00e4nge, Profil und Design anpassbar, so dass es auf die Bed\u00fcrfnisse verschiedener Projekte zugeschnitten werden kann.<br \/>\n<\/p><br \/>\n<br \/>\n<p><b>6. wie einfach ist es, runde T-Nut-Strangpressprofile zu montieren?<\/b><\/p>\n<p>Das runde T-Nut-Strangpressprofil ist f\u00fcr eine einfache Montage konzipiert und verf\u00fcgt \u00fcber kompatibles Zubeh\u00f6r, mit dem sich Strukturen schnell und mit minimalem Aufwand aufbauen und ver\u00e4ndern lassen.<br \/>\n<\/p><br \/>\n<br \/>\n<p><b>7. welche Branchen profitieren von der Verwendung von T-Nut-Rundstrangpressprofilen?<\/b><\/p>\n<p>Branchen wie die Fertigungsindustrie, das Bauwesen, die Automatisierungstechnik und das Displaydesign profitieren von der T-Nut-Extrusion aufgrund ihrer Flexibilit\u00e4t, Haltbarkeit und \u00c4sthetik.<br \/>\n<\/p><br \/><\/p>","protected":false},"featured_media":7877,"template":"","categories":[54],"class_list":["post-7878","product","type-product","status-publish","has-post-thumbnail","hentry","category-industrial-aluminum-profiles"],"meta_box":{"hilight_text_group":{"product_hilight_text":"<li>Round T Slot Extrusion offers a versatile solution for building durable and customizable structures in industrial applications.<\/li>\r\r\n<li>The round design provides smooth, aesthetic lines while maintaining structural strength and stability.<\/li>\r\r\n<li>Corrosion-resistant aluminum ensures long-lasting performance, even in harsh environments.<\/li>\r\r\n<li>Easy to assemble with compatible accessories, reducing installation time and cost.<\/li>\r\r\n<li>Ideal for applications requiring both functionality and an aesthetically pleasing appearance, such as display units or frames.<\/li>","product_chanpin_blog":"<ul>\r\r\n<li><a href=\"https:\/\/sinoextrud.com\/t-slot-v-slot-differences\/\" target=\"_blank\">t slot vs v slot<\/a><\/li>\r\r\n<li><a href=\"https:\/\/sinoextrud.com\/what-is-4040-aluminium-extrud\/\" target=\"_blank\">4040 aluminium extrusion<\/a><\/li>\r\r\n<li><a href=\"https:\/\/sinoextrud.com\/what-is-4040-aluminium-extrud\/\" target=\"_blank\">aluminum extrusions for industrial racks<\/a><\/li>\r\r\n<li><a href=\"https:\/\/sinoextrud.com\/powder-coating-aluminium-process\/\" target=\"_blank\">powder coating aluminium<\/a><\/li>\r\r\n<li><a href=\"https:\/\/sinoextrud.com\/what-is-an-aluminium-strip-ceiling\/\" target=\"_blank\">aluminium strip ceiling<\/a><\/li>\r\r\n<li><a href=\"https:\/\/sinoextrud.com\/what-is-a-heat-sink\/\" target=\"_blank\">what is a heat sink<\/a><\/li>\r\r\n<\/ul>","product_chanpin_chanpin":"<li><a href=\"https:\/\/sinoextrud.com\/product\/extruded-aluminum-heatsink-enclosure\/\" target=\"_blank\">Extruded Aluminum Heatsink Enclosure<\/a><\/li>\r\n<li><a href=\"https:\/\/sinoextrud.com\/product\/aluminum-solar-panel-frame\/\" target=\"_blank\">Aluminum Solar Panel Frame<\/a><\/li>\r\n<li><a href=\"https:\/\/sinoextrud.com\/product\/aluminum-extrusion-framing\/\" target=\"_blank\">Aluminum Extrusion Framing<\/a><\/li>\r\n<li><a href=\"https:\/\/sinoextrud.com\/product\/aluminium-exrtrusion-slot\/\" target=\"_blank\">Aluminium Exrtrusion Slot<\/a><\/li>\r\n<li><a href=\"https:\/\/sinoextrud.com\/product\/round-t-slot-extrusion\/\" target=\"_blank\">Round T Slot Extrusion<\/a><\/li>\r\n<li><a href=\"https:\/\/sinoextrud.com\/product\/custom-aluminum-extrusion\/\" target=\"_blank\">Custom Aluminum Extrusion<\/a><\/li>\r\n<li><a href=\"https:\/\/sinoextrud.com\/product\/aluminium-shelf-extrusion\/\" target=\"_blank\">Aluminium Shelf Extrusion<\/a><\/li>\r\n<li><a href=\"https:\/\/sinoextrud.com\/product\/metal-extrusion-products\/\" target=\"_blank\">Metal Extrusion Products<\/a><\/li>\r\n<li><a href=\"https:\/\/sinoextrud.com\/product\/t-slot-aluminum-extursion\/\" target=\"_blank\">T-slot Aluminum Extursion<\/a><\/li>\r\n<li><a href=\"https:\/\/sinoextrud.com\/product\/aluminum-extrusion-industry-modular-components-profile\/\" target=\"_blank\">Aluminum Extrusion Industry Modular Components Profile<\/a><\/li>\r\n<li><a href=\"https:\/\/sinoextrud.com\/product\/extrusion-aluminum-handrails-profile-powder-coated-white\/\" target=\"_blank\">Extrusion Aluminum Handrails Profile Powder Coated White<\/a><\/li>"},"feature_list":[]},"_links":{"self":[{"href":"https:\/\/sinoextrud.com\/de\/wp-json\/wp\/v2\/product\/7878","targetHints":{"allow":["GET"]}}],"collection":[{"href":"https:\/\/sinoextrud.com\/de\/wp-json\/wp\/v2\/product"}],"about":[{"href":"https:\/\/sinoextrud.com\/de\/wp-json\/wp\/v2\/types\/product"}],"wp:featuredmedia":[{"embeddable":true,"href":"https:\/\/sinoextrud.com\/de\/wp-json\/wp\/v2\/media\/7877"}],"wp:attachment":[{"href":"https:\/\/sinoextrud.com\/de\/wp-json\/wp\/v2\/media?parent=7878"}],"wp:term":[{"taxonomy":"category","embeddable":true,"href":"https:\/\/sinoextrud.com\/de\/wp-json\/wp\/v2\/categories?post=7878"}],"curies":[{"name":"wp","href":"https:\/\/api.w.org\/{rel}","templated":true}]}}