{"id":7872,"date":"2025-06-11T03:13:24","date_gmt":"2025-06-11T03:13:24","guid":{"rendered":"https:\/\/sinoextrud.com\/product\/aluminum-solar-panel-frame\/"},"modified":"2025-06-24T06:13:54","modified_gmt":"2025-06-24T06:13:54","slug":"aluminium-solarmodulrahmen","status":"publish","type":"product","link":"https:\/\/sinoextrud.com\/de\/product\/aluminum-solar-panel-frame\/","title":{"rendered":"Aluminium-Solarmodulrahmen"},"content":{"rendered":"<h2>Produkte Details<\/h2>\n<table class=\"custom-table\">\n<tr>\n<td class=\"label\">1. Material:<\/td>\n<td> Aluminiumlegierung 6063,,6061,6463,6061,6082,6060,6005 oder nach Kundenwunsch<\/td>\n<\/tr>\n<tr>\n<td class=\"label\">2. Temperament:<\/td>\n<td> T5, T6<\/td>\n<\/tr>\n<tr>\n<td class=\"label\">3. Oberfl\u00e4chenbehandlung:<\/td>\n<td> Walzen, Eloxieren, Pulverbeschichten, Elektrophorese, Sandstrahlen usw. PVDF-Beschichtung, Holzmaserungslackierung, mattiert, poliert blank<\/td>\n<\/tr>\n<tr>\n<td class=\"label\">4. Farbe verf\u00fcgbar:<\/td>\n<td> Silber, Bronze, Champagner, Matt, Natur f\u00fcr Eloxierung, Ral f\u00fcr Pulverbeschichtung<\/td>\n<\/tr>\n<tr>\n<td class=\"label\">5. Einzelheiten der Verpackung:<\/td>\n<td> Gesch\u00fctzte Folie innen und Schrumpffolie au\u00dfen<\/td>\n<\/tr>\n<tr>\n<td class=\"label\">6. Zeit der Probenahme:<\/td>\n<td> zwei Wochen nach Erhalt der Schimmelpilzgeb\u00fchr<\/td>\n<\/tr>\n<tr>\n<td class=\"label\">7. Lieferung:<\/td>\n<td> 20 Tage nach Einzahlung<\/td>\n<\/tr>\n<tr>\n<td class=\"label\">8. Produktionskapazit\u00e4t:<\/td>\n<td> 15.000 MT\/Monat<\/td>\n<\/tr>\n<tr>\n<td class=\"label\">9. MOQ:<\/td>\n<td> 200KG<\/td>\n<\/tr>\n<tr>\n<td class=\"label\">10. Hafen:<\/td>\n<td> Shenzhen, Guangzhou, Foshan<\/td>\n<\/tr>\n<\/table>\n<h2>Unsere Produktionsbasis<\/h2>\n<h3>Fabrik-Panorama<\/h3>\n<p><img decoding=\"async\" src=\"\/wp-content\/uploads\/factory-01.webp\"\/><\/p>\n<h3>Werkstatt zur Herstellung von Aluminiumstangen<\/h3>\n<p><img decoding=\"async\" src=\"\/wp-content\/uploads\/factory-02.webp\"\/><\/p>\n<\/p>\n<p><img decoding=\"async\" src=\"\/wp-content\/uploads\/factory-03.webp\"\/><\/p>\n<h3>Lagerhaus f\u00fcr Formen<\/h3>\n<p><img decoding=\"async\" src=\"\/wp-content\/uploads\/factory-04.webp\"\/><\/p>\n<h3>43 Aluminium-Strangpressanlagen (500\u00e2\u20ac\"5500 Tonnen)<\/h3>\n<p><img decoding=\"async\" src=\"\/wp-content\/uploads\/factory-05.webp\"\/><\/p>\n<p><img decoding=\"async\" src=\"\/wp-content\/uploads\/factory-06.webp\"\/><\/p>\n<p><img decoding=\"async\" src=\"\/wp-content\/uploads\/factory-07.webp\"\/><\/p>\n<h3>Werkstatt f\u00fcr Pulverbeschichtung<\/h3>\n<p><img decoding=\"async\" src=\"\/wp-content\/uploads\/factory-09.webp\"\/><\/p>\n<h3>Eloxal-Werkstatt<\/h3>\n<p><img decoding=\"async\" src=\"\/wp-content\/uploads\/factory-10.webp\"\/><\/p>\n<h3>Workshop zur Tiefenverarbeitung<\/h3>\n<p><img decoding=\"async\" src=\"\/wp-content\/uploads\/factory-11.webp\"\/><\/p>\n<h3>CNC-Pr\u00e4zisionsbearbeitungswerkstatt<\/h3>\n<p><img decoding=\"async\" src=\"\/wp-content\/uploads\/factory-11.5.webp\"\/><\/p>\n<h3>Lager f\u00fcr Fertigprodukte und Export<\/h3>\n<p><img decoding=\"async\" src=\"\/wp-content\/uploads\/factory-12.webp\"\/><\/p>\n<p><img decoding=\"async\" src=\"\/wp-content\/uploads\/factory-13.webp\"\/><\/p>\n<p><img decoding=\"async\" src=\"\/wp-content\/uploads\/factory-14.webp\"\/><\/p>\n<h2>FAQ<\/h2>\n<p><b>1. was sind die Hauptvorteile der Verwendung von Aluminium-Solarmodul-Rahmen?<\/b><\/p>\n<p>Aluminiumrahmen f\u00fcr Solarmodule zeichnen sich durch Langlebigkeit, Korrosionsbest\u00e4ndigkeit, geringes Gewicht und Anpassungsf\u00e4higkeit aus und sind daher ideal f\u00fcr die Befestigung von Solarmodulen in unterschiedlichen Umgebungen.\n<\/p>\n<p><\/p>\n<p><b>2. wie verbessert das Aluminiummaterial die Leistung des Solarmodulrahmens?<\/b><\/p>\n<p>Aluminium ist leicht, stabil und korrosionsbest\u00e4ndig und gew\u00e4hrleistet eine zuverl\u00e4ssige und langlebige Struktur f\u00fcr die Installation von Solarmodulen im Freien und in industriellen Umgebungen.\n<\/p>\n<p><\/p>\n<p><b>3. k\u00f6nnen Aluminium Solar Panel Rahmen angepasst werden?<\/b><\/p>\n<p>Ja, sie k\u00f6nnen auf verschiedene Gr\u00f6\u00dfen und Konfigurationen zugeschnitten werden, so dass sie f\u00fcr verschiedene Solarmodelle und Installationsanforderungen geeignet sind.\n<\/p>\n<p><\/p>\n<p><b>4. wie korrosionsbest\u00e4ndig sind Aluminiumrahmen f\u00fcr Solarmodule?<\/b><\/p>\n<p>Aluminium ist von Natur aus korrosionsbest\u00e4ndig, so dass die Rahmen auch unter rauen Umweltbedingungen wie Feuchtigkeit und UV-Strahlung ihre Integrit\u00e4t und ihr Aussehen behalten.\n<\/p>\n<p><\/p>\n<p><b>5. welche Vorteile bietet die Leichtbauweise bei der Installation von Solarmodulen?<\/b><\/p>\n<p>Das geringe Gewicht von Aluminium erleichtert die Handhabung und die Installation, wodurch die Arbeitskosten und die Installationszeit gesenkt werden, w\u00e4hrend es gleichzeitig eine zuverl\u00e4ssige Unterst\u00fctzung f\u00fcr die Solarmodule bietet.\n<\/p>\n<p><\/p>\n<p><b>6. welche Branchen verwenden Aluminium-Solarmodulrahmen?<\/b><\/p>\n<p>Sie werden vor allem in der Branche der erneuerbaren Energien, insbesondere in Solarenergiesystemen, eingesetzt, sind aber auch f\u00fcr gewerbliche und private Anlagen geeignet.\n<\/p>\n<p><\/p>\n<p><b>7. wie kosteneffizient sind Aluminium-Solarmodulrahmen?<\/b><\/p>\n<p>Aufgrund ihrer Langlebigkeit, ihres geringen Wartungsbedarfs und ihrer effizienten Installation sind sie eine kosteng\u00fcnstige L\u00f6sung, die dazu beitr\u00e4gt, die Gesamtkosten von Solarmodulprojekten zu senken.\n<\/p>\n<p><\/p>","protected":false},"featured_media":7871,"template":"","categories":[54],"class_list":["post-7872","product","type-product","status-publish","has-post-thumbnail","hentry","category-industrial-aluminum-profiles"],"meta_box":{"hilight_text_group":{"product_hilight_text":"<li>Durable aluminum construction, providing strength and long-lasting support for solar panels.<\/li>\r\r\n<li>Corrosion-resistant, ensuring reliable performance in both outdoor and harsh environmental conditions.<\/li>\r\r\n<li>Lightweight design, making it easier to handle and install while maintaining structural integrity.<\/li>\r\r\n<li>Customizable sizes and designs, suitable for various solar panel models and mounting systems.<\/li>\r\r\n<li>Cost-effective solution, reducing installation time and providing a stable, efficient framework for solar energy systems.<\/li>","product_chanpin_blog":"<ul>\r\r\n<li><a href=\"https:\/\/sinoextrud.com\/t-slot-v-slot-differences\/\" target=\"_blank\">t slot vs v slot<\/a><\/li>\r\r\n<li><a href=\"https:\/\/sinoextrud.com\/what-is-4040-aluminium-extrud\/\" target=\"_blank\">4040 aluminium extrusion<\/a><\/li>\r\r\n<li><a href=\"https:\/\/sinoextrud.com\/what-is-4040-aluminium-extrud\/\" target=\"_blank\">aluminum extrusions for industrial racks<\/a><\/li>\r\r\n<li><a href=\"https:\/\/sinoextrud.com\/powder-coating-aluminium-process\/\" target=\"_blank\">powder coating aluminium<\/a><\/li>\r\r\n<li><a href=\"https:\/\/sinoextrud.com\/what-is-an-aluminium-strip-ceiling\/\" target=\"_blank\">aluminium strip ceiling<\/a><\/li>\r\r\n<li><a href=\"https:\/\/sinoextrud.com\/what-is-a-heat-sink\/\" target=\"_blank\">what is a heat sink<\/a><\/li>\r\r\n<\/ul>","product_chanpin_chanpin":"<li><a href=\"https:\/\/sinoextrud.com\/product\/aluminium-profile-channel-factory\/\" target=\"_blank\">Aluminium Profile Channel Factory<\/a><\/li>\r\n<li><a href=\"https:\/\/sinoextrud.com\/product\/aluminum-extrusion-box\/\" target=\"_blank\">aluminum extrusion box<\/a><\/li>\r\n<li><a href=\"https:\/\/sinoextrud.com\/product\/decoration-aluminium\/\" target=\"_blank\">Decoration aluminium<\/a><\/li>\r\n<li><a href=\"https:\/\/sinoextrud.com\/product\/extruded-aluminum-heatsink-enclosure\/\" target=\"_blank\">Extruded Aluminum Heatsink Enclosure<\/a><\/li>\r\n<li><a href=\"https:\/\/sinoextrud.com\/product\/aluminum-solar-panel-frame\/\" target=\"_blank\">Aluminum Solar Panel Frame<\/a><\/li>\r\n<li><a href=\"https:\/\/sinoextrud.com\/product\/aluminum-extrusion-framing\/\" target=\"_blank\">Aluminum Extrusion Framing<\/a><\/li>\r\n<li><a href=\"https:\/\/sinoextrud.com\/product\/aluminium-exrtrusion-slot\/\" target=\"_blank\">Aluminium Exrtrusion Slot<\/a><\/li>\r\n<li><a href=\"https:\/\/sinoextrud.com\/product\/round-t-slot-extrusion\/\" target=\"_blank\">Round T Slot Extrusion<\/a><\/li>\r\n<li><a href=\"https:\/\/sinoextrud.com\/product\/custom-aluminum-extrusion\/\" target=\"_blank\">Custom Aluminum Extrusion<\/a><\/li>\r\n<li><a href=\"https:\/\/sinoextrud.com\/product\/alu-profile-system\/\" target=\"_blank\">Alu Profile System<\/a><\/li>\r\n<li><a href=\"https:\/\/sinoextrud.com\/product\/aluminium-solar-profile\/\" target=\"_blank\">Aluminium Solar Profile<\/a><\/li>"},"feature_list":[]},"_links":{"self":[{"href":"https:\/\/sinoextrud.com\/de\/wp-json\/wp\/v2\/product\/7872","targetHints":{"allow":["GET"]}}],"collection":[{"href":"https:\/\/sinoextrud.com\/de\/wp-json\/wp\/v2\/product"}],"about":[{"href":"https:\/\/sinoextrud.com\/de\/wp-json\/wp\/v2\/types\/product"}],"wp:featuredmedia":[{"embeddable":true,"href":"https:\/\/sinoextrud.com\/de\/wp-json\/wp\/v2\/media\/7871"}],"wp:attachment":[{"href":"https:\/\/sinoextrud.com\/de\/wp-json\/wp\/v2\/media?parent=7872"}],"wp:term":[{"taxonomy":"category","embeddable":true,"href":"https:\/\/sinoextrud.com\/de\/wp-json\/wp\/v2\/categories?post=7872"}],"curies":[{"name":"wp","href":"https:\/\/api.w.org\/{rel}","templated":true}]}}