{"id":7870,"date":"2025-06-11T03:11:36","date_gmt":"2025-06-11T03:11:36","guid":{"rendered":"https:\/\/sinoextrud.com\/product\/extruded-aluminum-heatsink-enclosure\/"},"modified":"2025-06-24T06:13:53","modified_gmt":"2025-06-24T06:13:53","slug":"gehause-fur-kuhlkorper-aus-stranggepresstem-aluminium","status":"publish","type":"product","link":"https:\/\/sinoextrud.com\/de\/product\/extruded-aluminum-heatsink-enclosure\/","title":{"rendered":"Stranggepresstes Aluminium-K\u00fchlk\u00f6rper-Geh\u00e4use"},"content":{"rendered":"<h2>Produkte Details<\/h2>\n<table class=\"custom-table\">\n<tr>\n<td class=\"label\">Titel<\/td>\n<td>Stranggepresstes Aluminium-K\u00fchlk\u00f6rper-Geh\u00e4use<\/td>\n<\/tr>\n<\/table>\n<h2>Unsere Produktionsbasis<\/h2>\n<h3>Fabrik-Panorama<\/h3>\n<p><img decoding=\"async\" src=\"\/wp-content\/uploads\/factory-01.webp\"\/><\/p>\n<h3>Werkstatt zur Herstellung von Aluminiumstangen<\/h3>\n<p><img decoding=\"async\" src=\"\/wp-content\/uploads\/factory-02.webp\"\/><\/p>\n<p><img decoding=\"async\" src=\"\/wp-content\/uploads\/factory-03.webp\"\/><\/p>\n<h3>Lagerhaus f\u00fcr Formen<\/h3>\n<p><img decoding=\"async\" src=\"\/wp-content\/uploads\/factory-04.webp\"\/><\/p>\n<h3>43 Aluminium-Strangpressanlagen (500\u00e2\u20ac\"5500 Tonnen)<\/h3>\n<p><img decoding=\"async\" src=\"\/wp-content\/uploads\/factory-05.webp\"\/><\/p>\n<p><img decoding=\"async\" src=\"\/wp-content\/uploads\/factory-06.webp\"\/><\/p>\n<p><img decoding=\"async\" src=\"\/wp-content\/uploads\/factory-07.webp\"\/><\/p>\n<h3>Werkstatt f\u00fcr Pulverbeschichtung<\/h3>\n<p><img decoding=\"async\" src=\"\/wp-content\/uploads\/factory-09.webp\"\/><\/p>\n<h3>Eloxal-Werkstatt<\/h3>\n<p><img decoding=\"async\" src=\"\/wp-content\/uploads\/factory-10.webp\"\/><\/p>\n<h3>Workshop zur Tiefenverarbeitung<\/h3>\n<p><img decoding=\"async\" src=\"\/wp-content\/uploads\/factory-11.webp\"\/><\/p>\n<h3>CNC-Pr\u00e4zisionsbearbeitungswerkstatt<\/h3>\n<p><img decoding=\"async\" src=\"\/wp-content\/uploads\/factory-11.5.webp\"\/><\/p>\n<h3>Lager f\u00fcr Fertigprodukte und Export<\/h3>\n<p><img decoding=\"async\" src=\"\/wp-content\/uploads\/factory-12.webp\"\/><\/p>\n<p><img decoding=\"async\" src=\"\/wp-content\/uploads\/factory-13.webp\"\/><\/p>\n<p><img decoding=\"async\" src=\"\/wp-content\/uploads\/factory-14.webp\"\/><\/p>\n<h2>FAQ<\/h2>\n<p><p><b>1. was macht das stranggepresste Aluminium-K\u00fchlk\u00f6rper-Geh\u00e4use ideal f\u00fcr das W\u00e4rmemanagement? <\/b><\/p>\n<p> Stranggepresste Aluminium-K\u00fchlk\u00f6rper sorgen f\u00fcr eine hervorragende W\u00e4rmeableitung und stellen sicher, dass die elektronischen Komponenten die optimale Temperatur f\u00fcr eine zuverl\u00e4ssige Leistung halten.<br \/>\n<\/p><br \/>\n<br \/>\n<p><b>2. k\u00f6nnen stranggepresste Aluminium-K\u00fchlk\u00f6rper-Geh\u00e4use angepasst werden? <\/b><\/p>\n<p> Ja, diese Geh\u00e4use k\u00f6nnen in Bezug auf Gr\u00f6\u00dfe, Form und Design individuell angepasst werden, um spezifische W\u00e4rme- und Schutzanforderungen f\u00fcr verschiedene Anwendungen zu erf\u00fcllen.<br \/>\n<\/p><br \/>\n<br \/>\n<p><b>3. wie haltbar ist das Geh\u00e4use des stranggepressten Aluminiumk\u00fchlk\u00f6rpers? <\/b><\/p>\n<p> Diese Geh\u00e4use sind aus korrosionsbest\u00e4ndigem Aluminium gefertigt und gew\u00e4hrleisten eine lange Lebensdauer und Schutz in rauen Umgebungen.<br \/>\n<\/p><br \/>\n<br \/>\n<p><b>4. welche Branchen profitieren von der Verwendung von stranggepressten Aluminium-K\u00fchlk\u00f6rpern? <\/b><\/p>\n<p> Branchen wie die Elektronik-, Telekommunikations-, Automobil- und Stromversorgungsbranche profitieren von dem effektiven W\u00e4rmemanagement, das diese Geh\u00e4use bieten.<br \/>\n<\/p><br \/>\n<br \/>\n<p><b>Ist das Geh\u00e4use des stranggepressten Aluminiumk\u00fchlk\u00f6rpers einfach zu installieren? <\/b><\/p>\n<p> Ja, er ist f\u00fcr eine einfache Montage und Modifizierung konzipiert, was die Einrichtungszeit und die Arbeitskosten reduziert und gleichzeitig Flexibilit\u00e4t f\u00fcr verschiedene Projektanforderungen bietet.<br \/>\n<\/p><br \/>\n<br \/>\n<p><b>6. wie verbessert das Geh\u00e4use des stranggepressten Aluminiumk\u00fchlk\u00f6rpers die Systemleistung? <\/b><\/p>\n<p> Die effiziente W\u00e4rmeableitung sorgt daf\u00fcr, dass empfindliche Komponenten innerhalb sicherer Betriebstemperaturen bleiben, was die Zuverl\u00e4ssigkeit und Leistung des gesamten Systems verbessert.<br \/>\n<\/p><br \/>\n<br \/>\n<p><b>7. ist das Geh\u00e4use des stranggepressten Aluminiumk\u00fchlk\u00f6rpers umweltfreundlich? <\/b><\/p>\n<p> Ja, Aluminium ist vollst\u00e4ndig recycelbar und macht das Geh\u00e4use zu einer umweltfreundlichen L\u00f6sung f\u00fcr das W\u00e4rmemanagement in einer breiten Palette von Anwendungen.<br \/>\n<\/p><br \/><\/p>","protected":false},"featured_media":7869,"template":"","categories":[54],"class_list":["post-7870","product","type-product","status-publish","has-post-thumbnail","hentry","category-industrial-aluminum-profiles"],"meta_box":{"hilight_text_group":{"product_hilight_text":"<li>High-performance extruded aluminum heatsink enclosure for effective thermal management<\/li>\r\r\n<li>Corrosion-resistant, ensuring durability and longevity in demanding environments<\/li>\r\r\n<li>Customizable sizes and designs to fit specific heat dissipation requirements<\/li>\r\r\n<li>Efficient heat dissipation, ensuring components stay within safe operating temperatures<\/li>\r\r\n<li>Lightweight yet robust, providing protection without adding excessive weight<\/li>\r\r\n<li>Easy to assemble and modify, reducing setup time and increasing flexibility<\/li>\r\r\n<li>Environmentally friendly, made from recyclable aluminum material<\/li>","product_chanpin_blog":"<ul>\r\r\n<li><a href=\"https:\/\/sinoextrud.com\/t-slot-v-slot-differences\/\" target=\"_blank\">t slot vs v slot<\/a><\/li>\r\r\n<li><a href=\"https:\/\/sinoextrud.com\/what-is-4040-aluminium-extrud\/\" target=\"_blank\">4040 aluminium extrusion<\/a><\/li>\r\r\n<li><a href=\"https:\/\/sinoextrud.com\/what-is-4040-aluminium-extrud\/\" target=\"_blank\">aluminum extrusions for industrial racks<\/a><\/li>\r\r\n<li><a href=\"https:\/\/sinoextrud.com\/powder-coating-aluminium-process\/\" target=\"_blank\">powder coating aluminium<\/a><\/li>\r\r\n<li><a href=\"https:\/\/sinoextrud.com\/what-is-an-aluminium-strip-ceiling\/\" target=\"_blank\">aluminium strip ceiling<\/a><\/li>\r\r\n<li><a href=\"https:\/\/sinoextrud.com\/what-is-a-heat-sink\/\" target=\"_blank\">what is a heat sink<\/a><\/li>\r\r\n<\/ul>","product_chanpin_chanpin":"<li><a href=\"https:\/\/sinoextrud.com\/product\/aluminium-decorative-furniture-metal-wall-trim\/\" target=\"_blank\">Aluminium Decorative Furniture Metal Wall Trim<\/a><\/li>\r\n<li><a href=\"https:\/\/sinoextrud.com\/product\/aluminium-profile-channel-factory\/\" target=\"_blank\">Aluminium Profile Channel Factory<\/a><\/li>\r\n<li><a href=\"https:\/\/sinoextrud.com\/product\/aluminum-extrusion-box\/\" target=\"_blank\">aluminum extrusion box<\/a><\/li>\r\n<li><a href=\"https:\/\/sinoextrud.com\/product\/decoration-aluminium\/\" target=\"_blank\">Decoration aluminium<\/a><\/li>\r\n<li><a href=\"https:\/\/sinoextrud.com\/product\/extruded-aluminum-heatsink-enclosure\/\" target=\"_blank\">Extruded Aluminum Heatsink Enclosure<\/a><\/li>\r\n<li><a href=\"https:\/\/sinoextrud.com\/product\/aluminum-solar-panel-frame\/\" target=\"_blank\">Aluminum Solar Panel Frame<\/a><\/li>\r\n<li><a href=\"https:\/\/sinoextrud.com\/product\/aluminum-extrusion-framing\/\" target=\"_blank\">Aluminum Extrusion Framing<\/a><\/li>\r\n<li><a href=\"https:\/\/sinoextrud.com\/product\/aluminium-exrtrusion-slot\/\" target=\"_blank\">Aluminium Exrtrusion Slot<\/a><\/li>\r\n<li><a href=\"https:\/\/sinoextrud.com\/product\/round-t-slot-extrusion\/\" target=\"_blank\">Round T Slot Extrusion<\/a><\/li>\r\n<li><a href=\"https:\/\/sinoextrud.com\/product\/sandblasted-aluminum-profile\/\" target=\"_blank\">Sandblasted Aluminum Profile<\/a><\/li>\r\n<li><a href=\"https:\/\/sinoextrud.com\/product\/aluminum-hydraulic-oil-tank\/\" target=\"_blank\">Aluminum Hydraulic Oil Tank<\/a><\/li>"},"feature_list":[]},"_links":{"self":[{"href":"https:\/\/sinoextrud.com\/de\/wp-json\/wp\/v2\/product\/7870","targetHints":{"allow":["GET"]}}],"collection":[{"href":"https:\/\/sinoextrud.com\/de\/wp-json\/wp\/v2\/product"}],"about":[{"href":"https:\/\/sinoextrud.com\/de\/wp-json\/wp\/v2\/types\/product"}],"wp:featuredmedia":[{"embeddable":true,"href":"https:\/\/sinoextrud.com\/de\/wp-json\/wp\/v2\/media\/7869"}],"wp:attachment":[{"href":"https:\/\/sinoextrud.com\/de\/wp-json\/wp\/v2\/media?parent=7870"}],"wp:term":[{"taxonomy":"category","embeddable":true,"href":"https:\/\/sinoextrud.com\/de\/wp-json\/wp\/v2\/categories?post=7870"}],"curies":[{"name":"wp","href":"https:\/\/api.w.org\/{rel}","templated":true}]}}