{"id":7854,"date":"2025-06-11T02:55:39","date_gmt":"2025-06-11T02:55:39","guid":{"rendered":"https:\/\/sinoextrud.com\/product\/extrusion-aluminum-handrails-profile-powder-coated-white\/"},"modified":"2025-06-24T06:13:50","modified_gmt":"2025-06-24T06:13:50","slug":"aluminium-strangpressprofil-handlaufe-pulverbeschichtet-weis","status":"publish","type":"product","link":"https:\/\/sinoextrud.com\/de\/product\/extrusion-aluminum-handrails-profile-powder-coated-white\/","title":{"rendered":"Extrusion Aluminium Handl\u00e4ufe Profil Pulverbeschichtet Wei\u00df"},"content":{"rendered":"<h2>Produkte Details<\/h2>\n<table class=\"custom-table\">\n<tr>\n<td class=\"label\">1. Produktname:<\/td>\n<td> Extrusion Aluminium Handl\u00e4ufe Profil Pulverbeschichtet Wei\u00df<\/td>\n<\/tr>\n<tr>\n<td class=\"label\">2. Werkstoff :<\/td>\n<td> Aluminium-Legierung 6063-T5<\/td>\n<\/tr>\n<tr>\n<td class=\"label\">3. Beendet:<\/td>\n<td> National Pulverbeschichtet Wei\u00df<\/td>\n<\/tr>\n<tr>\n<td class=\"label\">4. Executive Standard:<\/td>\n<td> GB5237-2008<\/td>\n<\/tr>\n<tr>\n<td class=\"label\">5. Bescheinigungen:<\/td>\n<td> ISO9001<\/td>\n<\/tr>\n<tr>\n<td class=\"label\">6. Modell:<\/td>\n<td> Freie Form<\/td>\n<\/tr>\n<\/table>\n<h2>Unsere Produktionsbasis<\/h2>\n<h3>Fabrik-Panorama<\/h3>\n<p><img decoding=\"async\" src=\"\/wp-content\/uploads\/factory-01.webp\"\/><\/p>\n<h3>Werkstatt zur Herstellung von Aluminiumstangen<\/h3>\n<p><img decoding=\"async\" src=\"\/wp-content\/uploads\/factory-02.webp\"\/><\/p>\n<\/p>\n<p><img decoding=\"async\" src=\"\/wp-content\/uploads\/factory-03.webp\"\/><\/p>\n<h3>Lagerhaus f\u00fcr Formen<\/h3>\n<p><img decoding=\"async\" src=\"\/wp-content\/uploads\/factory-04.webp\"\/><\/p>\n<h3>43 Aluminium-Strangpressanlagen (500\u00e2\u20ac\"5500 Tonnen)<\/h3>\n<p><img decoding=\"async\" src=\"\/wp-content\/uploads\/factory-05.webp\"\/><\/p>\n<p><img decoding=\"async\" src=\"\/wp-content\/uploads\/factory-06.webp\"\/><\/p>\n<p><img decoding=\"async\" src=\"\/wp-content\/uploads\/factory-07.webp\"\/><\/p>\n<h3>Werkstatt f\u00fcr Pulverbeschichtung<\/h3>\n<p><img decoding=\"async\" src=\"\/wp-content\/uploads\/factory-09.webp\"\/><\/p>\n<h3>Eloxal-Werkstatt<\/h3>\n<p><img decoding=\"async\" src=\"\/wp-content\/uploads\/factory-10.webp\"\/><\/p>\n<h3>Workshop zur Tiefenverarbeitung<\/h3>\n<p><img decoding=\"async\" src=\"\/wp-content\/uploads\/factory-11.webp\"\/><\/p>\n<h3>CNC-Pr\u00e4zisionsbearbeitungswerkstatt<\/h3>\n<p><img decoding=\"async\" src=\"\/wp-content\/uploads\/factory-11.5.webp\"\/><\/p>\n<h3>Lager f\u00fcr Fertigprodukte und Export<\/h3>\n<p><img decoding=\"async\" src=\"\/wp-content\/uploads\/factory-12.webp\"\/><\/p>\n<p><img decoding=\"async\" src=\"\/wp-content\/uploads\/factory-13.webp\"\/><\/p>\n<p><img decoding=\"async\" src=\"\/wp-content\/uploads\/factory-14.webp\"\/><\/p>\n<h2>FAQ<\/h2>\n<p><b>1. was sind die Vorteile der Verwendung von stranggepressten Aluminiumhandl\u00e4ufen? <\/b><\/p>\n<p> Handl\u00e4ufe aus stranggepresstem Aluminium bieten einen starken, leichten Halt und sind aufgrund ihrer Langlebigkeit und Vielseitigkeit ideal f\u00fcr moderne Gel\u00e4ndersysteme.\n<\/p>\n<p><\/p>\n<p><b>2. warum sollte man sich f\u00fcr pulverbeschichtete Handl\u00e4ufe aus wei\u00dfem Aluminium entscheiden? <\/b><\/p>\n<p> Pulverbeschichtete Handl\u00e4ufe aus wei\u00dfem Aluminium bieten ein elegantes, sauberes Aussehen und eine hervorragende Best\u00e4ndigkeit gegen Witterung und Korrosion.\n<\/p>\n<p><\/p>\n<p><b>3. sind die Handlaufprofile aus Aluminium f\u00fcr die Verwendung im Freien geeignet? <\/b><\/p>\n<p> Ja, die pulverbeschichtete Oberfl\u00e4che und die korrosionsbest\u00e4ndigen Eigenschaften machen diese Handl\u00e4ufe perfekt f\u00fcr Innen- und Au\u00dfenbereiche.\n<\/p>\n<p><\/p>\n<p><b>4. k\u00f6nnen die Aluminiumhandl\u00e4ufe individuell angepasst werden? <\/b><\/p>\n<p> Ja, wir bieten kundenspezifische L\u00e4ngen, Profile und Lochmuster an, um Ihren architektonischen oder bautechnischen Anforderungen gerecht zu werden.\n<\/p>\n<p><\/p>\n<p><b>5. wie schneidet Aluminium im Vergleich zu Stahl bei Handlaufsystemen ab? <\/b><\/p>\n<p> Aluminium ist leichter, korrosionsbest\u00e4ndiger und wartungs\u00e4rmer als Stahl, was es zu einer kosteng\u00fcnstigen Wahl f\u00fcr Handl\u00e4ufe macht.\n<\/p>\n<p><\/p>\n<p><b>6. ist die wei\u00dfe Pulverbeschichtung haltbar? <\/b><\/p>\n<p> Ja, die wei\u00dfe Pulverbeschichtung wird mit hoher Haftkraft aufgetragen und f\u00fcr eine lange Lebensdauer ausgeh\u00e4rtet, um einen langfristigen Schutz gegen Abnutzung und Verblassen zu gew\u00e4hrleisten.\n<\/p>\n<p><\/p>\n<p><b>7. welche Anwendungen sind ideal f\u00fcr stranggepresste Aluminiumhandl\u00e4ufe? <\/b><\/p>\n<p> Diese Handl\u00e4ufe sind ideal f\u00fcr Wohnbalkone, gewerbliche Geb\u00e4ude, Treppenh\u00e4user und \u00f6ffentliche Gehwege.\n<\/p>\n<p><\/p>","protected":false},"featured_media":7853,"template":"","categories":[54],"class_list":["post-7854","product","type-product","status-publish","has-post-thumbnail","hentry","category-industrial-aluminum-profiles"],"meta_box":{"hilight_text_group":{"product_hilight_text":"<li>Durable aluminum extrusion ensures long-lasting structural support.<\/li>\r\r\n<li>Powder coated white finish offers a clean, modern appearance.<\/li>\r\r\n<li>Corrosion-resistant surface ideal for indoor and outdoor applications.<\/li>\r\r\n<li>Lightweight material allows for easy handling and installation.<\/li>\r\r\n<li>Customizable lengths and profiles to meet specific project needs.<\/li>\r\r\n<li>Low maintenance compared to traditional steel handrails.<\/li>\r\r\n<li>Compatible with various railing systems and fittings.<\/li>","product_chanpin_blog":"<ul>\r\r\n<li><a href=\"https:\/\/sinoextrud.com\/t-slot-v-slot-differences\/\" target=\"_blank\">t slot vs v slot<\/a><\/li>\r\r\n<li><a href=\"https:\/\/sinoextrud.com\/what-is-4040-aluminium-extrud\/\" target=\"_blank\">4040 aluminium extrusion<\/a><\/li>\r\r\n<li><a href=\"https:\/\/sinoextrud.com\/what-is-4040-aluminium-extrud\/\" target=\"_blank\">aluminum extrusions for industrial racks<\/a><\/li>\r\r\n<li><a href=\"https:\/\/sinoextrud.com\/powder-coating-aluminium-process\/\" target=\"_blank\">powder coating aluminium<\/a><\/li>\r\r\n<li><a href=\"https:\/\/sinoextrud.com\/what-is-an-aluminium-strip-ceiling\/\" target=\"_blank\">aluminium strip ceiling<\/a><\/li>\r\r\n<li><a href=\"https:\/\/sinoextrud.com\/what-is-a-heat-sink\/\" target=\"_blank\">what is a heat sink<\/a><\/li>\r\r\n<\/ul>","product_chanpin_chanpin":"<li><a href=\"https:\/\/sinoextrud.com\/product\/aluminum-cabinet-door-extrusion\/\" target=\"_blank\">Aluminum Cabinet Door Extrusion<\/a><\/li>\r\n<li><a href=\"https:\/\/sinoextrud.com\/product\/aluminum-structural-framing-system\/\" target=\"_blank\">Aluminum Structural Framing System<\/a><\/li>\r\n<li><a href=\"https:\/\/sinoextrud.com\/product\/standard-aluminum-shapes\/\" target=\"_blank\">Standard Aluminum Shapes<\/a><\/li>\r\n<li><a href=\"https:\/\/sinoextrud.com\/product\/aluminium-profiles-doors-windows-wood-imitation\/\" target=\"_blank\">Aluminium Profiles Doors Windows Wood Imitation<\/a><\/li>\r\n<li><a href=\"https:\/\/sinoextrud.com\/product\/extrusion-aluminum-handrails-profile-powder-coated-white\/\" target=\"_blank\">Extrusion Aluminum Handrails Profile Powder Coated White<\/a><\/li>\r\n<li><a href=\"https:\/\/sinoextrud.com\/product\/t-slot-aluminium-profile-extrusion-bulk-selling-98-pure-aluminum-price\/\" target=\"_blank\">t-slot aluminium profile extrusion bulk selling 98% pure aluminum price<\/a><\/li>\r\n<li><a href=\"https:\/\/sinoextrud.com\/product\/industrial-aluminium-extrusions-hollow-pipe-big-dimensions\/\" target=\"_blank\">Industrial Aluminium Extrusions Hollow Pipe Big Dimensions<\/a><\/li>\r\n<li><a href=\"https:\/\/sinoextrud.com\/product\/aluminium-profile-extrusion\/\" target=\"_blank\">Aluminium Profile Extrusion<\/a><\/li>\r\n<li><a href=\"https:\/\/sinoextrud.com\/product\/aluminium-decorative-furniture-metal-wall-trim\/\" target=\"_blank\">Aluminium Decorative Furniture Metal Wall Trim<\/a><\/li>\r\n<li><a href=\"https:\/\/sinoextrud.com\/product\/modular-aluminum-profiles-machine-hand-robot-hand-manipulator\/\" target=\"_blank\">Modular Aluminum Profiles Machine Hand Robot Hand Manipulator<\/a><\/li>\r\n<li><a href=\"https:\/\/sinoextrud.com\/product\/the-world-most-popular-6000-series-aluminum-extrusion-profile-louver-shutter-for-adjustable-waterproof-louver-windows\/\" target=\"_blank\">The World Most Popular 6000 Series aluminum extrusion Profile louver shutter For Adjustable Waterproof Louver Windows<\/a><\/li>"},"feature_list":[]},"_links":{"self":[{"href":"https:\/\/sinoextrud.com\/de\/wp-json\/wp\/v2\/product\/7854","targetHints":{"allow":["GET"]}}],"collection":[{"href":"https:\/\/sinoextrud.com\/de\/wp-json\/wp\/v2\/product"}],"about":[{"href":"https:\/\/sinoextrud.com\/de\/wp-json\/wp\/v2\/types\/product"}],"wp:featuredmedia":[{"embeddable":true,"href":"https:\/\/sinoextrud.com\/de\/wp-json\/wp\/v2\/media\/7853"}],"wp:attachment":[{"href":"https:\/\/sinoextrud.com\/de\/wp-json\/wp\/v2\/media?parent=7854"}],"wp:term":[{"taxonomy":"category","embeddable":true,"href":"https:\/\/sinoextrud.com\/de\/wp-json\/wp\/v2\/categories?post=7854"}],"curies":[{"name":"wp","href":"https:\/\/api.w.org\/{rel}","templated":true}]}}