{"id":7851,"date":"2025-06-11T02:45:51","date_gmt":"2025-06-11T02:45:51","guid":{"rendered":"https:\/\/sinoextrud.com\/product\/aluminium-profiles-doors-windows-wood-imitation\/"},"modified":"2025-06-24T06:13:50","modified_gmt":"2025-06-24T06:13:50","slug":"aluminiumprofile-turen-fenster-holzimitation","status":"publish","type":"product","link":"https:\/\/sinoextrud.com\/de\/product\/aluminium-profiles-doors-windows-wood-imitation\/","title":{"rendered":"Aluminium-Profile T\u00fcren Fenster Holzimitation"},"content":{"rendered":"<h2>Produkte Details<\/h2>\n<table class=\"custom-table\">\n<tbody>\n<tr>\n<td> Artikel:<\/td>\n<td> Aluminium-Profile T\u00fcren Fenster Holzimitation<\/td>\n<td> Die Form:<\/td>\n<td> Benutzerdefiniert<\/td>\n<\/tr>\n<tr>\n<td> Temperament:<\/td>\n<td> Benutzerdefiniert<\/td>\n<td> Legierung:<\/td>\n<td> Legierung<\/td>\n<\/tr>\n<tr>\n<td> Legierungsbestandteil:<\/td>\n<td> 6061<\/td>\n<td> Profil aus poliertem Aluminium:<\/td>\n<td> Benutzerdefiniert<\/td>\n<\/tr>\n<tr>\n<td> Prozess:<\/td>\n<td> Profil+CNC-Bearbeitung+Entgraten<\/td>\n<td> Vertr\u00e4glichkeit:<\/td>\n<td> ISO2768-M<\/td>\n<\/tr>\n<tr>\n<td> Arbeitsf\u00e4hige L\u00e4nge:<\/td>\n<td> 5-12000mm<\/td>\n<td> Lieferzeiten:<\/td>\n<td> 7-25 Tage<\/td>\n<\/tr>\n<tr>\n<td> Warenzeichen:<\/td>\n<td> Benutzerdefiniert<\/td>\n<td> Herkunft:<\/td>\n<td> GUANGDONG<\/td>\n<\/tr>\n<tr>\n<td> Art:<\/td>\n<td> Fenster- und T\u00fcrprofile aus Aluminium, Aluminium-Dekorprofile, Aluminium-K\u00fchlk\u00f6rperprofile, Aluminium-Glaswandprofile, Aluminium-Transportprofile<\/td>\n<td> Note:<\/td>\n<td> Serie 6000<\/td>\n<\/tr>\n<tr>\n<td> Fenster &amp; T\u00fcren Aluminiumprofil:<\/td>\n<td> Benutzerdefiniert<\/td>\n<td> Oberfl\u00e4chenveredelung:<\/td>\n<td> Benutzerdefiniert<\/td>\n<\/tr>\n<tr>\n<td> Zertifizierung:<\/td>\n<td> CE, SONCAP, ISO, CIQ, RoHS, TUV<\/td>\n<td> Dienst:<\/td>\n<td> OEM\/ODM<\/td>\n<\/tr>\n<tr>\n<td> Bearbeitbarer Durchmesser:<\/td>\n<td> 5-6000mm<\/td>\n<td> Qualit\u00e4tskontrolle:<\/td>\n<td> ISO9001, SGS<\/td>\n<\/tr>\n<tr>\n<td> Garantie:<\/td>\n<td> 100% Erstattung oder Ersatz f\u00fcr Nok<\/td>\n<td> Transport-Paket:<\/td>\n<td> Kartonkiste oder Poly-Holzkiste\/Palette<\/td>\n<\/tr>\n<\/tbody>\n<\/table>\n<h2>Unsere Produktionsbasis<\/h2>\n<h3>Fabrik-Panorama<\/h3>\n<p><img decoding=\"async\" src=\"\/wp-content\/uploads\/factory-01.webp\"\/><\/p>\n<h3>Werkstatt zur Herstellung von Aluminiumstangen<\/h3>\n<p><img decoding=\"async\" src=\"\/wp-content\/uploads\/factory-02.webp\"\/><\/p>\n<p><img decoding=\"async\" src=\"\/wp-content\/uploads\/factory-03.webp\"\/><\/p>\n<h3>Lagerhaus f\u00fcr Formen<\/h3>\n<p><img decoding=\"async\" src=\"\/wp-content\/uploads\/factory-04.webp\"\/><\/p>\n<h3>43 Aluminium-Strangpressanlagen (500-5500 Tonnen)<\/h3>\n<p><img decoding=\"async\" src=\"\/wp-content\/uploads\/factory-05.webp\"\/><\/p>\n<p><img decoding=\"async\" src=\"\/wp-content\/uploads\/factory-06.webp\"\/><\/p>\n<p><img decoding=\"async\" src=\"\/wp-content\/uploads\/factory-07.webp\"\/><\/p>\n<h3>Werkstatt f\u00fcr Pulverbeschichtung<\/h3>\n<p><img decoding=\"async\" src=\"\/wp-content\/uploads\/factory-09.webp\"\/><\/p>\n<h3>Eloxal-Werkstatt<\/h3>\n<p><img decoding=\"async\" src=\"\/wp-content\/uploads\/factory-10.webp\"\/><\/p>\n<h3>Workshop zur Tiefenverarbeitung<\/h3>\n<p><img decoding=\"async\" src=\"\/wp-content\/uploads\/factory-11.webp\"\/><\/p>\n<h3>CNC-Pr\u00e4zisionsbearbeitungswerkstatt<\/h3>\n<p><img decoding=\"async\" src=\"\/wp-content\/uploads\/factory-11.5.webp\"\/><\/p>\n<h3>Lager f\u00fcr Fertigprodukte und Export<\/h3>\n<p><img decoding=\"async\" src=\"\/wp-content\/uploads\/factory-12.webp\"\/><\/p>\n<p><img decoding=\"async\" src=\"\/wp-content\/uploads\/factory-13.webp\"\/><\/p>\n<p><img decoding=\"async\" src=\"\/wp-content\/uploads\/factory-14.webp\"\/><\/p>\n<h2>FAQ<\/h2>\n<p><p><b>1.was sind Aluminium-Profile f\u00fcr T\u00fcren und Fenster mit Holzimitation?<\/b><\/p>\n<p>Dabei handelt es sich um Aluminium-Strangpressprofile mit einer Holzmaserung, die den optischen Reiz von Holz mit der Festigkeit und Haltbarkeit von Aluminium verbinden.<br \/>\n<\/p><br \/>\n<br \/>\n<p><b>2. warum sollte man sich f\u00fcr Aluminiumprofile mit Holzimitation f\u00fcr T\u00fcren und Fenster entscheiden?<\/b><\/p>\n<p>Sie bieten das Aussehen von nat\u00fcrlichem Holz, ohne dass es zu Wartungsproblemen wie Verziehen, Verrotten oder Neuanstrich kommt.<br \/>\n<\/p><br \/>\n<br \/>\n<p><b>3. sind Aluminium-Holzimitationsprofile f\u00fcr die Verwendung im Freien geeignet?<\/b><\/p>\n<p>Ja, die pulverbeschichteten und w\u00e4rme\u00fcbertragenden Oberfl\u00e4chen bieten eine hervorragende Witterungsbest\u00e4ndigkeit, ideal f\u00fcr Au\u00dfent\u00fcren und Fenster.<br \/>\n<\/p><br \/>\n<br \/>\n<p><b>4. ben\u00f6tigen Aluminiumprofile mit Holzmaserung eine besondere Pflege?<\/b><\/p>\n<p>Nein, sie sind pflegeleicht - eine gelegentliche Reinigung mit milder Seife und Wasser gen\u00fcgt, um sie wie neu aussehen zu lassen.<br \/>\n<\/p><br \/>\n<br \/>\n<p><b>5. k\u00f6nnen Aluminium-Holzmaserungsprofile individuell angepasst werden?<\/b><\/p>\n<p>Nat\u00fcrlich sind sie in verschiedenen Holzmaserungen, Farben, Gr\u00f6\u00dfen und Profilformen erh\u00e4ltlich, die zu unterschiedlichen architektonischen Stilen passen.<br \/>\n<\/p><br \/>\n<br \/>\n<p><b>6. sind Holzimitationsprofile aus Aluminium umweltfreundlich?<\/b><\/p>\n<p>Ja, sie verringern die Abh\u00e4ngigkeit von Holz, sind vollst\u00e4ndig recycelbar und erfordern w\u00e4hrend ihrer Lebensdauer weniger Wartung.<br \/>\n<\/p><br \/>\n<br \/>\n<p><b>7. ist die Holzmaserung dauerhaft?<\/b><\/p>\n<p>Ja, moderne Technologien zur Oberfl\u00e4chenbehandlung sorgen daf\u00fcr, dass die Holzmaserung UV-best\u00e4ndig, kratzfest und langlebig ist.<br \/>\n<\/p><br \/><\/p>","protected":false},"featured_media":7850,"template":"","categories":[67],"class_list":["post-7851","product","type-product","status-publish","has-post-thumbnail","hentry","category-architectural-aluminium-profile"],"meta_box":{"hilight_text_group":{"product_hilight_text":"<li>Wood grain finish offers the aesthetic appeal of timber with aluminum durability<\/li>\r\r\n<li>Corrosion-resistant and weatherproof for long-term performance<\/li>\r\r\n<li>Low maintenance compared to traditional wooden frames<\/li>\r\r\n<li>Lightweight structure allows for easier transportation and installation<\/li>\r\r\n<li>Customizable designs, colors, and profiles for doors and windows<\/li>\r\r\n<li>Eco-friendly alternative to natural wood materials<\/li>","product_chanpin_blog":"<ul>\r\r\n<li><a href=\"https:\/\/sinoextrud.com\/t-slot-v-slot-differences\/\" target=\"_blank\">t slot vs v slot<\/a><\/li>\r\r\n<li><a href=\"https:\/\/sinoextrud.com\/what-is-4040-aluminium-extrud\/\" target=\"_blank\">4040 aluminium extrusion<\/a><\/li>\r\r\n<li><a href=\"https:\/\/sinoextrud.com\/what-is-4040-aluminium-extrud\/\" target=\"_blank\">aluminum extrusions for industrial racks<\/a><\/li>\r\r\n<li><a href=\"https:\/\/sinoextrud.com\/powder-coating-aluminium-process\/\" target=\"_blank\">powder coating aluminium<\/a><\/li>\r\r\n<li><a href=\"https:\/\/sinoextrud.com\/what-is-an-aluminium-strip-ceiling\/\" target=\"_blank\">aluminium strip ceiling<\/a><\/li>\r\r\n<li><a href=\"https:\/\/sinoextrud.com\/what-is-a-heat-sink\/\" target=\"_blank\">what is a heat sink<\/a><\/li>\r\r\n<\/ul>","product_chanpin_chanpin":"<li><a href=\"https:\/\/sinoextrud.com\/product\/wardrobe-cabinet-sliding-aluminum-profile\/\" target=\"_blank\">Wardrobe Cabinet Sliding Aluminum Profile<\/a><\/li>\r\n<li><a href=\"https:\/\/sinoextrud.com\/product\/aluminum-cabinet-door-extrusion\/\" target=\"_blank\">Aluminum Cabinet Door Extrusion<\/a><\/li>\r\n<li><a href=\"https:\/\/sinoextrud.com\/product\/aluminum-structural-framing-system\/\" target=\"_blank\">Aluminum Structural Framing System<\/a><\/li>\r\n<li><a href=\"https:\/\/sinoextrud.com\/product\/standard-aluminum-shapes\/\" target=\"_blank\">Standard Aluminum Shapes<\/a><\/li>\r\n<li><a href=\"https:\/\/sinoextrud.com\/product\/aluminium-profiles-doors-windows-wood-imitation\/\" target=\"_blank\">Aluminium Profiles Doors Windows Wood Imitation<\/a><\/li>\r\n<li><a href=\"https:\/\/sinoextrud.com\/product\/extrusion-aluminum-handrails-profile-powder-coated-white\/\" target=\"_blank\">Extrusion Aluminum Handrails Profile Powder Coated White<\/a><\/li>\r\n<li><a href=\"https:\/\/sinoextrud.com\/product\/t-slot-aluminium-profile-extrusion-bulk-selling-98-pure-aluminum-price\/\" target=\"_blank\">t-slot aluminium profile extrusion bulk selling 98% pure aluminum price<\/a><\/li>\r\n<li><a href=\"https:\/\/sinoextrud.com\/product\/industrial-aluminium-extrusions-hollow-pipe-big-dimensions\/\" target=\"_blank\">Industrial Aluminium Extrusions Hollow Pipe Big Dimensions<\/a><\/li>\r\n<li><a href=\"https:\/\/sinoextrud.com\/product\/aluminium-profile-extrusion\/\" target=\"_blank\">Aluminium Profile Extrusion<\/a><\/li>\r\n<li><a href=\"https:\/\/sinoextrud.com\/product\/design-of-anodized-aluminum-handrail-price\/\" target=\"_blank\">design of anodized aluminum handrail price<\/a><\/li>\r\n<li><a href=\"https:\/\/sinoextrud.com\/product\/anodized-aluminum-trim-molding\/\" target=\"_blank\">Anodized Aluminum Trim Molding<\/a><\/li>"},"feature_list":[]},"_links":{"self":[{"href":"https:\/\/sinoextrud.com\/de\/wp-json\/wp\/v2\/product\/7851","targetHints":{"allow":["GET"]}}],"collection":[{"href":"https:\/\/sinoextrud.com\/de\/wp-json\/wp\/v2\/product"}],"about":[{"href":"https:\/\/sinoextrud.com\/de\/wp-json\/wp\/v2\/types\/product"}],"wp:featuredmedia":[{"embeddable":true,"href":"https:\/\/sinoextrud.com\/de\/wp-json\/wp\/v2\/media\/7850"}],"wp:attachment":[{"href":"https:\/\/sinoextrud.com\/de\/wp-json\/wp\/v2\/media?parent=7851"}],"wp:term":[{"taxonomy":"category","embeddable":true,"href":"https:\/\/sinoextrud.com\/de\/wp-json\/wp\/v2\/categories?post=7851"}],"curies":[{"name":"wp","href":"https:\/\/api.w.org\/{rel}","templated":true}]}}