{"id":7847,"date":"2025-06-11T02:43:58","date_gmt":"2025-06-11T02:43:58","guid":{"rendered":"https:\/\/sinoextrud.com\/product\/aluminum-structural-framing-system\/"},"modified":"2025-06-24T06:13:48","modified_gmt":"2025-06-24T06:13:48","slug":"aluminium-rahmenbau-system","status":"publish","type":"product","link":"https:\/\/sinoextrud.com\/de\/product\/aluminum-structural-framing-system\/","title":{"rendered":"Strukturelles Rahmensystem aus Aluminium"},"content":{"rendered":"<h2>Produkte Details<\/h2>\n<table class=\"custom-table\">\n<tbody>\n<tr>\n<td> Material:<\/td>\n<td> Aluminiumlegierung<\/td>\n<\/tr>\n<tr>\n<td> Spezifikationen:<\/td>\n<td> 90 mm breite Aluminiumfenster und -t\u00fcren mit Rahmen<\/td>\n<\/tr>\n<tr>\n<td> Die Dicke:<\/td>\n<td> 1,4 mm, 1,6 mm, 2,0 mm<\/td>\n<\/tr>\n<tr>\n<td> L\u00e4nge:<\/td>\n<td> in der Regel nicht l\u00e4nger als 6 m, kann je nach Kundenwunsch angepasst werden<\/td>\n<\/tr>\n<tr>\n<td> Prozess:<\/td>\n<td> Extrusion<\/td>\n<\/tr>\n<tr>\n<td> Beschichtung:<\/td>\n<td> Pulverbeschichtung. (Eloxiert, Elektrophorese, Holzmaserung verf\u00fcgbar)<\/td>\n<\/tr>\n<tr>\n<td> Farbe:<\/td>\n<td> grau, kundenspezifisch erh\u00e4ltlich.<\/td>\n<\/tr>\n<tr>\n<td> Feuerschutz:<\/td>\n<td> keine Verbrennung, geeignet f\u00fcr Hochtemperaturumgebung<\/td>\n<\/tr>\n<tr>\n<td> Bemerkung:<\/td>\n<td> Ma\u00dfgeschneidertes Fenster- und T\u00fcrdesign verf\u00fcgbar.<\/td>\n<\/tr>\n<\/tbody>\n<\/table>\n<h2>Unsere Produktionsbasis<\/h2>\n<h3>Fabrik-Panorama<\/h3>\n<p><img decoding=\"async\" src=\"\/wp-content\/uploads\/factory-01.webp\"\/><\/p>\n<h3>Werkstatt zur Herstellung von Aluminiumstangen<\/h3>\n<p><img decoding=\"async\" src=\"\/wp-content\/uploads\/factory-02.webp\"\/><\/p>\n<p><img decoding=\"async\" src=\"\/wp-content\/uploads\/factory-03.webp\"\/><\/p>\n<h3>Lagerhaus f\u00fcr Formen<\/h3>\n<p><img decoding=\"async\" src=\"\/wp-content\/uploads\/factory-04.webp\"\/><\/p>\n<h3>43 Aluminium-Strangpressanlagen (500\u00e2\u20ac\"5500 Tonnen)<\/h3>\n<p><img decoding=\"async\" src=\"\/wp-content\/uploads\/factory-05.webp\"\/><\/p>\n<p><img decoding=\"async\" src=\"\/wp-content\/uploads\/factory-06.webp\"\/><\/p>\n<p><img decoding=\"async\" src=\"\/wp-content\/uploads\/factory-07.webp\"\/><\/p>\n<h3>Werkstatt f\u00fcr Pulverbeschichtung<\/h3>\n<p><img decoding=\"async\" src=\"\/wp-content\/uploads\/factory-09.webp\"\/><\/p>\n<h3>Eloxal-Werkstatt<\/h3>\n<p><img decoding=\"async\" src=\"\/wp-content\/uploads\/factory-10.webp\"\/><\/p>\n<h3>Workshop zur Tiefenverarbeitung<\/h3>\n<p><img decoding=\"async\" src=\"\/wp-content\/uploads\/factory-11.webp\"\/><\/p>\n<h3>CNC-Pr\u00e4zisionsbearbeitungswerkstatt<\/h3>\n<p><img decoding=\"async\" src=\"\/wp-content\/uploads\/factory-11.5.webp\"\/><\/p>\n<h3>Lager f\u00fcr Fertigprodukte und Export<\/h3>\n<p><img decoding=\"async\" src=\"\/wp-content\/uploads\/factory-12.webp\"\/><\/p>\n<p><img decoding=\"async\" src=\"\/wp-content\/uploads\/factory-13.webp\"\/><\/p>\n<p><img decoding=\"async\" src=\"\/wp-content\/uploads\/factory-14.webp\"\/><\/p>\n<h2>FAQ<\/h2>\n<p><p><b>1. was ist ein Aluminium-Strukturrahmensystem? <\/b><\/p>\n<p> Ein Aluminium-Strukturrahmensystem ist ein modularer Rahmen, der aus stranggepressten Aluminiumprofilen f\u00fcr Anwendungen in industriellen und gewerblichen Strukturen gebaut wird.<br \/>\n<\/p><br \/>\n<br \/>\n<p><b>2. warum Aluminium f\u00fcr den Rohbau verwenden? <\/b><\/p>\n<p> Aluminium bietet ein ausgezeichnetes Verh\u00e4ltnis von Festigkeit zu Gewicht, Korrosionsbest\u00e4ndigkeit und einfache Montage, was es ideal f\u00fcr modulare Struktursysteme macht.<br \/>\n<\/p><br \/>\n<br \/>\n<p><b>3. sind Schwei\u00dfarbeiten f\u00fcr Aluminium-Rahmensysteme erforderlich? <\/b><\/p>\n<p> Nein, Aluminium-Rahmensysteme verwenden Verbinder und Klammern, die eine werkzeuggest\u00fctzte Montage ohne Schwei\u00dfen erm\u00f6glichen.<br \/>\n<\/p><br \/>\n<br \/>\n<p><b>4. kann das Rahmensystem individuell angepasst werden? <\/b><\/p>\n<p> Ja, Aluminium-Strukturrahmensysteme k\u00f6nnen in verschiedenen Gr\u00f6\u00dfen, Formen und Ausf\u00fchrungen konfiguriert werden, um spezifischen Projektanforderungen gerecht zu werden.<br \/>\n<\/p><br \/>\n<br \/>\n<p><b>5. in welchen Branchen werden diese Systeme \u00fcblicherweise eingesetzt? <\/b><\/p>\n<p> Zu den \u00fcblichen Anwendungen geh\u00f6ren Automatisierungsanlagen, Fertigungsstra\u00dfen, Geh\u00e4use, Displaysysteme und Reinraumstrukturen.<br \/>\n<\/p><br \/>\n<br \/>\n<p><b>6. ist das Aluminiumrahmensystem wiederverwendbar? <\/b><\/p>\n<p> Die modulare Bauweise erm\u00f6glicht die Demontage und Wiederverwendung, was sie zu einer nachhaltigen und kosteng\u00fcnstigen L\u00f6sung macht.<br \/>\n<\/p><br \/>\n<br \/>\n<p><b>7. sind diese Rahmen f\u00fcr die Verwendung im Freien geeignet? <\/b><\/p>\n<p> Ja, mit der richtigen Eloxierung oder Pulverbeschichtung sind Aluminiumrahmen korrosionsbest\u00e4ndig und f\u00fcr den Au\u00dfenbereich geeignet.<br \/>\n<\/p><br \/>\n<br \/>\n<p><b>8. wie verk\u00fcrzt dieses System die Installationszeit? <\/b><\/p>\n<p> Die vorgefertigten modularen Komponenten und standardisierten Schlitze vereinfachen die Ausrichtung und Montage und beschleunigen den gesamten Installationsprozess.<br \/>\n<\/p><br \/><\/p>","protected":false},"featured_media":7846,"template":"","categories":[67],"class_list":["post-7847","product","type-product","status-publish","has-post-thumbnail","hentry","category-architectural-aluminium-profile"],"meta_box":{"hilight_text_group":{"product_hilight_text":"<li>Modular design enables quick assembly and reconfiguration without welding.<\/li>\r\r\n<li>High-strength aluminum ensures lightweight yet durable structural performance.<\/li>\r\r\n<li>Corrosion-resistant surface suitable for indoor and outdoor environments.<\/li>\r\r\n<li>Compatible with a wide range of accessories and connectors for versatile use.<\/li>\r\r\n<li>Reduces labor costs and project timelines with simplified installation.<\/li>\r\r\n<li>Ideal for industrial automation, machine enclosures, workstations, and cleanrooms.<\/li>","product_chanpin_blog":"<ul>\r\r\n<li><a href=\"https:\/\/sinoextrud.com\/t-slot-v-slot-differences\/\" target=\"_blank\">t slot vs v slot<\/a><\/li>\r\r\n<li><a href=\"https:\/\/sinoextrud.com\/what-is-4040-aluminium-extrud\/\" target=\"_blank\">4040 aluminium extrusion<\/a><\/li>\r\r\n<li><a href=\"https:\/\/sinoextrud.com\/what-is-4040-aluminium-extrud\/\" target=\"_blank\">aluminum extrusions for industrial racks<\/a><\/li>\r\r\n<li><a href=\"https:\/\/sinoextrud.com\/powder-coating-aluminium-process\/\" target=\"_blank\">powder coating aluminium<\/a><\/li>\r\r\n<li><a href=\"https:\/\/sinoextrud.com\/what-is-an-aluminium-strip-ceiling\/\" target=\"_blank\">aluminium strip ceiling<\/a><\/li>\r\r\n<li><a href=\"https:\/\/sinoextrud.com\/what-is-a-heat-sink\/\" target=\"_blank\">what is a heat sink<\/a><\/li>\r\r\n<\/ul>","product_chanpin_chanpin":"<li><a href=\"https:\/\/sinoextrud.com\/product\/curtain-aluminum-profile-extrusion-for-window\/\" target=\"_blank\">Curtain Aluminum Profile Extrusion For Window<\/a><\/li>\r\n<li><a href=\"https:\/\/sinoextrud.com\/product\/extrusion-of-aluminium-alloys-celing-aluminum-tube-wood-grain\/\" target=\"_blank\">Extrusion Of Aluminium Alloys Celing Aluminum Tube Wood Grain<\/a><\/li>\r\n<li><a href=\"https:\/\/sinoextrud.com\/product\/wardrobe-cabinet-sliding-aluminum-profile\/\" target=\"_blank\">Wardrobe Cabinet Sliding Aluminum Profile<\/a><\/li>\r\n<li><a href=\"https:\/\/sinoextrud.com\/product\/aluminum-cabinet-door-extrusion\/\" target=\"_blank\">Aluminum Cabinet Door Extrusion<\/a><\/li>\r\n<li><a href=\"https:\/\/sinoextrud.com\/product\/aluminum-structural-framing-system\/\" target=\"_blank\">Aluminum Structural Framing System<\/a><\/li>\r\n<li><a href=\"https:\/\/sinoextrud.com\/product\/standard-aluminum-shapes\/\" target=\"_blank\">Standard Aluminum Shapes<\/a><\/li>\r\n<li><a href=\"https:\/\/sinoextrud.com\/product\/aluminium-profiles-doors-windows-wood-imitation\/\" target=\"_blank\">Aluminium Profiles Doors Windows Wood Imitation<\/a><\/li>\r\n<li><a href=\"https:\/\/sinoextrud.com\/product\/extrusion-aluminum-handrails-profile-powder-coated-white\/\" target=\"_blank\">Extrusion Aluminum Handrails Profile Powder Coated White<\/a><\/li>\r\n<li><a href=\"https:\/\/sinoextrud.com\/product\/t-slot-aluminium-profile-extrusion-bulk-selling-98-pure-aluminum-price\/\" target=\"_blank\">t-slot aluminium profile extrusion bulk selling 98% pure aluminum price<\/a><\/li>\r\n<li><a href=\"https:\/\/sinoextrud.com\/product\/made-extrusion-square-tube-aluminium-profiles-in-stock\/\" target=\"_blank\">Made Extrusion Square Tube Aluminium Profiles in Stock<\/a><\/li>\r\n<li><a href=\"https:\/\/sinoextrud.com\/product\/aluminum-extrud-7003-aluminum-pipe\/\" target=\"_blank\">Aluminum Extrusion 7003 Aluminum Pipe<\/a><\/li>"},"feature_list":[]},"_links":{"self":[{"href":"https:\/\/sinoextrud.com\/de\/wp-json\/wp\/v2\/product\/7847","targetHints":{"allow":["GET"]}}],"collection":[{"href":"https:\/\/sinoextrud.com\/de\/wp-json\/wp\/v2\/product"}],"about":[{"href":"https:\/\/sinoextrud.com\/de\/wp-json\/wp\/v2\/types\/product"}],"wp:featuredmedia":[{"embeddable":true,"href":"https:\/\/sinoextrud.com\/de\/wp-json\/wp\/v2\/media\/7846"}],"wp:attachment":[{"href":"https:\/\/sinoextrud.com\/de\/wp-json\/wp\/v2\/media?parent=7847"}],"wp:term":[{"taxonomy":"category","embeddable":true,"href":"https:\/\/sinoextrud.com\/de\/wp-json\/wp\/v2\/categories?post=7847"}],"curies":[{"name":"wp","href":"https:\/\/api.w.org\/{rel}","templated":true}]}}