{"id":7845,"date":"2025-06-11T02:41:28","date_gmt":"2025-06-11T02:41:28","guid":{"rendered":"https:\/\/sinoextrud.com\/product\/aluminum-cabinet-door-extrusion\/"},"modified":"2025-06-24T06:13:48","modified_gmt":"2025-06-24T06:13:48","slug":"aluminium-schranktur-extrusion","status":"publish","type":"product","link":"https:\/\/sinoextrud.com\/de\/product\/aluminum-cabinet-door-extrusion\/","title":{"rendered":"Aluminium-Schrankt\u00fcr-Extrusion"},"content":{"rendered":"<h2>Produkte Details<\/h2>\n<table class=\"custom-table\">\n<tbody>\n<tr>\n<td> <strong> Name<\/strong><\/td>\n<td>Aluminiumprofil-Griff Verwandte Produkte<\/td>\n<\/tr>\n<tr>\n<td> <strong> Material<\/strong><\/td>\n<td> Aluminiumlegierung<\/td>\n<\/tr>\n<tr>\n<td> <strong> MaterialGrade<\/strong><\/td>\n<td> Legierung Serie 6000<\/td>\n<\/tr>\n<tr>\n<td> <strong> Temperament<\/strong><\/td>\n<td> 6063T5<\/td>\n<\/tr>\n<tr>\n<td> <strong> Beschreibung<\/strong><\/td>\n<td> Aluminium-Schrankt\u00fcr-Extrusion<\/td>\n<\/tr>\n<tr>\n<td> <strong> Gr\u00f6\u00dfe:<\/strong><\/td>\n<td> 6000mm\/3000mm, auch kundenspezifisch lieferbar<\/td>\n<\/tr>\n<tr>\n<td> <strong> Oberfl\u00e4chenBehandlung<\/strong><\/td>\n<td>  Millfinish, poliert, Eloxierung, Pulverbeschichtung, Holzmaserung, Sandstrahlen, Elektrophorese usw.<\/td>\n<\/tr>\n<tr>\n<td> <strong> Farbe<\/strong><\/td>\n<td> silber,schwarz,gl\u00e4nzend,bronze,gold,champagner<\/td>\n<\/tr>\n<tr>\n<td> <strong> Anmeldung<\/strong><\/td>\n<td> Fenster\/T\u00fcren\/Badezimmert\u00fcr\/Flurabschlusst\u00fcr\/<br \/>brkitchencabinet\/decoraction&gt;kitchencabinet\/decoraction<\/td>\n<\/tr>\n<tr>\n<td> <strong> LieferungDetail<\/strong><\/td>\n<td> 15-30 Arbeitstage\/abh\u00e4ngig von der Menge und den Entw\u00fcrfen<\/td>\n<\/tr>\n<tr>\n<td> <strong> NewMolding<\/strong><\/td>\n<td> 3-10 Tage\/je nach Entwurf und Zeichnung<\/td>\n<\/tr>\n<tr>\n<td> <strong> Qualit\u00e4t<\/strong><\/td>\n<td> Die Qualit\u00e4t entspricht dem internationalen Standard.<\/td>\n<\/tr>\n<tr>\n<td> <strong> Gestaltung<\/strong><\/td>\n<td> OEM oderOD sind nicht verf\u00fcgbar, senden Sie uns bitte Ihre Zeichnung<\/td>\n<\/tr>\n<tr>\n<td> <strong> Merkmal<\/strong><\/td>\n<td>  Hohe Korrosionsbest\u00e4ndigkeit, Wetterbest\u00e4ndigkeit, Hitzebest\u00e4ndigkeit, Alkalibest\u00e4ndigkeit<\/td>\n<\/tr>\n<\/tbody>\n<\/table>\n<h2>Unsere Produktionsbasis<\/h2>\n<h3>Fabrik-Panorama<\/h3>\n<p><img decoding=\"async\" src=\"\/wp-content\/uploads\/factory-01.webp\"\/><\/p>\n<h3>Werkstatt zur Herstellung von Aluminiumstangen<\/h3>\n<p><img decoding=\"async\" src=\"\/wp-content\/uploads\/factory-02.webp\"\/><\/p>\n<\/p>\n<p><img decoding=\"async\" src=\"\/wp-content\/uploads\/factory-03.webp\"\/><\/p>\n<h3>Lagerhaus f\u00fcr Formen<\/h3>\n<p><img decoding=\"async\" src=\"\/wp-content\/uploads\/factory-04.webp\"\/><\/p>\n<h3>43 Aluminium-Strangpressanlagen (500-5500 Tonnen)<\/h3>\n<p><img decoding=\"async\" src=\"\/wp-content\/uploads\/factory-05.webp\"\/><\/p>\n<p><img decoding=\"async\" src=\"\/wp-content\/uploads\/factory-06.webp\"\/><\/p>\n<p><img decoding=\"async\" src=\"\/wp-content\/uploads\/factory-07.webp\"\/><\/p>\n<h3>Werkstatt f\u00fcr Pulverbeschichtung<\/h3>\n<p><img decoding=\"async\" src=\"\/wp-content\/uploads\/factory-09.webp\"\/><\/p>\n<h3>Eloxal-Werkstatt<\/h3>\n<p><img decoding=\"async\" src=\"\/wp-content\/uploads\/factory-10.webp\"\/><\/p>\n<h3>Workshop zur Tiefenverarbeitung<\/h3>\n<p><img decoding=\"async\" src=\"\/wp-content\/uploads\/factory-11.webp\"\/><\/p>\n<h3>CNC-Pr\u00e4zisionsbearbeitungswerkstatt<\/h3>\n<p><img decoding=\"async\" src=\"\/wp-content\/uploads\/factory-11.5.webp\"\/><\/p>\n<h3>Lager f\u00fcr Fertigprodukte und Export<\/h3>\n<p><img decoding=\"async\" src=\"\/wp-content\/uploads\/factory-12.webp\"\/><\/p>\n<p><img decoding=\"async\" src=\"\/wp-content\/uploads\/factory-13.webp\"\/><\/p>\n<p><img decoding=\"async\" src=\"\/wp-content\/uploads\/factory-14.webp\"\/><\/p>\n<h2>FAQ<\/h2>\n<p><b>1. was ist Aluminium Kabinett T\u00fcr Extrusion? <\/b><\/p>\n<p> Das Aluminium-Strangpressprofil f\u00fcr Schrankt\u00fcren ist ein stranggepresstes Aluminiumprofil, das f\u00fcr die Umrahmung von Schrankt\u00fcren verwendet wird und Haltbarkeit, \u00c4sthetik und Unterst\u00fctzung f\u00fcr Platteneins\u00e4tze bietet.\n<\/p>\n<p><\/p>\n<p><b>2. warum Aluminium-Strangpressprofile f\u00fcr Schrankt\u00fcren verwenden? <\/b><\/p>\n<p> Aluminium ist leicht, korrosionsbest\u00e4ndig und elegant und damit ein ideales Material f\u00fcr moderne und stark beanspruchte Schr\u00e4nke.\n<\/p>\n<p><\/p>\n<p><b>3. k\u00f6nnen die Profile der Aluminiumschr\u00e4nke angepasst werden? <\/b><\/p>\n<p> Ja, Aluminium-Schrankt\u00fcrprofile k\u00f6nnen in Form, Dicke, L\u00e4nge und Oberfl\u00e4chenbeschaffenheit auf die jeweiligen Designanforderungen zugeschnitten werden.\n<\/p>\n<p><\/p>\n<p><b>4. sind diese Profile f\u00fcr feuchte Umgebungen geeignet? <\/b><\/p>\n<p> Die korrosionsbest\u00e4ndigen Eigenschaften von Aluminium machen es perfekt f\u00fcr K\u00fcchen, B\u00e4der und Waschk\u00fcchen.\n<\/p>\n<p><\/p>\n<p><b>5. welche Oberfl\u00e4chen sind f\u00fcr Aluminium-Strangpressprofile erh\u00e4ltlich? <\/b><\/p>\n<p> G\u00e4ngige Oberfl\u00e4chen sind Eloxierung, Pulverbeschichtung, geb\u00fcrstet und Holzmaserung, die zu verschiedenen Dekorthemen passen.\n<\/p>\n<p><\/p>\n<p><b>6. sind Schrankprofile aus Aluminium einfach zu installieren? <\/b><\/p>\n<p> Ja, das leichte Design und die standardm\u00e4\u00dfigen Steckplatzkonfigurationen erm\u00f6glichen eine schnelle und problemlose Installation.\n<\/p>\n<p><\/p>\n<p><b>7. k\u00f6nnen Schrankprofile aus Aluminium Glas- oder Holzplatten aufnehmen? <\/b><\/p>\n<p> Ja, sie sind so konstruiert, dass sie Glas-, Holz- oder Verbundstoffeins\u00e4tze f\u00fcr individuelle T\u00fcrdesigns sicher aufnehmen k\u00f6nnen.\n<\/p>\n<p><\/p>\n<p><b>8. m\u00fcssen Aluminium-Strangpressprofile gewartet werden? <\/b><\/p>\n<p> Der Pflegeaufwand ist minimal - es gen\u00fcgt eine gelegentliche Reinigung, um die Oberfl\u00e4che und die Leistung \u00fcber die Zeit zu erhalten.\n<\/p>\n<p><\/p>","protected":false},"featured_media":7844,"template":"","categories":[67],"class_list":["post-7845","product","type-product","status-publish","has-post-thumbnail","hentry","category-architectural-aluminium-profile"],"meta_box":{"hilight_text_group":{"product_hilight_text":"<li>Durable aluminum construction offers long-lasting performance for cabinet doors.<\/li>\r\r\n<li>Lightweight profile reduces stress on hinges and simplifies installation.<\/li>\r\r\n<li>Corrosion-resistant surface ideal for kitchens, bathrooms, and humid areas.<\/li>\r\r\n<li>Modern and sleek design enhances aesthetic appeal in residential and commercial interiors.<\/li>\r\r\n<li>Customizable shapes, sizes, and finishes to match various cabinet styles.<\/li>\r\r\n<li>Compatible with glass, wood, and composite panel inserts for flexible design options.<\/li>","product_chanpin_blog":"<ul>\r\r\n<li><a href=\"https:\/\/sinoextrud.com\/t-slot-v-slot-differences\/\" target=\"_blank\">t slot vs v slot<\/a><\/li>\r\r\n<li><a href=\"https:\/\/sinoextrud.com\/what-is-4040-aluminium-extrud\/\" target=\"_blank\">4040 aluminium extrusion<\/a><\/li>\r\r\n<li><a href=\"https:\/\/sinoextrud.com\/what-is-4040-aluminium-extrud\/\" target=\"_blank\">aluminum extrusions for industrial racks<\/a><\/li>\r\r\n<li><a href=\"https:\/\/sinoextrud.com\/powder-coating-aluminium-process\/\" target=\"_blank\">powder coating aluminium<\/a><\/li>\r\r\n<li><a href=\"https:\/\/sinoextrud.com\/what-is-an-aluminium-strip-ceiling\/\" target=\"_blank\">aluminium strip ceiling<\/a><\/li>\r\r\n<li><a href=\"https:\/\/sinoextrud.com\/what-is-a-heat-sink\/\" target=\"_blank\">what is a heat sink<\/a><\/li>\r\r\n<\/ul>","product_chanpin_chanpin":"<li><a href=\"https:\/\/sinoextrud.com\/product\/aluminum-handrail-systems\/\" target=\"_blank\">Aluminum Handrail Systems<\/a><\/li>\r\n<li><a href=\"https:\/\/sinoextrud.com\/product\/curtain-aluminum-profile-extrusion-for-window\/\" target=\"_blank\">Curtain Aluminum Profile Extrusion For Window<\/a><\/li>\r\n<li><a href=\"https:\/\/sinoextrud.com\/product\/extrusion-of-aluminium-alloys-celing-aluminum-tube-wood-grain\/\" target=\"_blank\">Extrusion Of Aluminium Alloys Celing Aluminum Tube Wood Grain<\/a><\/li>\r\n<li><a href=\"https:\/\/sinoextrud.com\/product\/wardrobe-cabinet-sliding-aluminum-profile\/\" target=\"_blank\">Wardrobe Cabinet Sliding Aluminum Profile<\/a><\/li>\r\n<li><a href=\"https:\/\/sinoextrud.com\/product\/aluminum-cabinet-door-extrusion\/\" target=\"_blank\">Aluminum Cabinet Door Extrusion<\/a><\/li>\r\n<li><a href=\"https:\/\/sinoextrud.com\/product\/aluminum-structural-framing-system\/\" target=\"_blank\">Aluminum Structural Framing System<\/a><\/li>\r\n<li><a href=\"https:\/\/sinoextrud.com\/product\/standard-aluminum-shapes\/\" target=\"_blank\">Standard Aluminum Shapes<\/a><\/li>\r\n<li><a href=\"https:\/\/sinoextrud.com\/product\/aluminium-profiles-doors-windows-wood-imitation\/\" target=\"_blank\">Aluminium Profiles Doors Windows Wood Imitation<\/a><\/li>\r\n<li><a href=\"https:\/\/sinoextrud.com\/product\/extrusion-aluminum-handrails-profile-powder-coated-white\/\" target=\"_blank\">Extrusion Aluminum Handrails Profile Powder Coated White<\/a><\/li>\r\n<li><a href=\"https:\/\/sinoextrud.com\/product\/sliding-window-aluminum-window-track\/\" target=\"_blank\">Sliding Window Aluminum Window Track<\/a><\/li>\r\n<li><a href=\"https:\/\/sinoextrud.com\/product\/factory-offer-extrude-aluminium-track-profile\/\" target=\"_blank\">Factory Offer Extrude Aluminium Track Profile<\/a><\/li>"},"feature_list":[]},"_links":{"self":[{"href":"https:\/\/sinoextrud.com\/de\/wp-json\/wp\/v2\/product\/7845","targetHints":{"allow":["GET"]}}],"collection":[{"href":"https:\/\/sinoextrud.com\/de\/wp-json\/wp\/v2\/product"}],"about":[{"href":"https:\/\/sinoextrud.com\/de\/wp-json\/wp\/v2\/types\/product"}],"wp:featuredmedia":[{"embeddable":true,"href":"https:\/\/sinoextrud.com\/de\/wp-json\/wp\/v2\/media\/7844"}],"wp:attachment":[{"href":"https:\/\/sinoextrud.com\/de\/wp-json\/wp\/v2\/media?parent=7845"}],"wp:term":[{"taxonomy":"category","embeddable":true,"href":"https:\/\/sinoextrud.com\/de\/wp-json\/wp\/v2\/categories?post=7845"}],"curies":[{"name":"wp","href":"https:\/\/api.w.org\/{rel}","templated":true}]}}