{"id":7841,"date":"2025-06-11T02:37:54","date_gmt":"2025-06-11T02:37:54","guid":{"rendered":"https:\/\/sinoextrud.com\/product\/extrusion-of-aluminium-alloys-celing-aluminum-tube-wood-grain\/"},"modified":"2025-06-24T06:13:47","modified_gmt":"2025-06-24T06:13:47","slug":"strangpressen-von-aluminiumlegierungen-verkleidung-von-aluminiumrohren-holzmaserung","status":"publish","type":"product","link":"https:\/\/sinoextrud.com\/de\/product\/extrusion-of-aluminium-alloys-celing-aluminum-tube-wood-grain\/","title":{"rendered":"Strangpressen von Aluminium-Legierungen Celing Aluminiumrohr Holzmaserung"},"content":{"rendered":"<h2>Produkte Details<\/h2>\n<table class=\"custom-table\">\n<tbody>\n<tr>\n<td> Name des Produkts<\/td>\n<td> Strangpressen von Aluminiumlegierungen Verkleidung von Aluminiumrohren Holzmaserung<\/td>\n<\/tr>\n<tr>\n<td> Aluminiumlegierung<\/td>\n<td> 6063-T5, oder kundenspezifische Anpassung<\/td>\n<\/tr>\n<tr>\n<td> Behandlung der Oberfl\u00e4che<\/td>\n<td> Holzmaserung, oder Anpassung<\/td>\n<\/tr>\n<tr>\n<td> Farbe<\/td>\n<td> Pulverbeschichtung oder kundenspezifische Anpassung<\/td>\n<\/tr>\n<tr>\n<td> Gr\u00f6\u00dfe<\/td>\n<td> 1-9m, oder individuelle Anpassung<\/td>\n<\/tr>\n<tr>\n<td> Anmeldung<\/td>\n<td> Strangpressaluminium f\u00fcr Dekoration, Decken, abgeh\u00e4ngte Decken, Architektur, Fertigung usw.<\/td>\n<\/tr>\n<tr>\n<td> Marke<\/td>\n<td> Sinoextrud \/ Sinoextrud \/ Sinoextrud Aluminium<\/td>\n<\/tr>\n<tr>\n<td> Herkunft<\/td>\n<td> Foshan, China<\/td>\n<\/tr>\n<\/tbody>\n<\/table>\n<h2>Unsere Produktionsbasis<\/h2>\n<h3>Fabrik-Panorama<\/h3>\n<p><img decoding=\"async\" src=\"\/wp-content\/uploads\/factory-01.webp\"\/><\/p>\n<h3>Werkstatt zur Herstellung von Aluminiumstangen<\/h3>\n<p><img decoding=\"async\" src=\"\/wp-content\/uploads\/factory-02.webp\"\/><\/p>\n<p><img decoding=\"async\" src=\"\/wp-content\/uploads\/factory-03.webp\"\/><\/p>\n<h3>Lagerhaus f\u00fcr Formen<\/h3>\n<p><img decoding=\"async\" src=\"\/wp-content\/uploads\/factory-04.webp\"\/><\/p>\n<h3>43 Aluminium-Strangpressanlagen (500\u00e2\u20ac\"5500 Tonnen)<\/h3>\n<p><img decoding=\"async\" src=\"\/wp-content\/uploads\/factory-05.webp\"\/><\/p>\n<p><img decoding=\"async\" src=\"\/wp-content\/uploads\/factory-06.webp\"\/><\/p>\n<p><img decoding=\"async\" src=\"\/wp-content\/uploads\/factory-07.webp\"\/><\/p>\n<h3>Werkstatt f\u00fcr Pulverbeschichtung<\/h3>\n<p><img decoding=\"async\" src=\"\/wp-content\/uploads\/factory-09.webp\"\/><\/p>\n<h3>Eloxal-Werkstatt<\/h3>\n<p><img decoding=\"async\" src=\"\/wp-content\/uploads\/factory-10.webp\"\/><\/p>\n<h3>Workshop zur Tiefenverarbeitung<\/h3>\n<p><img decoding=\"async\" src=\"\/wp-content\/uploads\/factory-11.webp\"\/><\/p>\n<h3>CNC-Pr\u00e4zisionsbearbeitungswerkstatt<\/h3>\n<p><img decoding=\"async\" src=\"\/wp-content\/uploads\/factory-11.5.webp\"\/><\/p>\n<h3>Lager f\u00fcr Fertigprodukte und Export<\/h3>\n<p><img decoding=\"async\" src=\"\/wp-content\/uploads\/factory-12.webp\"\/><\/p>\n<p><img decoding=\"async\" src=\"\/wp-content\/uploads\/factory-13.webp\"\/><\/p>\n<p><img decoding=\"async\" src=\"\/wp-content\/uploads\/factory-14.webp\"\/><\/p>\n<h2>FAQ<\/h2>\n<p><p><b>1. was ist die Extrusion von Aluminium-Legierungen Decke Aluminiumrohr Holzmaserung? <\/b><\/p>\n<p> Es handelt sich um ein dekoratives Deckenrohr aus einer stranggepressten Aluminiumlegierung mit einer Holzmaserung, die nat\u00fcrliches Holz imitiert und gleichzeitig eine hohe Metallbest\u00e4ndigkeit bietet.<br \/>\n<\/p><br \/>\n<br \/>\n<p><b>2. warum Aluminiumrohre mit Holzmaserung f\u00fcr Decken verwenden? <\/b><\/p>\n<p> Sie bieten die optische W\u00e4rme von Holz mit der Feuerbest\u00e4ndigkeit, Haltbarkeit und dem geringen Wartungsaufwand von Aluminium.<br \/>\n<\/p><br \/>\n<br \/>\n<p><b>3. ist die Holzmaserung dauerhaft? <\/b><\/p>\n<p> Ja, die Oberfl\u00e4che wird mit fortschrittlichen Sublimations- oder Pulverbeschichtungstechnologien behandelt, um Ausbleichbest\u00e4ndigkeit und langfristige \u00c4sthetik zu gew\u00e4hrleisten.<br \/>\n<\/p><br \/>\n<br \/>\n<p><b>4. kann dieses Aluminiumrohr in feuchten Umgebungen verwendet werden? <\/b><\/p>\n<p> Dank des korrosionsbest\u00e4ndigen Aluminiums und der Schutzbeschichtung eignet er sich hervorragend f\u00fcr K\u00fcchen, B\u00e4der und \u00fcberdachte Au\u00dfenbereiche.<br \/>\n<\/p><br \/>\n<br \/>\n<p><b>5. ist es einfach zu installieren? <\/b><\/p>\n<p> Ja, das leichte Design und die hohle Struktur vereinfachen die Handhabung und die Deckenmontage mit Standard-Montagesystemen.<br \/>\n<\/p><br \/>\n<br \/>\n<p><b>6. sind verschiedene Holzmaserungen erh\u00e4ltlich? <\/b><\/p>\n<p> Ja, eine Vielzahl von Holzt\u00f6nen und -texturen kann an architektonische und innenarchitektonische Themen angepasst werden.<br \/>\n<\/p><br \/>\n<br \/>\n<p><b>7. ist dieses Produkt umweltfreundlich? <\/b><\/p>\n<p> Ja, Aluminium ist 100% recycelbar, und die Holzmaserung macht die Abholzung von W\u00e4ldern \u00fcberfl\u00fcssig, was es zu einer nachhaltigen Wahl macht.<br \/>\n<\/p><br \/>\n<br \/>\n<p><b>Entspricht es den Brandschutznormen? <\/b><\/p>\n<p> Ja, Aluminium ist von Natur aus feuerbest\u00e4ndig und damit eine sichere L\u00f6sung f\u00fcr Wohn-, Gewerbe- und \u00f6ffentliche Decken.<br \/>\n<\/p><br \/><\/p>","protected":false},"featured_media":7840,"template":"","categories":[67],"class_list":["post-7841","product","type-product","status-publish","has-post-thumbnail","hentry","category-architectural-aluminium-profile"],"meta_box":{"hilight_text_group":{"product_hilight_text":"<li>Combines the durability of aluminum with the aesthetic appeal of wood grain finish.<\/li>\r\r\n<li>Lightweight aluminum tube structure reduces ceiling load and simplifies installation.<\/li>\r\r\n<li>Corrosion-resistant surface ideal for humid or high-traffic environments.<\/li>\r\r\n<li>Customizable lengths, diameters, and wood grain patterns to suit design needs.<\/li>\r\r\n<li>Low maintenance and fade-resistant surface finish ensures long-term appearance.<\/li>\r\r\n<li>Environmentally friendly material that is 100% recyclable and fire-resistant.<\/li>","product_chanpin_blog":"<ul>\r\r\n<li><a href=\"https:\/\/sinoextrud.com\/t-slot-v-slot-differences\/\" target=\"_blank\">t slot vs v slot<\/a><\/li>\r\r\n<li><a href=\"https:\/\/sinoextrud.com\/what-is-4040-aluminium-extrud\/\" target=\"_blank\">4040 aluminium extrusion<\/a><\/li>\r\r\n<li><a href=\"https:\/\/sinoextrud.com\/what-is-4040-aluminium-extrud\/\" target=\"_blank\">aluminum extrusions for industrial racks<\/a><\/li>\r\r\n<li><a href=\"https:\/\/sinoextrud.com\/powder-coating-aluminium-process\/\" target=\"_blank\">powder coating aluminium<\/a><\/li>\r\r\n<li><a href=\"https:\/\/sinoextrud.com\/what-is-an-aluminium-strip-ceiling\/\" target=\"_blank\">aluminium strip ceiling<\/a><\/li>\r\r\n<li><a href=\"https:\/\/sinoextrud.com\/what-is-a-heat-sink\/\" target=\"_blank\">what is a heat sink<\/a><\/li>\r\r\n<\/ul>","product_chanpin_chanpin":"<li><a href=\"https:\/\/sinoextrud.com\/product\/aluminum-door-jamb-extrusion\/\" target=\"_blank\">Aluminum Door Jamb Extrusion<\/a><\/li>\r\n<li><a href=\"https:\/\/sinoextrud.com\/product\/sandblasted-aluminum-finish-profile\/\" target=\"_blank\">Sandblasted Aluminum Finish Profile<\/a><\/li>\r\n<li><a href=\"https:\/\/sinoextrud.com\/product\/aluminum-handrail-systems\/\" target=\"_blank\">Aluminum Handrail Systems<\/a><\/li>\r\n<li><a href=\"https:\/\/sinoextrud.com\/product\/curtain-aluminum-profile-extrusion-for-window\/\" target=\"_blank\">Curtain Aluminum Profile Extrusion For Window<\/a><\/li>\r\n<li><a href=\"https:\/\/sinoextrud.com\/product\/extrusion-of-aluminium-alloys-celing-aluminum-tube-wood-grain\/\" target=\"_blank\">Extrusion Of Aluminium Alloys Celing Aluminum Tube Wood Grain<\/a><\/li>\r\n<li><a href=\"https:\/\/sinoextrud.com\/product\/wardrobe-cabinet-sliding-aluminum-profile\/\" target=\"_blank\">Wardrobe Cabinet Sliding Aluminum Profile<\/a><\/li>\r\n<li><a href=\"https:\/\/sinoextrud.com\/product\/aluminum-cabinet-door-extrusion\/\" target=\"_blank\">Aluminum Cabinet Door Extrusion<\/a><\/li>\r\n<li><a href=\"https:\/\/sinoextrud.com\/product\/aluminum-structural-framing-system\/\" target=\"_blank\">Aluminum Structural Framing System<\/a><\/li>\r\n<li><a href=\"https:\/\/sinoextrud.com\/product\/standard-aluminum-shapes\/\" target=\"_blank\">Standard Aluminum Shapes<\/a><\/li>\r\n<li><a href=\"https:\/\/sinoextrud.com\/product\/customized-powder-coated-tube-decorative-anodized-aluminum-louver-fence-panel-for-modern-garden\/\" target=\"_blank\">Customized Powder Coated Tube Decorative Anodized Aluminum Louver Fence Panel For Modern Garden<\/a><\/li>\r\n<li><a href=\"https:\/\/sinoextrud.com\/product\/aluminum-cladding-system\/\" target=\"_blank\">Aluminum Cladding System<\/a><\/li>"},"feature_list":[]},"_links":{"self":[{"href":"https:\/\/sinoextrud.com\/de\/wp-json\/wp\/v2\/product\/7841","targetHints":{"allow":["GET"]}}],"collection":[{"href":"https:\/\/sinoextrud.com\/de\/wp-json\/wp\/v2\/product"}],"about":[{"href":"https:\/\/sinoextrud.com\/de\/wp-json\/wp\/v2\/types\/product"}],"wp:featuredmedia":[{"embeddable":true,"href":"https:\/\/sinoextrud.com\/de\/wp-json\/wp\/v2\/media\/7840"}],"wp:attachment":[{"href":"https:\/\/sinoextrud.com\/de\/wp-json\/wp\/v2\/media?parent=7841"}],"wp:term":[{"taxonomy":"category","embeddable":true,"href":"https:\/\/sinoextrud.com\/de\/wp-json\/wp\/v2\/categories?post=7841"}],"curies":[{"name":"wp","href":"https:\/\/api.w.org\/{rel}","templated":true}]}}