{"id":7835,"date":"2025-06-11T02:32:57","date_gmt":"2025-06-11T02:32:57","guid":{"rendered":"https:\/\/sinoextrud.com\/product\/sandblasted-aluminum-finish-profile\/"},"modified":"2025-06-24T06:13:46","modified_gmt":"2025-06-24T06:13:46","slug":"sandgestrahltes-aluminium-finish-profil","status":"publish","type":"product","link":"https:\/\/sinoextrud.com\/de\/product\/sandblasted-aluminum-finish-profile\/","title":{"rendered":"Sandgestrahltes Aluminium-Finish Profil"},"content":{"rendered":"<h2>Produkte Details<\/h2>\n<table class=\"custom-table\">\n<tbody>\n<tr>\n<td> Artikel:<\/td>\n<td> Sandgestrahltes Aluminium-Finish Profil<\/td>\n<\/tr>\n<tr>\n<td> Die Form:<\/td>\n<td> Wir k\u00f6nnen nach Ihren Entw\u00fcrfen extrudieren<\/td>\n<\/tr>\n<tr>\n<td> Temperament:<\/td>\n<td> T3-T8<\/td>\n<\/tr>\n<tr>\n<td> Legierung:<\/td>\n<td> Legierung<\/td>\n<\/tr>\n<tr>\n<td> Legierungsbestandteil:<\/td>\n<td> 6063<\/td>\n<\/tr>\n<tr>\n<td> Oberfl\u00e4chenbehandlung:<\/td>\n<td> Feinstbearbeitung, Eloxierung, Pulverbeschichtung, Elektrophorese, Sandstrahlen usw.<\/td>\n<\/tr>\n<tr>\n<td> Material:<\/td>\n<td> Aluminium-Legierung Serie 6000<\/td>\n<\/tr>\n<tr>\n<td> L\u00e4nge:<\/td>\n<td> 1m-9m<\/td>\n<\/tr>\n<tr>\n<td> Lieferzeiten:<\/td>\n<td> 20-25 Tage<\/td>\n<\/tr>\n<tr>\n<td> Farbe:<\/td>\n<td> Splitter, Wei\u00df, Schwarz, Champagner, Braun<\/td>\n<\/tr>\n<tr>\n<td> Transport-Paket:<\/td>\n<td> Fabrik: Standard-Export-Verpackung<\/td>\n<\/tr>\n<tr>\n<td> Herkunft:<\/td>\n<td> China<\/td>\n<\/tr>\n<tr>\n<td> Art:<\/td>\n<td> Fenster- und T\u00fcrprofile aus Aluminium, Aluminium-Dekorprofile, Aluminium-K\u00fchlk\u00f6rperprofile, Aluminium-Glaswandprofile, Aluminium-Transportprofile, M\u00f6bel<\/td>\n<\/tr>\n<tr>\n<td> Note:<\/td>\n<td> Serie 6000<\/td>\n<\/tr>\n<tr>\n<td> Gr\u00f6\u00dfe:<\/td>\n<td> Kundenspezifisch<\/td>\n<\/tr>\n<tr>\n<td> Oberfl\u00e4che:<\/td>\n<td> Kundenspezifisch<\/td>\n<\/tr>\n<tr>\n<td> Verhandlungsauftrag:<\/td>\n<td> Angenommen<\/td>\n<\/tr>\n<tr>\n<td> Warenzeichen:<\/td>\n<td> OEM<\/td>\n<\/tr>\n<tr>\n<td> Spezifikation:<\/td>\n<td> SGS<\/td>\n<\/tr>\n<tr>\n<td> Erh\u00e4ltlich in Farbe:<\/td>\n<td> Silber, Champagner und so weiter, abh\u00e4ngig von Ihrer Nachfrage<\/td>\n<\/tr>\n<tr>\n<td> Einzelheiten zur Verpackung:<\/td>\n<td> Schrumpffolie, wie von Ihnen gew\u00fcnscht<\/td>\n<\/tr>\n<tr>\n<td> Muster:<\/td>\n<td> 10-15 Tage nach Erhalt der Formgeb\u00fchr8. Lieferung: 25 Tage nach Ablagerung<\/td>\n<\/tr>\n<tr>\n<td> Produktionskapazit\u00e4t:<\/td>\n<td> 15.000MT\/Monat<\/td>\n<\/tr>\n<tr>\n<td> MOQ:<\/td>\n<td> 200KGs<\/td>\n<\/tr>\n<tr>\n<td> Zahlungsbedingungen:<\/td>\n<td> T\/T<\/td>\n<\/tr>\n<tr>\n<td> Hafen:<\/td>\n<td> Foshan, Guangzhou, Shenzhen<\/td>\n<\/tr>\n<\/tbody>\n<\/table>\n<h2>Unsere Produktionsbasis<\/h2>\n<h3>Fabrik-Panorama<\/h3>\n<p><img decoding=\"async\" src=\"\/wp-content\/uploads\/factory-01.webp\"\/><\/p>\n<h3>Werkstatt zur Herstellung von Aluminiumstangen<\/h3>\n<p><img decoding=\"async\" src=\"\/wp-content\/uploads\/factory-02.webp\"\/><\/p>\n<\/p>\n<p><img decoding=\"async\" src=\"\/wp-content\/uploads\/factory-03.webp\"\/><\/p>\n<h3>Lagerhaus f\u00fcr Formen<\/h3>\n<p><img decoding=\"async\" src=\"\/wp-content\/uploads\/factory-04.webp\"\/><\/p>\n<h3>43 Aluminium-Strangpressanlagen (500-5500 Tonnen)<\/h3>\n<p><img decoding=\"async\" src=\"\/wp-content\/uploads\/factory-05.webp\"\/><\/p>\n<p><img decoding=\"async\" src=\"\/wp-content\/uploads\/factory-06.webp\"\/><\/p>\n<p><img decoding=\"async\" src=\"\/wp-content\/uploads\/factory-07.webp\"\/><\/p>\n<h3>Werkstatt f\u00fcr Pulverbeschichtung<\/h3>\n<p><img decoding=\"async\" src=\"\/wp-content\/uploads\/factory-09.webp\"\/><\/p>\n<h3>Eloxal-Werkstatt<\/h3>\n<p><img decoding=\"async\" src=\"\/wp-content\/uploads\/factory-10.webp\"\/><\/p>\n<h3>Workshop zur Tiefenverarbeitung<\/h3>\n<p><img decoding=\"async\" src=\"\/wp-content\/uploads\/factory-11.webp\"\/><\/p>\n<h3>CNC-Pr\u00e4zisionsbearbeitungswerkstatt<\/h3>\n<p><img decoding=\"async\" src=\"\/wp-content\/uploads\/factory-11.5.webp\"\/><\/p>\n<h3>Lager f\u00fcr Fertigprodukte und Export<\/h3>\n<p><img decoding=\"async\" src=\"\/wp-content\/uploads\/factory-12.webp\"\/><\/p>\n<p><img decoding=\"async\" src=\"\/wp-content\/uploads\/factory-13.webp\"\/><\/p>\n<p><img decoding=\"async\" src=\"\/wp-content\/uploads\/factory-14.webp\"\/><\/p>\n<h2>FAQ<\/h2>\n<p><b>1. was ist ein sandgestrahltes Aluminium-Finish-Profil?<\/b><\/p>\n<p>Es handelt sich um ein Aluminium-Strangpressprofil, das durch Sandstrahlen eine matte, strukturierte Oberfl\u00e4che erh\u00e4lt, um \u00c4sthetik und Oberfl\u00e4chenleistung zu verbessern.\n<\/p>\n<p><\/p>\n<p><b>2. warum sandgestrahlte Aluminiumprofile w\u00e4hlen?<\/b><\/p>\n<p>Sandgestrahltes Aluminium bietet ein schlankes, modernes Aussehen mit erh\u00f6hter Griffigkeit, Kratzfestigkeit und geringerer Blendwirkung oder Sichtbarkeit von Fingerabdr\u00fccken.\n<\/p>\n<p><\/p>\n<p><b>3. k\u00f6nnen sandgestrahlte Aluminiumprofile individuell angepasst werden?<\/b><\/p>\n<p>Ja, sie k\u00f6nnen in Bezug auf Abmessungen, Querschnittsform und Legierungstyp ma\u00dfgeschneidert werden, wobei das Sandstrahlverfahren vor oder nach der weiteren Bearbeitung angewendet wird.\n<\/p>\n<p><\/p>\n<p><b>4. was sind die \u00fcblichen Anwendungen f\u00fcr sandgestrahlte Aluminiumprofile?<\/b><\/p>\n<p>Sie werden in der Architektur, in M\u00f6beln, in der Elektronik, in dekorativen Verkleidungen, in der Beschilderung und in hochwertigen Produktgeh\u00e4usen eingesetzt.\n<\/p>\n<p><\/p>\n<p><b>Ist die sandgestrahlte Oberfl\u00e4che mit der Eloxierung kompatibel?<\/b><\/p>\n<p>Auf jeden Fall wird vor dem Eloxieren h\u00e4ufig sandgestrahlt, um die Farbaufnahme zu verbessern und ein einheitliches, mattes Aussehen zu erzielen.\n<\/p>\n<p><\/p>\n<p><b>6 Beeintr\u00e4chtigt das Sandstrahlen die Korrosionsbest\u00e4ndigkeit?<\/b><\/p>\n<p>Nein, in Verbindung mit einer Eloxierung oder Pulverbeschichtung bietet sandgestrahltes Aluminium eine hervorragende Korrosionsbest\u00e4ndigkeit f\u00fcr den Au\u00dfenbereich und feuchte Umgebungen.\n<\/p>\n<p><\/p>\n<p><b>7. sind sandgestrahlte Aluminiumprofile f\u00fcr hochwertige Designprojekte geeignet?<\/b><\/p>\n<p>Ja, die glatte, matte Textur und die anpassbare Oberfl\u00e4che machen sie perfekt f\u00fcr hochwertige Anwendungen in der Architektur, Unterhaltungselektronik und Innenarchitektur.\n<\/p>\n<p><\/p>","protected":false},"featured_media":7834,"template":"","categories":[67],"class_list":["post-7835","product","type-product","status-publish","has-post-thumbnail","hentry","category-architectural-aluminium-profile"],"meta_box":{"hilight_text_group":{"product_hilight_text":"<li>Sandblasted finish creates a refined, matte texture with anti-fingerprint properties<\/li>\r\r\n<li>High-strength aluminum ensures long-term structural reliability<\/li>\r\r\n<li>Corrosion-resistant surface ideal for indoor and outdoor applications<\/li>\r\r\n<li>Customizable in size, shape, and alloy to suit specific design needs<\/li>\r\r\n<li>Enhances visual appeal for decorative, architectural, and industrial use<\/li>\r\r\n<li>Compatible with anodizing and other post-processing treatments<\/li>","product_chanpin_blog":"<ul>\r\r\n<li><a href=\"https:\/\/sinoextrud.com\/t-slot-v-slot-differences\/\" target=\"_blank\">t slot vs v slot<\/a><\/li>\r\r\n<li><a href=\"https:\/\/sinoextrud.com\/what-is-4040-aluminium-extrud\/\" target=\"_blank\">4040 aluminium extrusion<\/a><\/li>\r\r\n<li><a href=\"https:\/\/sinoextrud.com\/what-is-4040-aluminium-extrud\/\" target=\"_blank\">aluminum extrusions for industrial racks<\/a><\/li>\r\r\n<li><a href=\"https:\/\/sinoextrud.com\/powder-coating-aluminium-process\/\" target=\"_blank\">powder coating aluminium<\/a><\/li>\r\r\n<li><a href=\"https:\/\/sinoextrud.com\/what-is-an-aluminium-strip-ceiling\/\" target=\"_blank\">aluminium strip ceiling<\/a><\/li>\r\r\n<li><a href=\"https:\/\/sinoextrud.com\/what-is-a-heat-sink\/\" target=\"_blank\">what is a heat sink<\/a><\/li>\r\r\n<\/ul>","product_chanpin_chanpin":"<li><a href=\"https:\/\/sinoextrud.com\/product\/80-x-80-aluminum-extrusion\/\" target=\"_blank\">80 X 80 Aluminum Extrusion<\/a><\/li>\r\n<li><a href=\"https:\/\/sinoextrud.com\/product\/aluminum-profile-price-of-aluminium-partition-wall-studs-aluminum-manufacturer\/\" target=\"_blank\">aluminum profile price of aluminium partition wall studs aluminum manufacturer<\/a><\/li>\r\n<li><a href=\"https:\/\/sinoextrud.com\/product\/extrusions-aluminum-structural-framing-kitchen-cabinet-doors-oem-anodized-champagne-selling-in-pakistan\/\" target=\"_blank\">extrusions aluminum structural framing kitchen cabinet doors OEM Anodized champagne selling in pakistan<\/a><\/li>\r\n<li><a href=\"https:\/\/sinoextrud.com\/product\/aluminum-door-jamb-extrusion\/\" target=\"_blank\">Aluminum Door Jamb Extrusion<\/a><\/li>\r\n<li><a href=\"https:\/\/sinoextrud.com\/product\/sandblasted-aluminum-finish-profile\/\" target=\"_blank\">Sandblasted Aluminum Finish Profile<\/a><\/li>\r\n<li><a href=\"https:\/\/sinoextrud.com\/product\/aluminum-handrail-systems\/\" target=\"_blank\">Aluminum Handrail Systems<\/a><\/li>\r\n<li><a href=\"https:\/\/sinoextrud.com\/product\/curtain-aluminum-profile-extrusion-for-window\/\" target=\"_blank\">Curtain Aluminum Profile Extrusion For Window<\/a><\/li>\r\n<li><a href=\"https:\/\/sinoextrud.com\/product\/extrusion-of-aluminium-alloys-celing-aluminum-tube-wood-grain\/\" target=\"_blank\">Extrusion Of Aluminium Alloys Celing Aluminum Tube Wood Grain<\/a><\/li>\r\n<li><a href=\"https:\/\/sinoextrud.com\/product\/wardrobe-cabinet-sliding-aluminum-profile\/\" target=\"_blank\">Wardrobe Cabinet Sliding Aluminum Profile<\/a><\/li>\r\n<li><a href=\"https:\/\/sinoextrud.com\/product\/aluminum-sliding-door-frames-extrusion-profile-with-custom-shape-alloy-6063-for-furnitures-decoration\/\" target=\"_blank\">Aluminum Sliding Door Frames Extrusion Profile With Custom Shape Alloy 6063 For Furnitures Decoration<\/a><\/li>\r\n<li><a href=\"https:\/\/sinoextrud.com\/product\/aluminium-t-track-extrusions\/\" target=\"_blank\">Aluminium T Track Extrusions<\/a><\/li>"},"feature_list":[]},"_links":{"self":[{"href":"https:\/\/sinoextrud.com\/de\/wp-json\/wp\/v2\/product\/7835","targetHints":{"allow":["GET"]}}],"collection":[{"href":"https:\/\/sinoextrud.com\/de\/wp-json\/wp\/v2\/product"}],"about":[{"href":"https:\/\/sinoextrud.com\/de\/wp-json\/wp\/v2\/types\/product"}],"wp:featuredmedia":[{"embeddable":true,"href":"https:\/\/sinoextrud.com\/de\/wp-json\/wp\/v2\/media\/7834"}],"wp:attachment":[{"href":"https:\/\/sinoextrud.com\/de\/wp-json\/wp\/v2\/media?parent=7835"}],"wp:term":[{"taxonomy":"category","embeddable":true,"href":"https:\/\/sinoextrud.com\/de\/wp-json\/wp\/v2\/categories?post=7835"}],"curies":[{"name":"wp","href":"https:\/\/api.w.org\/{rel}","templated":true}]}}