{"id":7800,"date":"2025-06-10T07:51:06","date_gmt":"2025-06-10T07:51:06","guid":{"rendered":"https:\/\/sinoextrud.com\/product\/l-shaped-aluminium-profile\/"},"modified":"2025-06-24T06:13:44","modified_gmt":"2025-06-24T06:13:44","slug":"l-formiges-aluminiumprofil","status":"publish","type":"product","link":"https:\/\/sinoextrud.com\/de\/product\/l-shaped-aluminium-profile\/","title":{"rendered":"L-f\u00f6rmiges Aluminiumprofil"},"content":{"rendered":"<h2>Produkte Details<\/h2>\n<table class=\"custom-table\">\n<tbody>\n<tr>\n<td> Produktname<\/td>\n<td> L-f\u00f6rmiges Aluminiumprofil<\/td>\n<\/tr>\n<tr>\n<td> Material<\/td>\n<td> 6063,6061,6082,6463 usw.<\/td>\n<\/tr>\n<tr>\n<td> Temperament<\/td>\n<td> T3-T8<\/td>\n<\/tr>\n<tr>\n<td> Form<\/td>\n<td> L-Form<\/td>\n<\/tr>\n<tr>\n<td> Dicke<\/td>\n<td> 0,7mm-10mm, andere St\u00e4rken verhandelbar<\/td>\n<\/tr>\n<tr>\n<td> Farbe<\/td>\n<td> Wie angepasst<\/td>\n<\/tr>\n<tr>\n<td> L\u00e4nge<\/td>\n<td> 1-9M oder andere kundenspezifische L\u00e4ngen<\/td>\n<\/tr>\n<tr>\n<td> Typische Anwendungen<\/td>\n<td> M\u00f6bel, Konstruktion oder Dekoration<\/td>\n<\/tr>\n<tr>\n<td> Markenzeichen<\/td>\n<td> Sinoextrud oder OEM<\/td>\n<\/tr>\n<tr>\n<td> Tiefgreifender Prozess<\/td>\n<td> Unterst\u00fctzt CNC-Fr\u00e4sen, Stanzen, Bohren, Gewindeschneiden, Biegen<\/td>\n<\/tr>\n<tr>\n<td> MOQ<\/td>\n<td>200KG<\/td>\n<\/tr>\n<tr>\n<td> Oberfl\u00e4che fertig<\/td>\n<td> Gefr\u00e4st, Holzmaserung, eloxiert, Pulverbeschichtung, Elektrophorese, PVDF-Beschichtung, geb\u00fcrstet usw.<\/td>\n<\/tr>\n<tr>\n<td> Zertifizierungen<\/td>\n<td> ISO9001, ISO4001, CQM, SGS, CE, BV usw.<\/td>\n<\/tr>\n<tr>\n<td> Herkunft<\/td>\n<td> Guangdong, China<\/td>\n<\/tr>\n<\/tbody>\n<\/table>\n<h2>Unsere Produktionsbasis<\/h2>\n<h3>Fabrik-Panorama<\/h3>\n<p><img decoding=\"async\" src=\"\/wp-content\/uploads\/factory-01.webp\"\/><\/p>\n<h3>Werkstatt zur Herstellung von Aluminiumstangen<\/h3>\n<p><img decoding=\"async\" src=\"\/wp-content\/uploads\/factory-02.webp\"\/><\/p>\n<\/p>\n<p><img decoding=\"async\" src=\"\/wp-content\/uploads\/factory-03.webp\"\/><\/p>\n<h3>Lagerhaus f\u00fcr Formen<\/h3>\n<p><img decoding=\"async\" src=\"\/wp-content\/uploads\/factory-04.webp\"\/><\/p>\n<h3>43 Aluminium-Strangpressanlagen (500\u00e2\u20ac\"5500 Tonnen)<\/h3>\n<p><img decoding=\"async\" src=\"\/wp-content\/uploads\/factory-05.webp\"\/><\/p>\n<p><img decoding=\"async\" src=\"\/wp-content\/uploads\/factory-06.webp\"\/><\/p>\n<p><img decoding=\"async\" src=\"\/wp-content\/uploads\/factory-07.webp\"\/><\/p>\n<h3>Werkstatt f\u00fcr Pulverbeschichtung<\/h3>\n<p><img decoding=\"async\" src=\"\/wp-content\/uploads\/factory-09.webp\"\/><\/p>\n<h3>Eloxal-Werkstatt<\/h3>\n<p><img decoding=\"async\" src=\"\/wp-content\/uploads\/factory-10.webp\"\/><\/p>\n<h3>Workshop zur Tiefenverarbeitung<\/h3>\n<p><img decoding=\"async\" src=\"\/wp-content\/uploads\/factory-11.webp\"\/><\/p>\n<h3>CNC-Pr\u00e4zisionsbearbeitungswerkstatt<\/h3>\n<p><img decoding=\"async\" src=\"\/wp-content\/uploads\/factory-11.5.webp\"\/><\/p>\n<h3>Lager f\u00fcr Fertigprodukte und Export<\/h3>\n<p><img decoding=\"async\" src=\"\/wp-content\/uploads\/factory-12.webp\"\/><\/p>\n<p><img decoding=\"async\" src=\"\/wp-content\/uploads\/factory-13.webp\"\/><\/p>\n<p><img decoding=\"async\" src=\"\/wp-content\/uploads\/factory-14.webp\"\/><\/p>\n<h2>FAQ<\/h2>\n<p><b>1. was ist ein L-f\u00f6rmiges Aluminiumprofil? <\/b><\/p>\n<p> Ein L-f\u00f6rmiges Aluminiumprofil ist ein rechtwinkliges Aluminiumstrangpressprofil, das h\u00e4ufig f\u00fcr Rahmen, Eckschutz und strukturelle Verst\u00e4rkung verwendet wird.\n<\/p>\n<p><\/p>\n<p><b>2. was sind die Vorteile der Verwendung von L-f\u00f6rmigen Aluminiumprofilen? <\/b><\/p>\n<p> Sie bieten eine hohe Festigkeit, Korrosionsbest\u00e4ndigkeit und eine einfache Anpassung, so dass sie f\u00fcr eine Vielzahl von Anwendungen geeignet sind.\n<\/p>\n<p><\/p>\n<p><b>3) K\u00f6nnen L-f\u00f6rmige Profile im Freien verwendet werden? <\/b><\/p>\n<p> Ja, mit eloxierten oder beschichteten Oberfl\u00e4chen sind die L-f\u00f6rmigen Aluminiumprofile witterungsbest\u00e4ndig und f\u00fcr den Au\u00dfenbereich geeignet.\n<\/p>\n<p><\/p>\n<p><b>Sind diese Profile einfach zu handhaben? <\/b><\/p>\n<p> Auf jeden Fall ist Aluminium leicht und l\u00e4sst sich f\u00fcr individuelle Installationen leicht schneiden, bohren oder maschinell bearbeiten.\n<\/p>\n<p><\/p>\n<p><b>5) Welche Gr\u00f6\u00dfen sind f\u00fcr L-f\u00f6rmige Profile erh\u00e4ltlich? <\/b><\/p>\n<p> L-f\u00f6rmige Profile gibt es in verschiedenen Schenkell\u00e4ngen, Dicken und Ausf\u00fchrungen, um unterschiedlichen strukturellen und dekorativen Anforderungen gerecht zu werden.\n<\/p>\n<p><\/p>\n<p><b>6. welche Branchen verwenden L-f\u00f6rmige Aluminiumprofile? <\/b><\/p>\n<p> Sie werden h\u00e4ufig im Baugewerbe, in der M\u00f6belindustrie, bei der Beschilderung, bei Heimwerkerprojekten und im Maschinenbau als St\u00fctze und Kantenschutz verwendet.\n<\/p>\n<p><\/p>\n<p><b>7. k\u00f6nnen diese Profile als Halterungen oder St\u00fctzen verwendet werden? <\/b><\/p>\n<p> Ja, die L-Form bietet eine hervorragende Tragf\u00e4higkeit und Steifigkeit f\u00fcr die Verwendung als Halterung oder Strukturst\u00fctze.\n<\/p>\n<p><\/p>\n<p><b>8. ist Aluminium umweltfreundlich? <\/b><\/p>\n<p> Ja, Aluminium ist 100% recycelbar und energieeffizient, was es zu einer nachhaltigen Wahl f\u00fcr den Bau und die Herstellung macht.\n<\/p>\n<p><\/p>","protected":false},"featured_media":7799,"template":"","categories":[67],"class_list":["post-7800","product","type-product","status-publish","has-post-thumbnail","hentry","category-architectural-aluminium-profile"],"meta_box":{"hilight_text_group":{"product_hilight_text":"<li>Provides strong corner support and structural reinforcement.<\/li>\r\r\n<li>Lightweight aluminum construction reduces installation effort and material load.<\/li>\r\r\n<li>Corrosion-resistant surface suitable for indoor and outdoor use.<\/li>\r\r\n<li>Available in various thicknesses, lengths, and finishes for versatile applications.<\/li>\r\r\n<li>Easy to cut, drill, and machine for customized fabrication.<\/li>\r\r\n<li>Ideal for framing, edging, brackets, and protective trim.<\/li>","product_chanpin_blog":"<ul>\r\r\n<li><a href=\"https:\/\/sinoextrud.com\/t-slot-v-slot-differences\/\" target=\"_blank\">t slot vs v slot<\/a><\/li>\r\r\n<li><a href=\"https:\/\/sinoextrud.com\/what-is-4040-aluminium-extrud\/\" target=\"_blank\">4040 aluminium extrusion<\/a><\/li>\r\r\n<li><a href=\"https:\/\/sinoextrud.com\/what-is-4040-aluminium-extrud\/\" target=\"_blank\">aluminum extrusions for industrial racks<\/a><\/li>\r\r\n<li><a href=\"https:\/\/sinoextrud.com\/powder-coating-aluminium-process\/\" target=\"_blank\">powder coating aluminium<\/a><\/li>\r\r\n<li><a href=\"https:\/\/sinoextrud.com\/what-is-an-aluminium-strip-ceiling\/\" target=\"_blank\">aluminium strip ceiling<\/a><\/li>\r\r\n<li><a href=\"https:\/\/sinoextrud.com\/what-is-a-heat-sink\/\" target=\"_blank\">what is a heat sink<\/a><\/li>\r\r\n<\/ul>","product_chanpin_chanpin":"<li><a href=\"https:\/\/sinoextrud.com\/product\/aluminum-curtain-wall-powder-coating-properties-prices-competitive-extrusion-uses-in-construction\/\" target=\"_blank\">aluminum curtain wall Powder Coating properties prices competitive Extrusion uses in construction<\/a><\/li>\r\n<li><a href=\"https:\/\/sinoextrud.com\/product\/large-custom-aluminum-extrusions\/\" target=\"_blank\">Large Custom Aluminum Extrusions<\/a><\/li>\r\n<li><a href=\"https:\/\/sinoextrud.com\/product\/double-angle-aluminum-extrusion\/\" target=\"_blank\">Double Angle Aluminum Extrusion<\/a><\/li>\r\n<li><a href=\"https:\/\/sinoextrud.com\/product\/sructrual-aluminum-extrusion-profiles-ceiling-drop-ceiling\/\" target=\"_blank\">Sructrual Aluminum Extrusion Profiles Ceiling Drop Ceiling<\/a><\/li>\r\n<li><a href=\"https:\/\/sinoextrud.com\/product\/l-shaped-aluminium-profile\/\" target=\"_blank\">L Shaped Aluminium Profile<\/a><\/li>\r\n<li><a href=\"https:\/\/sinoextrud.com\/product\/80-x-80-aluminum-extrusion\/\" target=\"_blank\">80 X 80 Aluminum Extrusion<\/a><\/li>\r\n<li><a href=\"https:\/\/sinoextrud.com\/product\/aluminum-profile-price-of-aluminium-partition-wall-studs-aluminum-manufacturer\/\" target=\"_blank\">aluminum profile price of aluminium partition wall studs aluminum manufacturer<\/a><\/li>\r\n<li><a href=\"https:\/\/sinoextrud.com\/product\/extrusions-aluminum-structural-framing-kitchen-cabinet-doors-oem-anodized-champagne-selling-in-pakistan\/\" target=\"_blank\">extrusions aluminum structural framing kitchen cabinet doors OEM Anodized champagne selling in pakistan<\/a><\/li>\r\n<li><a href=\"https:\/\/sinoextrud.com\/product\/aluminum-door-jamb-extrusion\/\" target=\"_blank\">Aluminum Door Jamb Extrusion<\/a><\/li>\r\n<li><a href=\"https:\/\/sinoextrud.com\/product\/aluminium-extrud-anodised-aluminium-tube\/\" target=\"_blank\">Aluminium Extrusion Anodised Aluminium Tube<\/a><\/li>\r\n<li><a href=\"https:\/\/sinoextrud.com\/product\/customized-industrial-aluminum-profile\/\" target=\"_blank\">Customized Industrial Aluminum Profile<\/a><\/li>"},"feature_list":[]},"_links":{"self":[{"href":"https:\/\/sinoextrud.com\/de\/wp-json\/wp\/v2\/product\/7800","targetHints":{"allow":["GET"]}}],"collection":[{"href":"https:\/\/sinoextrud.com\/de\/wp-json\/wp\/v2\/product"}],"about":[{"href":"https:\/\/sinoextrud.com\/de\/wp-json\/wp\/v2\/types\/product"}],"wp:featuredmedia":[{"embeddable":true,"href":"https:\/\/sinoextrud.com\/de\/wp-json\/wp\/v2\/media\/7799"}],"wp:attachment":[{"href":"https:\/\/sinoextrud.com\/de\/wp-json\/wp\/v2\/media?parent=7800"}],"wp:term":[{"taxonomy":"category","embeddable":true,"href":"https:\/\/sinoextrud.com\/de\/wp-json\/wp\/v2\/categories?post=7800"}],"curies":[{"name":"wp","href":"https:\/\/api.w.org\/{rel}","templated":true}]}}