{"id":7794,"date":"2025-06-10T07:46:10","date_gmt":"2025-06-10T07:46:10","guid":{"rendered":"https:\/\/sinoextrud.com\/product\/large-custom-aluminum-extrusions\/"},"modified":"2025-06-24T06:13:42","modified_gmt":"2025-06-24T06:13:42","slug":"grose-kundenspezifische-aluminium-strangpressprofile","status":"publish","type":"product","link":"https:\/\/sinoextrud.com\/de\/product\/large-custom-aluminum-extrusions\/","title":{"rendered":"Gro\u00dfe kundenspezifische Aluminium-Strangpressprofile"},"content":{"rendered":"<h2>Produkte Details<\/h2>\n<table class=\"custom-table\">\n<tbody>\n<tr>\n<td> <\/td>\n<td>Gro\u00dfe kundenspezifische Aluminium-Strangpressprofile<\/td>\n<\/tr>\n<tr>\n<td>Material<\/td>\n<td>6063,6061,6463,6005,6082 usw.<\/td>\n<\/tr>\n<tr>\n<td>Form<\/td>\n<td>Quadratisch, rund, dreieckig, sechseckig und andere kundenspezifische Formen<\/td>\n<\/tr>\n<tr>\n<td>Gr\u00f6\u00dfe<\/td>\n<td>Je nach Wunsch des Kunden<\/td>\n<\/tr>\n<tr>\n<td>L\u00e4nge<\/td>\n<td>Standard 1-9M, andere L\u00e4ngen verf\u00fcgbar.<\/td>\n<\/tr>\n<tr>\n<td>Typische Anwendungen<\/td>\n<td>Vorhangwand, Glaswand, B\u00fcroteil, Industrie, Dekoration usw.<\/td>\n<\/tr>\n<tr>\n<td>Qualit\u00e4tsstandard<\/td>\n<td>Hohe Qualit\u00e4t<\/td>\n<\/tr>\n<tr>\n<td>Marke<\/td>\n<td>Sinoextrud,Sinoextrud, oder OEM-Marke<\/td>\n<\/tr>\n<tr>\n<td>Mehr Prozess<\/td>\n<td>CNC-Fr\u00e4sen, Bohren, Stanzen, Bohren, Gewindeschneiden, Biegen<\/td>\n<\/tr>\n<tr>\n<td>Oberfl\u00e4chenbehandlung<\/td>\n<td>Walzfertig, eloxiert, pulverbeschichtet, Holzmaserung etc.<\/td>\n<\/tr>\n<tr>\n<td>Bescheinigungen<\/td>\n<td>ISO9001, ISO4001, CQM, SGS, CE, BV usw.<\/td>\n<\/tr>\n<tr>\n<td>Herkunftsort<\/td>\n<td>Guangdong, China<\/td>\n<\/tr>\n<\/tbody>\n<\/table>\n<h2>Unsere Produktionsbasis<\/h2>\n<h3>Fabrik-Panorama<\/h3>\n<p><img decoding=\"async\" src=\"\/wp-content\/uploads\/factory-01.webp\"\/><\/p>\n<h3>Werkstatt zur Herstellung von Aluminiumstangen<\/h3>\n<p><img decoding=\"async\" src=\"\/wp-content\/uploads\/factory-02.webp\"\/><\/p>\n<p><img decoding=\"async\" src=\"\/wp-content\/uploads\/factory-03.webp\"\/><\/p>\n<h3>Lagerhaus f\u00fcr Formen<\/h3>\n<p><img decoding=\"async\" src=\"\/wp-content\/uploads\/factory-04.webp\"\/><\/p>\n<h3>43 Aluminium-Strangpressanlagen (500\u00e2\u20ac\"5500 Tonnen)<\/h3>\n<p><img decoding=\"async\" src=\"\/wp-content\/uploads\/factory-05.webp\"\/><\/p>\n<p><img decoding=\"async\" src=\"\/wp-content\/uploads\/factory-06.webp\"\/><\/p>\n<p><img decoding=\"async\" src=\"\/wp-content\/uploads\/factory-07.webp\"\/><\/p>\n<h3>Werkstatt f\u00fcr Pulverbeschichtung<\/h3>\n<p><img decoding=\"async\" src=\"\/wp-content\/uploads\/factory-09.webp\"\/><\/p>\n<h3>Eloxal-Werkstatt<\/h3>\n<p><img decoding=\"async\" src=\"\/wp-content\/uploads\/factory-10.webp\"\/><\/p>\n<h3>Workshop zur Tiefenverarbeitung<\/h3>\n<p><img decoding=\"async\" src=\"\/wp-content\/uploads\/factory-11.webp\"\/><\/p>\n<h3>CNC-Pr\u00e4zisionsbearbeitungswerkstatt<\/h3>\n<p><img decoding=\"async\" src=\"\/wp-content\/uploads\/factory-11.5.webp\"\/><\/p>\n<h3>Lager f\u00fcr Fertigprodukte und Export<\/h3>\n<p><img decoding=\"async\" src=\"\/wp-content\/uploads\/factory-12.webp\"\/><\/p>\n<p><img decoding=\"async\" src=\"\/wp-content\/uploads\/factory-13.webp\"\/><\/p>\n<p><img decoding=\"async\" src=\"\/wp-content\/uploads\/factory-14.webp\"\/><\/p>\n<h2>FAQ<\/h2>\n<p><p><b>1. was sind gro\u00dfe kundenspezifische Aluminium-Strangpressprofile?<\/b><\/p>\n<p>Gro\u00dfe kundenspezifische Aluminium-Strangpressprofile sind speziell entworfene Aluminiumprofile, die in gro\u00dfen Gr\u00f6\u00dfen und kundenspezifischen Formen hergestellt werden, um spezifische industrielle Anwendungen zu erf\u00fcllen.<br \/>\n<\/p><br \/>\n<br \/>\n<p><b>2. welche Branchen verwenden \u00fcblicherweise gro\u00dfe kundenspezifische Aluminium-Strangpressprofile?<\/b><\/p>\n<p>Branchen wie die Automobilindustrie, die Luft- und Raumfahrt, das Baugewerbe und das Transportwesen verwenden gro\u00dfe kundenspezifische Aluminium-Strangpressprofile aufgrund ihrer St\u00e4rke, ihres geringen Gewichts und ihrer Anpassungsf\u00e4higkeit.<br \/>\n<\/p><br \/>\n<br \/>\n<p><b>3. was sind die Hauptvorteile von Large Custom Aluminium Extrusions?<\/b><\/p>\n<p>Zu den wichtigsten Vorteilen geh\u00f6ren die Flexibilit\u00e4t bei der Konstruktion, das hohe Verh\u00e4ltnis von Festigkeit zu Gewicht, die Korrosionsbest\u00e4ndigkeit und die Eignung f\u00fcr gro\u00dfe Strukturen.<br \/>\n<\/p><br \/>\n<br \/>\n<p><b>4. k\u00f6nnen Sie Aluminium-Strangpressprofile in komplexen kundenspezifischen Formen herstellen?<\/b><\/p>\n<p>Ja, wir sind spezialisiert auf die Herstellung gro\u00dfer kundenspezifischer Aluminium-Strangpressprofile mit komplizierten Geometrien, die Ihren Designanforderungen entsprechen.<br \/>\n<\/p><br \/>\n<br \/>\n<p><b>Sind gro\u00dfe kundenspezifische Aluminium-Strangpressprofile f\u00fcr die Gro\u00dfserienproduktion kosteneffizient?<\/b><\/p>\n<p>Ja, sie sind ideal f\u00fcr hohe St\u00fcckzahlen, da sie weniger Materialabf\u00e4lle und effiziente Produktionsprozesse aufweisen.<br \/>\n<\/p><br \/><\/p>","protected":false},"featured_media":7793,"template":"","categories":[67],"class_list":["post-7794","product","type-product","status-publish","has-post-thumbnail","hentry","category-architectural-aluminium-profile"],"meta_box":{"hilight_text_group":{"product_hilight_text":"<li>High precision tolerance ensures compatibility with complex designs<\/li>\r\r\n<li>Customized profiles tailored to specific industrial requirements<\/li>\r\r\n<li>Lightweight yet strong for structural applications<\/li>\r\r\n<li>Excellent corrosion resistance for long-lasting performance<\/li>\r\r\n<li>Large extrusion capacity supports oversized and heavy-duty projects<\/li>","product_chanpin_blog":"<ul>\r\r\n<li><a href=\"https:\/\/sinoextrud.com\/t-slot-v-slot-differences\/\" target=\"_blank\">t slot vs v slot<\/a><\/li>\r\r\n<li><a href=\"https:\/\/sinoextrud.com\/what-is-4040-aluminium-extrud\/\" target=\"_blank\">4040 aluminium extrusion<\/a><\/li>\r\r\n<li><a href=\"https:\/\/sinoextrud.com\/what-is-4040-aluminium-extrud\/\" target=\"_blank\">aluminum extrusions for industrial racks<\/a><\/li>\r\r\n<li><a href=\"https:\/\/sinoextrud.com\/powder-coating-aluminium-process\/\" target=\"_blank\">powder coating aluminium<\/a><\/li>\r\r\n<li><a href=\"https:\/\/sinoextrud.com\/what-is-an-aluminium-strip-ceiling\/\" target=\"_blank\">aluminium strip ceiling<\/a><\/li>\r\r\n<li><a href=\"https:\/\/sinoextrud.com\/what-is-a-heat-sink\/\" target=\"_blank\">what is a heat sink<\/a><\/li>\r\r\n<\/ul>","product_chanpin_chanpin":"<li><a href=\"https:\/\/sinoextrud.com\/product\/aluminum-outdoor-louver\/\" target=\"_blank\">Aluminum Outdoor Louver<\/a><\/li>\r\n<li><a href=\"https:\/\/sinoextrud.com\/product\/aluminium-extrusion-profile\/\" target=\"_blank\">Aluminium Extrusion Profile<\/a><\/li>\r\n<li><a href=\"https:\/\/sinoextrud.com\/product\/extruded-aluminium-electronics-enclosures\/\" target=\"_blank\">Extruded aluminium electronics enclosures<\/a><\/li>\r\n<li><a href=\"https:\/\/sinoextrud.com\/product\/aluminum-curtain-wall-powder-coating-properties-prices-competitive-extrusion-uses-in-construction\/\" target=\"_blank\">aluminum curtain wall Powder Coating properties prices competitive Extrusion uses in construction<\/a><\/li>\r\n<li><a href=\"https:\/\/sinoextrud.com\/product\/large-custom-aluminum-extrusions\/\" target=\"_blank\">Large Custom Aluminum Extrusions<\/a><\/li>\r\n<li><a href=\"https:\/\/sinoextrud.com\/product\/double-angle-aluminum-extrusion\/\" target=\"_blank\">Double Angle Aluminum Extrusion<\/a><\/li>\r\n<li><a href=\"https:\/\/sinoextrud.com\/product\/sructrual-aluminum-extrusion-profiles-ceiling-drop-ceiling\/\" target=\"_blank\">Sructrual Aluminum Extrusion Profiles Ceiling Drop Ceiling<\/a><\/li>\r\n<li><a href=\"https:\/\/sinoextrud.com\/product\/l-shaped-aluminium-profile\/\" target=\"_blank\">L Shaped Aluminium Profile<\/a><\/li>\r\n<li><a href=\"https:\/\/sinoextrud.com\/product\/80-x-80-aluminum-extrusion\/\" target=\"_blank\">80 X 80 Aluminum Extrusion<\/a><\/li>\r\n<li><a href=\"https:\/\/sinoextrud.com\/product\/china-high-quality-polishing-shower-enclosure-aluminum-extrusion-profile\/\" target=\"_blank\">China High-quality Polishing Shower Enclosure Aluminum Extrusion Profile<\/a><\/li>\r\n<li><a href=\"https:\/\/sinoextrud.com\/product\/powder-coating-aluminum-window-profile\/\" target=\"_blank\">Powder Coating Aluminum Window Profile<\/a><\/li>"},"feature_list":[]},"_links":{"self":[{"href":"https:\/\/sinoextrud.com\/de\/wp-json\/wp\/v2\/product\/7794","targetHints":{"allow":["GET"]}}],"collection":[{"href":"https:\/\/sinoextrud.com\/de\/wp-json\/wp\/v2\/product"}],"about":[{"href":"https:\/\/sinoextrud.com\/de\/wp-json\/wp\/v2\/types\/product"}],"wp:featuredmedia":[{"embeddable":true,"href":"https:\/\/sinoextrud.com\/de\/wp-json\/wp\/v2\/media\/7793"}],"wp:attachment":[{"href":"https:\/\/sinoextrud.com\/de\/wp-json\/wp\/v2\/media?parent=7794"}],"wp:term":[{"taxonomy":"category","embeddable":true,"href":"https:\/\/sinoextrud.com\/de\/wp-json\/wp\/v2\/categories?post=7794"}],"curies":[{"name":"wp","href":"https:\/\/api.w.org\/{rel}","templated":true}]}}