{"id":7784,"date":"2025-06-10T07:22:41","date_gmt":"2025-06-10T07:22:41","guid":{"rendered":"https:\/\/sinoextrud.com\/product\/window-extrusion-profiles\/"},"modified":"2025-06-24T06:13:40","modified_gmt":"2025-06-24T06:13:40","slug":"fenster-extrusionsprofile","status":"publish","type":"product","link":"https:\/\/sinoextrud.com\/de\/product\/window-extrusion-profiles\/","title":{"rendered":"Fenster-Extrusionsprofile"},"content":{"rendered":"<h2>Produkte Details<\/h2>\n<table class=\"custom-table\">\n<tr>\n<td class=\"label\">Produktname<\/td>\n<td>Fenster-Extrusionsprofile<\/td>\n<\/tr>\n<tr>\n<td class=\"label\">Zutat<\/td>\n<td>6063 oder 6061<\/td>\n<\/tr>\n<tr>\n<td class=\"label\">Temperament<\/td>\n<td>T3-T8<\/td>\n<\/tr>\n<tr>\n<td class=\"label\">L\u00e4nge<\/td>\n<td>Standardl\u00e4nge 1-9 m, andere Sonderl\u00e4ngen verf\u00fcgbar.<\/td>\n<\/tr>\n<tr>\n<td class=\"label\">Typische Anwendungen<\/td>\n<td>Fenster und T\u00fcren<\/td>\n<\/tr>\n<tr>\n<td class=\"label\">Marke<\/td>\n<td>Sinoextrud oder OEM<\/td>\n<\/tr>\n<tr>\n<td class=\"label\">CNC-Verfahren<\/td>\n<td>Unterst\u00fctzt CNC-Fr\u00e4sen, Stanzen, Bohren, Gewindeschneiden, Biegen<\/td>\n<\/tr>\n<tr>\n<td class=\"label\">MOQ<\/td>\n<td>200KG<\/td>\n<\/tr>\n<tr>\n<td class=\"label\">Oberfl\u00e4chenbehandlung<\/td>\n<td>Gefr\u00e4st, Holzmaserung, eloxiert, Pulverbeschichtung, Elektrophorese, PVDF-Beschichtung, geb\u00fcrstet usw.<\/td>\n<\/tr>\n<tr>\n<td class=\"label\">Zertifizierungen<\/td>\n<td>ISO9001, ISO4001, CQM, SGS, CE, BV usw.<\/td>\n<\/tr>\n<tr>\n<td class=\"label\">Vorlaufzeit<\/td>\n<td>1. 12-15 Tage nach dem \u00d6ffnen der Form und der Best\u00e4tigung der Probe.<br \/>\n2. 25-30 Tage Massenproduktion.<\/td>\n<\/tr>\n<tr>\n<td class=\"label\">Liefertermin<\/td>\n<td>EXW oder FOB Foshan\/Guangzhou\/Shenzhen<\/td>\n<\/tr>\n<tr>\n<td class=\"label\">Zahlungsfrist<\/td>\n<td>Alipay, LC oder TT 30% Ablagerung, 70% Balance vor Versand<\/td>\n<\/tr>\n<tr>\n<td class=\"label\">Herkunft<\/td>\n<td>Guangdong, China<\/td>\n<\/tr>\n<tr>\n<td class=\"label\">Verpackungsmethode<\/td>\n<td>1. innen: verpackt mit Kunststoff-Schutzfolie oder Polybeutel.<br \/>\n2. au\u00dfen: verpackt mit wasserdichtem Kraftpapier f\u00fcr jedes B\u00fcndel.<br \/>\n3. andere Verpackungsmethode nach Vereinbarung.<\/td>\n<\/tr>\n<\/table>\n<h2>Unsere Produktionsbasis<\/h2>\n<h3>Fabrik-Panorama<\/h3>\n<p><img decoding=\"async\" src=\"\/wp-content\/uploads\/factory-01.webp\"\/><\/p>\n<h3>Werkstatt zur Herstellung von Aluminiumstangen<\/h3>\n<p><img decoding=\"async\" src=\"\/wp-content\/uploads\/factory-02.webp\"\/><\/p>\n<p><img decoding=\"async\" src=\"\/wp-content\/uploads\/factory-03.webp\"\/><\/p>\n<h3>Lagerhaus f\u00fcr Formen<\/h3>\n<p><img decoding=\"async\" src=\"\/wp-content\/uploads\/factory-04.webp\"\/><\/p>\n<h3>43 Aluminium-Strangpressanlagen (500\u00e2\u20ac\"5500 Tonnen)<\/h3>\n<p><img decoding=\"async\" src=\"\/wp-content\/uploads\/factory-05.webp\"\/><\/p>\n<p><img decoding=\"async\" src=\"\/wp-content\/uploads\/factory-06.webp\"\/><\/p>\n<p><img decoding=\"async\" src=\"\/wp-content\/uploads\/factory-07.webp\"\/><\/p>\n<h3>Werkstatt f\u00fcr Pulverbeschichtung<\/h3>\n<p><img decoding=\"async\" src=\"\/wp-content\/uploads\/factory-09.webp\"\/><\/p>\n<h3>Eloxal-Werkstatt<\/h3>\n<p><img decoding=\"async\" src=\"\/wp-content\/uploads\/factory-10.webp\"\/><\/p>\n<h3>Workshop zur Tiefenverarbeitung<\/h3>\n<p><img decoding=\"async\" src=\"\/wp-content\/uploads\/factory-11.webp\"\/><\/p>\n<h3>CNC-Pr\u00e4zisionsbearbeitungswerkstatt<\/h3>\n<p><img decoding=\"async\" src=\"\/wp-content\/uploads\/factory-11.5.webp\"\/><\/p>\n<h3>Lager f\u00fcr Fertigprodukte und Export<\/h3>\n<p><img decoding=\"async\" src=\"\/wp-content\/uploads\/factory-12.webp\"\/><\/p>\n<p><img decoding=\"async\" src=\"\/wp-content\/uploads\/factory-13.webp\"\/><\/p>\n<p><img decoding=\"async\" src=\"\/wp-content\/uploads\/factory-14.webp\"\/><\/p>\n<h2>FAQ<\/h2>\n<p><p><b>1. was sind Fensterextrusionsprofile? <\/b><\/p>\n<p> Fensterstrangpressprofile sind speziell geformte Aluminiumprofile, die zum Bau und zur Unterst\u00fctzung von Fensterrahmen in architektonischen und industriellen Anwendungen verwendet werden.<br \/>\n<\/p><br \/>\n<br \/>\n<p><b>2. warum Aluminium f\u00fcr Fensterextrusionsprofile verwenden? <\/b><\/p>\n<p> Aluminium bietet Langlebigkeit, Korrosionsbest\u00e4ndigkeit und ein geringes Gewicht und ist damit ideal f\u00fcr die langfristige Nutzung von Fensterrahmen.<br \/>\n<\/p><br \/>\n<br \/>\n<p><b>3. k\u00f6nnen diese Profile eine Doppel- oder Dreifachverglasung unterst\u00fctzen? <\/b><\/p>\n<p> Ja, Fensterextrusionsprofile sind f\u00fcr eine Vielzahl von Verglasungsarten ausgelegt, einschlie\u00dflich Doppel- und Dreifachglaseinheiten.<br \/>\n<\/p><br \/>\n<br \/>\n<p><b>4. sind die Profile der Fensterextrusion anpassbar? <\/b><\/p>\n<p> Sie k\u00f6nnen in Form, Gr\u00f6\u00dfe, Dicke und Oberfl\u00e4chenbeschaffenheit individuell angepasst werden, um spezifische Design- und Funktionsanforderungen zu erf\u00fcllen.<br \/>\n<\/p><br \/>\n<br \/>\n<p><b>5. welche Oberfl\u00e4chen sind f\u00fcr Fensterprofile erh\u00e4ltlich? <\/b><\/p>\n<p> Zu den g\u00e4ngigen Oberfl\u00e4chen geh\u00f6ren eloxiert, pulverbeschichtet, PVDF und Holzmaserung, die sowohl funktionalen Schutz als auch optische Attraktivit\u00e4t bieten.<br \/>\n<\/p><br \/>\n<br \/>\n<p><b>6. sind Fensterprofile aus Aluminium witterungsbest\u00e4ndig? <\/b><\/p>\n<p> Ja, mit der richtigen Oberfl\u00e4chenbehandlung sind sie au\u00dfergew\u00f6hnlich gut gegen Feuchtigkeit, UV-Strahlung und Temperaturschwankungen gesch\u00fctzt.<br \/>\n<\/p><br \/>\n<br \/>\n<p><b>7. sind diese Profile sehr wartungsintensiv? <\/b><\/p>\n<p> Nein, Aluminium-Fensterprofile sind wartungsarm und m\u00fcssen in der Regel nur gelegentlich gereinigt werden, um ihr Aussehen und ihre Leistungsf\u00e4higkeit zu erhalten.<br \/>\n<\/p><br \/>\n<br \/>\n<p><b>8. welche Branchen verwenden Fensterprofile aus Aluminium? <\/b><\/p>\n<p> Diese Profile finden breite Anwendung in Wohnh\u00e4usern, Gesch\u00e4ftsgeb\u00e4uden, Vorhangfassaden und industriellen Fenstersystemen.<br \/>\n<\/p><br \/><\/p>","protected":false},"featured_media":7783,"template":"","categories":[67],"class_list":["post-7784","product","type-product","status-publish","has-post-thumbnail","hentry","category-architectural-aluminium-profile"],"meta_box":{"hilight_text_group":{"product_hilight_text":"<li>Precision-extruded profiles ensure airtight and secure window frame construction.<\/li>\r\r\n<li>Lightweight aluminum material offers high strength and corrosion resistance.<\/li>\r\r\n<li>Customizable shapes, thicknesses, and finishes for various window designs.<\/li>\r\r\n<li>Compatible with multiple glazing options for thermal and acoustic insulation.<\/li>\r\r\n<li>Low maintenance and long-lasting performance in all weather conditions.<\/li>\r\r\n<li>Ideal for residential, commercial, and industrial window systems.<\/li>","product_chanpin_blog":"<ul>\r\r\n<li><a href=\"https:\/\/sinoextrud.com\/t-slot-v-slot-differences\/\" target=\"_blank\">t slot vs v slot<\/a><\/li>\r\r\n<li><a href=\"https:\/\/sinoextrud.com\/what-is-4040-aluminium-extrud\/\" target=\"_blank\">4040 aluminium extrusion<\/a><\/li>\r\r\n<li><a href=\"https:\/\/sinoextrud.com\/what-is-4040-aluminium-extrud\/\" target=\"_blank\">aluminum extrusions for industrial racks<\/a><\/li>\r\r\n<li><a href=\"https:\/\/sinoextrud.com\/powder-coating-aluminium-process\/\" target=\"_blank\">powder coating aluminium<\/a><\/li>\r\r\n<li><a href=\"https:\/\/sinoextrud.com\/what-is-an-aluminium-strip-ceiling\/\" target=\"_blank\">aluminium strip ceiling<\/a><\/li>\r\r\n<li><a href=\"https:\/\/sinoextrud.com\/what-is-a-heat-sink\/\" target=\"_blank\">what is a heat sink<\/a><\/li>\r\r\n<\/ul>","product_chanpin_chanpin":"<li><a href=\"https:\/\/sinoextrud.com\/product\/aluminum-profile-for-curtain\/\" target=\"_blank\">Aluminum Profile for Curtain<\/a><\/li>\r\n<li><a href=\"https:\/\/sinoextrud.com\/product\/aluminum-profile-slider-for-window-curtain\/\" target=\"_blank\">Aluminum Profile Slider For Window Curtain<\/a><\/li>\r\n<li><a href=\"https:\/\/sinoextrud.com\/product\/aluminum-profile-wardrobe-hanging-rail\/\" target=\"_blank\">Aluminum Profile Wardrobe Hanging Rail<\/a><\/li>\r\n<li><a href=\"https:\/\/sinoextrud.com\/product\/anodizing-aluminium-alloy-wire-slot\/\" target=\"_blank\">Anodizing Aluminium Alloy Wire Slot<\/a><\/li>\r\n<li><a href=\"https:\/\/sinoextrud.com\/product\/window-extrusion-profiles\/\" target=\"_blank\">Window Extrusion Profiles<\/a><\/li>\r\n<li><a href=\"https:\/\/sinoextrud.com\/product\/aluminum-outdoor-louver\/\" target=\"_blank\">Aluminum Outdoor Louver<\/a><\/li>\r\n<li><a href=\"https:\/\/sinoextrud.com\/product\/aluminium-extrusion-profile\/\" target=\"_blank\">Aluminium Extrusion Profile<\/a><\/li>\r\n<li><a href=\"https:\/\/sinoextrud.com\/product\/extruded-aluminium-electronics-enclosures\/\" target=\"_blank\">Extruded aluminium electronics enclosures<\/a><\/li>\r\n<li><a href=\"https:\/\/sinoextrud.com\/product\/aluminum-curtain-wall-powder-coating-properties-prices-competitive-extrusion-uses-in-construction\/\" target=\"_blank\">aluminum curtain wall Powder Coating properties prices competitive Extrusion uses in construction<\/a><\/li>\r\n<li><a href=\"https:\/\/sinoextrud.com\/product\/aluminium-profile-systems\/\" target=\"_blank\">Aluminium Profile Systems<\/a><\/li>\r\n<li><a href=\"https:\/\/sinoextrud.com\/product\/aluminum-mirror-frame-extrusions\/\" target=\"_blank\">Aluminum Mirror Frame Extrusions<\/a><\/li>"},"feature_list":[]},"_links":{"self":[{"href":"https:\/\/sinoextrud.com\/de\/wp-json\/wp\/v2\/product\/7784","targetHints":{"allow":["GET"]}}],"collection":[{"href":"https:\/\/sinoextrud.com\/de\/wp-json\/wp\/v2\/product"}],"about":[{"href":"https:\/\/sinoextrud.com\/de\/wp-json\/wp\/v2\/types\/product"}],"wp:featuredmedia":[{"embeddable":true,"href":"https:\/\/sinoextrud.com\/de\/wp-json\/wp\/v2\/media\/7783"}],"wp:attachment":[{"href":"https:\/\/sinoextrud.com\/de\/wp-json\/wp\/v2\/media?parent=7784"}],"wp:term":[{"taxonomy":"category","embeddable":true,"href":"https:\/\/sinoextrud.com\/de\/wp-json\/wp\/v2\/categories?post=7784"}],"curies":[{"name":"wp","href":"https:\/\/api.w.org\/{rel}","templated":true}]}}