{"id":7781,"date":"2025-06-10T07:17:40","date_gmt":"2025-06-10T07:17:40","guid":{"rendered":"https:\/\/sinoextrud.com\/product\/anodizing-aluminium-alloy-wire-slot\/"},"modified":"2025-06-24T06:13:40","modified_gmt":"2025-06-24T06:13:40","slug":"eloxieren-einer-aluminiumlegierung-drahtschlitz","status":"publish","type":"product","link":"https:\/\/sinoextrud.com\/de\/product\/anodizing-aluminium-alloy-wire-slot\/","title":{"rendered":"Eloxieren einer Aluminiumlegierung Drahtschlitz"},"content":{"rendered":"<h2>Produkte Details<\/h2>\n<table class=\"custom-table\">\n<tr>\n<td class=\"label\">Artikel<\/td>\n<td>Eloxieren einer Aluminiumlegierung Drahtschlitz<\/td>\n<\/tr>\n<tr>\n<td class=\"label\">Material<\/td>\n<td>Serie 6000, 6063<\/td>\n<\/tr>\n<tr>\n<td class=\"label\">Temperament<\/td>\n<td>T4, T5, T6<\/td>\n<\/tr>\n<tr>\n<td class=\"label\">Ort der Herkunft:<\/td>\n<td>Foshan, Guangdong<\/td>\n<\/tr>\n<tr>\n<td class=\"label\">Form<\/td>\n<td>30*20 oder kundenspezifisch<\/td>\n<\/tr>\n<tr>\n<td class=\"label\">Anmeldung<\/td>\n<td>Verkabelung von Krankenh\u00e4usern, Fabriken, Schulen, B\u00fcros, U-Bahnen, Tunneln, Kommunikation, Elektrizit\u00e4t usw.<\/td>\n<\/tr>\n<tr>\n<td class=\"label\">Oberfl\u00e4chenbehandlung<\/td>\n<td>EloxalElektrophorese, Holzmaserung, Polieren, geb\u00fcrstet, Pulverbeschichtung<\/td>\n<\/tr>\n<tr>\n<td class=\"label\">Farben<\/td>\n<td>Silber eloxiert, schwarz eloxiert, grau eloxiert oder kundenspezifisch<\/td>\n<\/tr>\n<tr>\n<td class=\"label\">Tiefgreifender Prozess<\/td>\n<td>S\u00e4genBohren, Fr\u00e4sen, Schneiden, Schwei\u00dfen, Biegen, Montieren<\/td>\n<\/tr>\n<tr>\n<td class=\"label\">Zertifikat<\/td>\n<td>CQM, SGS, CE, BV, SONCAP \/ GB, ISO, JIS, AS, NZS, QUALICOAT, QUOLANOD<\/td>\n<\/tr>\n<\/table>\n<h2>Unsere Produktionsbasis<\/h2>\n<h3>Fabrik-Panorama<\/h3>\n<p><img decoding=\"async\" src=\"\/wp-content\/uploads\/factory-01.webp\"\/><\/p>\n<h3>Werkstatt zur Herstellung von Aluminiumstangen<\/h3>\n<p><img decoding=\"async\" src=\"\/wp-content\/uploads\/factory-02.webp\"\/><\/p>\n<p><img decoding=\"async\" src=\"\/wp-content\/uploads\/factory-03.webp\"\/><\/p>\n<h3>Lagerhaus f\u00fcr Formen<\/h3>\n<p><img decoding=\"async\" src=\"\/wp-content\/uploads\/factory-04.webp\"\/><\/p>\n<h3>43 Aluminium-Strangpressanlagen (500-5500 Tonnen)<\/h3>\n<p><img decoding=\"async\" src=\"\/wp-content\/uploads\/factory-05.webp\"\/><\/p>\n<p><img decoding=\"async\" src=\"\/wp-content\/uploads\/factory-06.webp\"\/><\/p>\n<p><img decoding=\"async\" src=\"\/wp-content\/uploads\/factory-07.webp\"\/><\/p>\n<h3>Werkstatt f\u00fcr Pulverbeschichtung<\/h3>\n<p><img decoding=\"async\" src=\"\/wp-content\/uploads\/factory-09.webp\"\/><\/p>\n<h3>Eloxal-Werkstatt<\/h3>\n<p><img decoding=\"async\" src=\"\/wp-content\/uploads\/factory-10.webp\"\/><\/p>\n<h3>Workshop zur Tiefenverarbeitung<\/h3>\n<p><img decoding=\"async\" src=\"\/wp-content\/uploads\/factory-11.webp\"\/><\/p>\n<h3>CNC-Pr\u00e4zisionsbearbeitungswerkstatt<\/h3>\n<p><img decoding=\"async\" src=\"\/wp-content\/uploads\/factory-11.5.webp\"\/><\/p>\n<h3>Lager f\u00fcr Fertigprodukte und Export<\/h3>\n<p><img decoding=\"async\" src=\"\/wp-content\/uploads\/factory-12.webp\"\/><\/p>\n<p><img decoding=\"async\" src=\"\/wp-content\/uploads\/factory-13.webp\"\/><\/p>\n<p><img decoding=\"async\" src=\"\/wp-content\/uploads\/factory-14.webp\"\/><\/p>\n<h2>FAQ<\/h2>\n<p><p><b>1. was ist ein Eloxieren Aluminium-Legierung Draht Slot? <\/b><\/p>\n<p> Ein Kabelschlitz aus eloxierter Aluminiumlegierung ist ein Kabelmanagementkanal aus eloxierter Aluminiumlegierung, der zum Schutz und zur effizienten Organisation von Kabeln entwickelt wurde.<br \/>\n<\/p><br \/>\n<br \/>\n<p><b>2. warum ist die Eloxierung f\u00fcr Aluminiumdrahtschlitze wichtig? <\/b><\/p>\n<p> Die Eloxierung erh\u00f6ht die Korrosionsbest\u00e4ndigkeit, die elektrische Isolierung und die Haltbarkeit der Oberfl\u00e4che, so dass sich der Drahtschlitz f\u00fcr anspruchsvolle Umgebungen eignet.<br \/>\n<\/p><br \/>\n<br \/>\n<p><b>3. welche Vorteile hat die Verwendung einer Aluminiumlegierung f\u00fcr Drahtschlitze? <\/b><\/p>\n<p> Die Aluminiumlegierung bietet leichte Festigkeit, Korrosionsbest\u00e4ndigkeit und hervorragende thermische Eigenschaften, ideal f\u00fcr industrielle Verkabelungssysteme.<br \/>\n<\/p><br \/>\n<br \/>\n<p><b>4. kann der Drahtschlitz angepasst werden? <\/b><\/p>\n<p> Ja, der Drahtschlitz aus eloxierter Aluminiumlegierung kann in Gr\u00f6\u00dfe, Schlitzabstand und Oberfl\u00e4che den spezifischen Installationsanforderungen angepasst werden.<br \/>\n<\/p><br \/>\n<br \/>\n<p><b>5. ist dieses Produkt f\u00fcr elektrische Schalttafeln geeignet? <\/b><\/p>\n<p> Die nichtleitende Eloxalschicht und das Pr\u00e4zisionsschlitzdesign machen ihn perfekt f\u00fcr Schaltschr\u00e4nke und Automatisierungssysteme.<br \/>\n<\/p><br \/>\n<br \/>\n<p><b>6. wie verbessert der eloxierte Kabelschlitz die Kabelsicherheit? <\/b><\/p>\n<p> Die eloxierte Oberfl\u00e4che reduziert scharfe Kanten und sorgt f\u00fcr eine zus\u00e4tzliche Isolierung, die Sch\u00e4den am Kabel und Kurzschl\u00fcsse verhindert.<br \/>\n<\/p><br \/>\n<br \/>\n<p><b>7. ist es einfach zu installieren und zu warten? <\/b><\/p>\n<p> Ja, die leichte Struktur und der modulare Aufbau des Aluminiumdrahtschlitzes erm\u00f6glichen eine schnelle Installation und minimale Wartung.<br \/>\n<\/p><br \/>\n<br \/>\n<p><b>8. welche Branchen verwenden eloxierte Aluminiumdrahtschlitze? <\/b><\/p>\n<p> Zu den g\u00e4ngigen Branchen geh\u00f6ren Elektrotechnik, Automatisierungstechnik, Telekommunikation und Industriemaschinenbau.<br \/>\n<\/p><br \/><\/p>","protected":false},"featured_media":7780,"template":"","categories":[67],"class_list":["post-7781","product","type-product","status-publish","has-post-thumbnail","hentry","category-architectural-aluminium-profile"],"meta_box":{"hilight_text_group":{"product_hilight_text":"<li>High-strength aluminum alloy ensures long-lasting structural integrity.<\/li>\r\r\n<li>Anodized surface enhances corrosion resistance and electrical insulation.<\/li>\r\r\n<li>Precision slots designed for efficient cable organization and protection.<\/li>\r\r\n<li>Lightweight yet rigid material simplifies installation and handling.<\/li>\r\r\n<li>Customizable dimensions and slot configurations for diverse applications.<\/li>\r\r\n<li>Ideal for industrial automation, control panels, and cable routing systems.<\/li>","product_chanpin_blog":"<ul>\r\r\n<li><a href=\"https:\/\/sinoextrud.com\/t-slot-v-slot-differences\/\" target=\"_blank\">t slot vs v slot<\/a><\/li>\r\r\n<li><a href=\"https:\/\/sinoextrud.com\/what-is-4040-aluminium-extrud\/\" target=\"_blank\">4040 aluminium extrusion<\/a><\/li>\r\r\n<li><a href=\"https:\/\/sinoextrud.com\/what-is-4040-aluminium-extrud\/\" target=\"_blank\">aluminum extrusions for industrial racks<\/a><\/li>\r\r\n<li><a href=\"https:\/\/sinoextrud.com\/powder-coating-aluminium-process\/\" target=\"_blank\">powder coating aluminium<\/a><\/li>\r\r\n<li><a href=\"https:\/\/sinoextrud.com\/what-is-an-aluminium-strip-ceiling\/\" target=\"_blank\">aluminium strip ceiling<\/a><\/li>\r\r\n<li><a href=\"https:\/\/sinoextrud.com\/what-is-a-heat-sink\/\" target=\"_blank\">what is a heat sink<\/a><\/li>\r\r\n<\/ul>","product_chanpin_chanpin":"<li><a href=\"https:\/\/sinoextrud.com\/product\/aluminum-profile-for-advertising-photo-frame\/\" target=\"_blank\">Aluminum Profile For Advertising Photo Frame<\/a><\/li>\r\n<li><a href=\"https:\/\/sinoextrud.com\/product\/aluminum-profile-for-curtain\/\" target=\"_blank\">Aluminum Profile for Curtain<\/a><\/li>\r\n<li><a href=\"https:\/\/sinoextrud.com\/product\/aluminum-profile-slider-for-window-curtain\/\" target=\"_blank\">Aluminum Profile Slider For Window Curtain<\/a><\/li>\r\n<li><a href=\"https:\/\/sinoextrud.com\/product\/aluminum-profile-wardrobe-hanging-rail\/\" target=\"_blank\">Aluminum Profile Wardrobe Hanging Rail<\/a><\/li>\r\n<li><a href=\"https:\/\/sinoextrud.com\/product\/anodizing-aluminium-alloy-wire-slot\/\" target=\"_blank\">Anodizing Aluminium Alloy Wire Slot<\/a><\/li>\r\n<li><a href=\"https:\/\/sinoextrud.com\/product\/window-extrusion-profiles\/\" target=\"_blank\">Window Extrusion Profiles<\/a><\/li>\r\n<li><a href=\"https:\/\/sinoextrud.com\/product\/aluminum-outdoor-louver\/\" target=\"_blank\">Aluminum Outdoor Louver<\/a><\/li>\r\n<li><a href=\"https:\/\/sinoextrud.com\/product\/aluminium-extrusion-profile\/\" target=\"_blank\">Aluminium Extrusion Profile<\/a><\/li>\r\n<li><a href=\"https:\/\/sinoextrud.com\/product\/extruded-aluminium-electronics-enclosures\/\" target=\"_blank\">Extruded aluminium electronics enclosures<\/a><\/li>\r\n<li><a href=\"https:\/\/sinoextrud.com\/product\/aluminum-profile-windows-extrusion-companies-in-china\/\" target=\"_blank\">aluminum profile windows extrusion companies in china<\/a><\/li>\r\n<li><a href=\"https:\/\/sinoextrud.com\/product\/custom-industrial-extruded-aluminum-alloy\/\" target=\"_blank\">Custom Industrial Extruded Aluminum Alloy<\/a><\/li>"},"feature_list":[]},"_links":{"self":[{"href":"https:\/\/sinoextrud.com\/de\/wp-json\/wp\/v2\/product\/7781","targetHints":{"allow":["GET"]}}],"collection":[{"href":"https:\/\/sinoextrud.com\/de\/wp-json\/wp\/v2\/product"}],"about":[{"href":"https:\/\/sinoextrud.com\/de\/wp-json\/wp\/v2\/types\/product"}],"wp:featuredmedia":[{"embeddable":true,"href":"https:\/\/sinoextrud.com\/de\/wp-json\/wp\/v2\/media\/7780"}],"wp:attachment":[{"href":"https:\/\/sinoextrud.com\/de\/wp-json\/wp\/v2\/media?parent=7781"}],"wp:term":[{"taxonomy":"category","embeddable":true,"href":"https:\/\/sinoextrud.com\/de\/wp-json\/wp\/v2\/categories?post=7781"}],"curies":[{"name":"wp","href":"https:\/\/api.w.org\/{rel}","templated":true}]}}